{"id":529,"date":"2022-10-05T07:44:19","date_gmt":"2022-10-05T07:44:19","guid":{"rendered":"https:\/\/bookscollective.vn\/?post_type=product&#038;p=529"},"modified":"2022-10-05T07:44:42","modified_gmt":"2022-10-05T07:44:42","slug":"song-doi-o-cho","status":"publish","type":"product","link":"https:\/\/bookscollective.vn\/index.php\/product\/song-doi-o-cho\/","title":{"rendered":"S\u1ed1ng \u0111\u1eddi c\u1ee7a ch\u1ee3"},"content":{"rendered":"<p style=\"text-align: justify\">&#8220;Nh\u01b0 b\u1ea5t k\u1ef3 m\u1ed9t ng\u01b0\u1eddi Vi\u1ec7t Nam n\u00e0o, \u0111\u1ec1u s\u1ed1ng \u0111\u1eddi \u0111i qua nh\u1eefng ch\u1ee3, \u0111i b\u00ean c\u1ea1nh ch\u1ee3 hay \u0111i trong nh\u1eefng ch\u1ee3. Ch\u1ee3 l\u00e0 kinh nghi\u1ec7m m\u00e0 m\u1ed7i ng\u01b0\u1eddi \u0111\u1ec1u s\u1edf \u0111\u1eafc m\u1ed9t h\u00ecnh dung s\u1ed1ng \u0111\u1ed9ng. Ch\u1ee3 ph\u01a1i b\u00e0y t\u1ea5t c\u1ea3, l\u1ed9 thi\u00ean tr\u01b0\u1edbc m\u1eaft, ch\u1ee3 kh\u00f4ng gi\u1ea5u ta \u0111i\u1ec1u g\u00ec n\u00ean, v\u00ec th\u1ebf, ch\u1eafc g\u00ec ta \u0111\u00e3 hi\u1ec3u h\u1ebft cu\u1ed9c \u0111\u1eddi, t\u00e2m h\u1ed3n c\u1ee7a ch\u1ee3. Nh\u01b0 Tagore, ch\u00e0ng thi s\u0129 r\u00e2u t\u00f3c r\u1ed1i, d\u00e0i th\u01b0\u1ee3t, c\u00f3 l\u1ea7n than th\u1edf: \u201cAnh \u0111\u00e3 \u0111\u1ec3 cu\u1ed9c \u0111\u1eddi anh tr\u1ea7n tr\u1ee5i d\u01b0\u1edbi m\u1eaft em\/ Anh kh\u00f4ng gi\u1ea5u em m\u1ed9t \u0111i\u1ec1u g\u00ec\/ Ch\u00ednh v\u00ec th\u1ebf m\u00e0 em kh\u00f4ng bi\u1ebft g\u00ec t\u1ea5t c\u1ea3 v\u1ec1 anh\u201d. Trong nh\u1eadn th\u1ee9c, c\u00f3 nh\u1eefng \u0111i\u1ec1u qu\u00e1 quen thu\u1ed9c, qu\u00e1 th\u01b0\u1eddng ng\u00e0y, n\u00ean, d\u1ec5 b\u1ecb tr\u01b0\u1ee3t \u0111i. Ch\u1ee3, c\u00f3 l\u1ebd, l\u00e0 m\u1ed9t tr\u01b0\u1eddng h\u1ee3p \u0111i\u1ec3n h\u00ecnh cho s\u1ef1 ph\u1ee5 b\u1ea1c c\u1ee7a nh\u1eadn th\u1ee9c v\u1ec1 c\u00e1i qu\u00e1 \u0111\u1ed7i quen thu\u1ed9c. Ch\u1ee3 l\u00e0 m\u1ed9t c\u00e1i g\u00ec \u0111\u00f3, h\u00ecnh nh\u01b0 ai c\u0169ng bi\u1ebft, nh\u01b0ng th\u1ef1c ch\u1ea5t th\u00ec l\u1ea1i ch\u1eb3ng bi\u1ebft bao nhi\u00eau.&#8221;<\/p>\n<p>Bi\u00ean kh\u1ea3o v\u1ec1 ch\u1ee3, c\u1ee7a Nguy\u1ec5n M\u1ea1nh Ti\u1ebfn \u0111\u00e3 \u0111\u01b0a ng\u01b0\u1eddi \u0111\u1ecdc \u0111\u1ebfn v\u1edbi v\u0103n h\u00f3a ch\u1ee3 Vi\u1ec7t Nam, Ch\u1ee3 \u0111\u01b0\u1ee3c s\u1eafp x\u1ebfp th\u00e0nh l\u1eadp v\u1edbi nhau theo m\u1ed9t tr\u1eadt t\u1ef1 kh\u00f4ng gian n\u00e0o? \u0110\u1ebfn nh\u1eefng c\u1ed9i r\u1ec5 c\u1ee7a \u1ee9ng x\u1eed v\u0103n h\u00f3a ch\u1ee3.<\/p>\n<p>S\u1ed1ng \u0111\u1eddi c\u1ee7a ch\u1ee3, m\u1ed9t lo\u1ea1i s\u00e1ch bi\u00ean kh\u1ea3o m\u00e0 nh\u1eefng ng\u01b0\u1eddi quan t\u00e2m \u0111\u1ebfn v\u0103n h\u00f3a, \u0111\u1ebfn c\u1ed9i ngu\u1ed3n v\u0103n h\u00f3a ng\u01b0\u1eddi Vi\u1ec7t ch\u1eb3ng th\u1ec3 n\u00e0o b\u1ecf qua \u0111\u01b0\u1ee3c.<\/p>\n","protected":false},"excerpt":{"rendered":"<div class=\"short-description\">\n<div class=\"des_content\">\n<p>&#8220;Nh\u01b0 b\u1ea5t k\u1ef3 m\u1ed9t ng\u01b0\u1eddi Vi\u1ec7t Nam n\u00e0o, \u0111\u1ec1u s\u1ed1ng \u0111\u1eddi \u0111i qua nh\u1eefng ch\u1ee3, \u0111i b\u00ean c\u1ea1nh ch\u1ee3 hay \u0111i trong nh\u1eefng ch\u1ee3. Ch\u1ee3 l\u00e0 kinh nghi\u1ec7m m\u00e0 m\u1ed7i ng\u01b0\u1eddi \u0111\u1ec1u s\u1edf \u0111\u1eafc m\u1ed9t h\u00ecnh dung s\u1ed1ng \u0111\u1ed9ng.\u00a0Bi\u00ean kh\u1ea3o\u00a0<strong>S\u1ed1ng \u0111\u1eddi c\u1ee7a\u00a0ch\u1ee3<\/strong>,\u00a0<strong>Nguy\u1ec5n M\u1ea1nh Ti\u1ebfn<\/strong>\u00a0\u0111\u00e3 \u0111\u01b0a ng\u01b0\u1eddi \u0111\u1ecdc \u0111\u1ebfn v\u1edbi v\u0103n h\u00f3a ch\u1ee3 Vi\u1ec7t Nam.<\/p>\n<\/div>\n<\/div>\n<div class=\"add-to-cart product_quantity\"><\/div>\n","protected":false},"featured_media":530,"comment_status":"open","ping_status":"closed","template":"","meta":[],"product_cat":[29],"product_tag":[],"class_list":["post-529","product","type-product","status-publish","has-post-thumbnail","hentry","product_cat-sach-van-hoa"],"_links":{"self":[{"href":"https:\/\/bookscollective.vn\/index.php\/wp-json\/wp\/v2\/product\/529","targetHints":{"allow":["GET"]}}],"collection":[{"href":"https:\/\/bookscollective.vn\/index.php\/wp-json\/wp\/v2\/product"}],"about":[{"href":"https:\/\/bookscollective.vn\/index.php\/wp-json\/wp\/v2\/types\/product"}],"replies":[{"embeddable":true,"href":"https:\/\/bookscollective.vn\/index.php\/wp-json\/wp\/v2\/comments?post=529"}],"wp:featuredmedia":[{"embeddable":true,"href":"https:\/\/bookscollective.vn\/index.php\/wp-json\/wp\/v2\/media\/530"}],"wp:attachment":[{"href":"https:\/\/bookscollective.vn\/index.php\/wp-json\/wp\/v2\/media?parent=529"}],"wp:term":[{"taxonomy":"product_cat","embeddable":true,"href":"https:\/\/bookscollective.vn\/index.php\/wp-json\/wp\/v2\/product_cat?post=529"},{"taxonomy":"product_tag","embeddable":true,"href":"https:\/\/bookscollective.vn\/index.php\/wp-json\/wp\/v2\/product_tag?post=529"}],"curies":[{"name":"wp","href":"https:\/\/api.w.org\/{rel}","templated":true}]}}