{"id":525,"date":"2022-10-05T07:40:48","date_gmt":"2022-10-05T07:40:48","guid":{"rendered":"https:\/\/bookscollective.vn\/?post_type=product&#038;p=525"},"modified":"2022-10-05T07:40:48","modified_gmt":"2022-10-05T07:40:48","slug":"viet-su-dai-toan","status":"publish","type":"product","link":"https:\/\/bookscollective.vn\/index.php\/product\/viet-su-dai-toan\/","title":{"rendered":"Vi\u1ec7t s\u1eed \u0111\u1ea1i to\u00e0n"},"content":{"rendered":"<p>\u00d4i! N\u01b0\u1edbc ta l\u1eadp qu\u1ed1c tr\u01b0\u1edbc T\u00e2y l\u1ecbch h\u01a1n hai ngh\u00ecn n\u0103m m\u00e0 \u0111\u1ebfn ng\u00e0y nay v\u1eabn c\u00f2n th\u1eddi k\u1ef3 \u1ea5u tr\u0129. C\u00f3 l\u1ebd \u00f4ng tr\u1eddi sinh ri\u00eang n\u01b0\u1edbc ta l\u00e0 m\u1ed9t ng\u01b0\u1eddi con \u00fat ch\u1eadm l\u1edbn, l\u00fac b\u00e9 ch\u1eadm l\u1edbn th\u00ec l\u00fac l\u1edbn r\u1ed3i s\u1ebd l\u00e2u gi\u00e0 ch\u0103ng? Ti\u1ec1n nh\u00e2n \u1edf th\u1eddi k\u1ef3, n\u01b0\u1edbc \u1ea5u tr\u0129, s\u1eed c\u0169ng \u1ea5u tr\u0129, tr\u0103m vi\u1ec7c \u0111\u1ec1u \u1ea5u tr\u0129, b\u1ecdn ta \u1edf v\u00e0o th\u1eddi k\u1ef3 s\u1eafp tr\u01b0\u1edfng th\u00e0nh, ta c\u00f3 c\u00e1i tr\u00e1ch nhi\u1ec7m ph\u1ea3i t\u1eadp \u0103n, t\u1eadp n\u00f3i, t\u1eadp \u0111i \u0111\u1ee9ng, t\u1eadp l\u00e0m l\u1ee5ng \u0111\u1ec3 tr\u1edf n\u00ean tr\u01b0\u1edfng th\u00e0nh. Mai sau n\u01b0\u1edbc s\u1ebd th\u00e0nh ra n\u01b0\u1edbc tr\u01b0\u1edfng th\u00e0nh, s\u1eed s\u1ebd th\u00e0nh ra s\u1eed tr\u01b0\u1edfng th\u00e0nh, \u1ea5y l\u00e0 c\u00e1i hy v\u1ecdng c\u1ee7a ng\u01b0\u1eddi ch\u00e9p s\u1eed v\u00e0 l\u00e0 c\u00e1i hy v\u1ecdng chung c\u1ee7a qu\u1ed1c d\u00e2n ta v\u1eady. N\u01b0\u1edbc b\u1ed1n ngh\u00ecn n\u0103m, d\u00e2n hai m\u01b0\u01a1i tri\u1ec7u, non s\u00f4ng H\u1ed3ng L\u1ea1c, n\u00f2i gi\u1ed1ng Ti\u00ean Long, kh\u00ed l\u1ef1c \u0111ang non, tinh th\u1ea7n c\u00f2n m\u1ea1nh, nay v\u1ec1 sau th\u1ebf n\u00e0o ch\u01b0a bi\u1ebft, nay v\u1ebd tr\u01b0\u1edbc h\u00e3y xem b\u1ed9\u00a0<em><strong>Vi\u1ec7t S\u1eed \u0110\u1ea1i To\u00e0n<\/strong><\/em> n\u00e0y<\/p>\n","protected":false},"excerpt":{"rendered":"<p>&nbsp;<\/p>\n<p>N\u01b0\u1edbc b\u1ed1n ngh\u00ecn n\u0103m, d\u00e2n hai m\u01b0\u01a1i tri\u1ec7u, non s\u00f4ng H\u1ed3ng L\u1ea1c, n\u00f2i gi\u1ed1ng Ti\u00ean Long, kh\u00ed l\u1ef1c \u0111ang non, tinh th\u1ea7n c\u00f2n m\u1ea1nh, nay v\u1ec1 sau th\u1ebf n\u00e0o ch\u01b0a bi\u1ebft, nay v\u1ebd tr\u01b0\u1edbc h\u00e3y xem b\u1ed9 Vi\u1ec7t S\u1eed \u0110\u1ea1i To\u00e0n n\u00e0y.<\/p>\n","protected":false},"featured_media":528,"comment_status":"open","ping_status":"closed","template":"","meta":[],"product_cat":[28],"product_tag":[],"class_list":["post-525","product","type-product","status-publish","has-post-thumbnail","hentry","product_cat-sach-lich-su"],"_links":{"self":[{"href":"https:\/\/bookscollective.vn\/index.php\/wp-json\/wp\/v2\/product\/525","targetHints":{"allow":["GET"]}}],"collection":[{"href":"https:\/\/bookscollective.vn\/index.php\/wp-json\/wp\/v2\/product"}],"about":[{"href":"https:\/\/bookscollective.vn\/index.php\/wp-json\/wp\/v2\/types\/product"}],"replies":[{"embeddable":true,"href":"https:\/\/bookscollective.vn\/index.php\/wp-json\/wp\/v2\/comments?post=525"}],"wp:featuredmedia":[{"embeddable":true,"href":"https:\/\/bookscollective.vn\/index.php\/wp-json\/wp\/v2\/media\/528"}],"wp:attachment":[{"href":"https:\/\/bookscollective.vn\/index.php\/wp-json\/wp\/v2\/media?parent=525"}],"wp:term":[{"taxonomy":"product_cat","embeddable":true,"href":"https:\/\/bookscollective.vn\/index.php\/wp-json\/wp\/v2\/product_cat?post=525"},{"taxonomy":"product_tag","embeddable":true,"href":"https:\/\/bookscollective.vn\/index.php\/wp-json\/wp\/v2\/product_tag?post=525"}],"curies":[{"name":"wp","href":"https:\/\/api.w.org\/{rel}","templated":true}]}}