{"id":516,"date":"2022-10-05T07:33:38","date_gmt":"2022-10-05T07:33:38","guid":{"rendered":"https:\/\/bookscollective.vn\/?post_type=product&#038;p=516"},"modified":"2022-10-05T07:33:38","modified_gmt":"2022-10-05T07:33:38","slug":"xa-hoi-viet-nam","status":"publish","type":"product","link":"https:\/\/bookscollective.vn\/index.php\/product\/xa-hoi-viet-nam\/","title":{"rendered":"X\u00e3 h\u1ed9i Vi\u1ec7t Nam"},"content":{"rendered":"<p>\u0110\u00f4i n\u00e9t v\u1ec1 t\u00e1c ph\u1ea9m:<\/p>\n<p>&#8211; T\u1ea1i sao ng\u01b0\u1eddi ta l\u1ea1i \u0111\u1ecbnh d\u1ea1ng qu\u1ed1c gia Vi\u1ec7t Nam b\u1eb1ng m\u1ed9t c\u00e1i t\u00ean lai gh\u00e9p gi\u1eefa \u1ea4n v\u00e0 Hoa \u2013 INDOCHINOISE? V\u0103n h\u00f3a Vi\u1ec7t Nam \u0111\u00e3 vay m\u01b0\u1ee3n g\u00ec Trung Hoa, v\u00e0 \u0111\u1ecbnh h\u00ecnh v\u0103n h\u00f3a cho d\u00e2n t\u1ed9c nh\u01b0 th\u1ebf n\u00e0o? Ng\u01b0\u1eddi Vi\u1ec7t \u0111\u00e3 t\u1ea1o n\u00ean m\u1ed9t x\u00e3 h\u1ed9i ri\u00eang, m\u1ed9t l\u1ed1i sinh ho\u1ea1t th\u1ebf n\u00e0o m\u00e0 tr\u1ea3i qua bao th\u1ebf k\u1ef7 d\u00e2n t\u1ed9c Vi\u1ec7t Nam kh\u00f4ng b\u1ecb tan ch\u00ecm v\u00e0 \u0111\u1ed3ng h\u00f3a trong kh\u1ed1i H\u00e1n t\u1ed9c?<\/p>\n<p>&#8211; T\u1ea1i sao lu\u00e2n l\u00fd Kh\u1ed5ng M\u1ea1nh kh\u00f4ng \u0111em \u00e1p d\u1ee5ng \u0111\u01b0\u1ee3c to\u00e0n v\u1eb9n trong x\u00e3 h\u1ed9i Vi\u1ec7t Nam? Ng\u01b0\u1eddi Vi\u1ec7t \u0111\u00e3 ki\u1ebfn t\u1ea1o n\u00ean m\u1ed9t v\u0103n minh kh\u00e1c h\u1eb3n v\u1edbi Trung Hoa ra sao? T\u1ea1i sao c\u00f9ng m\u1ed9t m\u00f4 h\u00ecnh ch\u1ebf \u0111\u1ed9, d\u01b0\u1edbi c\u00f9ng lu\u00e2n l\u00fd Kh\u1ed5ng M\u1ea1nh, m\u00e0 vai tr\u00f2 c\u1ee7a ng\u01b0\u1eddi ph\u1ee5 n\u1eef Vi\u1ec7t Nam l\u1ea1i cao h\u01a1n h\u1eb3n vai tr\u00f2 c\u1ee7a ng\u01b0\u1eddi ph\u1ee5 n\u1eef Trung Hoa?<\/p>\n<p>&#8211; M\u1ed1i li\u00ean h\u1ec7 gi\u1eefa ch\u1ebf \u0111\u1ed9 x\u00e3 h\u1ed9i v\u1edbi ph\u01b0\u01a1ng th\u1ee9c s\u1ea3n xu\u1ea5t \u0111\u00e3 \u0111\u01b0\u1ee3c nh\u00ecn nh\u1eadn nh\u01b0 th\u1ebf n\u00e0o qua s\u1ef1 ti\u1ebfn h\u00f3a c\u1ee7a d\u00e2n t\u1ed9c Vi\u1ec7t?<\/p>\n<p>&#8211; T\u1ea1i sao cu\u1ed9c kh\u1edfi ngh\u0129a c\u1ee7a Hai B\u00e0 Tr\u01b0ng l\u1ea1i th\u1ea5t b\u1ea1i? T\u1ea1i sao cu\u1ed9c c\u1ea3i c\u00e1ch c\u1ee7a H\u1ed3 Qu\u00fd Ly l\u1ea1i kh\u00f4ng th\u00e0nh c\u00f4ng? T\u1ea1i sao tri\u1ec1u Quang Trung l\u1ea1i nhanh ch\u00f3ng s\u1ee5p \u0111\u1ed5?<\/p>\n<p>&#8211; T\u1ea1i sao Trung Qu\u1ed1c c\u00f3 gi\u1eb7c Kh\u0103n V\u00e0ng, c\u00f3 B\u1ea1ch Li\u00ean gi\u00e1o, c\u00f3 Th\u00e1i B\u00ecnh Thi\u00ean Qu\u1ed1c&#8230; Nh\u01b0ng xuy\u00ean su\u1ed1t chi\u1ec1u d\u00e0i l\u1ecbch s\u1eed d\u00e2n t\u1ed9c Vi\u1ec7t Nam kh\u00f4ng c\u00f3 b\u1ea5t k\u1ef3 m\u1ed9t cu\u1ed9c kh\u1edfi ngh\u0129a quy m\u00f4 n\u00e0o m\u01b0\u1ee3n danh ngh\u0129a T\u00f4n Gi\u00e1o?<\/p>\n<p>&#8211; T\u1ea1i sao ng\u01b0\u1eddi Vi\u1ec7t Nam th\u00f4ng minh nh\u01b0ng bao nhi\u00eau th\u1ebf h\u1ec7, bao nhi\u00eau n\u0103m th\u00e1ng qua \u0111i v\u1eabn kh\u00f4ng s\u1ea3n sinh ra \u0111\u01b0\u1ee3c m\u1ed9t lu\u1eadn thuy\u1ebft n\u00e0o? T\u1ea1i sao ng\u01b0\u1eddi Vi\u1ec7t Nam l\u1ea1i kh\u00f4ng c\u00f3 \u0111\u01b0\u1ee3c b\u1ea5t k\u1ef3 c\u00f4ng tr\u00ecnh ki\u1ebfn tr\u00fac ho\u00e0nh tr\u00e1ng \u0111\u1ec3 \u0111\u1eddi?<\/p>\n","protected":false},"excerpt":{"rendered":"<p><strong><em>X\u00e3 h\u1ed9i Vi\u1ec7t Nam<\/em><\/strong>\u00a0c\u1ee7a L\u01b0\u01a1ng \u0110\u1ee9c Thi\u1ec7p \u0111\u00e3 bao qu\u00e1t to\u00e0n b\u1ed9 c\u00e1c l\u0129nh v\u1ef1c: V\u0103n h\u00f3a &#8211; X\u00e3 h\u1ed9i &#8211; L\u1ecbch s\u1eed &#8211; T\u00f4n gi\u00e1o &#8211; Kinh t\u1ebf &#8211; Ch\u00ednh tr\u1ecb t\u1eeb s\u01a1 s\u1eed \u0111\u1ebfn c\u1eadn \u0111\u1ea1i, c\u00f3 th\u1ec3 n\u00f3i \u0111\u00e2y l\u00e0 m\u1ed9t t\u00e1c ph\u1ea9m \u0111\u1ec9nh cao v\u1ec1 kh\u1ea3o c\u1ee9u x\u00e3 h\u1ed9i Vi\u1ec7t Nam theo l\u1ed1i x\u00e3 h\u1ed9i h\u1ecdc. T\u01b0\u1eddng minh v\u00e0 chi ti\u1ebft, ch\u1eb7t ch\u1ebd v\u00e0 trung th\u1ef1c v\u1edbi c\u00e1i nh\u00ecn th\u1ed1ng qu\u00e1t c\u1ea3 cu\u1ed9c ti\u1ebfn h\u00f3a c\u1ee7a d\u00e2n t\u1ed9c su\u1ed1t qua l\u1ecbch s\u1eed \u0111\u1ec3 d\u00f2 x\u00e9t c\u00e1i qu\u00e1 tr\u00ecnh ph\u00e1t tri\u1ec3n bi\u1ec7n ch\u1ee9ng.<\/p>\n<p>M\u1ed9t quy\u1ec3n s\u00e1ch c\u1ef1c k\u1ef3 c\u00f3 gi\u00e1 tr\u1ecb \u0111\u00e3 \u0111\u01b0\u1ee3c Tao \u0110\u00e0n kh\u00f4i ph\u1ee5c nguy\u00ean v\u1eb9n v\u00e0 b\u1ed5 sung ch\u00fa th\u00edch \u0111\u1ec3 b\u1ea1n \u0111\u1ecdc ti\u1ec7n theo d\u00f5i.<\/p>\n","protected":false},"featured_media":518,"comment_status":"open","ping_status":"closed","template":"","meta":[],"product_cat":[28],"product_tag":[],"class_list":["post-516","product","type-product","status-publish","has-post-thumbnail","hentry","product_cat-sach-lich-su"],"_links":{"self":[{"href":"https:\/\/bookscollective.vn\/index.php\/wp-json\/wp\/v2\/product\/516","targetHints":{"allow":["GET"]}}],"collection":[{"href":"https:\/\/bookscollective.vn\/index.php\/wp-json\/wp\/v2\/product"}],"about":[{"href":"https:\/\/bookscollective.vn\/index.php\/wp-json\/wp\/v2\/types\/product"}],"replies":[{"embeddable":true,"href":"https:\/\/bookscollective.vn\/index.php\/wp-json\/wp\/v2\/comments?post=516"}],"wp:featuredmedia":[{"embeddable":true,"href":"https:\/\/bookscollective.vn\/index.php\/wp-json\/wp\/v2\/media\/518"}],"wp:attachment":[{"href":"https:\/\/bookscollective.vn\/index.php\/wp-json\/wp\/v2\/media?parent=516"}],"wp:term":[{"taxonomy":"product_cat","embeddable":true,"href":"https:\/\/bookscollective.vn\/index.php\/wp-json\/wp\/v2\/product_cat?post=516"},{"taxonomy":"product_tag","embeddable":true,"href":"https:\/\/bookscollective.vn\/index.php\/wp-json\/wp\/v2\/product_tag?post=516"}],"curies":[{"name":"wp","href":"https:\/\/api.w.org\/{rel}","templated":true}]}}