{"id":514,"date":"2022-10-05T07:31:03","date_gmt":"2022-10-05T07:31:03","guid":{"rendered":"https:\/\/bookscollective.vn\/?post_type=product&#038;p=514"},"modified":"2022-10-05T07:31:03","modified_gmt":"2022-10-05T07:31:03","slug":"van-sac-hu-vo","status":"publish","type":"product","link":"https:\/\/bookscollective.vn\/index.php\/product\/van-sac-hu-vo\/","title":{"rendered":"V\u1ea1n s\u1eafc h\u01b0 v\u00f4"},"content":{"rendered":"<p>V\u1ea1n s\u1eafc h\u01b0 v\u00f4 l\u00e0 c\u00e2u chuy\u1ec7n c\u1ee7a nh\u1eefng con ng\u01b0\u1eddi c\u00f4 \u0111\u01a1n kh\u00e1t khao s\u1ef1 c\u1ee9u r\u1ed7i. M\u1ea1nh m\u1ebd nh\u01b0ng l\u1ea1i thi\u1ebfu d\u0169ng kh\u00ed ch\u1ecdn l\u1ef1a, h\u1ecd l\u1ea5y th\u1ea5t b\u1ea1i l\u00e0m tr\u00f2 ti\u00eau khi\u1ec3n, l\u1ea5y s\u1ef1 s\u1ee5p \u0111\u1ed5 l\u00fd t\u01b0\u1edfng l\u00e0m nguy\u00ean c\u1edb cho vi\u1ec7c tr\u1edf n\u00ean y\u1ebfm th\u1ebf trong th\u1ebf gi\u1edbi b\u00ecnh th\u01b0\u1eddng. V\u1edbi c\u00e1ch vi\u1ebft l\u1ea1nh l\u00f9ng, ng\u00f4n ng\u1eef s\u1eafc s\u1ea3o, t\u01b0 duy t\u00e1o b\u1ea1o, Nguy\u1ec5n Kh\u1eafc Ng\u00e2n Vi \u0111\u1eb7t nh\u00e2n v\u1eadt c\u1ee7a m\u00ecnh v\u00e0o m\u1ed9t t\u00ecnh th\u1ebf ti\u1ebfn tho\u00e1i l\u01b0\u1ee1ng nan. B\u1ecb g\u00f4ng c\u00f9m v\u1eadt ch\u1ea5t th\u1ed1ng tr\u1ecb v\u00e0 d\u1ee5c v\u1ecdng ch\u1ebf ng\u1ef1, cu\u1ed9c s\u1ed1ng c\u00e1 nh\u00e2n b\u1ecb b\u00e0o m\u00f2n b\u1edfi s\u1ef1 nh\u00e0m ch\u00e1n c\u1ee7a th\u1ef1c t\u1ea1i. Khi \u0111o\u1ea1n tuy\u1ec7t t\u00ecnh y\u00eau, ch\u1ed1i b\u1ecf t\u1ed3n t\u1ea1i, \u0111\u00e1nh m\u1ea5t l\u00fd t\u01b0\u1edfng, ngu\u1ed9i l\u1ea1nh \u0111am m\u00ea, cu\u1ed1i c\u00f9ng ng\u01b0\u1eddi ta ch\u1ec9 c\u00f3 th\u1ec3 lang thang v\u0129nh vi\u1ec5n trong tuy\u1ec7t v\u1ecdng. Th\u1ebf gian v\u1ea1n s\u1eafc, cu\u1ed9c \u0111\u1eddi h\u01b0 v\u00f4&#8230;<\/p>\n","protected":false},"excerpt":{"rendered":"<p>B\u1ecb g\u00f4ng c\u00f9m v\u1eadt ch\u1ea5t th\u1ed1ng tr\u1ecb v\u00e0 d\u1ee5c v\u1ecdng ch\u1ebf ng\u1ef1, cu\u1ed9c s\u1ed1ng c\u00e1 nh\u00e2n b\u1ecb b\u00e0o m\u00f2n b\u1edfi s\u1ef1 nh\u00e0m ch\u00e1n c\u1ee7a th\u1ef1c t\u1ea1i. Khi \u0111o\u1ea1n tuy\u1ec7t t\u00ecnh y\u00eau, ch\u1ed1i b\u1ecf t\u1ed3n t\u1ea1i, \u0111\u00e1nh m\u1ea5t l\u00fd t\u01b0\u1edfng, ngu\u1ed9i l\u1ea1nh \u0111am m\u00ea, cu\u1ed1i c\u00f9ng ng\u01b0\u1eddi ta ch\u1ec9 c\u00f3 th\u1ec3 lang thang v\u0129nh vi\u1ec5n trong tuy\u1ec7t v\u1ecdng. Th\u1ebf gian v\u1ea1n s\u1eafc, cu\u1ed9c \u0111\u1eddi h\u01b0 v\u00f4&#8230;<\/p>\n","protected":false},"featured_media":515,"comment_status":"open","ping_status":"closed","template":"","meta":[],"product_cat":[26],"product_tag":[],"class_list":["post-514","product","type-product","status-publish","has-post-thumbnail","hentry","product_cat-sach-van-hoc"],"_links":{"self":[{"href":"https:\/\/bookscollective.vn\/index.php\/wp-json\/wp\/v2\/product\/514","targetHints":{"allow":["GET"]}}],"collection":[{"href":"https:\/\/bookscollective.vn\/index.php\/wp-json\/wp\/v2\/product"}],"about":[{"href":"https:\/\/bookscollective.vn\/index.php\/wp-json\/wp\/v2\/types\/product"}],"replies":[{"embeddable":true,"href":"https:\/\/bookscollective.vn\/index.php\/wp-json\/wp\/v2\/comments?post=514"}],"wp:featuredmedia":[{"embeddable":true,"href":"https:\/\/bookscollective.vn\/index.php\/wp-json\/wp\/v2\/media\/515"}],"wp:attachment":[{"href":"https:\/\/bookscollective.vn\/index.php\/wp-json\/wp\/v2\/media?parent=514"}],"wp:term":[{"taxonomy":"product_cat","embeddable":true,"href":"https:\/\/bookscollective.vn\/index.php\/wp-json\/wp\/v2\/product_cat?post=514"},{"taxonomy":"product_tag","embeddable":true,"href":"https:\/\/bookscollective.vn\/index.php\/wp-json\/wp\/v2\/product_tag?post=514"}],"curies":[{"name":"wp","href":"https:\/\/api.w.org\/{rel}","templated":true}]}}