{"id":513,"date":"2022-10-05T07:37:00","date_gmt":"2022-10-05T07:37:00","guid":{"rendered":"https:\/\/bookscollective.vn\/?post_type=product&#038;p=513"},"modified":"2022-10-05T07:37:00","modified_gmt":"2022-10-05T07:37:00","slug":"siddhartha","status":"publish","type":"product","link":"https:\/\/bookscollective.vn\/index.php\/product\/siddhartha\/","title":{"rendered":"Siddhartha"},"content":{"rendered":"<p><strong>Siddhartha (T\u00e1i B\u1ea3n)<\/strong><\/p>\n<p>Trong c\u00e1c t\u00e1c ph\u1ea9m c\u1ee7a Hermann Hesse, c\u00f3 l\u1ebd Siddhartha l\u00e0 t\u00e1c ph\u1ea9m n\u1ed5i ti\u1ebfng nh\u1ea5t. C\u00e2u chuy\u1ec7n l\u1ea5y th\u1eddi \u0111i\u1ec3m \u0110\u1ee9c Ph\u1eadt c\u00f2n t\u1ea1i th\u1ebf, n\u00f3i v\u1ec1 m\u1ed9t ch\u00e0ng thanh ni\u00ean r\u1eddi gia \u0111\u00ecnh \u0111i t\u00ecm gi\u00e1c ng\u1ed9. D\u00f9 \u0111\u01b0\u1ee3c g\u1eb7p Ph\u1eadt, d\u00f9 b\u1ea1n \u0111\u1ed3ng h\u00e0nh \u0111\u00e3 gia nh\u1eadp t\u0103ng \u0111o\u00e0n, nh\u01b0ng ch\u00e0ng thanh ni\u00ean Siddhartha nh\u1ea5t quy\u1ebft \u0111i theo con \u0111\u01b0\u1eddng c\u1ee7a m\u00ecnh.<\/p>\n<p>Cu\u1ed1i c\u00f9ng, sau khi tr\u1ea3i nghi\u1ec7m h\u1ebft t\u1ea5t c\u1ea3 ni\u1ec1m vui v\u00e0 n\u1ed7i kh\u1ed5 c\u1ee7a cu\u1ed9c s\u1ed1ng th\u1ebf gian, ch\u00e0ng thanh ni\u00ean Siddhartha \u0111\u00e3 gi\u00e1c ng\u1ed9 \u0111\u01b0\u1ee3c ch\u00e2n l\u00fd b\u00ean c\u1ea1nh m\u1ed9t d\u00f2ng s\u00f4ng. Ch\u00e0ng \u0111\u00e3 l\u1eafng nghe d\u00f2ng s\u00f4ng v\u00e0 t\u00ecm th\u1ea5y \u1edf n\u01a1i \u0111\u00f3 m\u1ecdi d\u1ea1ng h\u00ecnh c\u1ee7a \u0111\u1eddi s\u1ed1ng. Ch\u00e0ng \u0111\u00e3 th\u1ea5y \u201cph\u00e1p gi\u1edbi\u201d trong d\u00f2ng s\u00f4ng v\u00e0 ng\u1ed9 \u0111\u01b0\u1ee3c t\u00ednh nh\u1ea5t th\u1ec3 c\u1ee7a v\u1ea1n s\u1ef1.<\/p>\n<p>Hermann Hesse cho ta th\u1ea5y mu\u1ed1n th\u1ea5u hi\u1ec3u b\u1ea3n ch\u1ea5t c\u1ee7a \u0111\u1eddi s\u1ed1ng, con ng\u01b0\u1eddi c\u1ea7n ph\u1ea3i tr\u1ea3i nghi\u1ec7m t\u1eadn c\u00f9ng m\u1ecdi ng\u00f5 ng\u00e1ch c\u1ee7a n\u00f3. S\u1ef1 s\u1ed1ng \u0111ang di\u1ec5n ra trong m\u1ecdi h\u00ecnh th\u00e1i trong v\u0169 tr\u1ee5 c\u0169ng ch\u1ec9 v\u00ec n\u00f3 c\u1ea7n tr\u1ea3i nghi\u1ec7m h\u1ebft ch\u00ednh b\u1ea3n th\u00e2n m\u00ecnh. \u201cS\u1ef1 s\u1ed1ng\u201d \u0111\u00f3 l\u00e0 \u201cd\u00f2ng s\u00f4ng\u201d c\u1ee7a Siddhartha m\u00e0 ch\u00e0ng \u0111\u00e3 bi\u1ebft l\u1eafng nghe.<\/p>\n<p>Cu\u1ed1i c\u00f9ng Siddhartha \u0111\u00e3 ng\u1ed9 ra r\u1eb1ng \u201cs\u1ef1 th\u1eadt n\u00e0o c\u0169ng c\u00f3 \u0111\u1ed1i ngh\u1ecbch c\u1ee7a n\u00f3 v\u00e0 \u0111i\u1ec1u \u0111\u1ed1i ngh\u1ecbch n\u00e0y c\u0169ng th\u1eadt kh\u00f4ng k\u00e9m\u201d. Khi \u0111\u00e3 tr\u1ea3i nghi\u1ec7m v\u00e0 bi\u1ebft l\u1eafng nghe m\u1ecdi h\u00ecnh th\u00e1i c\u1ee7a s\u1ef1 s\u1ed1ng, ch\u00e0ng \u0111\u00e3 t\u1ef1 si\u00eau vi\u1ec7t ch\u00ednh m\u00ecnh, v\u01b0\u1ee3t l\u00ean thi\u1ec7n &#8211; \u00e1c, t\u1ed1t &#8211; x\u1ea5u. \u0110\u00f3 l\u00e0 t\u01b0 t\u01b0\u1edfng B\u00e1t nh\u00e3, n\u00f3i theo c\u00e1ch c\u1ee7a Hermann Hesse.<\/p>\n<p><em>Nguy\u1ec5n T\u01b0\u1eddng B\u1ea1ch &#8211; (B\u00e1o Tu\u1ed5i tr\u1ebb)<\/em><\/p>\n","protected":false},"excerpt":{"rendered":"<p><strong>Siddhartha<\/strong><\/p>\n<p>S\u00e1ch l\u00e0 c\u00e2u chuy\u1ec7n ng\u1ee5 ng\u00f4n gi\u1ea3n d\u1ecb tr\u1eef t\u00ecnh v\u1ec1 h\u00e0nh tr\u00ecnh kh\u00e1m ph\u00e1 t\u00e2m linh c\u1ee7a m\u1ed9t ch\u00e0ng trai s\u1ed1ng c\u00f9ng th\u1eddi v\u1edbi \u0110\u1ee9c Ph\u1eadt, nh\u01b0ng l\u1ea1i ch\u1ecdn con \u0111\u01b0\u1eddng ri\u00eang, kh\u00e1c v\u1edbi \u0110\u1ee9c Ph\u1eadt. Tr\u1ea3i qua mu\u00f4n n\u1ebbo nh\u00e2n sinh, t\u1eeb kh\u1ed5 tu c\u1ea7u minh tri\u1ebft cho t\u1edbi gi\u00e0u sang ph\u00fa qu\u00fd, t\u1eeb hoan l\u1ea1c n\u1ed3ng n\u00e0n x\u00e1c th\u1ecbt cho t\u1edbi s\u1ea7u bi t\u1eed bi\u1ec7t sinh ly, r\u1ed1t cu\u1ed9c, ch\u1ec9 khi t\u1eeb b\u1ecf h\u1ebft th\u1ea3y t\u1ee5c l\u1ee5y th\u00ec Siddhartha \u0111\u00e3 chinh ph\u1ee5c \u0111\u01b0\u1ee3c B\u1ea3n Ng\u00e3. Gi\u1eefa thi\u00ean nhi\u00ean tinh khi\u1ebft, b\u00ean d\u00f2ng s\u00f4ng r\u00ec r\u1ea7m, anh h\u1ecdc c\u00e1ch l\u1eafng nghe, kh\u00e1m ph\u00e1 t\u00ecnh y\u00eau th\u01b0\u01a1ng v\u00e0 h\u1ecdc c\u00e1ch ch\u1ea5p nh\u1eadn s\u1ef1 kh\u00e1c bi\u1ec7t c\u1ee7a ki\u1ebfp ng\u01b0\u1eddi, t\u00ecm ra con \u0111\u01b0\u1eddng tho\u00e1t kh\u1ecfi v\u00f2ng tu\u1ea7n ho\u00e0n \u0111\u1ec3 tr\u1edf th\u00e0nh m\u1ed9t v\u1edbi Ph\u1ea1m Thi\u00ean &#8211; \u0110\u1ea1i Ng\u00e3&#8230;<\/p>\n","protected":false},"featured_media":523,"comment_status":"open","ping_status":"closed","template":"","meta":[],"product_cat":[23,26],"product_tag":[],"class_list":["post-513","product","type-product","status-publish","has-post-thumbnail","hentry","product_cat-sach","product_cat-sach-van-hoc"],"_links":{"self":[{"href":"https:\/\/bookscollective.vn\/index.php\/wp-json\/wp\/v2\/product\/513","targetHints":{"allow":["GET"]}}],"collection":[{"href":"https:\/\/bookscollective.vn\/index.php\/wp-json\/wp\/v2\/product"}],"about":[{"href":"https:\/\/bookscollective.vn\/index.php\/wp-json\/wp\/v2\/types\/product"}],"replies":[{"embeddable":true,"href":"https:\/\/bookscollective.vn\/index.php\/wp-json\/wp\/v2\/comments?post=513"}],"wp:featuredmedia":[{"embeddable":true,"href":"https:\/\/bookscollective.vn\/index.php\/wp-json\/wp\/v2\/media\/523"}],"wp:attachment":[{"href":"https:\/\/bookscollective.vn\/index.php\/wp-json\/wp\/v2\/media?parent=513"}],"wp:term":[{"taxonomy":"product_cat","embeddable":true,"href":"https:\/\/bookscollective.vn\/index.php\/wp-json\/wp\/v2\/product_cat?post=513"},{"taxonomy":"product_tag","embeddable":true,"href":"https:\/\/bookscollective.vn\/index.php\/wp-json\/wp\/v2\/product_tag?post=513"}],"curies":[{"name":"wp","href":"https:\/\/api.w.org\/{rel}","templated":true}]}}