{"id":506,"date":"2022-10-05T07:26:19","date_gmt":"2022-10-05T07:26:19","guid":{"rendered":"https:\/\/bookscollective.vn\/?post_type=product&#038;p=506"},"modified":"2022-10-05T07:26:19","modified_gmt":"2022-10-05T07:26:19","slug":"chien-tranh-khong-co-khuon-mat-phu-nu","status":"publish","type":"product","link":"https:\/\/bookscollective.vn\/index.php\/product\/chien-tranh-khong-co-khuon-mat-phu-nu\/","title":{"rendered":"Chi\u1ebfn tranh kh\u00f4ng c\u00f3 khu\u00f4n m\u1eb7t ph\u1ee5 n\u1eef"},"content":{"rendered":"<p><strong>Chi\u1ebfn Tranh Kh\u00f4ng C\u00f3 M\u1ed9t Khu\u00f4n M\u1eb7t Ph\u1ee5 N\u1eef\u00a0<\/strong>&#8211; M\u1ed9t t\u00e1c ph\u1ea9m c\u1ee7a t\u00e1c gi\u1ea3 Svetlana Alexievich &#8211; Nobel v\u0103n ch\u01b0\u01a1ng 2015, b\u1ea3n d\u1ecbch \u0111\u1ea7y \u0111\u1ee7 nh\u1ea5t t\u1eeb tr\u01b0\u1edbc t\u1edbi nay, kh\u00f4ng c\u1eaft g\u1ecdt, kh\u00f4ng ki\u1ec3m duy\u1ec7t c\u1ee7a ch\u00ednh t\u00e1c gi\u1ea3 do d\u1ecbch gi\u1ea3 Nguy\u00ean Ng\u1ecdc d\u1ecbch m\u1edbi ho\u00e0n to\u00e0n. C\u00f3 m\u1ed9t cu\u1ed9c Chi\u1ebfn tranh th\u1ebf gi\u1edbi th\u1ee9 hai m\u00e0 b\u1ea1n ch\u01b0a t\u1eebng nghe n\u00f3i t\u1edbi, nh\u1eefng c\u00e2u chuy\u1ec7n ch\u01b0a bao gi\u1edd \u0111\u01b0\u1ee3c \u0111\u01b0a ra \u00e1nh s\u00e1ng, nh\u1eefng s\u1ed1 ph\u1eadn g\u1eafn li\u1ec1n v\u1edbi chi\u1ebfn tranh, \u0111\u00e3 \u0111\u01b0\u1ee3c t\u00e1c gi\u1ea3 t\u00e1i hi\u1ec7n l\u1ea1i m\u1ed9t c\u00e1ch ch\u00e2n th\u1ef1c nh\u1ea5t, \u0111\u1ea7y \u0111\u1ee7 nh\u1ea5t trong &#8220;Chi\u1ebfn tranh kh\u00f4ng c\u00f3 m\u1ed9t khu\u00f4n m\u1eb7t ph\u1ee5 n\u1eef&#8221;. &#8220;\u1ede \u0111\u1ea5y, ta kh\u00f4ng th\u1ea5y anh h\u00f9ng c\u0169ng ch\u1eb3ng th\u1ea5y chi\u1ebfn c\u00f4ng kh\u00f4ng t\u01b0\u1edfng t\u01b0\u1ee3ng n\u1ed5i, m\u00e0 ch\u1ec9 \u0111\u01a1n gi\u1ea3n c\u00f3 nh\u1eefng c\u00e1 nh\u00e2n b\u1ecb cu\u1ed1n v\u00e0o m\u1ed9t c\u00f4ng vi\u1ec7c phi nh\u00e2n c\u1ee7a nh\u00e2n lo\u1ea1i. V\u00e0 trong \u1ea5y, kh\u00f4ng ch\u1ec9 c\u00f3 h\u1ecd (con ng\u01b0\u1eddi!) ph\u1ea3i ch\u1ecbu \u0111au \u0111\u1edbn v\u00ec chi\u1ebfn tranh: c\u00f9ng v\u1edbi con ng\u01b0\u1eddi l\u00e0 \u0111\u1ea5t \u0111ai, chim ch\u00f3c, c\u00e2y c\u1ecf. To\u00e0n b\u1ed9 thi\u00ean nhi\u00ean. Ch\u00fang ch\u1ecbu \u0111au \u0111\u1edbn m\u00e0 ch\u1eb3ng n\u00f3i \u0111\u01b0\u1ee3c m\u1ed9t l\u1eddi, th\u1ebf c\u00e0ng kinh kh\u1ee7ng h\u01a1n\u2026 Th\u1eadm ch\u00ed m\u1ed9t sai l\u1ea7m l\u1edbn. C\u00f2n c\u00f3 m\u1ed9t cu\u1ed9c chi\u1ebfn tranh kh\u00e1c m\u00e0 ch\u00fang ta kh\u00f4ng bi\u1ebft.&#8221;<\/p>\n","protected":false},"excerpt":{"rendered":"<p>&#8220;C\u00f9ng ch\u00fang t\u00f4i c\u00f3 m\u1ed9t n\u1eef \u0111i\u1ec7n b\u00e1o vi\u00ean. C\u00f4 v\u1eeba sinh d\u1eady. \u0110\u1ee9a b\u00e9 c\u00f2n r\u1ea5t nh\u1ecf, ph\u1ea3i cho b\u00fa. Nh\u01b0ng ng\u01b0\u1eddi m\u1eb9 kh\u00f4ng \u0111\u1ee7 \u0103n, thi\u1ebfu s\u1eefa, v\u00e0 \u0111\u1ee9a b\u00e9 kh\u00f3c. B\u1ecdn SS \u1edf r\u1ea5t g\u1ea7n\u2026 V\u1edbi c\u1ea3 ch\u00f3. N\u1ebfu ch\u00fang nghe \u0111\u01b0\u1ee3c, th\u00ec ch\u00fang t\u00f4i ch\u1ebft h\u1ebft. C\u1ea3 \u0111\u1ed9i. Ba ch\u1ee5c ng\u01b0\u1eddi\u2026 C\u00f4 hi\u1ec3u kh\u00f4ng?<\/p>\n<p>Ch\u00fang t\u00f4i c\u00f3 m\u1ed9t quy\u1ebft \u0111\u1ecbnh\u2026<\/p>\n<p>Kh\u00f4ng ai d\u00e1m truy\u1ec1n \u0111\u1ea1t l\u1ec7nh c\u1ee7a ng\u01b0\u1eddi ch\u1ec9 huy, nh\u01b0ng t\u1ef1 ng\u01b0\u1eddi m\u1eb9 \u0111o\u00e1n ra. C\u00f4 nh\u1eadn \u0111\u1ee9a b\u00e9 \u0111\u1ecbu tr\u00ean ng\u01b0\u1eddi xu\u1ed1ng n\u01b0\u1edbc v\u00e0 gi\u1eef h\u1ed3i l\u00e2u\u2026 \u0110\u1ee9a b\u00e9 kh\u00f4ng c\u00f2n r\u1ed1ng l\u00ean n\u1eefa. N\u00f3 \u0111\u00e3 ch\u1ebft. V\u00e0 ch\u00fang t\u00f4i kh\u00f4ng ai d\u00e1m ng\u01b0\u1edbc m\u1eaft l\u00ean n\u1eefa. V\u1ec1 ph\u00eda ng\u01b0\u1eddi m\u1eb9, v\u00e0 v\u1ec1 b\u1ea5t c\u1ee9 ng\u01b0\u1eddi n\u00e0o trong ch\u00fang t\u00f4i\u2026&#8221;<\/p>\n","protected":false},"featured_media":508,"comment_status":"open","ping_status":"closed","template":"","meta":[],"product_cat":[26],"product_tag":[],"class_list":["post-506","product","type-product","status-publish","has-post-thumbnail","hentry","product_cat-sach-van-hoc"],"_links":{"self":[{"href":"https:\/\/bookscollective.vn\/index.php\/wp-json\/wp\/v2\/product\/506","targetHints":{"allow":["GET"]}}],"collection":[{"href":"https:\/\/bookscollective.vn\/index.php\/wp-json\/wp\/v2\/product"}],"about":[{"href":"https:\/\/bookscollective.vn\/index.php\/wp-json\/wp\/v2\/types\/product"}],"replies":[{"embeddable":true,"href":"https:\/\/bookscollective.vn\/index.php\/wp-json\/wp\/v2\/comments?post=506"}],"wp:featuredmedia":[{"embeddable":true,"href":"https:\/\/bookscollective.vn\/index.php\/wp-json\/wp\/v2\/media\/508"}],"wp:attachment":[{"href":"https:\/\/bookscollective.vn\/index.php\/wp-json\/wp\/v2\/media?parent=506"}],"wp:term":[{"taxonomy":"product_cat","embeddable":true,"href":"https:\/\/bookscollective.vn\/index.php\/wp-json\/wp\/v2\/product_cat?post=506"},{"taxonomy":"product_tag","embeddable":true,"href":"https:\/\/bookscollective.vn\/index.php\/wp-json\/wp\/v2\/product_tag?post=506"}],"curies":[{"name":"wp","href":"https:\/\/api.w.org\/{rel}","templated":true}]}}