{"id":495,"date":"2022-10-05T07:27:11","date_gmt":"2022-10-05T07:27:11","guid":{"rendered":"https:\/\/bookscollective.vn\/?post_type=product&#038;p=495"},"modified":"2022-10-05T07:27:11","modified_gmt":"2022-10-05T07:27:11","slug":"muon-dam-sau-giang","status":"publish","type":"product","link":"https:\/\/bookscollective.vn\/index.php\/product\/muon-dam-sau-giang\/","title":{"rendered":"Mu\u00f4n d\u1eb7m s\u1ea7u gi\u0103ng"},"content":{"rendered":"<p>L\u01b0\u01a1ng t\u00e2m t\u00f4i trong s\u1ea1ch. C\u00e2u n\u00f3i \u1ea5y c\u1ee7a Pol Pot \u0111\u00e3 khi\u1ebfn V\u00f5 Di\u1ec7u Thanh l\u00ean \u0111\u01b0\u1eddng v\u00e0 tr\u1edf v\u1ec1 Ba Ch\u00fac, v\u00f9ng \u0111\u1ea5t kh\u00f4ng th\u00f4i \u00e1m \u1ea3nh nh\u1eefng suy ngh\u0129 c\u1ee7a ch\u1ecb. Kh\u00f4ng c\u00f2n l\u00e0 m\u1ed9t tr\u1eadn th\u1ea3m s\u00e1t h\u00e0ng lo\u1ea1t v\u1edbi nh\u1eefng \u0111\u1ed1ng x\u01b0\u01a1ng kh\u00f4ng t\u00ean tu\u1ed5i, V\u00f5 Di\u1ec7u Thanh \u0111\u00e3 \u0111\u1ec3 cho t\u1eebng ng\u01b0\u1eddi \u1edf l\u1ea1i c\u00f3 c\u01a1 h\u1ed9i hi\u1ec7n di\u1ec7n v\u1edbi nh\u1eefng s\u00e1ng t\u1ed1i c\u1ee7a ch\u00ednh h\u1ecd \u0111\u1ec3 c\u00f9ng \u0111\u1ed1i di\u1ec7n v\u1edbi nh\u1eefng c\u00e2u h\u1ecfi ch\u01b0a t\u1eebng c\u00f3 l\u1eddi gi\u1ea3i \u0111\u00e1p. T\u1ea1i sao con ng\u01b0\u1eddi c\u00f3 th\u1ec3 phi nh\u00e2n v\u1edbi con ng\u01b0\u1eddi? T\u1ea1i sao c\u00e1i \u00e1c kh\u00f4ng ng\u1eebng nh\u00e2n danh m\u1ed9t \u0111i\u1ec1u g\u00ec \u0111\u00f3 t\u1ed1t \u0111\u1eb9p? V\u00e0 h\u01a1n h\u1ebft, t\u1ea1i sao l\u1ea1i l\u00e0 Ba Ch\u00fac?<\/p>\n<p>Mu\u00f4n D\u1eb7m S\u1ea7u Gi\u0103ng l\u00e0 m\u1ed9t c\u1ed1 g\u1eafng, d\u00f9 c\u00f3 ph\u1ea7n v\u00f4 v\u1ecdng, \u0111\u1ec3 gi\u1ea3i t\u1ecfa nh\u1eefng th\u1eafc m\u1eafc t\u01b0\u1edfng ch\u1eebng nh\u01b0 v\u00f4 t\u1eadn \u1ea5y. \u0110\u1ec3 t\u00e1i d\u1ef1ng l\u1ea1i m\u1ed9t kho\u1ea3ng l\u1eb7ng c\u1ee7a k\u00ed \u1ee9c, \u0111\u1ec3 nh\u1eefng ti\u1ebfng n\u00f3i v\u1eabn c\u00f2n c\u1ea5t l\u00ean t\u1eeb l\u00f2ng \u0111\u1ea5t c\u00f3 th\u1ec3 \u0111\u01b0\u1ee3c l\u1eafng nghe v\u00e0 \u0111\u1ec3 k\u1ec3 nh\u1eefng c\u00e2u chuy\u1ec7n lu\u00f4n c\u1ea7n \u0111\u01b0\u1ee3c k\u1ec3&#8230;<\/p>\n","protected":false},"excerpt":{"rendered":"<p><em>Mu\u00f4n d\u1eb7m s\u1ea7u gi\u0103ng<\/em>\u00a0l\u00e0 t\u1eadp s\u00e1ch m\u1edbi nh\u1ea5t c\u1ee7a\u00a0<a href=\"https:\/\/thanhnien.vn\/giao-duc\/nguoi-thay\/\">nh\u00e0 gi\u00e1o<\/a>, nh\u00e0 v\u0103n V\u00f5 Di\u1ec7u Thanh. V\u1edbi t\u1eadp bi\u00ean kh\u1ea3o n\u00e0y, V\u00f5 Di\u1ec7u Thanh ph\u1ea3i t\u1ed1n nhi\u1ec1u c\u00f4ng s\u1ee9c, \u0111i th\u1ef1c t\u1ebf \u0111\u1ec3 thu th\u1eadp th\u00f4ng tin, k\u1ebft h\u1ee3p gi\u1eefa c\u00e1c t\u00e0i li\u1ec7u l\u1ecbch s\u1eed v\u1edbi c\u00e1c nh\u00e2n ch\u1ee9ng ngo\u00e0i \u0111\u1eddi th\u1eadt.<\/p>\n","protected":false},"featured_media":511,"comment_status":"open","ping_status":"closed","template":"","meta":[],"product_cat":[23,28],"product_tag":[],"class_list":["post-495","product","type-product","status-publish","has-post-thumbnail","hentry","product_cat-sach","product_cat-sach-lich-su"],"_links":{"self":[{"href":"https:\/\/bookscollective.vn\/index.php\/wp-json\/wp\/v2\/product\/495","targetHints":{"allow":["GET"]}}],"collection":[{"href":"https:\/\/bookscollective.vn\/index.php\/wp-json\/wp\/v2\/product"}],"about":[{"href":"https:\/\/bookscollective.vn\/index.php\/wp-json\/wp\/v2\/types\/product"}],"replies":[{"embeddable":true,"href":"https:\/\/bookscollective.vn\/index.php\/wp-json\/wp\/v2\/comments?post=495"}],"wp:featuredmedia":[{"embeddable":true,"href":"https:\/\/bookscollective.vn\/index.php\/wp-json\/wp\/v2\/media\/511"}],"wp:attachment":[{"href":"https:\/\/bookscollective.vn\/index.php\/wp-json\/wp\/v2\/media?parent=495"}],"wp:term":[{"taxonomy":"product_cat","embeddable":true,"href":"https:\/\/bookscollective.vn\/index.php\/wp-json\/wp\/v2\/product_cat?post=495"},{"taxonomy":"product_tag","embeddable":true,"href":"https:\/\/bookscollective.vn\/index.php\/wp-json\/wp\/v2\/product_tag?post=495"}],"curies":[{"name":"wp","href":"https:\/\/api.w.org\/{rel}","templated":true}]}}