{"id":494,"date":"2022-10-05T07:24:39","date_gmt":"2022-10-05T07:24:39","guid":{"rendered":"https:\/\/bookscollective.vn\/?post_type=product&#038;p=494"},"modified":"2022-10-05T07:24:39","modified_gmt":"2022-10-05T07:24:39","slug":"the-luc-khanh-tru-va-van-de-di-dan-vao-nam-ki","status":"publish","type":"product","link":"https:\/\/bookscollective.vn\/index.php\/product\/the-luc-khanh-tru-va-van-de-di-dan-vao-nam-ki\/","title":{"rendered":"Th\u1ebf l\u1ef1c kh\u00e1nh tr\u00fa v\u00e0 v\u1ea5n \u0111\u1ec1 di d\u00e2n v\u00e0o Nam K\u00ec"},"content":{"rendered":"<p>L\u1ecbch s\u1eed s\u1ef1 \u0111\u1ecdc v\u1eabn ch\u01b0a qu\u00ean, \u1edf v\u00e0o th\u1eddi \u0111i\u1ec3m Th\u1ebf l\u1ef1c kh\u00e1ch tr\u00fa v\u00e0 v\u1ea5n \u0111\u1ec1 di d\u00e2n v\u00e0o Nam k\u1ef3 xu\u1ea5t hi\u1ec7n, \u0111\u00e3 t\u1eebng g\u00e2y n\u00ean m\u1ed9t &#8220;best-seller l\u1ed9n k\u00e8o&#8221;, s\u00e1ch v\u1eeba ra \u0111\u1ebfn ti\u1ec7m th\u00ec c\u00e1c nh\u00f3m Kh\u00e1ch tr\u00fa \u0111\u00e3 thu\u00ea s\u1eb5n ng\u01b0\u1eddi, mua v\u00e9t cho k\u1ef3 h\u1ebft m\u00e0 \u0111em \u0111\u1ed1t. M\u1ed9t ph\u1ea3n \u1ee9ng d\u1ed9i ng\u01b0\u1ee3c, quy\u1ebft li\u1ec7t mang t\u00ednh t\u1ef1 v\u1ec7 ti\u00eau c\u1ef1c c\u1ee7a k\u1ebb b\u1ecb \u0111\u00e1nh tr\u00fang \u0111i\u1ec3m y\u1ebfu huy\u1ec7t, thay v\u00ec ph\u1ea3n bi\u1ec7n l\u1ea1i b\u1eb1ng m\u1ed9t c\u00f4ng tr\u00ecnh khoa h\u1ecdc mang t\u00ednh \u0111\u1ed1i tho\u1ea1i, th\u00ec nh\u1eefng ng\u01b0\u1eddi Hoa, m\u1ed9t c\u00e1ch quen thu\u1ed9c, l\u1ea1i s\u1eed d\u1ee5ng &#8220;chi\u00eau tr\u00f2&#8221; s\u1ee9c m\u1ea1nh \u0111\u1ed3ng ti\u1ec1n v\u00e0 kh\u1ee7ng b\u1ed1 \u0111\u1ec3 b\u00f4i x\u00f3a s\u1ef1 th\u1eadt.<\/p>\n<p>&#8220;D\u00e2n T\u1ea7u \u1edf ch\u00e2u \u00c1 kh\u00f4ng kh\u00e1c g\u00ec d\u00e2n Do Th\u00e1i \u1edf ch\u00e2u \u00c2u, h\u1ec5 g\u1ea7m gi\u1eddi n\u00e0y, ch\u1ed7 n\u00e0o c\u00f3 th\u1ec3 ki\u1ebfm \u0103n \u0111\u01b0\u1ee3c, l\u00e0 th\u1ea5y c\u00f3 g\u00f3t ch\u00e2n h\u1ecd, m\u1ed9t ng\u01b0\u1eddi Hoa ki\u1ec1u \u1edf Nam D\u01b0\u01a1ng qu\u1ea7n \u0111\u1ea3o n\u00f3i r\u1eb1ng: &#8220;Ng\u01b0\u1eddi \u0111\u1eddi ch\u1ec9 n\u00f3i ph\u00e0m ch\u1ed7 c\u00f3 \u00e1nh s\u00e1ng m\u1eb7t tr\u1eddi chi\u1ebfu \u0111\u1ebfn, kh\u00f4ng ch\u1ed7 n\u00e0o kh\u00f4ng c\u00f3 ng\u1ecdn c\u1edd n\u01b0\u1edbc Anh, ta cho r\u1eb1ng ph\u00e0m ch\u1ed7 c\u00f3 n\u01b0\u1edbc b\u1ec3 ch\u1ea3y \u0111\u1ebfn, kh\u00f4ng ch\u1ed7 n\u00e0o kh\u00f4ng c\u00f3 ng\u01b0\u1eddi Hoa ki\u1ec1u&#8221;. Th\u1eadt ra th\u00ec c\u00e1i g\u00f3t ch\u00e2n ng\u01b0\u1eddi T\u1ea7u, ch\u1eb3ng nh\u1eefng th\u1ea5y nh\u1eefng ch\u1ed7 c\u00f3 n\u01b0\u1edbc b\u1ec3 ch\u1ea3y \u0111\u1ebfn m\u00e0 th\u00f4i, t\u1ee9c ch\u00ed hoang c\u1eafc nh\u01b0 T\u00e2y B\u00e1 L\u1ee3i \u00c1, xa x\u00f4i nh\u01b0 m\u1ea5y n\u01b0\u1edbc Nga, n\u01b0\u1edbc \u00c1o \u1edf gi\u1eefa ch\u00e2u \u00c2u c\u0169ng t\u00ecm th\u1ea7y h\u1ecd, c\u00f3 ng\u01b0\u1eddi n\u00f3i: Hoa ki\u1ec1u r\u1ea3i r\u00e1c ra c\u00e1c \u0111\u1ecba v\u1ef1c, r\u1ed9ng b\u1eb1ng ng\u01b0\u1eddi Anh, s\u1ee9c gi\u00e0u c\u00f3 b\u1eb1ng ng\u01b0\u1eddi Do Th\u00e1i, ch\u1ecbu kh\u00f3 nh\u01b0 ng\u01b0\u1eddi \u1ea4n \u0110\u1ed9, nhanh nh\u1eb9n nh\u01b0 ng\u01b0\u1eddi Nh\u1eadt B\u1ea3n, \u0111\u1ebfn nh\u01b0 c\u00e1i s\u1ed1 ki\u1ec1u d\u00e2n c\u1ee7a h\u1ecd \u1edf \u0111\u00e2u c\u0169ng \u0111\u00f4ng, th\u00ec kh\u00f4ng ki\u1ec1u d\u00e2n n\u01b0\u1edbc n\u00e0o b\u00ec k\u1ecbp \u0111\u01b0\u1ee3c.&#8221;<\/p>\n<p>&#8220;Ng\u01b0\u1eddi T\u1ea7u \u0111\u01b0\u1ee3c c\u00f3 m\u1ed9t c\u00e1i t\u00e0i, t\u1ed9i \u00e1c g\u00ec l\u00e0m c\u0169ng n\u1ed5i, m\u00e0 hay l\u1eadp h\u1ed9i b\u00ed m\u1eadt th\u1ee9 nh\u1ea5t, \u0111\u00e3 g\u1ecdi l\u00e0 h\u1ed9i b\u00ed m\u1eadt, th\u00ec ch\u1ec9 c\u00f3 m\u1ed9t m\u1ee5c \u0111\u00edch, l\u00e0 l\u00e0m cho th\u1ecfa l\u00f2ng t\u01b0 d\u1ee5c c\u1ee7a m\u1ed9t s\u1ed1 \u00edt ng\u01b0\u1eddi, m\u00e0 h\u1ea1i \u0111\u1ebfn c\u00f4ng l\u00fd c\u1ee7a c\u1ea3 x\u00e3 h\u1ed9i.&#8221;<\/p>\n","protected":false},"excerpt":{"rendered":"<p>\u201cNg\u01b0\u1eddi T\u1ea7u \u0111\u01b0\u1ee3c c\u00f3 m\u1ed9t c\u00e1i t\u00e0i, t\u1ed9i \u00e1c g\u00ec l\u00e0m c\u0169ng n\u1ed5i, m\u00e0 hay l\u1eadp h\u1ed9i b\u00ed m\u1eadt th\u1ee9 nh\u1ea5t, \u0111\u00e3 g\u1ecdi l\u00e0 h\u1ed9i b\u00ed m\u1eadt, th\u00ec ch\u1ec9 c\u00f3 m\u1ed9t m\u1ee5c \u0111\u00edch, l\u00e0 l\u00e0m cho th\u1ecfa l\u00f2ng t\u01b0 d\u1ee5c c\u1ee7a m\u1ed9t s\u1ed1 \u00edt ng\u01b0\u1eddi, m\u00e0 h\u1ea1i \u0111\u1ebfn c\u00f4ng l\u00fd c\u1ee7a c\u1ea3 x\u00e3 h\u1ed9i.\u201d<\/p>\n","protected":false},"featured_media":496,"comment_status":"open","ping_status":"closed","template":"","meta":[],"product_cat":[28],"product_tag":[],"class_list":["post-494","product","type-product","status-publish","has-post-thumbnail","hentry","product_cat-sach-lich-su"],"_links":{"self":[{"href":"https:\/\/bookscollective.vn\/index.php\/wp-json\/wp\/v2\/product\/494","targetHints":{"allow":["GET"]}}],"collection":[{"href":"https:\/\/bookscollective.vn\/index.php\/wp-json\/wp\/v2\/product"}],"about":[{"href":"https:\/\/bookscollective.vn\/index.php\/wp-json\/wp\/v2\/types\/product"}],"replies":[{"embeddable":true,"href":"https:\/\/bookscollective.vn\/index.php\/wp-json\/wp\/v2\/comments?post=494"}],"wp:featuredmedia":[{"embeddable":true,"href":"https:\/\/bookscollective.vn\/index.php\/wp-json\/wp\/v2\/media\/496"}],"wp:attachment":[{"href":"https:\/\/bookscollective.vn\/index.php\/wp-json\/wp\/v2\/media?parent=494"}],"wp:term":[{"taxonomy":"product_cat","embeddable":true,"href":"https:\/\/bookscollective.vn\/index.php\/wp-json\/wp\/v2\/product_cat?post=494"},{"taxonomy":"product_tag","embeddable":true,"href":"https:\/\/bookscollective.vn\/index.php\/wp-json\/wp\/v2\/product_tag?post=494"}],"curies":[{"name":"wp","href":"https:\/\/api.w.org\/{rel}","templated":true}]}}