{"id":489,"date":"2022-10-05T07:20:18","date_gmt":"2022-10-05T07:20:18","guid":{"rendered":"https:\/\/bookscollective.vn\/?post_type=product&#038;p=489"},"modified":"2022-10-05T07:20:19","modified_gmt":"2022-10-05T07:20:19","slug":"ta-van-luon-song-trong-lau-dai","status":"publish","type":"product","link":"https:\/\/bookscollective.vn\/index.php\/product\/ta-van-luon-song-trong-lau-dai\/","title":{"rendered":"Ta v\u1eabn lu\u00f4n s\u1ed1ng trong l\u00e2u \u0111\u00e0i"},"content":{"rendered":"<p>Ta v\u1eabn lu\u00f4n s\u1ed1ng trong l\u00e2u \u0111\u00e0i \u2013 t\u00e1c ph\u1ea9m cu\u1ed1i c\u00f9ng c\u1ee7a t\u00e1c gi\u1ea3 ng\u01b0\u1eddi M\u1ef9 Shirley Jackson, l\u00e0 m\u1ed9t thi\u00ean c\u1ed5 t\u00edch \u1edbn l\u1ea1nh m\u00e0 \u0111\u1eb9p \u0111\u1ebd d\u1ecb th\u01b0\u1eddng. L\u00e0 n\u1eef nh\u00e0 v\u0103n s\u00e1ng t\u00e1c trong th\u1eddi \u0111\u1ea1i x\u00e3 h\u1ed9i M\u1ef9 ch\u1ec9 ghi nh\u1eadn s\u1ef1 hi\u1ec7n di\u1ec7n c\u1ee7a ng\u01b0\u1eddi ph\u1ee5 n\u1eef trong c\u0103n b\u1ebfp, v\u1edbi Ta v\u1eabn lu\u00f4n s\u1ed1ng trong l\u00e2u \u0111\u00e0i, Shirley Jackson vi\u1ebft v\u1ec1 s\u1ef1 ph\u1ea3n kh\u00e1ng, cu\u1ed9c n\u1ed5i lo\u1ea1n, hi\u1ec7n th\u1ef1c ho\u00e1 kh\u00e1t v\u1ecdng \u201c\u0111\u01b0\u1ee3c t\u00e1ch bi\u1ec7t, \u0111\u01b0\u1ee3c m\u1ed9t m\u00ecnh, \u0111\u01b0\u1ee3c t\u1ef1 \u0111\u1ee9ng v\u00e0 b\u01b0\u1edbc \u0111i tr\u00ean \u0111\u00f4i ch\u00e2n m\u00ecnh, kh\u00f4ng kh\u00e1c th\u01b0\u1eddng, y\u1ebfu \u0111u\u1ed1i, b\u1ea5t l\u1ef1c, nh\u1ee5c nh\u00e3.\u201d<\/p>\n<p>Shirley Jackson (1916 \u2013 1965), n\u1eef nh\u00e0 v\u0103n ng\u01b0\u1eddi M\u0129, l\u00e0 b\u1eadc th\u1ea7y s\u00e1ng t\u00e1c truy\u1ec7n kinh d\u1ecb b\u00ed \u1ea9n \u1edf th\u1ebf k\u1ec9 XX, n\u1ed5i danh v\u1edbi c\u00e1c ti\u1ec3u thuy\u1ebft &#8220;Chuy\u1ec7n ma \u00e1m \u1edf Dinh th\u1ef1 Hill&#8221;, &#8220;Ta v\u1eabn lu\u00f4n s\u1ed1ng trong l\u00e2u \u0111\u00e0i&#8221; v\u00e0 truy\u1ec7n ng\u1eafn \u201cThe Lottery\u201d (T\u1ea1m d\u1ecbch: \u201cX\u1ed5 s\u1ed1\u201d) \u2013 t\u00e1c ph\u1ea9m \u0111\u01b0\u1ee3c gi\u1ea3ng d\u1ea1y trong ch\u01b0\u01a1ng tr\u00ecnh Ng\u1eef V\u0103n t\u1ea1i M\u1ef9.<br \/>\nL\u00e0 m\u1ed9t trong nh\u1eefng ngu\u1ed3n c\u1ea3m h\u1ee9ng l\u1edbn nh\u1ea5t c\u1ee7a \u201c\u00f4ng ho\u00e0ng th\u1ec3 lo\u1ea1i kinh d\u1ecb\u201d Stephen King, Shirley Jackson \u0111\u1ec3 l\u1ea1i 06 ti\u1ec3u thuy\u1ebft, 02 h\u1ed3i k\u00ed v\u00e0 h\u01a1n 200 truy\u1ec7n ng\u1eafn. N\u0103m 2007, t\u00ean c\u1ee7a b\u00e0 \u0111\u01b0\u1ee3c \u0111\u1eb7t cho m\u1ed9t gi\u1ea3i th\u01b0\u1edfng V\u0103n h\u1ecdc th\u01b0\u1eddng ni\u00ean d\u00e0nh cho truy\u1ec7n t\u00e2m l\u00ed kinh d\u1ecb k\u00ec b\u00ed t\u1ea1i M\u1ef9 \u2013 Gi\u1ea3i Shirley Jackson.<\/p>\n<p>K\u00ednh m\u1eddi c\u00e1c b\u1ea1n \u0111\u00f3n \u0111\u1ecdc!<\/p>\n","protected":false},"excerpt":{"rendered":"<p><em>18 tu\u1ed5i, Mary Katherine Blackwood ph\u1ea3i \u0111\u1ed1i di\u1ec7n v\u1edbi c\u01a1n \u00e1c m\u1ed9ng kinh ho\u00e0ng nh\u1ea5t \u0111\u1eddi m\u00ecnh sau s\u00e1u n\u0103m k\u1ec3 t\u1eeb \u0111\u00eam c\u1ea3 gia \u0111\u00ecnh Blackwood ch\u1ebft th\u1ea3m. Ba ng\u01b0\u1eddi c\u00f2n s\u1ed1ng y\u00ean b\u00ecnh tr\u00fa \u1ea9n kh\u1ecfi mi\u1ec7ng l\u01b0\u1ee1i th\u1ebf gian trong dinh c\u01a1 kh\u1ed5ng l\u1ed3 c\u00f4 l\u1eadp kh\u1ecfi d\u00e2n l\u00e0ng. B\u1ed7ng \u0111\u00e2u m\u1ed9t ng\u00e0y, h\u1ecd ph\u1ea3i ngh\u00eanh \u0111\u00f3n ng\u01b0\u1eddi anh h\u1ecd Charles v\u1edbi nh\u1eefng m\u01b0u \u0111\u1ed3 nham hi\u1ec3m. Nh\u01b0ng Charles \u0111\u00e3 sai l\u1ea7m khi xem nh\u1eb9 ng\u00f4i nh\u00e0 \u1ea5y\u2026<\/em><\/p>\n","protected":false},"featured_media":490,"comment_status":"open","ping_status":"closed","template":"","meta":[],"product_cat":[26],"product_tag":[],"class_list":["post-489","product","type-product","status-publish","has-post-thumbnail","hentry","product_cat-sach-van-hoc"],"_links":{"self":[{"href":"https:\/\/bookscollective.vn\/index.php\/wp-json\/wp\/v2\/product\/489","targetHints":{"allow":["GET"]}}],"collection":[{"href":"https:\/\/bookscollective.vn\/index.php\/wp-json\/wp\/v2\/product"}],"about":[{"href":"https:\/\/bookscollective.vn\/index.php\/wp-json\/wp\/v2\/types\/product"}],"replies":[{"embeddable":true,"href":"https:\/\/bookscollective.vn\/index.php\/wp-json\/wp\/v2\/comments?post=489"}],"wp:featuredmedia":[{"embeddable":true,"href":"https:\/\/bookscollective.vn\/index.php\/wp-json\/wp\/v2\/media\/490"}],"wp:attachment":[{"href":"https:\/\/bookscollective.vn\/index.php\/wp-json\/wp\/v2\/media?parent=489"}],"wp:term":[{"taxonomy":"product_cat","embeddable":true,"href":"https:\/\/bookscollective.vn\/index.php\/wp-json\/wp\/v2\/product_cat?post=489"},{"taxonomy":"product_tag","embeddable":true,"href":"https:\/\/bookscollective.vn\/index.php\/wp-json\/wp\/v2\/product_tag?post=489"}],"curies":[{"name":"wp","href":"https:\/\/api.w.org\/{rel}","templated":true}]}}