{"id":487,"date":"2022-10-05T07:18:21","date_gmt":"2022-10-05T07:18:21","guid":{"rendered":"https:\/\/bookscollective.vn\/?post_type=product&#038;p=487"},"modified":"2022-10-05T07:18:22","modified_gmt":"2022-10-05T07:18:22","slug":"day-la-lac-thu","status":"publish","type":"product","link":"https:\/\/bookscollective.vn\/index.php\/product\/day-la-lac-thu\/","title":{"rendered":"\u0110\u00e2y l\u00e0 l\u1ea1c th\u00fa"},"content":{"rendered":"<p>L\u1ea5y b\u1ed1i c\u1ea3nh phong tr\u00e0o #metoo,\u00a0<em><strong>\u0110\u00e2y l\u00e0 l\u1ea1c th\u00fa<\/strong><\/em>\u00a0l\u00e0 c\u00e2u chuy\u1ec7n \u0111\u1ea7y m\u00ea l\u1ef1c xoay quanh t\u00ecnh b\u1ea1n k\u00e9o d\u00e0i h\u01a1n hai m\u01b0\u01a1i n\u0103m gi\u1eefa Quin v\u00e0 Margot.<\/p>\n<p>S\u00f4i n\u1ed5i, tinh t\u1ebf, b\u1ea3nh bao \u2013 Quin, bi\u00ean t\u1eadp vi\u00ean n\u1ed5i ti\u1ebfng c\u1ee7a gi\u1edbi xu\u1ea5t b\u1ea3n New York, d\u00ednh ph\u1ea3i c\u00e1o bu\u1ed9c nhi\u1ec1u l\u1ea7n qu\u1ea5y r\u1ed1i ph\u1ee5 n\u1eef v\u00e0 \u0111\u1ed1i m\u1eb7t v\u1edbi l\u00e0n s\u00f3ng \u0111\u00f2i tr\u1ee5c xu\u1ea5t kh\u1ecfi ng\u00e0nh v\u0129nh vi\u1ec5n c\u1ee7a \u0111\u00e1m \u0111\u00f4ng gi\u1eadn d\u1eef. Tr\u01b0\u1edbc t\u00ecnh c\u1ea3nh \u0111\u00f3, Margot r\u01a1i v\u00e0o th\u1ebf l\u01b0\u1ee1ng nan. M\u1ecdi chuy\u1ec7n b\u1eaft \u0111\u1ea7u sai t\u1eeb \u0111\u00e2u? Margot \u0111\u00e3 gi\u00e1n ti\u1ebfp dung t\u00fang cho h\u00e0nh vi qu\u1ea5y r\u1ed1i hay b\u1ea3n th\u00e2n c\u00e1o tr\u1ea1ng d\u00e0nh cho Quin c\u0169ng c\u00f3 nh\u1eefng \u0111i\u1ec3m \u0111\u00e1ng ng\u1edd?<\/p>\n<p>T\u1eebng nhi\u1ec1u l\u1ea7n xu\u1ea5t hi\u1ec7n trong\u00a0<em>Tuy\u1ec3n t\u1eadp truy\u1ec7n ng\u1eafn M\u0129 hay nh\u1ea5t<\/em>\u00a0v\u00e0\u00a0<em>Tuy\u1ec3n t\u1eadp truy\u1ec7n ng\u1eafn \u0111\u1ea1t gi\u1ea3i O. Henry<\/em>, v\u1edbi cu\u1ed1n s\u00e1ch v\u1ecfn v\u1eb9n m\u1ed9t tr\u0103m trang n\u00e0y, Mary Gaitskill \u0111\u01b0a ra g\u00f3c nh\u00ecn g\u00e2y tranh c\u00e3i v\u00e0 n\u1ed1i d\u00e0i th\u00eam th\u1ea3o lu\u1eadn v\u1ec1 phong tr\u00e0o #metoo n\u00f3i ri\u00eang v\u00e0 phong tr\u00e0o n\u1eef quy\u1ec1n n\u00f3i chung.<\/p>\n<p><em><strong>\u0110\u00e2y l\u00e0 l\u1ea1c th\u00fa\u00a0<\/strong><\/em>xu\u1ea5t b\u1ea3n tr\u00ean t\u1edd\u00a0<em>The New Yorker<\/em>\u00a0v\u00e0o th\u00e1ng 7 n\u0103m 2019.<\/p>\n","protected":false},"excerpt":{"rendered":"<p>Cu\u1ed1n s\u00e1ch n\u1eb1m trong danh s\u00e1ch tuy\u1ec3n l\u1ef1a c\u1ee7a bi\u00ean t\u1eadp m\u1ea3ng Best Literature &amp; Fiction tr\u00ean Amazon.<\/p>\n<p>\u201cC\u00f4 \u1ea5y \u0111\u00e3 ch\u01b0ng c\u1ea5t n\u1ed7i \u0111au, s\u1ef1 t\u1ee9c gi\u1eadn, kh\u1ea3 n\u0103ng ph\u1ea3n \u1ee9ng, nguy c\u01a1 v\u00e0 s\u1ef1 hi\u1ec7u ch\u1ec9nh x\u00e3 h\u1ed9i c\u1ee7a phong tr\u00e0o #metoo th\u00e0nh m\u1ed9t t\u1ef1 s\u1ef1 c\u1ef1c m\u1ea1nh m\u1ebd, th\u00f4ng minh v\u00e0 \u0111\u1ea7y s\u1eafc th\u00e1i.\u201d \u2013 Sarah Hall,\u00a0<em>The Guardian<\/em><\/p>\n<p>\u201cH\u01b0 c\u1ea5u s\u00e2u s\u1eafc v\u1ec1 v\u1ee5 b\u00ea b\u1ed1i #metoo n\u00e0y mang \u0111\u1ebfn g\u00f3c nh\u00ecn m\u1edbi m\u1ebb, t\u1eeb ch\u1ed1i c\u00e2u tr\u1ea3 l\u1eddi d\u1ec5 d\u00e3i\u2026 Vi\u1ec7c Gaitskill s\u1eb5n s\u00e0ng b\u1ecf qua l\u1ebd th\u01b0\u1eddng \u0111\u1ec3 soi chi\u1ebfu nh\u1eefng c\u00e2u h\u1ecfi ph\u1ee9c t\u1ea1p g\u00e2y tranh c\u00e3i d\u01b0\u1edbi nhi\u1ec1u g\u00f3c \u0111\u1ed9 \u0111\u00edch th\u1ef1c l\u00e0 ni\u1ec1m vui th\u00fa c\u1ee7a v\u0103n ch\u01b0\u01a1ng.\u201d \u2013 Kirkus Reviews<\/p>\n<p><em><strong>\u0110\u00e2y l\u00e0 l\u1ea1c th\u00fa<\/strong><\/em>\u00a0in b\u00eca c\u1ee9ng b\u1ed3i c\u00e1c t\u00f4ng ch\u1eafc ch\u1eafn, c\u00e1n m\u1edd, ph\u1ee7 spot UV. Ru\u1ed9t s\u00e1ch in gi\u1ea5y x\u1ed1p 100 gsm d\u00e0y d\u1eb7n.<\/p>\n","protected":false},"featured_media":488,"comment_status":"open","ping_status":"closed","template":"","meta":[],"product_cat":[26],"product_tag":[],"class_list":["post-487","product","type-product","status-publish","has-post-thumbnail","hentry","product_cat-sach-van-hoc"],"_links":{"self":[{"href":"https:\/\/bookscollective.vn\/index.php\/wp-json\/wp\/v2\/product\/487","targetHints":{"allow":["GET"]}}],"collection":[{"href":"https:\/\/bookscollective.vn\/index.php\/wp-json\/wp\/v2\/product"}],"about":[{"href":"https:\/\/bookscollective.vn\/index.php\/wp-json\/wp\/v2\/types\/product"}],"replies":[{"embeddable":true,"href":"https:\/\/bookscollective.vn\/index.php\/wp-json\/wp\/v2\/comments?post=487"}],"wp:featuredmedia":[{"embeddable":true,"href":"https:\/\/bookscollective.vn\/index.php\/wp-json\/wp\/v2\/media\/488"}],"wp:attachment":[{"href":"https:\/\/bookscollective.vn\/index.php\/wp-json\/wp\/v2\/media?parent=487"}],"wp:term":[{"taxonomy":"product_cat","embeddable":true,"href":"https:\/\/bookscollective.vn\/index.php\/wp-json\/wp\/v2\/product_cat?post=487"},{"taxonomy":"product_tag","embeddable":true,"href":"https:\/\/bookscollective.vn\/index.php\/wp-json\/wp\/v2\/product_tag?post=487"}],"curies":[{"name":"wp","href":"https:\/\/api.w.org\/{rel}","templated":true}]}}