{"id":485,"date":"2022-10-05T07:21:50","date_gmt":"2022-10-05T07:21:50","guid":{"rendered":"https:\/\/bookscollective.vn\/?post_type=product&#038;p=485"},"modified":"2022-10-05T07:21:51","modified_gmt":"2022-10-05T07:21:51","slug":"tran-nhat-duat","status":"publish","type":"product","link":"https:\/\/bookscollective.vn\/index.php\/product\/tran-nhat-duat\/","title":{"rendered":"Tr\u1ea7n nh\u1eadt du\u1eadt"},"content":{"rendered":"<h2>Tr\u1ea7n Nh\u1eadt Du\u1eadt<\/h2>\n<p>Chi\u00eau V\u0103n V\u01b0\u01a1ng\u00a0<strong>Tr\u1ea7n Nh\u1eadt Du\u1eadt<\/strong>\u00a0l\u00e0 m\u1ed9t nh\u00e0 ch\u00ednh tr\u1ecb, nh\u00e0 qu\u00e2n s\u1ef1\u00a0t\u00e0i ba c\u1ee7a n\u01b0\u1edbc \u0110\u1ea1i Vi\u1ec7t\u00a0ta th\u1eddi\u00a0Tr\u1ea7n. \u00d4ng l\u00e0 con trai th\u1ee9 s\u00e1u c\u1ee7a\u00a0Tr\u1ea7n Th\u00e1i T\u00f4ng\u00a0v\u00e0 l\u00e0 m\u1ed9t danh t\u01b0\u1edbng c\u1ee7a\u00a0v\u01b0\u01a1ng tri\u1ec1u nh\u00e0 Tr\u1ea7n\u00a0trong\u00a0<a href=\"https:\/\/www.netabooks.vn\/lich-su-viet-nam\" target=\"_blank\" rel=\"noopener\">l\u1ecbch s\u1eed Vi\u1ec7t Nam<\/a>. \u00d4ng l\u00e0 ng\u01b0\u1eddi c\u00f3 c\u00f4ng trong cu\u1ed9c\u00a0kh\u00e1ng chi\u1ebfn ch\u1ed1ng qu\u00e2n Nguy\u00ean M\u00f4ng\u00a0l\u1ea7n th\u1ee9 hai v\u00e0 th\u1ee9 ba, \u0111\u1eb7c bi\u1ec7t l\u00e0\u00a0tr\u1eadn H\u00e0m T\u1eed.<\/p>\n<p>Cu\u1ed1n s\u00e1ch d\u1eabn d\u1eaft b\u1ea1n \u0111\u1ecdc ngay t\u1eeb nh\u1eefng ng\u00e0y\u00a0<strong>Tr\u1ea7n Nh\u1eadt Du\u1eadt<\/strong>\u00a0c\u00f2n th\u01a1 b\u00e9, l\u00e0 nh\u1eefng ng\u00e0y \u00f4ng v\u1edbi ho\u00e0ng t\u1eed \u00cdch T\u1eafc c\u00f9ng h\u1ecdc thi, th\u01b0, qu\u1ed1c s\u1eed. Sau, \u00f4ng l\u00e0 ng\u01b0\u1eddi s\u00e1ng d\u1ea1 h\u01a1n h\u1eb3n n\u00ean \u0111\u01b0\u1ee3c phong Chi\u00eau V\u0103n V\u01b0\u01a1ng v\u00e0 \u0111\u01b0\u1ee3c ban l\u1ec7nh \u0111\u1ebfn \u0111\u1ea5t Tr\u00fac S\u01a1n d\u1ecdc ngang ba m\u01b0\u01a1i d\u1eb7m, c\u00e1ch kinh th\u00e0nh n\u0103m m\u01b0\u01a1i d\u1eb7m v\u1ec1 ph\u00eda T\u00e2y l\u00e0m \u0111\u1ea5t d\u1ef1ng ph\u1ee7 \u0111\u1ec7. V\u1edbi t\u00e0i kinh lu\u00e2n, v\u0103n v\u00f5 song to\u00e0n,\u00a0<strong>Tr\u1ea7n Nh\u1eadt Du\u1eadt<\/strong>\u00a0\u0111\u00e3 \u0111\u01b0\u1ee3c vua Tr\u1ea7n Nh\u00e2n T\u00f4ng ph\u00e1i \u0111\u1ebfn tr\u00f4ng coi \u0111\u1ea1o \u0110\u00e0 Giang, chi\u00eau d\u1ee5 Tr\u1ecbnh Gi\u00e1c M\u1eadt \u0111\u1ea7u h\u00e0ng. Thu ph\u1ee5c xong Gi\u00e1c M\u1eadt, y\u00ean \u0111\u01b0\u1ee3c l\u1ed9 \u0110\u00e0 Giang, khi\u1ebfn nh\u00e0 Tr\u1ea7n y\u00ean \u1ed5n \u0111\u01b0\u1ee3c bi\u00ean gi\u1edbi T\u00e2y B\u1eafc \u0111\u1ec3 t\u1eadp trung ch\u1ed1ng qu\u00e2n M\u00f4ng Nguy\u00ean. Sau \u00f4ng \u0111\u01b0\u1ee3c b\u1ed5 d\u1ee5ng l\u00e0m tr\u1ea5n th\u1ee7 l\u1ed9 Tuy\u00ean Quang. \u0110\u00e1nh tan qu\u00e2n Toa \u0110\u00f4 tr\u00ean \u0111\u1ea5t Thanh Hoa.<\/p>\n<p><strong>Tr\u1ea7n Nh\u1eadt Du\u1eadt<\/strong>\u00a0c\u00f2n l\u00e0 m\u1ed9t v\u1ecb t\u01b0\u1edbng \u00f4n h\u00f2a, \u0111\u01b0\u1ee3c nhi\u1ec1u ng\u01b0\u1eddi y\u00eau qu\u00fd, tr\u1ecdng v\u1ecdng. \u00d4ng \u0111\u00e3 nu\u00f4i d\u1ea1y ho\u00e0ng t\u1eed Tr\u1ea7n M\u1ea1nh gi\u00fap vua Anh T\u00f4ng m\u1ed9t c\u00e1ch chu \u0111\u00e1o, \u00f4ng c\u00f2n \u0111\u1eb7t t\u00ean cho ho\u00e0ng t\u1eed l\u00e0 Th\u00e1nh Sinh \u0111\u1ec3 g\u1ea7n gi\u1ed1ng v\u1edbi t\u00ean c\u00e1c con m\u00ecnh. Khi Tr\u1ea7n Anh T\u00f4ng \u0111em qu\u00e2n chinh ph\u1ea1t Chi\u00eam Th\u00e0nh, \u00f4ng c\u0169ng c\u00f9ng v\u1edbi Nghi V\u00f5 H\u1ea7u Qu\u1ed1c T\u00fa v\u00e0 ho\u00e0ng t\u1eed M\u1ea1nh b\u1eaft \u0111\u01b0\u1ee3c vua Chi\u00eam l\u00e0\u00a0Ch\u1ebf Ch\u00ed\u00a0v\u1ec1 kinh s\u01b0.<\/p>\n<p><strong>L\u1eddi khuy\u00ean c\u1ee7a\u00a0<\/strong><strong>Bi\u00ean t\u1eadp vi\u00ean d\u00e0nh cho vi\u1ec7c \u0111\u1ecdc cu\u1ed1n s\u00e1ch<\/strong><\/p>\n<p><em>&#8220;\u0110\u1ecdc cu\u1ed1n s\u00e1ch n\u00e0y s\u1ebd gi\u00fap ch\u00fang ta c\u00e0ng hi\u1ec3u r\u00f5 th\u00eam v\u1ec1 v\u1ecb danh t\u01b0\u1edbng m\u01b0u l\u01b0\u1ee3c Tr\u1ea7n Nh\u1eadt Du\u1eadt, v\u1ec1 nh\u1eefng chi\u1ebfn c\u00f4ng c\u0169ng nh\u01b0 t\u00e0i kinh bang t\u1ebf th\u1ebf c\u1ee7a v\u1ecb t\u1ec3 t\u01b0\u1edbng \u0110\u1ea1i Vi\u1ec7t.&#8221;<\/em><strong><em>\u00a0\u00a0<\/em>\u00a0<\/strong><\/p>\n<p><strong>C\u00e2u n\u00f3i hay d\u00e0nh t\u1eb7ng b\u1ea1n<\/strong><\/p>\n<p><em>\u201cCho n\u00ean chi\u1ebfn c\u00f4ng \u0111\u00e1nh b\u1ea1i gi\u1eb7c Nguy\u00ean,\u00a0Nh\u1eadt Du\u1eadt l\u1eadp \u0111\u01b0\u1ee3c nhi\u1ec1u h\u01a1n c\u1ea3\u201d<\/em>\u00a0&#8211;\u00a0<strong>\u0110\u1ea1i Vi\u1ec7t S\u1eed k\u00fd to\u00e0n th\u01b0<\/strong><\/p>\n","protected":false},"excerpt":{"rendered":"<p>Ti\u1ec3u thuy\u1ebft d\u00e3 s\u1eed Chi\u00eau V\u0103n V\u01b0\u01a1ng TR\u1ea6N NH\u1eacT DU\u1eacT<\/p>\n<p>Chi\u00eau V\u0103n V\u01b0\u01a1ng Tr\u1ea7n Nh\u1eadt Du\u1eadt l\u00e0 m\u1ed9t nh\u00e0 ch\u00ednh tr\u1ecb, nh\u00e0 qu\u00e2n s\u1ef1 t\u00e0i ba c\u1ee7a n\u01b0\u1edbc \u0110\u1ea1i Vi\u1ec7t ta th\u1eddi Tr\u1ea7n. \u00d4ng l\u00e0 con trai th\u1ee9 s\u00e1u c\u1ee7a Tr\u1ea7n Th\u00e1i T\u00f4ng v\u00e0 l\u00e0 m\u1ed9t danh t\u01b0\u1edbng c\u1ee7a v\u01b0\u01a1ng tri\u1ec1u nh\u00e0 Tr\u1ea7n trong l\u1ecbch s\u1eed Vi\u1ec7t Nam. \u00d4ng l\u00e0 ng\u01b0\u1eddi c\u00f3 c\u00f4ng trong cu\u1ed9c kh\u00e1ng chi\u1ebfn ch\u1ed1ng qu\u00e2n Nguy\u00ean M\u00f4ng l\u1ea7n th\u1ee9 hai v\u00e0 th\u1ee9 ba, \u0111\u1eb7c bi\u1ec7t l\u00e0 tr\u1eadn H\u00e0m T\u1eed.<\/p>\n","protected":false},"featured_media":493,"comment_status":"open","ping_status":"closed","template":"","meta":[],"product_cat":[23,28],"product_tag":[],"class_list":["post-485","product","type-product","status-publish","has-post-thumbnail","hentry","product_cat-sach","product_cat-sach-lich-su"],"_links":{"self":[{"href":"https:\/\/bookscollective.vn\/index.php\/wp-json\/wp\/v2\/product\/485","targetHints":{"allow":["GET"]}}],"collection":[{"href":"https:\/\/bookscollective.vn\/index.php\/wp-json\/wp\/v2\/product"}],"about":[{"href":"https:\/\/bookscollective.vn\/index.php\/wp-json\/wp\/v2\/types\/product"}],"replies":[{"embeddable":true,"href":"https:\/\/bookscollective.vn\/index.php\/wp-json\/wp\/v2\/comments?post=485"}],"wp:featuredmedia":[{"embeddable":true,"href":"https:\/\/bookscollective.vn\/index.php\/wp-json\/wp\/v2\/media\/493"}],"wp:attachment":[{"href":"https:\/\/bookscollective.vn\/index.php\/wp-json\/wp\/v2\/media?parent=485"}],"wp:term":[{"taxonomy":"product_cat","embeddable":true,"href":"https:\/\/bookscollective.vn\/index.php\/wp-json\/wp\/v2\/product_cat?post=485"},{"taxonomy":"product_tag","embeddable":true,"href":"https:\/\/bookscollective.vn\/index.php\/wp-json\/wp\/v2\/product_tag?post=485"}],"curies":[{"name":"wp","href":"https:\/\/api.w.org\/{rel}","templated":true}]}}