{"id":483,"date":"2022-10-05T07:16:22","date_gmt":"2022-10-05T07:16:22","guid":{"rendered":"https:\/\/bookscollective.vn\/?post_type=product&#038;p=483"},"modified":"2022-10-05T07:16:23","modified_gmt":"2022-10-05T07:16:23","slug":"chu-nghia-khac-ki-101","status":"publish","type":"product","link":"https:\/\/bookscollective.vn\/index.php\/product\/chu-nghia-khac-ki-101\/","title":{"rendered":"Ch\u1ee7 ngh\u0129a kh\u1eafc k\u1ec9 101"},"content":{"rendered":"<p>S\u1ebd th\u1ebf n\u00e0o n\u1ebfu ai \u0111\u00f3 n\u00f3i v\u1edbi b\u1ea1n r\u1eb1ng ph\u1ea7n l\u1edbn \u0111au kh\u1ed5 ch\u1ec9 \u0111\u01a1n thu\u1ea7n l\u00e0 do c\u00e1ch b\u1ea1n ngh\u0129 v\u1ec1 m\u1ecdi th\u1ee9? S\u1ebd th\u1ebf n\u00e0o n\u1ebfu ai \u0111\u00f3 tuy\u00ean b\u1ed1 r\u1eb1ng h\u1ecd c\u00f3 th\u1ec3 ch\u1ec9 cho b\u1ea1n c\u00e1ch tr\u00e1nh xa t\u1ea5t c\u1ea3 \u01b0u phi\u1ec1n, t\u1ee9c gi\u1eadn, lo l\u1eafng, b\u1ee9c b\u1ed1i, s\u1ee3 h\u00e3i, th\u1ea5t v\u1ecdng? S\u1ebd th\u1ebf n\u00e0o n\u1ebfu h\u1ecd cho r\u1eb1ng ch\u00eca kho\u00e1 cho cu\u1ed9c s\u1ed1ng h\u1ea1nh ph\u00fac n\u1eb1m trong t\u1ea7m tay ta?<\/p>\n<p>H\u1ecdc c\u00e1ch l\u00e0m ch\u1ee7 c\u1ea3m x\u00fac v\u00e0 \u0111\u1ed1i nh\u00e2n x\u1eed th\u1ebf \u0111\u1ec3 s\u1ed1ng \u0111\u1eddi an l\u1ea1c l\u00e0 c\u1ed1t l\u00f5i trong t\u01b0 t\u01b0\u1edfng c\u1ee7a Seneca, Epictetus v\u00e0 Marcus Aurelius, ba nh\u00e0 Kh\u1eafc k\u1ec9 La M\u00e3 l\u1eebng danh. Trong Ch\u1ee7 ngh\u0129a Kh\u1eafc k\u1ec9 101, gi\u00e1o s\u01b0 John Sellars \u0111\u00e3 t\u00f3m l\u01b0\u1ee3c b\u1ea3y v\u1ea5n \u0111\u1ec1 ch\u00ednh y\u1ebfu trong \u0111\u1eddi ng\u01b0\u1eddi c\u0169ng nh\u01b0 \u0111\u01b0a ra gi\u1ea3i ph\u00e1p c\u1ee7a c\u00e1c tri\u1ebft gia c\u1ed5 \u0111\u1ea1i. Cu\u1ed1n s\u00e1ch d\u1ec5 hi\u1ec3u v\u00e0 mang t\u00ednh \u1ee9ng d\u1ee5ng cao n\u00e0y s\u1ebd l\u00e0 kim ch\u1ec9 nam d\u1eabn ta t\u1eebng b\u01b0\u1edbc \u0111\u1ea1t \u0111\u01b0\u1ee3c c\u00e2n b\u1eb1ng t\u1ed1i \u01b0u trong cu\u1ed9c s\u1ed1ng.<\/p>\n<p><em><strong>Lessons in Stoicism \u2013 Ch\u1ee7 ngh\u0129a Kh\u1eafc k\u1ec9 101<\/strong><\/em>\u00a0\u0111\u01b0\u1ee3c xu\u1ea5t b\u1ea3n l\u1ea7n \u0111\u1ea7u t\u1ea1i Anh.<\/p>\n<p>Cu\u1ed1n s\u00e1ch \u0111\u00e3 \u0111\u01b0\u1ee3c mua b\u1ea3n quy\u1ec1n v\u00e0 xu\u1ea5t b\u1ea3n t\u1ea1i h\u01a1n 10 qu\u1ed1c gia nh\u01b0 Hi L\u1ea1p, H\u00e0n Qu\u1ed1c, \u0110\u00e0i Loan, T\u00e2y Ban Nha, Nga, Trung Qu\u1ed1c,\u2026<\/p>\n","protected":false},"excerpt":{"rendered":"<p>S\u1ebd th\u1ebf n\u00e0o n\u1ebfu ai \u0111\u00f3 n\u00f3i v\u1edbi b\u1ea1n r\u1eb1ng ph\u1ea7n l\u1edbn \u0111au kh\u1ed5 ch\u1ec9 \u0111\u01a1n thu\u1ea7n l\u00e0 do c\u00e1ch b\u1ea1n ngh\u0129 v\u1ec1 m\u1ecdi th\u1ee9? S\u1ebd th\u1ebf n\u00e0o n\u1ebfu ai \u0111\u00f3 tuy\u00ean b\u1ed1 r\u1eb1ng h\u1ecd c\u00f3 th\u1ec3 ch\u1ec9 cho b\u1ea1n c\u00e1ch tr\u00e1nh xa t\u1ea5t c\u1ea3 \u01b0u phi\u1ec1n, t\u1ee9c gi\u1eadn, lo l\u1eafng, b\u1ee9c b\u1ed1i, s\u1ee3 h\u00e3i, th\u1ea5t v\u1ecdng? S\u1ebd th\u1ebf n\u00e0o n\u1ebfu h\u1ecd cho r\u1eb1ng ch\u00eca kho\u00e1 cho cu\u1ed9c s\u1ed1ng h\u1ea1nh ph\u00fac n\u1eb1m trong t\u1ea7m tay ta?<\/p>\n","protected":false},"featured_media":486,"comment_status":"open","ping_status":"closed","template":"","meta":[],"product_cat":[26],"product_tag":[],"class_list":["post-483","product","type-product","status-publish","has-post-thumbnail","hentry","product_cat-sach-van-hoc"],"_links":{"self":[{"href":"https:\/\/bookscollective.vn\/index.php\/wp-json\/wp\/v2\/product\/483","targetHints":{"allow":["GET"]}}],"collection":[{"href":"https:\/\/bookscollective.vn\/index.php\/wp-json\/wp\/v2\/product"}],"about":[{"href":"https:\/\/bookscollective.vn\/index.php\/wp-json\/wp\/v2\/types\/product"}],"replies":[{"embeddable":true,"href":"https:\/\/bookscollective.vn\/index.php\/wp-json\/wp\/v2\/comments?post=483"}],"wp:featuredmedia":[{"embeddable":true,"href":"https:\/\/bookscollective.vn\/index.php\/wp-json\/wp\/v2\/media\/486"}],"wp:attachment":[{"href":"https:\/\/bookscollective.vn\/index.php\/wp-json\/wp\/v2\/media?parent=483"}],"wp:term":[{"taxonomy":"product_cat","embeddable":true,"href":"https:\/\/bookscollective.vn\/index.php\/wp-json\/wp\/v2\/product_cat?post=483"},{"taxonomy":"product_tag","embeddable":true,"href":"https:\/\/bookscollective.vn\/index.php\/wp-json\/wp\/v2\/product_tag?post=483"}],"curies":[{"name":"wp","href":"https:\/\/api.w.org\/{rel}","templated":true}]}}