{"id":479,"date":"2022-10-05T07:05:49","date_gmt":"2022-10-05T07:05:49","guid":{"rendered":"https:\/\/bookscollective.vn\/?post_type=product&#038;p=479"},"modified":"2022-10-05T07:05:49","modified_gmt":"2022-10-05T07:05:49","slug":"dinh-duong-bi-that-truyen","status":"publish","type":"product","link":"https:\/\/bookscollective.vn\/index.php\/product\/dinh-duong-bi-that-truyen\/","title":{"rendered":"Dinh d\u01b0\u1ee1ng b\u1ecb th\u1ea5t truy\u1ec1n"},"content":{"rendered":"<p>\u0110\u00f4ng y n\u00f3i \u201cth\u1ef1c d\u01b0\u1ee3c \u0111\u1ed3ng nguy\u00ean\u201d &#8211; th\u1ee9c \u0103n v\u00e0 thu\u1ed1c c\u00f9ng chung ngu\u1ed3n g\u1ed1c, hay th\u1ee9c \u0103n ch\u00ednh l\u00e0 thu\u1ed1c; th\u1ebf n\u00ean vi\u1ec7c \u0103n u\u1ed1ng c\u1ee7a ch\u00fang ta kh\u00f4ng ch\u1ec9 \u0111\u01a1n thu\u1ea7n l\u00e0 \u0103n \u0111\u1ec3 s\u1ed1ng hay \u0103n cho kho\u00e1i kh\u1ea9u, m\u00e0 s\u00e2u xa h\u01a1n l\u00e0 \u0111\u1ec3 c\u01a1 th\u1ec3 c\u00f3 \u0111\u1ea7y \u0111\u1ee7 dinh d\u01b0\u1ee1ng, \u0111\u1ea7y \u0111\u1ee7 c\u00e1c nguy\u00ean v\u1eadt li\u1ec7u c\u1ea7n thi\u1ebft nh\u1eb1m b\u00f9 \u0111\u1eafp cho nh\u1eefng ph\u1ea7n \u0111\u00e3 ti\u00eau hao ho\u1eb7c t\u00e1i sinh l\u1ea1i nh\u1eefng ph\u1ea7n \u0111\u00e3 b\u1ecb t\u1ed5n th\u01b0\u01a1ng.<\/p>\n<p>Trong Dinh d\u01b0\u1ee1ng h\u1ecdc b\u1ecb th\u1ea5t truy\u1ec1n, t\u00e1c gi\u1ea3 mang theo nh\u1eefng \u0111i\u1ec1u \u0111\u00e3 h\u1ecdc, th\u1ef1c ti\u1ec5n v\u00e0 s\u1ef1 suy ng\u1eabm v\u1ec1 y h\u1ecdc trong su\u1ed1t 20 n\u0103m, th\u1ea3o lu\u1eadn v\u1ec1 \u0111\u01b0\u1eddng h\u01b0\u1edbng ph\u00e1t tri\u1ec3n \u0111\u00fang \u0111\u1eafn c\u1ee7a y h\u1ecdc v\u00e0 dinh d\u01b0\u1ee1ng h\u1ecdc &#8211; Y h\u1ecdc dinh d\u01b0\u1ee1ng, th\u1ea3o lu\u1eadn v\u1ec1 ph\u01b0\u01a1ng h\u01b0\u1edbng v\u00e0 gi\u1ea3i ph\u00e1p ch\u00ednh x\u00e1c \u0111\u1ed1i v\u1edbi vi\u1ec7c b\u1ea3o v\u1ec7 s\u1ee9c kh\u1ecfe v\u00e0 \u0111i\u1ec1u tr\u1ecb c\u00e1c lo\u1ea1i b\u1ec7nh t\u1eadt.<\/p>\n<p>H\u00e0ng ch\u1ee5c lo\u1ea1i b\u1ec7nh m\u00e0 y h\u1ecdc cho r\u1eb1ng su\u1ed1t \u0111\u1eddi kh\u00f3 tr\u1ecb kh\u1ecfi nh\u01b0 b\u1ec7nh \u0111\u1ed9ng m\u1ea1ch v\u00e0nh, tai bi\u1ebfn m\u1ea1ch m\u00e1u n\u00e3o, cao huy\u1ebft \u00e1p, ti\u1ec3u \u0111\u01b0\u1eddng, b\u1ec7nh c\u00f3 th\u1ec3 \u0111\u01b0\u1ee3c ch\u1eefa kh\u1ecfi b\u1eb1ng ph\u01b0\u01a1ng ph\u00e1p \u0111\u01a1n gi\u1ea3n. Huy Ho\u00e0ng mong g\u1eedi \u0111\u1ebfn b\u1ea1n nh\u1eefng ki\u1ebfn th\u1ee9c qu\u00fd gi\u00e1 \u0111\u1ec3 ch\u1eefa l\u00e0nh c\u0103n b\u1ec7nh, b\u1ea3o v\u1ec7 s\u1ee9c kh\u1ecfe b\u1ea1n v\u00e0 nh\u1eefng ng\u01b0\u1eddi th\u00e2n y\u00eau.<\/p>\n<p><strong>TH\u00d4NG TIN T\u00c1C GI\u1ea2<\/strong><\/p>\n<p>V\u01b0\u01a1ng \u0110\u00e0o sinh n\u0103m 1968, \u0111\u00e3 l\u00e0m trong ng\u00e0nh y h\u01a1n 20 n\u0103m, t\u1ed1t nghi\u1ec7p th\u1ea1c s\u0129 T\u00e2y y, ti\u1ebfn s\u0129 chuy\u00ean ng\u00e0nh \u0110\u00f4ng T\u00e2y y k\u1ebft h\u1ee3p, c\u00f3 2 n\u0103m nghi\u00ean c\u1ee9u v\u1ec1 ung th\u01b0 ph\u1ed5i t\u1ea1i Nh\u1eadt B\u1ea3n.<\/p>\n<p>V\u1edbi nh\u1eefng hi\u1ec3u bi\u1ebft s\u00e2u s\u1eafc v\u1ec1 \u0110\u00f4ng T\u00e2y y c\u00f9ng ki\u1ebfn th\u1ee9c v\u1ec1 c\u00e1c khoa l\u00e2m s\u00e0ng, nam khoa, b\u1ec7nh l\u00ed h\u1ecdc v\u00e0 u b\u01b0\u1edbu h\u1ecdc, Ti\u1ebfn s\u0129 V\u01b0\u01a1ng \u0110\u00e0o c\u00f3 c\u00e1ch nh\u00ecn \u0111\u1ed9c \u0111\u00e1o v\u1ec1 c\u00e1ch m\u00e0 b\u1ec7nh t\u1eadt sinh ra, c\u00e1ch ch\u00fang ph\u00e1t tri\u1ec3n v\u00e0 \u0111\u01b0a ra h\u01b0\u1edbng \u0111i\u1ec1u tr\u1ecb m\u1edbi m\u1ebb, hi\u1ec7u qu\u1ea3 v\u00e0 \u00edt t\u1ed1n k\u00e9m th\u00f4ng qua m\u1ed1i quan h\u1ec7 gi\u1eefa dinh d\u01b0\u1ee1ng v\u00e0 s\u1ee9c kh\u1ecfe.<\/p>\n","protected":false},"excerpt":{"rendered":"<p><strong>Dinh D\u01b0\u1ee1ng H\u1ecdc B\u1ecb Th\u1ea5t Truy\u1ec1n &#8211; Dinh D\u01b0\u1ee1ng \u0110\u1ea9y L\u00f9i B\u1ec7nh T\u1eadt<\/strong><\/p>\n<p>Trong Dinh d\u01b0\u1ee1ng h\u1ecdc b\u1ecb th\u1ea5t truy\u1ec1n, t\u00e1c gi\u1ea3 mang theo nh\u1eefng \u0111i\u1ec1u \u0111\u00e3 h\u1ecdc, th\u1ef1c ti\u1ec5n v\u00e0 s\u1ef1 suy ng\u1eabm v\u1ec1 y h\u1ecdc trong su\u1ed1t 20 n\u0103m, th\u1ea3o lu\u1eadn v\u1ec1 \u0111\u01b0\u1eddng h\u01b0\u1edbng ph\u00e1t tri\u1ec3n \u0111\u00fang \u0111\u1eafn c\u1ee7a y h\u1ecdc v\u00e0 dinh d\u01b0\u1ee1ng h\u1ecdc &#8211; Y h\u1ecdc dinh d\u01b0\u1ee1ng, th\u1ea3o lu\u1eadn v\u1ec1 ph\u01b0\u01a1ng h\u01b0\u1edbng v\u00e0 gi\u1ea3i ph\u00e1p ch\u00ednh x\u00e1c \u0111\u1ed1i v\u1edbi vi\u1ec7c b\u1ea3o v\u1ec7 s\u1ee9c kh\u1ecfe v\u00e0 \u0111i\u1ec1u tr\u1ecb c\u00e1c lo\u1ea1i b\u1ec7nh t\u1eadt.H\u00e0ng ch\u1ee5c lo\u1ea1i b\u1ec7nh m\u00e0 y h\u1ecdc cho r\u1eb1ng su\u1ed1t \u0111\u1eddi kh\u00f3 tr\u1ecb kh\u1ecfi nh\u01b0 b\u1ec7nh \u0111\u1ed9ng m\u1ea1ch v\u00e0nh, tai bi\u1ebfn m\u1ea1ch m\u00e1u n\u00e3o, cao huy\u1ebft \u00e1p, ti\u1ec3u \u0111\u01b0\u1eddng, b\u1ec7nh c\u00f3 th\u1ec3 \u0111\u01b0\u1ee3c ch\u1eefa kh\u1ecfi b\u1eb1ng ph\u01b0\u01a1ng ph\u00e1p \u0111\u01a1n gi\u1ea3n. Huy Ho\u00e0ng mong g\u1eedi \u0111\u1ebfn b\u1ea1n nh\u1eefng ki\u1ebfn th\u1ee9c qu\u00fd gi\u00e1 \u0111\u1ec3 ch\u1eefa l\u00e0nh c\u0103n b\u1ec7nh, b\u1ea3o v\u1ec7 s\u1ee9c kh\u1ecfe b\u1ea1n v\u00e0 nh\u1eefng ng\u01b0\u1eddi th\u00e2n y\u00eau.<\/p>\n","protected":false},"featured_media":480,"comment_status":"open","ping_status":"closed","template":"","meta":[],"product_cat":[32],"product_tag":[],"class_list":["post-479","product","type-product","status-publish","has-post-thumbnail","hentry","product_cat-sach-ky-nang"],"_links":{"self":[{"href":"https:\/\/bookscollective.vn\/index.php\/wp-json\/wp\/v2\/product\/479","targetHints":{"allow":["GET"]}}],"collection":[{"href":"https:\/\/bookscollective.vn\/index.php\/wp-json\/wp\/v2\/product"}],"about":[{"href":"https:\/\/bookscollective.vn\/index.php\/wp-json\/wp\/v2\/types\/product"}],"replies":[{"embeddable":true,"href":"https:\/\/bookscollective.vn\/index.php\/wp-json\/wp\/v2\/comments?post=479"}],"wp:featuredmedia":[{"embeddable":true,"href":"https:\/\/bookscollective.vn\/index.php\/wp-json\/wp\/v2\/media\/480"}],"wp:attachment":[{"href":"https:\/\/bookscollective.vn\/index.php\/wp-json\/wp\/v2\/media?parent=479"}],"wp:term":[{"taxonomy":"product_cat","embeddable":true,"href":"https:\/\/bookscollective.vn\/index.php\/wp-json\/wp\/v2\/product_cat?post=479"},{"taxonomy":"product_tag","embeddable":true,"href":"https:\/\/bookscollective.vn\/index.php\/wp-json\/wp\/v2\/product_tag?post=479"}],"curies":[{"name":"wp","href":"https:\/\/api.w.org\/{rel}","templated":true}]}}