{"id":478,"date":"2022-10-05T07:13:56","date_gmt":"2022-10-05T07:13:56","guid":{"rendered":"https:\/\/bookscollective.vn\/?post_type=product&#038;p=478"},"modified":"2024-10-27T02:15:20","modified_gmt":"2024-10-27T02:15:20","slug":"tu-dien-my-hoc","status":"publish","type":"product","link":"https:\/\/bookscollective.vn\/index.php\/product\/tu-dien-my-hoc\/","title":{"rendered":"T\u1eeb \u0111i\u1ec3n m\u1ef9 h\u1ecdc"},"content":{"rendered":"<p><strong>T\u1eeb \u0111i\u1ec3n m\u1ef9 h\u1ecdc<\/strong><\/p>\n<p>\u201cTheo Alison, c\u1ea3m x\u00fac c\u1ee7a th\u1ecb hi\u1ebfu ch\u1ec9 \u0111\u01b0\u1ee3c s\u1ea3n sinh ra b\u1edfi m\u1ed9t ho\u1ea1t \u0111\u1ed9ng phi v\u1ee5 l\u1ee3i m\u00e0 Kant c\u0169ng l\u00e0 ng\u01b0\u1eddi song song s\u1eed d\u1ee5ng kh\u00e1i ni\u1ec7m n\u00e0y. B\u1edfi v\u00ec \u0111\u1ed1i t\u01b0\u1ee3ng c\u1ee7a c\u1ea3m x\u00fac ch\u00ednh l\u00e0 b\u1ea3n th\u00e2n c\u1ea3m gi\u00e1c, cho n\u00ean Alison k\u1ebft lu\u1eadn r\u1eb1ng c\u1ea3m x\u00fac c\u1ee7a th\u1ecb hi\u1ebfu l\u1ea5y ch\u00ednh tr\u00ed tu\u1ec7 l\u00e0m \u0111\u1ed1i t\u01b0\u1ee3ng\u201d\u2026<\/p>\n<p>M\u1ef9 h\u1ecdc l\u00e0 m\u1ed9t b\u1ed9 m\u00f4n khoa h\u1ecdc n\u1eb1m trong tri\u1ebft h\u1ecdc, n\u00f3 nghi\u00ean c\u1ee9u b\u1ea3n ch\u1ea5t, quy lu\u1eadt c\u1ee7a c\u00e1i \u0111\u1eb9p trong thi\u00ean nhi\u00ean, x\u00e3 h\u1ed9i, con ng\u01b0\u1eddi v\u00e0 ngh\u1ec7 thu\u1eadt; \u0111\u1ed3ng th\u1eddi nghi\u00ean c\u1ee9u c\u00e1c nguy\u00ean l\u00fd, ph\u1ea1m tr\u00f9 c\u1ee7a th\u00e1i \u0111\u1ed9 nh\u1eadn \u0111\u1ecbnh v\u00e0 c\u1ea3m th\u1ee5 c\u1ee7a con ng\u01b0\u1eddi \u0111\u1ed1i v\u1edbi nh\u1eefng c\u00e1i \u0111\u1eb9p \u0111\u00f3. V\u1ec1 sau n\u00f3 \u0111\u01b0\u1ee3c m\u1edf r\u1ed9ng cho c\u1ea3 nghi\u00ean c\u1ee9u l\u00fd thuy\u1ebft v\u00e0 ph\u00ea b\u00ecnh v\u0103n h\u1ecdc ngh\u1ec7 thu\u1eadt. Ch\u00ednh v\u00ec th\u1ebf m\u00e0 m\u1ef9 h\u1ecdc c\u00f3 khi c\u00f2n t\u1ed3n t\u1ea1i l\u1eabn trong l\u00fd lu\u1eadn v\u1ec1 v\u0103n h\u1ecdc ngh\u1ec7 thu\u1eadt. Vi\u1ec7c nghi\u00ean c\u1ee9u m\u1ef9 h\u1ecdc c\u0169ng v\u00ec th\u1ebf m\u00e0 c\u00f3 th\u1ec3 n\u1eb1m trong c\u1ea3 c\u00e1c c\u00f4ng tr\u00ecnh nghi\u00ean c\u1ee9u l\u00fd lu\u1eadn v\u00e0 ph\u00ea b\u00ecnh v\u0103n h\u1ecdc ngh\u1ec7 thu\u1eadt v\u00e0 c\u1ea3 tri\u1ebft h\u1ecdc.<\/p>\n<p>Trong tinh th\u1ea7n \u0111\u00f3, nh\u1eefng c\u00f4ng tr\u00ecnh nghi\u00ean c\u1ee9u tri\u1ebft h\u1ecdc v\u00e0 v\u0103n h\u1ecdc ngh\u1ec7 thu\u1eadt lu\u00f4n ch\u1ee9a \u0111\u1ef1ng c\u1ea3 c\u00e1c t\u01b0 t\u01b0\u1edfng m\u1ef9 h\u1ecdc. Trong c\u00e1c c\u00f4ng tr\u00ecnh nghi\u00ean c\u1ee9u c\u1ee7a m\u1ed9t l\u0129nh v\u1ef1c, t\u1eeb \u0111i\u1ec3n c\u0169ng c\u00f3 th\u1ec3 \u0111\u01b0\u1ee3c coi l\u00e0 nh\u1eefng c\u00f4ng tr\u00ecnh t\u1ed5ng k\u1ebft l\u00fd lu\u1eadn cho l\u0129nh v\u1ef1c \u0111\u00f3. V\u00e0 c\u00e1c cu\u1ed1n t\u1eeb \u0111i\u1ec3n tri\u1ebft h\u1ecdc c\u0169ng c\u00f3 th\u1ec3 c\u00f3 c\u00e1c m\u1ee5c t\u1eeb \u0111\u1eb7c tr\u01b0ng cho m\u1ef9 h\u1ecdc.<\/p>\n<p>Hi\u1ec7n nay \u1edf n\u01b0\u1edbc ta m\u1edbi c\u00f3 t\u1eeb \u0111i\u1ec3n tri\u1ebft h\u1ecdc v\u00e0 t\u1eeb \u0111i\u1ec3n thu\u1eadt ng\u1eef v\u0103n h\u1ecdc \u0111\u01b0\u1ee3c d\u1ecbch hay bi\u00ean so\u1ea1n t\u1eeb c\u00e1c t\u00e0i li\u1ec7u n\u01b0\u1edbc ngo\u00e0i, c\u00f2n t\u1eeb \u0111i\u1ec3n m\u1ef9 h\u1ecdc v\u1eabn v\u1eafng b\u00f3ng. Ch\u00ednh v\u00ec th\u1ebf, vi\u1ec7c bi\u00ean so\u1ea1n t\u1eeb \u0111i\u1ec3n m\u1ef9 h\u1ecdc l\u00e0 m\u1ed9t vi\u1ec7c r\u1ea5t c\u1ea7n thi\u1ebft ng\u00e0y nay. Trong ho\u00e0n c\u1ea3nh nh\u01b0 v\u1eady, ch\u00fang t\u00f4i \u0111\u00e3 m\u1ea1nh d\u1ea1n bi\u00ean so\u1ea1n cu\u1ed1n T\u1eeb \u0111i\u1ec3n m\u1ef9 h\u1ecdc n\u00e0y \u0111\u1ec3 \u0111\u00e1p \u1ee9ng nhu c\u1ea7u tra c\u1ee9u c\u1ee7a nh\u1eefng ng\u01b0\u1eddi c\u00f3 quan t\u00e2m.<\/p>\n","protected":false},"excerpt":{"rendered":"<div class=\"product_view_tab_content_ad\">\n<div id=\"product_tabs_description_contents\">\n<div id=\"desc_content\" class=\"std\">\n<p>M\u1ef9 h\u1ecdc l\u00e0 m\u1ed9t b\u1ed9 m\u00f4n khoa h\u1ecdc n\u1eb1m trong tri\u1ebft h\u1ecdc, n\u00f3 nghi\u00ean c\u1ee9u b\u1ea3n ch\u1ea5t, quy lu\u1eadt c\u1ee7a c\u00e1i \u0111\u1eb9p trong thi\u00ean nhi\u00ean, x\u00e3 h\u1ed9i, con ng\u01b0\u1eddi v\u00e0 ngh\u1ec7 thu\u1eadt; \u0111\u1ed3ng th\u1eddi nghi\u00ean c\u1ee9u c\u00e1c nguy\u00ean l\u00fd, ph\u1ea1m tr\u00f9 c\u1ee7a th\u00e1i \u0111\u1ed9 nh\u1eadn \u0111\u1ecbnh v\u00e0 c\u1ea3m th\u1ee5 c\u1ee7a con ng\u01b0\u1eddi \u0111\u1ed1i v\u1edbi nh\u1eefng c\u00e1i \u0111\u1eb9p \u0111\u00f3. V\u1ec1 sau n\u00f3 \u0111\u01b0\u1ee3c m\u1edf r\u1ed9ng cho c\u1ea3 nghi\u00ean c\u1ee9u l\u00fd thuy\u1ebft v\u00e0 ph\u00ea b\u00ecnh v\u0103n h\u1ecdc ngh\u1ec7 thu\u1eadt. Ch\u00ednh v\u00ec th\u1ebf m\u00e0 m\u1ef9 h\u1ecdc c\u00f3 khi c\u00f2n t\u1ed3n t\u1ea1i l\u1eabn trong l\u00fd lu\u1eadn v\u1ec1 v\u0103n h\u1ecdc ngh\u1ec7 thu\u1eadt. Vi\u1ec7c nghi\u00ean c\u1ee9u m\u1ef9 h\u1ecdc c\u0169ng v\u00ec th\u1ebf m\u00e0 c\u00f3 th\u1ec3 n\u1eb1m trong c\u1ea3 c\u00e1c c\u00f4ng tr\u00ecnh nghi\u00ean c\u1ee9u l\u00fd lu\u1eadn v\u00e0 ph\u00ea b\u00ecnh v\u0103n h\u1ecdc ngh\u1ec7 thu\u1eadt v\u00e0 c\u1ea3 tri\u1ebft h\u1ecdc.<\/p>\n<p>Trong tinh th\u1ea7n \u0111\u00f3, nh\u1eefng c\u00f4ng tr\u00ecnh nghi\u00ean c\u1ee9u tri\u1ebft h\u1ecdc v\u00e0 v\u0103n h\u1ecdc ngh\u1ec7 thu\u1eadt lu\u00f4n ch\u1ee9a \u0111\u1ef1ng c\u1ea3 c\u00e1c t\u01b0 t\u01b0\u1edfng m\u1ef9 h\u1ecdc. Trong c\u00e1c c\u00f4ng tr\u00ecnh nghi\u00ean c\u1ee9u c\u1ee7a m\u1ed9t l\u0129nh v\u1ef1c, t\u1eeb \u0111i\u1ec3n c\u0169ng c\u00f3 th\u1ec3 \u0111\u01b0\u1ee3c coi l\u00e0 nh\u1eefng c\u00f4ng tr\u00ecnh t\u1ed5ng k\u1ebft l\u00fd lu\u1eadn cho l\u0129nh v\u1ef1c \u0111\u00f3. V\u00e0 c\u00e1c cu\u1ed1n t\u1eeb \u0111i\u1ec3n tri\u1ebft h\u1ecdc c\u0169ng c\u00f3 th\u1ec3 c\u00f3 c\u00e1c m\u1ee5c t\u1eeb \u0111\u1eb7c tr\u01b0ng cho m\u1ef9 h\u1ecdc<strong>.<\/strong><\/p>\n<p>Hi\u1ec7n nay \u1edf n\u01b0\u1edbc ta m\u1edbi c\u00f3 t\u1eeb \u0111i\u1ec3n tri\u1ebft h\u1ecdc v\u00e0 t\u1eeb \u0111i\u1ec3n thu\u1eadt ng\u1eef v\u0103n h\u1ecdc \u0111\u01b0\u1ee3c d\u1ecbch hay bi\u00ean so\u1ea1n t\u1eeb c\u00e1c t\u00e0i li\u1ec7u n\u01b0\u1edbc ngo\u00e0i, c\u00f2n t\u1eeb \u0111i\u1ec3n m\u1ef9 h\u1ecdc v\u1eabn v\u1eafng b\u00f3ng. Ch\u00ednh v\u00ec th\u1ebf, vi\u1ec7c bi\u00ean so\u1ea1n t\u1eeb \u0111i\u1ec3n m\u1ef9 h\u1ecdc l\u00e0 m\u1ed9t vi\u1ec7c r\u1ea5t c\u1ea7n thi\u1ebft ng\u00e0y nay. Trong ho\u00e0n c\u1ea3nh nh\u01b0 v\u1eady, ch\u00fang t\u00f4i \u0111\u00e3 m\u1ea1nh d\u1ea1n bi\u00ean so\u1ea1n cu\u1ed1n T\u1eeb \u0111i\u1ec3n m\u1ef9 h\u1ecdc n\u00e0y \u0111\u1ec3 \u0111\u00e1p \u1ee9ng nhu c\u1ea7u tra c\u1ee9u c\u1ee7a nh\u1eefng ng\u01b0\u1eddi c\u00f3 quan t\u00e2m.<\/p>\n<div class=\"clear\"><\/div>\n<\/div>\n<\/div>\n<\/div>\n<div class=\"clear\"><\/div>\n<div>\n<div class=\"product_view_tab_content_ad_more\">\n<div class=\"product_view_tab_content_additional\">\n<table class=\"data-table table-additional\">\n<colgroup>\n<col width=\"25%\" \/>\n<col \/><\/colgroup>\n<tbody>\n<tr>\n<th class=\"table-label\">M\u00e3 h\u00e0ng<\/th>\n<td class=\"data_sku\">8936107813033<\/td>\n<\/tr>\n<tr>\n<th class=\"table-label\">T\u00ean Nh\u00e0 Cung C\u1ea5p<\/th>\n<td class=\"data_supplier\"><a class=\"xem-chi-tiet\" href=\"https:\/\/www.fahasa.com\/sach-va-truyen-thong-viet-nam?fhs_campaign=ATTRIBUTE_PRODUCT\">C\u00d4NG TY TNHH S\u00c1CH &amp; TRUY\u1ec0N TH\u00d4NG VI\u1ec6T NAM<\/a><\/td>\n<\/tr>\n<tr>\n<th class=\"table-label\">T\u00e1c gi\u1ea3<\/th>\n<td class=\"data_author\">Nguy\u1ec5n V\u0103n D\u00e2n<\/td>\n<\/tr>\n<tr>\n<th class=\"table-label\">NXB<\/th>\n<td class=\"data_publisher\">H\u1ed9i Nh\u00e0 V\u0103n<\/td>\n<\/tr>\n<tr>\n<th class=\"table-label\">N\u0103m XB<\/th>\n<td class=\"data_publish_year\">2022<\/td>\n<\/tr>\n<tr>\n<th class=\"table-label\">Ng\u00f4n Ng\u1eef<\/th>\n<td class=\"data_languages\">Ti\u1ebfng Vi\u1ec7t<\/td>\n<\/tr>\n<tr>\n<th class=\"table-label\">Tr\u1ecdng l\u01b0\u1ee3ng (gr)<\/th>\n<td class=\"data_weight\">700<\/td>\n<\/tr>\n<tr>\n<th class=\"table-label\">K\u00edch Th\u01b0\u1edbc Bao B\u00ec<\/th>\n<td class=\"data_size\">24 x 16 cm<\/td>\n<\/tr>\n<tr>\n<th class=\"table-label\">S\u1ed1 trang<\/th>\n<td class=\"data_qty_of_page\">656<\/td>\n<\/tr>\n<tr>\n<th class=\"table-label\">H\u00ecnh th\u1ee9c<\/th>\n<td class=\"data_book_layout\">B\u00eca M\u1ec1m<\/td>\n<\/tr>\n<tr>\n<th class=\"table-label\">S\u1ea3n ph\u1ea9m hi\u1ec3n th\u1ecb trong<\/th>\n<td>\n<ul class=\"fhs_product_link\">\n<li><a href=\"https:\/\/www.fahasa.com\/sach-va-truyen-thong-viet-nam?fhs_campaign=INTERNAL_LINKING\">C\u00d4NG TY TNHH S\u00c1CH &amp; TRUY\u1ec0N TH\u00d4NG VI\u1ec6T NAM<\/a><\/li>\n<\/ul>\n<\/td>\n<\/tr>\n<tr>\n<th class=\"table-label\">S\u1ea3n ph\u1ea9m b\u00e1n ch\u1ea1y nh\u1ea5t<\/th>\n<td><a href=\"https:\/\/www.fahasa.com\/sach-trong-nuoc\/tu-dien\/tu-dien-khac.html?order=num_orders_month\">Top 100 s\u1ea3n ph\u1ea9m T\u1eeb \u0110i\u1ec3n Kh\u00e1c b\u00e1n ch\u1ea1y c\u1ee7a th\u00e1ng<\/a><\/td>\n<\/tr>\n<tr>\n<td colspan=\"2\">Gi\u00e1 s\u1ea3n ph\u1ea9m tr\u00ean Fahasa.com \u0111\u00e3 bao g\u1ed3m thu\u1ebf theo lu\u1eadt hi\u1ec7n h\u00e0nh. B\u00ean c\u1ea1nh \u0111\u00f3, tu\u1ef3 v\u00e0o lo\u1ea1i s\u1ea3n ph\u1ea9m, h\u00ecnh th\u1ee9c v\u00e0 \u0111\u1ecba ch\u1ec9 giao h\u00e0ng m\u00e0 c\u00f3 th\u1ec3 ph\u00e1t sinh th\u00eam chi ph\u00ed kh\u00e1c nh\u01b0 Ph\u1ee5 ph\u00ed \u0111\u00f3ng g\u00f3i, ph\u00ed v\u1eadn chuy\u1ec3n, ph\u1ee5 ph\u00ed h\u00e0ng c\u1ed3ng k\u1ec1nh,&#8230;<\/td>\n<\/tr>\n<\/tbody>\n<\/table>\n<\/div>\n<div class=\"clear\"><\/div>\n<div id=\"product_tabs_description_contents\">\n<div id=\"desc_content\" class=\"std\">\n<p><strong>T\u1eeb \u0110i\u1ec3n M\u1ef9 H\u1ecdc<\/strong><\/p>\n<p>\u201cTheo Alison, c\u1ea3m x\u00fac c\u1ee7a th\u1ecb hi\u1ebfu ch\u1ec9 \u0111\u01b0\u1ee3c s\u1ea3n sinh ra b\u1edfi m\u1ed9t ho\u1ea1t \u0111\u1ed9ng phi v\u1ee5 l\u1ee3i m\u00e0 Kant c\u0169ng l\u00e0 ng\u01b0\u1eddi song song s\u1eed d\u1ee5ng kh\u00e1i ni\u1ec7m n\u00e0y. B\u1edfi v\u00ec \u0111\u1ed1i t\u01b0\u1ee3ng c\u1ee7a c\u1ea3m x\u00fac ch\u00ednh l\u00e0 b\u1ea3n th\u00e2n c\u1ea3m gi\u00e1c, cho n\u00ean Alison k\u1ebft lu\u1eadn r\u1eb1ng c\u1ea3m x\u00fac c\u1ee7a th\u1ecb hi\u1ebfu l\u1ea5y ch\u00ednh tr\u00ed tu\u1ec7 l\u00e0m \u0111\u1ed1i t\u01b0\u1ee3ng\u201d\u2026<\/p>\n<p>M\u1ef9 h\u1ecdc l\u00e0 m\u1ed9t b\u1ed9 m\u00f4n khoa h\u1ecdc n\u1eb1m trong tri\u1ebft h\u1ecdc, n\u00f3 nghi\u00ean c\u1ee9u b\u1ea3n ch\u1ea5t, quy lu\u1eadt c\u1ee7a c\u00e1i \u0111\u1eb9p trong thi\u00ean nhi\u00ean, x\u00e3 h\u1ed9i, con ng\u01b0\u1eddi v\u00e0 ngh\u1ec7 thu\u1eadt; \u0111\u1ed3ng th\u1eddi nghi\u00ean c\u1ee9u c\u00e1c nguy\u00ean l\u00fd, ph\u1ea1m tr\u00f9 c\u1ee7a th\u00e1i \u0111\u1ed9 nh\u1eadn \u0111\u1ecbnh v\u00e0 c\u1ea3m th\u1ee5 c\u1ee7a con ng\u01b0\u1eddi \u0111\u1ed1i v\u1edbi nh\u1eefng c\u00e1i \u0111\u1eb9p \u0111\u00f3. V\u1ec1 sau n\u00f3 \u0111\u01b0\u1ee3c m\u1edf r\u1ed9ng cho c\u1ea3 nghi\u00ean c\u1ee9u l\u00fd thuy\u1ebft v\u00e0 ph\u00ea b\u00ecnh v\u0103n h\u1ecdc ngh\u1ec7 thu\u1eadt. Ch\u00ednh v\u00ec th\u1ebf m\u00e0 m\u1ef9 h\u1ecdc c\u00f3 khi c\u00f2n t\u1ed3n t\u1ea1i l\u1eabn trong l\u00fd lu\u1eadn v\u1ec1 v\u0103n h\u1ecdc ngh\u1ec7 thu\u1eadt. Vi\u1ec7c nghi\u00ean c\u1ee9u m\u1ef9 h\u1ecdc c\u0169ng v\u00ec th\u1ebf m\u00e0 c\u00f3 th\u1ec3 n\u1eb1m trong c\u1ea3 c\u00e1c c\u00f4ng tr\u00ecnh nghi\u00ean c\u1ee9u l\u00fd lu\u1eadn v\u00e0 ph\u00ea b\u00ecnh v\u0103n h\u1ecdc ngh\u1ec7 thu\u1eadt v\u00e0 c\u1ea3 tri\u1ebft h\u1ecdc.<\/p>\n<\/div>\n<\/div>\n<\/div>\n<\/div>\n","protected":false},"featured_media":484,"comment_status":"open","ping_status":"closed","template":"","meta":[],"product_cat":[23,27],"product_tag":[],"class_list":["post-478","product","type-product","status-publish","has-post-thumbnail","hentry","product_cat-sach","product_cat-sach-khoa-hoc"],"_links":{"self":[{"href":"https:\/\/bookscollective.vn\/index.php\/wp-json\/wp\/v2\/product\/478","targetHints":{"allow":["GET"]}}],"collection":[{"href":"https:\/\/bookscollective.vn\/index.php\/wp-json\/wp\/v2\/product"}],"about":[{"href":"https:\/\/bookscollective.vn\/index.php\/wp-json\/wp\/v2\/types\/product"}],"replies":[{"embeddable":true,"href":"https:\/\/bookscollective.vn\/index.php\/wp-json\/wp\/v2\/comments?post=478"}],"wp:featuredmedia":[{"embeddable":true,"href":"https:\/\/bookscollective.vn\/index.php\/wp-json\/wp\/v2\/media\/484"}],"wp:attachment":[{"href":"https:\/\/bookscollective.vn\/index.php\/wp-json\/wp\/v2\/media?parent=478"}],"wp:term":[{"taxonomy":"product_cat","embeddable":true,"href":"https:\/\/bookscollective.vn\/index.php\/wp-json\/wp\/v2\/product_cat?post=478"},{"taxonomy":"product_tag","embeddable":true,"href":"https:\/\/bookscollective.vn\/index.php\/wp-json\/wp\/v2\/product_tag?post=478"}],"curies":[{"name":"wp","href":"https:\/\/api.w.org\/{rel}","templated":true}]}}