{"id":475,"date":"2022-10-05T07:01:26","date_gmt":"2022-10-05T07:01:26","guid":{"rendered":"https:\/\/bookscollective.vn\/?post_type=product&#038;p=475"},"modified":"2022-10-05T07:01:26","modified_gmt":"2022-10-05T07:01:26","slug":"song-ban-nong-ban-x","status":"publish","type":"product","link":"https:\/\/bookscollective.vn\/index.php\/product\/song-ban-nong-ban-x\/","title":{"rendered":"S\u1ed1ng b\u00e1n n\u00f4ng b\u00e1n X"},"content":{"rendered":"<div class=\"product_view_tab_content_ad\">\n<div id=\"product_tabs_description_contents\">\n<div id=\"desc_content\" class=\"std\">\n<p><strong>S\u1ed1ng B\u00e1n N\u00f4ng B\u00e1n X\u00a0&#8211; Tri\u1ebft L\u00fd M\u1edbi V\u1ec1 Cu\u1ed9c S\u1ed1ng \u0110i\u1ec1n Vi\u00ean<\/strong><\/p>\n<p>\u201cTrong m\u1ed9t th\u1ebf gi\u1edbi m\u00e0 kh\u00ed h\u1eadu thay \u0111\u1ed5i, d\u00e2n s\u1ed1 t\u0103ng l\u00ean, th\u00ec \u0111\u1ea5t n\u01b0\u1edbc c\u00f3 t\u1ef7 l\u1ec7 t\u1ef1 cung t\u1ef1 c\u1ea5p th\u1ea5p nh\u01b0 Nh\u1eadt B\u1ea3n l\u1ea5y g\u00ec m\u00e0 \u0103n. Trong th\u1eddi \u0111\u1ea1i nh\u01b0 v\u1eady, ngay c\u1ea3 khi c\u00f3 ti\u1ec1n \u0111i ch\u0103ng n\u1eefa, li\u1ec7u ch\u00fang ta c\u00f3 mua \u0111\u01b0\u1ee3c th\u1ee9c \u0103n kh\u00f4ng? Th\u00eam v\u00e0o \u0111\u00f3, ch\u00fang ta l\u1ea1i \u0111\u1ecbnh d\u00f9ng c\u00e1c gi\u00e1 tr\u1ecb quan c\u0169, x\u00f2e ti\u1ec1n ra v\u00e0 chi\u1ebfm d\u1ee5ng h\u1ebft to\u00e0n b\u1ed9 th\u1ee9c \u0103n hay sao?\u201d T\u1eeb ch\u00ednh nh\u1eefng suy t\u01b0 n\u00e0y, t\u00e1c gi\u1ea3 Naoki Shiomi \u0111\u00e3 kh\u1edfi x\u01b0\u1edbng l\u1ed1i s\u1ed1ng b\u00e1n n\u00f4ng b\u00e1n X &#8211; n\u00f4ng d\u00e2n n\u1eeda ng\u00e0y &#8211; t\u1eeb gi\u1eefa nh\u1eefng n\u0103m 1990.<\/p>\n<p>S\u1ed1ng b\u00e1n n\u00f4ng b\u00e1n X l\u00e0 n\u1eeda ng\u00e0y l\u00e0m n\u00f4ng, n\u1eeda ng\u00e0y l\u00e0m c\u00f4ng vi\u1ec7c X b\u1ea1n y\u00eau th\u00edch v\u00e0 c\u00f3 kh\u1ea3 n\u0103ng. L\u1ed1i s\u1ed1ng n\u00e0y v\u1eeba cho ph\u00e9p b\u1ea1n \u0111\u1ea3m b\u1ea3o \u0111\u1ee7 l\u01b0\u01a1ng th\u1ef1c c\u01a1 b\u1ea3n cho gia \u0111\u00ecnh, v\u1eeba c\u00f3 th\u1eddi gian l\u00e0m c\u00f4ng vi\u1ec7c m\u00ecnh th\u00edch. T\u00e1c gi\u1ea3 Shiomi ch\u1ec9 ra r\u1eb1ng, ch\u00fang ta kh\u00f4ng c\u1ea7n ph\u1ea3i v\u1ec1 qu\u00ea hay c\u00f3 m\u1ed9t m\u1ea3nh v\u01b0\u1eddn th\u1eadt r\u1ed9ng m\u1edbi c\u00f3 th\u1ec3 l\u00e0m n\u00f4ng \u0111\u01b0\u1ee3c. B\u1ea1n c\u00f3 th\u1ec3 l\u00e0m n\u00f4ng ngay khi b\u1ea1n \u0111ang \u1edf trong l\u00f2ng \u0111\u00f4 th\u1ecb. Trong qu\u00e1 tr\u00ecnh l\u00e0m n\u00f4ng, t\u00e1c gi\u1ea3 tin r\u1eb1ng, b\u1ea1n s\u1ebd t\u00ecm ra nh\u00e2n t\u1ed1 X c\u1ee7a m\u00ecnh.<br \/>\nCu\u1ed1n s\u00e1ch \u0111\u00e3 \u0111\u01b0\u1ee3c d\u1ecbch ra nhi\u1ec1u th\u1ee9 ti\u1ebfng. L\u1ed1i s\u1ed1ng b\u00e1n n\u00f4ng b\u00e1n X ng\u00e0y c\u00e0ng \u0111\u01b0\u1ee3c lan t\u1ecfa r\u1ed9ng r\u00e3i v\u00e0 \u0111\u00f3n nh\u1eadn t\u1ea1i nhi\u1ec1u qu\u1ed1c gia.<\/p>\n<\/div>\n<\/div>\n<\/div>\n<div>\n<div class=\"product_view_tab_content_ad_more\">\n<div id=\"product_tabs_description_contents\">\n<div id=\"desc_content\" class=\"std\">\n<p>&nbsp;<\/p>\n<\/div>\n<\/div>\n<\/div>\n<\/div>\n","protected":false},"excerpt":{"rendered":"<p>Sau th\u1eddi gian s\u1ed1ng v\u00e0 l\u00e0m vi\u1ec7c trong b\u1ed1i c\u1ea3nh \u0111\u1ea1i d\u1ecbch, kh\u00f4ng \u00edt ng\u01b0\u1eddi \u0111\u00e3 quy\u1ebft \u0111\u1ecbnh r\u1eddi xa v\u0103n ph\u00f2ng \u0111\u1ec3 t\u00ecm l\u1ea1i nh\u1eefng g\u00ec b\u1ea3n th\u00e2n v\u1ed1n d\u0129 y\u00eau th\u00edch nh\u01b0ng ch\u01b0a l\u00e0m \u0111\u01b0\u1ee3c. M\u1ed9t trong s\u1ed1 \u0111\u00f3 l\u00e0 tr\u00e0o l\u01b0u \u201cb\u1ecf ph\u1ed1 v\u1ec1 v\u01b0\u1eddn\u201d. Th\u1ebf nh\u01b0ng, \u0111\u1eb1ng sau l\u1edbp ngh\u0129a c\u00f3 ph\u1ea7n th\u01a1 m\u1ed9ng v\u00e0 h\u01b0\u1edfng th\u1ee5 \u1ea5y, nh\u1eefng c\u1ea3nh b\u00e1o t\u1eeb s\u1edbm c\u0169ng \u0111\u01b0\u1ee3c \u0111\u01b0a ra b\u1edfi hi\u1ec7n th\u1ef1c \u201ckh\u00f4ng nh\u01b0 l\u00e0 m\u01a1\u201d.<\/p>\n<p>V\u1eady, t\u1ea1i sao kh\u00f4ng dung h\u00f2a nh\u1eefng g\u00ec m\u00ecnh th\u00edch m\u00e0 v\u1eabn \u0111\u00e1p \u1ee9ng \u0111\u01b0\u1ee3c nhu c\u1ea7u c\u01a1 b\u1ea3n?\u00a0<em>S\u1ed1ng B\u00e1n n\u00f4ng B\u00e1n X<\/em>\u00a0c\u1ee7a t\u00e1c gi\u1ea3 ng\u01b0\u1eddi Nh\u1eadt Shiomi Naoki s\u1ebd gi\u00fap ch\u00fang ta t\u00ecm ra c\u00e2u tr\u1ea3 l\u1eddi.<\/p>\n","protected":false},"featured_media":476,"comment_status":"open","ping_status":"closed","template":"","meta":[],"product_cat":[26],"product_tag":[],"class_list":["post-475","product","type-product","status-publish","has-post-thumbnail","hentry","product_cat-sach-van-hoc"],"_links":{"self":[{"href":"https:\/\/bookscollective.vn\/index.php\/wp-json\/wp\/v2\/product\/475","targetHints":{"allow":["GET"]}}],"collection":[{"href":"https:\/\/bookscollective.vn\/index.php\/wp-json\/wp\/v2\/product"}],"about":[{"href":"https:\/\/bookscollective.vn\/index.php\/wp-json\/wp\/v2\/types\/product"}],"replies":[{"embeddable":true,"href":"https:\/\/bookscollective.vn\/index.php\/wp-json\/wp\/v2\/comments?post=475"}],"wp:featuredmedia":[{"embeddable":true,"href":"https:\/\/bookscollective.vn\/index.php\/wp-json\/wp\/v2\/media\/476"}],"wp:attachment":[{"href":"https:\/\/bookscollective.vn\/index.php\/wp-json\/wp\/v2\/media?parent=475"}],"wp:term":[{"taxonomy":"product_cat","embeddable":true,"href":"https:\/\/bookscollective.vn\/index.php\/wp-json\/wp\/v2\/product_cat?post=475"},{"taxonomy":"product_tag","embeddable":true,"href":"https:\/\/bookscollective.vn\/index.php\/wp-json\/wp\/v2\/product_tag?post=475"}],"curies":[{"name":"wp","href":"https:\/\/api.w.org\/{rel}","templated":true}]}}