{"id":469,"date":"2022-10-05T06:56:10","date_gmt":"2022-10-05T06:56:10","guid":{"rendered":"https:\/\/bookscollective.vn\/?post_type=product&#038;p=469"},"modified":"2022-10-05T06:56:10","modified_gmt":"2022-10-05T06:56:10","slug":"kho-tang-truyen-co-tich-viet-nam-tap-3","status":"publish","type":"product","link":"https:\/\/bookscollective.vn\/index.php\/product\/kho-tang-truyen-co-tich-viet-nam-tap-3\/","title":{"rendered":"Kho T\u00e0ng Truy\u1ec7n C\u1ed5 T\u00edch Vi\u1ec7t Nam T\u1eadp 3"},"content":{"rendered":"<p>KHO T\u00c0NG TRUY\u1ec6N C\u1ed4 T\u00cdCH VI\u1ec6T NAM g\u1ed3m 5 t\u1eadp, \u0111\u01b0\u1ee3c coi l\u00e0 b\u1ed9 s\u00e1ch qui t\u1ee5 m\u1ecdi ng\u1ecdn ngu\u1ed3n c\u1ee7a truy\u1ec7n c\u1ed5 t\u00edch v\u1eeba \u0111\u01b0\u1ee3c Nh\u00e0 xu\u1ea5t b\u1ea3n Tr\u1ebb \u1ea5n h\u00e0nh.<\/p>\n<p>T\u1eadp 3 g\u1ed3m c\u00e1c c\u00e2u chuy\u1ec7n v\u1ec1 c\u00e1c ch\u1ee7 \u0111\u1ec1: th\u00f4ng minh t\u00e0i tr\u00ed v\u00e0 s\u1ee9c kh\u1ecfe (ti\u1ebfp theo), truy\u1ec7n ph\u00e2n x\u1eed, truy\u1ec7n th\u1ea7n ti\u00ean, ma qu\u1ef7 v\u00e0 ph\u00f9 ph\u00e9p.<\/p>\n","protected":false},"excerpt":{"rendered":"<p>KHO T\u00c0NG TRUY\u1ec6N C\u1ed4 T\u00cdCH VI\u1ec6T NAM g\u1ed3m 5 t\u1eadp, \u0111\u01b0\u1ee3c coi l\u00e0 b\u1ed9 s\u00e1ch qui t\u1ee5 m\u1ecdi ng\u1ecdn ngu\u1ed3n c\u1ee7a truy\u1ec7n c\u1ed5 t\u00edch v\u1eeba \u0111\u01b0\u1ee3c Nh\u00e0 xu\u1ea5t b\u1ea3n Tr\u1ebb \u1ea5n h\u00e0nh.<\/p>\n<p>T\u1eadp 3 g\u1ed3m c\u00e1c c\u00e2u chuy\u1ec7n v\u1ec1 c\u00e1c ch\u1ee7 \u0111\u1ec1: th\u00f4ng minh t\u00e0i tr\u00ed v\u00e0 s\u1ee9c kh\u1ecfe (ti\u1ebfp theo), truy\u1ec7n ph\u00e2n x\u1eed, truy\u1ec7n th\u1ea7n ti\u00ean, ma qu\u1ef7 v\u00e0 ph\u00f9 ph\u00e9p.<\/p>\n","protected":false},"featured_media":470,"comment_status":"open","ping_status":"closed","template":"","meta":[],"product_cat":[30],"product_tag":[],"class_list":["post-469","product","type-product","status-publish","has-post-thumbnail","hentry","product_cat-sach-truyen-thieu-nhi"],"_links":{"self":[{"href":"https:\/\/bookscollective.vn\/index.php\/wp-json\/wp\/v2\/product\/469","targetHints":{"allow":["GET"]}}],"collection":[{"href":"https:\/\/bookscollective.vn\/index.php\/wp-json\/wp\/v2\/product"}],"about":[{"href":"https:\/\/bookscollective.vn\/index.php\/wp-json\/wp\/v2\/types\/product"}],"replies":[{"embeddable":true,"href":"https:\/\/bookscollective.vn\/index.php\/wp-json\/wp\/v2\/comments?post=469"}],"wp:featuredmedia":[{"embeddable":true,"href":"https:\/\/bookscollective.vn\/index.php\/wp-json\/wp\/v2\/media\/470"}],"wp:attachment":[{"href":"https:\/\/bookscollective.vn\/index.php\/wp-json\/wp\/v2\/media?parent=469"}],"wp:term":[{"taxonomy":"product_cat","embeddable":true,"href":"https:\/\/bookscollective.vn\/index.php\/wp-json\/wp\/v2\/product_cat?post=469"},{"taxonomy":"product_tag","embeddable":true,"href":"https:\/\/bookscollective.vn\/index.php\/wp-json\/wp\/v2\/product_tag?post=469"}],"curies":[{"name":"wp","href":"https:\/\/api.w.org\/{rel}","templated":true}]}}