{"id":450,"date":"2022-10-05T03:52:18","date_gmt":"2022-10-05T03:52:18","guid":{"rendered":"https:\/\/bookscollective.vn\/?post_type=product&#038;p=450"},"modified":"2022-10-05T03:52:19","modified_gmt":"2022-10-05T03:52:19","slug":"tung-thu-van-hoc-bien-dao-viet-nam","status":"publish","type":"product","link":"https:\/\/bookscollective.vn\/index.php\/product\/tung-thu-van-hoc-bien-dao-viet-nam\/","title":{"rendered":"T\u00f9ng th\u01b0 v\u0103n h\u1ecdc bi\u1ec3n \u0111\u1ea3o Vi\u1ec7t Nam"},"content":{"rendered":"<p><strong>H\u1ea3i qu\u1ed1c t\u1eeb ch\u01b0\u01a1ng<\/strong><\/p>\n<p>T\u00f9ng th\u01b0 v\u0103n h\u1ecdc bi\u1ec3n \u0111\u1ea3o Vi\u1ec7t Nam<\/p>\n<p>Cu\u1ed1n s\u00e1ch qu\u00fd v\u1ecb \u0111ang c\u1ea7m tr\u00ean tay l\u00e0 cu\u1ed1n s\u00e1ch gi\u1edbi thi\u1ec7u nh\u1eefng di s\u1ea3n v\u0103n ch\u01b0\u01a1ng vi\u1ebft v\u1ec1 bi\u1ec3n \u0111\u1ea3o Vi\u1ec7t Nam trong su\u1ed1t ngh\u00ecn n\u0103m l\u1ecbch s\u1eed. T\u1ed5ng t\u1eadp n\u00e0y s\u01b0u t\u1ea7m, bi\u00ean d\u1ecbch, hi\u1ec7u kh\u1ea3o, ch\u00fa th\u00edch g\u1ea7n 350 t\u00e1c ph\u1ea9m v\u0103n h\u1ecdc H\u00e1n N\u00f4m th\u1eddi trung &#8211; c\u1eadn \u0111\u1ea1i v\u00e0 g\u1ea7n 100 t\u00e1c ph\u1ea9m v\u0103n h\u1ecdc d\u00e2n gian (ca dao, t\u1ee5c ng\u1eef, h\u00f2, v\u00e8) vi\u1ebft v\u1ec1 l\u1ecbch s\u1eed, phong t\u1ee5c, t\u1eadp qu\u00e1n, s\u1ea3n v\u1eadt \u0111\u1ecba ph\u01b0\u01a1ng, h\u1ea3i s\u1ea3n v\u00e0 nh\u1eefng suy t\u01b0, t\u00e2m t\u00ecnh, nh\u1eefng l\u1eddi \u0103n ti\u1ebfng n\u00f3i mang h\u01a1i th\u1edf c\u1ee7a bi\u1ec3n c\u1ea3.<\/p>\n<p>Trong kho\u1ea3ng v\u00e0i ch\u1ee5c n\u0103m tr\u1edf l\u1ea1i \u0111\u00e2y, gi\u1edbi nghi\u00ean c\u1ee9u s\u1eed h\u1ecdc, v\u0103n h\u00f3a h\u1ecdc, d\u00e2n t\u1ed9c h\u1ecdc, folklore h\u1ecdc \u0111\u00e3 \u0111\u1ea1t \u0111\u01b0\u1ee3c r\u1ea5t nhi\u1ec1u th\u00e0nh t\u1ef1u trong vi\u1ec7c s\u01b0u t\u1ea7m, \u0111i\u1ec1n d\u00e3, nghi\u00ean c\u1ee9u c\u00e1c t\u01b0 li\u1ec7u vi\u1ebft v\u1ec1 bi\u1ec3n \u0111\u1ea3o Vi\u1ec7t Nam, \u0111\u1eb7c bi\u1ec7t l\u00e0 nh\u1eefng t\u01b0 li\u1ec7u vi\u1ebft v\u1ec1 hai qu\u1ea7n \u0111\u1ea3o Ho\u00e0ng Sa, Tr\u01b0\u1eddng Sa c\u1ee7a Vi\u1ec7t Nam v\u00e0 nh\u00f3m t\u01b0 li\u1ec7u v\u1ec1 th\u01b0\u01a1ng m\u1ea1i bi\u1ec3n. Th\u1ebf nh\u01b0ng, nh\u1eefng c\u00f4ng tr\u00ecnh v\u1ec1 v\u0103n h\u1ecdc bi\u1ec3n \u0111\u1ea3o c\u00f2n t\u01b0\u01a1ng \u0111\u1ed1i \u00edt, \u0111\u1eb7c bi\u1ec7t l\u00e0 v\u0103n h\u1ecdc trung \u0111\u1ea1i. M\u1ed9t s\u1ed1 ch\u00f9m th\u01a1 v\u1ec1 bi\u1ec3n \u0111\u1ea3o Qu\u1ea3ng Ninh, c\u1eeda bi\u1ec3n B\u1ea1ch \u0110\u1eb1ng, c\u1eeda bi\u1ec3n Th\u1ea7n Ph\u00f9, c\u00e1c ch\u00f9m th\u01a1 v\u1ec1 H\u00e0 Ti\u00ean c\u1ee7a nh\u00f3m Chi\u00eau Anh C\u00e1c d\u00f9 \u0111\u00e3 \u0111\u01b0\u1ee3c gi\u1edbi thi\u1ec7u \u0111\u00e2y \u0111\u00f3, song v\u1eabn ch\u01b0a \u0111\u1ee7 \u0111\u1ec3 t\u1ea1o n\u00ean m\u1ed9t di\u1ec7n m\u1ea1o t\u1ed5ng quan v\u1ec1 \u00e2m h\u01b0\u1edfng bi\u1ec3n \u0111\u1ea3o trong th\u01a1 v\u0103n ng\u01b0\u1eddi x\u01b0a. C\u00e1c c\u00f4ng tr\u00ecnh nghi\u00ean c\u1ee9u v\u1ec1 v\u0103n h\u1ecdc bi\u1ec3n \u0111\u1ea3o l\u1ea1i c\u00e0ng hi\u1ebfm hoi h\u01a1n.<\/p>\n<p>\u0110\u1ec3 kh\u1eafc ph\u1ee5c nh\u1eefng \u0111i\u1ec3m khuy\u1ebft thi\u1ebfu v\u1ec1 t\u01b0 li\u1ec7u v\u0103n h\u1ecdc th\u1eddi trung \u0111\u1ea1i, cu\u1ed1n s\u00e1ch n\u00e0y l\u00e0 m\u1ed9t n\u1ed7 l\u1ef1c h\u1ec7 th\u1ed1ng h\u00f3a c\u00e1c t\u00e1c ph\u1ea9m v\u0103n h\u1ecdc \u0111\u01b0\u1ee3c vi\u1ebft b\u1eb1ng ch\u1eef H\u00e1n v\u00e0 ch\u1eef N\u00f4m ph\u1ea3n \u00e1nh nh\u1eefng t\u00e2m t\u01b0, t\u00ecnh c\u1ea3m c\u1ee7a ng\u01b0\u1eddi x\u01b0a v\u1ec1 bi\u1ec3n \u0111\u1ea3o Vi\u1ec7t Nam. Cu\u1ed1n s\u00e1ch s\u1eafp x\u1ebfp c\u00e1c t\u00e1c ph\u1ea9m theo tuy\u1ebfn t\u00ednh l\u1ecbch s\u1eed t\u1eeb tri\u1ec1u L\u00fd &#8211; Tr\u1ea7n &#8211; L\u00ea S\u01a1 &#8211; M\u1ea1c &#8211; L\u00ea trung h\u01b0ng &#8211; T\u00e2y S\u01a1n &#8211; Nguy\u1ec5n \u0111\u1ebfn \u0111\u1ea7u th\u1ebf k\u1ef7 XX.<\/p>\n<p>Cu\u1ed1n s\u00e1ch n\u00e0y \u0111\u01b0\u1ee3c ho\u00e0n thi\u1ec7n t\u1eeb \u0111\u1ec1 t\u00e0i c\u01a1 s\u1edf do t\u00e1c gi\u1ea3 Tr\u1ea7n Tr\u1ecdng D\u01b0\u01a1ng l\u00e0m ch\u1ee7 nhi\u1ec7m n\u0103m 2016, Vi\u1ec7n Nghi\u00ean c\u1ee9u H\u00e1n N\u00f4m ch\u1ee7 tr\u00ec. Sau s\u00e1u n\u0103m ho\u00e0n thi\u1ec7n, b\u1ed5 sung, ch\u00fa th\u00edch, hi\u1ec7u ch\u1ec9nh b\u1ea3n d\u1ecbch v\u00e0 kh\u1ea3o c\u1ee9u \u0111\u1ecba danh, \u0111\u1ebfn nay cu\u1ed1n s\u00e1ch \u0111\u01b0\u1ee3c ho\u00e0n thi\u1ec7n v\u1edbi h\u01a1n 1000 trang.<\/p>\n","protected":false},"excerpt":{"rendered":"<p><strong>\u201cH\u1ea3i qu\u1ed1c t\u1eeb ch\u01b0\u01a1ng\u201d<\/strong>\u00a0l\u00e0 quy\u1ec3n s\u00e1ch t\u1eadp h\u1ee3p g\u1ea7n 350 t\u00e1c ph\u1ea9m v\u0103n h\u1ecdc H\u00e1n N\u00f4m th\u1eddi trung &#8211; c\u1eadn \u0111\u1ea1i v\u00e0 g\u1ea7n 100 t\u00e1c ph\u1ea9m v\u0103n h\u1ecdc d\u00e2n gian (ca dao, t\u1ee5c ng\u1eef, h\u00f2, v\u00e8) vi\u1ebft v\u1ec1 l\u1ecbch s\u1eed, phong t\u1ee5c, t\u1eadp qu\u00e1n, s\u1ea3n v\u1eadt \u0111\u1ecba ph\u01b0\u01a1ng, h\u1ea3i s\u1ea3n v\u00e0 nh\u1eefng suy t\u01b0, t\u00e2m t\u00ecnh, nh\u1eefng l\u1eddi \u0103n ti\u1ebfng n\u00f3i mang h\u01a1i th\u1edf c\u1ee7a bi\u1ec3n c\u1ea3. S\u00e1ch Tr\u1ea7n Tr\u1ecdng D\u01b0\u01a1ng kh\u1ea3o ch\u00fa, nh\u00e0 xu\u1ea5t b\u1ea3n Khoa h\u1ecdc X\u00e3 h\u1ed9i xu\u1ea5t b\u1ea3n n\u0103m 2022.<\/p>\n<p>\u0110\u00e2y \u0111\u01b0\u1ee3c xem l\u00e0 th\u00e0nh t\u1ef1u c\u1ee7a gi\u1edbi nghi\u00ean c\u1ee9u s\u1eed h\u1ecdc, v\u0103n h\u00f3a h\u1ecdc, d\u00e2n t\u1ed9c h\u1ecdc, folklore h\u1ecdc\u2026 trong vi\u1ec7c s\u01b0u t\u1ea7m, \u0111i\u1ec1n d\u00e3, nghi\u00ean c\u1ee9u c\u00e1c t\u01b0 li\u1ec7u vi\u1ebft v\u1ec1 bi\u1ec3n \u0111\u1ea3o Vi\u1ec7t Nam, \u0111\u1eb7c bi\u1ec7t l\u00e0 nh\u1eefng t\u01b0 li\u1ec7u vi\u1ebft v\u1ec1 hai qu\u1ea7n \u0111\u1ea3o Ho\u00e0ng Sa, Tr\u01b0\u1eddng Sa c\u1ee7a Vi\u1ec7t Nam.<\/p>\n","protected":false},"featured_media":451,"comment_status":"open","ping_status":"closed","template":"","meta":[],"product_cat":[23,29,26],"product_tag":[],"class_list":["post-450","product","type-product","status-publish","has-post-thumbnail","hentry","product_cat-sach","product_cat-sach-van-hoa","product_cat-sach-van-hoc"],"_links":{"self":[{"href":"https:\/\/bookscollective.vn\/index.php\/wp-json\/wp\/v2\/product\/450","targetHints":{"allow":["GET"]}}],"collection":[{"href":"https:\/\/bookscollective.vn\/index.php\/wp-json\/wp\/v2\/product"}],"about":[{"href":"https:\/\/bookscollective.vn\/index.php\/wp-json\/wp\/v2\/types\/product"}],"replies":[{"embeddable":true,"href":"https:\/\/bookscollective.vn\/index.php\/wp-json\/wp\/v2\/comments?post=450"}],"wp:featuredmedia":[{"embeddable":true,"href":"https:\/\/bookscollective.vn\/index.php\/wp-json\/wp\/v2\/media\/451"}],"wp:attachment":[{"href":"https:\/\/bookscollective.vn\/index.php\/wp-json\/wp\/v2\/media?parent=450"}],"wp:term":[{"taxonomy":"product_cat","embeddable":true,"href":"https:\/\/bookscollective.vn\/index.php\/wp-json\/wp\/v2\/product_cat?post=450"},{"taxonomy":"product_tag","embeddable":true,"href":"https:\/\/bookscollective.vn\/index.php\/wp-json\/wp\/v2\/product_tag?post=450"}],"curies":[{"name":"wp","href":"https:\/\/api.w.org\/{rel}","templated":true}]}}