{"id":448,"date":"2022-10-05T03:13:56","date_gmt":"2022-10-05T03:13:56","guid":{"rendered":"https:\/\/bookscollective.vn\/?post_type=product&#038;p=448"},"modified":"2022-10-05T03:13:56","modified_gmt":"2022-10-05T03:13:56","slug":"chuyen-nguoi-ha-noi-1","status":"publish","type":"product","link":"https:\/\/bookscollective.vn\/index.php\/product\/chuyen-nguoi-ha-noi-1\/","title":{"rendered":"Chuy\u1ec7n ng\u01b0\u1eddi h\u00e0 n\u1ed9i 1"},"content":{"rendered":"<p><strong>CHUY\u1ec6N NG\u01af\u1edcI H\u00c0 N\u1ed8I<\/strong><\/p>\n<p>\u201cChuy\u1ec7n ng\u01b0\u1eddi H\u00e0 N\u1ed9i\u201d do C\u00f4ng ty S\u00e1ch v\u00e0 Truy\u1ec1n th\u00f4ng Vi\u1ec7t Nam (Tri Th\u1ee9c Tr\u1ebb Books) l\u00e0 m\u1ed9t cu\u1ed1n s\u00e1ch nh\u1ecf xinh ch\u1ee9a \u0111\u1ef1ng nh\u1eefng c\u00e2u chuy\u1ec7n, k\u1ef7 ni\u1ec7m c\u00f3 th\u1ec3 r\u1ea5t \u0111\u1ed7i th\u00e2n quen v\u1edbi nh\u1eefng ng\u01b0\u1eddi con xa x\u1ee9 \u0111\u00e3 l\u00e2u. Cu\u1ed1n s\u00e1ch ra \u0111\u1eddi nh\u01b0 m\u1ed9t c\u00e1i duy\u00ean b\u1ea5t ng\u1edd g\u1eafn v\u1edbi H\u00e0 N\u1ed9i c\u1ee7a m\u1ed9t nh\u00f3m Facebooker mang t\u00ean H\u00e0 N\u1ed9i Tri th\u1ee9c v\u1edbi s\u1ed1 l\u01b0\u1ee3ng th\u00e0nh vi\u00ean hi\u1ec7n nay kho\u1ea3ng hai m\u01b0\u01a1i ng\u00e0n ng\u01b0\u1eddi.<\/p>\n<p>\u0110\u00fang nh\u01b0 t\u00ean s\u00e1ch &#8211; \u201cChuy\u1ec7n ng\u01b0\u1eddi H\u00e0 N\u1ed9i\u201d xoay quanh ch\u1ee7 \u0111\u1ec1 con ng\u01b0\u1eddi v\u00e0 \u0111\u1eddi s\u1ed1ng sinh ho\u1ea1t, v\u0103n h\u00f3a c\u1ee7a H\u00e0 N\u1ed9i x\u01b0a, gi\u1eefa nh\u1eefng d\u00e2u b\u1ec3 th\u0103ng tr\u1ea7m c\u1ee7a th\u1eddi cu\u1ed9c \u0111\u1ea5t n\u01b0\u1edbc. \u201cChuy\u1ec7n ng\u01b0\u1eddi H\u00e0 N\u1ed9i\u201d c\u00f3 th\u1ec3 l\u00e0 vi\u1ebft v\u1ec1 ng\u01b0\u1eddi H\u00e0 N\u1ed9i, c\u00f3 th\u1ec3 l\u00e0 chuy\u1ec7n c\u1ee7a t\u00e1c gi\u1ea3 &#8211; m\u1ed9t ng\u01b0\u1eddi H\u00e0 N\u1ed9i vi\u1ebft v\u1ec1 ch\u00ednh m\u00ecnh, v\u1ec1 H\u00e0 N\u1ed9i d\u1ea5u y\u00eau, nh\u1ea5t l\u00e0 m\u1ed7i khi m\u1ed9t m\u00f9a m\u1edbi &#8211; xu\u00e2n hay h\u1ea1, thu hay \u0111\u00f4ng \u0111ang v\u1ec1, nh\u01b0 cung b\u1eadc b\u1ed5ng tr\u1ea7m c\u1ee7a tr\u1eddi \u0111\u1ea5t. N\u1ed7i nh\u1edb c\u00f3 khi r\u1ea5t th\u1ef1c, c\u00f3 khi m\u01a1 h\u1ed3 nh\u01b0ng \u0111\u1ea7y thao th\u1ee9c, \u0111\u1ea7y \u00e1m \u1ea3nh, d\u00f9 \u0111\u00f3 l\u00e0 ng\u01b0\u1eddi Vi\u1ec7t trong n\u01b0\u1edbc hay ng\u01b0\u1eddi Vi\u1ec7t xa x\u1ee9\u2026<\/p>\n<p>H\u00e0 N\u1ed9i l\u00e0 m\u1ea3nh \u0111\u1ea5t tinh hoa. M\u1ea3nh \u0111\u1ea5t n\u00e0y l\u00e0 n\u01a1i v\u0103n ho\u00e1 \u0110\u00f4ng T\u00e2y giao thoa v\u00e0 h\u1ed9i t\u1ee5, l\u00e0 c\u00e1i n\u00f4i s\u1ea3n sinh ra nh\u1eefng ng\u00f4i tr\u01b0\u1eddng ngh\u1ec7 thu\u1eadt nh\u01b0 Nh\u1ea1c vi\u1ec7n Vi\u1ec5n \u0110\u00f4ng (nay l\u00e0 tr\u1ee5 s\u1edf c\u1ee7a \u0110\u1ea1i s\u1ee9 qu\u00e1n \u0110an M\u1ea1ch), Tr\u01b0\u1eddng Cao \u0111\u1eb3ng M\u1ef9 thu\u1eadt \u0110\u00f4ng D\u01b0\u01a1ng (nay l\u00e0 \u0110\u1ea1i h\u1ecdc M\u1ef9 thu\u1eadt Vi\u1ec7t Nam). Cho d\u00f9 tr\u1ea3i qua nhi\u1ec1u th\u0103ng tr\u1ea7m th\u1eddi Ph\u00e1p thu\u1ed9c v\u00e0 ch\u1ec9 t\u1ed3n t\u1ea1i trong th\u1eddi gian ng\u1eafn, nh\u1eefng ng\u00f4i tr\u01b0\u1eddng ngh\u1ec7 thu\u1eadt n\u00e0y v\u1eabn \u0111\u00e0o t\u1ea1o n\u00ean nhi\u1ec1u t\u00e0i n\u0103ng \u00e2m nh\u1ea1c, h\u1ed9i h\u1ecda, ki\u1ebfn tr\u00fac. \u0110\u00f3 l\u00e0 nh\u1eefng nh\u1ea1c s\u0129 m\u1edf \u0111\u1ea7u cho d\u00f2ng \u00e2m nh\u1ea1c ph\u01b0\u01a1ng T\u00e2y \u1edf Vi\u1ec7t Nam n\u00f3i chung, H\u00e0 N\u1ed9i n\u00f3i ri\u00eang, tr\u00ean c\u00e1i g\u1ed1c l\u00e0 n\u1ec1n \u00e2m nh\u1ea1c d\u00e2n t\u1ed9c \u0111a d\u1ea1ng, nhi\u1ec1u cung b\u1eadc \u0111\u1ea7y quy\u1ebfn r\u0169. \u0110\u00f3 l\u00e0 nh\u1eefng h\u1ecda s\u0129 n\u1ed5i ti\u1ebfng trong l\u1ecbch s\u1eed m\u1ef9 thu\u1eadt, ki\u1ebfn tr\u00fac Vi\u1ec7t Nam\u2026<\/p>\n<p>V\u1edbi c\u1ea3m th\u1ee9c c\u00e1 nh\u00e2n, t\u00ecnh y\u00eau d\u00e0nh cho H\u00e0 N\u1ed9i, nh\u00f3m t\u00e1c gi\u1ea3 H\u00e0 N\u1ed9i Tri Th\u1ee9c \u0111\u00e3 k\u1ec3 l\u1ea1i khung c\u1ea3nh \u0111\u1eddi s\u1ed1ng sinh ho\u1ea1t x\u01b0a c\u1ee7a con ng\u01b0\u1eddi n\u01a1i \u0111\u00e2y, nh\u1eefng n\u00e9t v\u0103n h\u00f3a r\u1ea5t ri\u00eang ch\u1ec9 c\u00f3 \u1edf H\u00e0 N\u1ed9i, c\u1ee7a ng\u01b0\u1eddi H\u00e0 N\u1ed9i. T\u1eebng trang s\u00e1ch nh\u01b0 nh\u1eefng b\u1ee9c tranh, t\u1eebng c\u00e2u ch\u1eef nh\u01b0 n\u00e9t b\u00fat h\u1ecda l\u1ea1i m\u1ed9t H\u00e0 N\u1ed9i c\u1ed5 k\u00ednh, tr\u00e1ng l\u1ec7 n\u0103m x\u01b0a v\u1edbi g\u00e1nh h\u00e0ng rong, th\u1ee9c qu\u00e0 v\u1eb7t nh\u1ecf xinh, nh\u1eefng khu nh\u00e0 t\u1eadp th\u1ec3 ch\u1eadt h\u1eb9p m\u00e0 \u1ea5m \u00e1p t\u00ecnh ng\u01b0\u1eddi, nh\u1eefng sinh ho\u1ea1t \u0111\u1eb7c tr\u01b0ng d\u1ecbp l\u1ec5 t\u1ebft, t\u00e0 \u00e1o d\u00e0i duy\u00ean d\u00e1ng th\u01b0\u1edbt tha \u0111i qua b\u0103m s\u00e1u ph\u1ed1 ph\u01b0\u1eddng, nh\u1eefng ng\u00f4i tr\u01b0\u1eddng, r\u1ea1p chi\u1ebfu b\u00f3ng tr\u0103m tu\u1ed5i\u2026 \u201c<\/p>\n<p>Chuy\u1ec7n ng\u01b0\u1eddi H\u00e0 N\u1ed9i\u201d l\u00e0 v\u1eady. Gi\u1ea3n d\u1ecb, ch\u00e2n th\u00e0nh, ch\u00e2n th\u1ef1c m\u1ed9t t\u00ecnh y\u00eau &#8211; d\u00e0nh cho H\u00e0 N\u1ed9i.<\/p>\n<p><strong>T\u00e1c gi\u1ea3 Nh\u00f3m H\u00e0 N\u1ed9i Tri Th\u1ee9c<\/strong><\/p>\n<p>Nh\u00f3m H\u00e0 N\u1ed9i Tri Th\u1ee9c hoat \u0111\u1ed9ng ch\u1ee7 y\u1ebfu tr\u00ean Facebook d\u00e0nh cho t\u1ea5t c\u1ea3 nh\u1eefng ng\u01b0\u1eddi \u1edf kh\u1eafp m\u1ecdi n\u01a1i mu\u1ed1n chia s\u1ebb v\u1ec1 nh\u1eefng n\u00e9t v\u0103n ho\u00e1 \u0111\u1eb9p, v\u1ec1 l\u1ecbch s\u1eed v\u00e0 v\u1ec1 cu\u1ed9c s\u1ed1ng hi\u1ec7n t\u1ea1i, x\u01b0a kia \u1edf H\u00e0 N\u1ed9i. Nh\u00f3m \u0111\u01b0\u1ee3c th\u00e0nh l\u1eadp t\u1eeb n\u0103m 2019 v\u00e0 \u0111\u1ebfn hi\u1ec7n t\u1ea1i \u0111\u00e3 c\u00f3 20.000 th\u00e0nh vi\u00ean tham gia, th\u1ea3o lu\u1eadn c\u00e1c ch\u1ee7 \u0111\u1ec1. Chuy\u1ec7n ng\u01b0\u1eddi H\u00e0 N\u1ed9i \u0111\u01b0\u1ee3c vi\u1ebft b\u1edfi 30 t\u00e1c gi\u1ea3 l\u00e0 th\u00e0nh vi\u00ean nh\u00f3m hi\u1ec7n t\u1ea1i.<\/p>\n","protected":false},"excerpt":{"rendered":"<p><strong>GI\u1edaI THI\u1ec6U V\u1ec0 CU\u1ed0N S\u00c1CH<\/strong><\/p>\n<p>\u201cChuy\u1ec7n ng\u01b0\u1eddi H\u00e0 N\u1ed9i\u201d\u00a0do C\u00f4ng ty S\u00e1ch v\u00e0 Truy\u1ec1n th\u00f4ng Vi\u1ec7t Nam (Tri Th\u1ee9c Tr\u1ebb Books) l\u00e0 m\u1ed9t cu\u1ed1n s\u00e1ch nh\u1ecf xinh ch\u1ee9a \u0111\u1ef1ng nh\u1eefng c\u00e2u chuy\u1ec7n, k\u1ef7 ni\u1ec7m c\u00f3 th\u1ec3 r\u1ea5t \u0111\u1ed7i th\u00e2n quen v\u1edbi nh\u1eefng ng\u01b0\u1eddi con xa x\u1ee9 \u0111\u00e3 l\u00e2u.\u00a0Cu\u1ed1n s\u00e1ch ra \u0111\u1eddi nh\u01b0 m\u1ed9t c\u00e1i duy\u00ean b\u1ea5t ng\u1edd g\u1eafn v\u1edbi H\u00e0 N\u1ed9i c\u1ee7a m\u1ed9t nh\u00f3m Facebooker mang t\u00ean H\u00e0 N\u1ed9i Tri th\u1ee9c v\u1edbi s\u1ed1 l\u01b0\u1ee3ng th\u00e0nh vi\u00ean hi\u1ec7n nay kho\u1ea3ng hai m\u01b0\u01a1i ng\u00e0n ng\u01b0\u1eddi.<\/p>\n<p>\u0110\u00fang nh\u01b0 t\u00ean s\u00e1ch &#8211; \u201cChuy\u1ec7n ng\u01b0\u1eddi H\u00e0 N\u1ed9i\u201d xoay quanh ch\u1ee7 \u0111\u1ec1 con ng\u01b0\u1eddi v\u00e0 \u0111\u1eddi s\u1ed1ng sinh ho\u1ea1t, v\u0103n h\u00f3a c\u1ee7a H\u00e0 N\u1ed9i x\u01b0a, gi\u1eefa nh\u1eefng d\u00e2u b\u1ec3 th\u0103ng tr\u1ea7m c\u1ee7a th\u1eddi cu\u1ed9c \u0111\u1ea5t n\u01b0\u1edbc. \u201cChuy\u1ec7n ng\u01b0\u1eddi H\u00e0 N\u1ed9i\u201d c\u00f3 th\u1ec3 l\u00e0 vi\u1ebft v\u1ec1 ng\u01b0\u1eddi H\u00e0 N\u1ed9i, c\u00f3 th\u1ec3 l\u00e0 chuy\u1ec7n c\u1ee7a t\u00e1c gi\u1ea3 &#8211; m\u1ed9t ng\u01b0\u1eddi H\u00e0 N\u1ed9i vi\u1ebft v\u1ec1 ch\u00ednh m\u00ecnh, v\u1ec1 H\u00e0 N\u1ed9i d\u1ea5u y\u00eau, nh\u1ea5t l\u00e0 m\u1ed7i khi m\u1ed9t m\u00f9a m\u1edbi &#8211; xu\u00e2n hay h\u1ea1, thu hay \u0111\u00f4ng \u0111ang v\u1ec1, nh\u01b0 cung b\u1eadc b\u1ed5ng tr\u1ea7m c\u1ee7a tr\u1eddi \u0111\u1ea5t. N\u1ed7i nh\u1edb c\u00f3 khi r\u1ea5t th\u1ef1c, c\u00f3 khi m\u01a1 h\u1ed3 nh\u01b0ng \u0111\u1ea7y thao th\u1ee9c, \u0111\u1ea7y \u00e1m \u1ea3nh, d\u00f9 \u0111\u00f3 l\u00e0 ng\u01b0\u1eddi Vi\u1ec7t trong n\u01b0\u1edbc hay ng\u01b0\u1eddi Vi\u1ec7t xa x\u1ee9\u2026<\/p>\n","protected":false},"featured_media":449,"comment_status":"open","ping_status":"closed","template":"","meta":[],"product_cat":[23,28,29],"product_tag":[],"class_list":["post-448","product","type-product","status-publish","has-post-thumbnail","hentry","product_cat-sach","product_cat-sach-lich-su","product_cat-sach-van-hoa"],"_links":{"self":[{"href":"https:\/\/bookscollective.vn\/index.php\/wp-json\/wp\/v2\/product\/448","targetHints":{"allow":["GET"]}}],"collection":[{"href":"https:\/\/bookscollective.vn\/index.php\/wp-json\/wp\/v2\/product"}],"about":[{"href":"https:\/\/bookscollective.vn\/index.php\/wp-json\/wp\/v2\/types\/product"}],"replies":[{"embeddable":true,"href":"https:\/\/bookscollective.vn\/index.php\/wp-json\/wp\/v2\/comments?post=448"}],"wp:featuredmedia":[{"embeddable":true,"href":"https:\/\/bookscollective.vn\/index.php\/wp-json\/wp\/v2\/media\/449"}],"wp:attachment":[{"href":"https:\/\/bookscollective.vn\/index.php\/wp-json\/wp\/v2\/media?parent=448"}],"wp:term":[{"taxonomy":"product_cat","embeddable":true,"href":"https:\/\/bookscollective.vn\/index.php\/wp-json\/wp\/v2\/product_cat?post=448"},{"taxonomy":"product_tag","embeddable":true,"href":"https:\/\/bookscollective.vn\/index.php\/wp-json\/wp\/v2\/product_tag?post=448"}],"curies":[{"name":"wp","href":"https:\/\/api.w.org\/{rel}","templated":true}]}}