{"id":446,"date":"2022-10-05T03:10:23","date_gmt":"2022-10-05T03:10:23","guid":{"rendered":"https:\/\/bookscollective.vn\/?post_type=product&#038;p=446"},"modified":"2022-10-05T03:10:23","modified_gmt":"2022-10-05T03:10:23","slug":"chuyen-nguoi-ha-noi-2","status":"publish","type":"product","link":"https:\/\/bookscollective.vn\/index.php\/product\/chuyen-nguoi-ha-noi-2\/","title":{"rendered":"Chuy\u1ec7n ng\u01b0\u1eddi h\u00e0 n\u1ed9i 2"},"content":{"rendered":"<div class=\"product_view_tab_content_ad\">\n<div id=\"product_tabs_description_contents\">\n<div id=\"desc_content\" class=\"std\">\n<p>Sau khi nh\u1eadn \u0111\u01b0\u1ee3c s\u1ef1 \u1ee7ng h\u1ed9 c\u1ee7a \u0111\u1ed9c gi\u1ea3 d\u00e0nh cho cu\u1ed1n s\u00e1ch Chuy\u1ec7n Ng\u01b0\u1eddi H\u00e0 N\u1ed9i t\u1eadp 1, nh\u00f3m nh\u1eefng t\u00e1c gi\u1ea3 \u0111\u00e3 sinh ra, l\u1edbn l\u00ean hay ch\u1ec9 \u0111i qua \u0111\u1ec3 r\u1ed3i n\u1eb7ng l\u00f2ng v\u1edbi H\u00e0 N\u1ed9i \u0111\u00e3 ti\u1ebfp t\u1ee5c cho ra m\u1eaft cu\u1ed1n s\u00e1ch th\u1ee9 2.<\/p>\n<p>\u0110\u00e3 l\u00e0 chuy\u1ec7n c\u1ee7a con tim, chuy\u1ec7n t\u00ecnh y\u00eau, \u0111\u00e2u ph\u1ea3i ch\u1ec9 l\u00e0 chuy\u1ec7n \u0111\u00f4i l\u1ee9a, m\u00e0 c\u00f3 khi l\u1ea1i l\u00e0 chuy\u1ec7n v\u1ec1 m\u1ed9t x\u1ee9 s\u1edf, m\u1ed9t m\u1ea3nh \u0111\u1ea5t n\u01a1i con ng\u01b0\u1eddi \u0111\u01b0\u1ee3c sinh ra, l\u1edbn l\u00ean, th\u1eadm ch\u00ed ch\u1ec9 l\u00e0 d\u00e2n ng\u1ee5 c\u01b0, nh\u01b0ng m\u1ed9t khi \u0111\u00e3 tr\u00f3t n\u1eb7ng l\u00f2ng th\u00ec c\u0169ng th\u1eadt kh\u00f3 d\u1ee9t.<\/p>\n<p>Chuy\u1ec7n Ng\u01b0\u1eddi H\u00e0 N\u1ed9i t\u1eadp 2 s\u1ebd d\u1eabn b\u1ea1n \u0111\u1ecdc \u0111i s\u00e2u th\u00eam v\u00e0o ng\u00f5 ng\u00e1ch v\u0103n h\u00f3a v\u00e0 \u0111\u1eddi s\u1ed1ng sinh ho\u1ea1t c\u1ee7a m\u1ed9t H\u00e0 N\u1ed9i x\u01b0a c\u0169. V\u1edbi n\u1ebfp s\u1ed1ng l\u00fac ch\u1eadm, l\u00fac gian tru\u00e2n kh\u1ed1n kh\u00f3, mang \u0111\u1eb7c \u0111i\u1ec3m v\u00e0 b\u1ea3n s\u1eafc c\u1ee7a m\u1ed9t \u0111\u00f4 th\u1ecb &#8211; \u0111an c\u00e0i v\u00e0o c\u00e1i c\u0169 tao nh\u00e3, mang \u1ea3nh h\u01b0\u1edfng v\u0103n h\u00f3a Ph\u00e1p c\u1ee7a th\u1eddi \u201cthu\u1ed9c \u0111\u1ecba\u201d v\u1edbi x\u00e1o tr\u1ed9n ng\u1ee1 ng\u00e0ng c\u1ee7a th\u1eddi bao c\u1ea5p v\u00e0 c\u00e1i b\u1ea5y b\u1edbt, h\u1ed7n \u0111\u1ed9n c\u1ee7a th\u1eddi b\u1eaft \u0111\u1ea7u \u0111\u1ed5i m\u1edbi. Kh\u00f4ng ch\u1ec9 th\u1ebf, t\u1eadp s\u00e1ch c\u00f2n l\u00e0 t\u1eadp h\u1ee3p nh\u1eefng b\u00e0i vi\u1ebft mang t\u00ednh ch\u1ea5t kh\u1ea3o c\u1ee9u nh\u01b0 ngu\u1ed3n g\u1ed1c v\u00e0 l\u1ecbch s\u1eed c\u1ee7a chi\u1ebfc xe tay, l\u1ecbch s\u1eed x\u00e2y d\u1ef1ng c\u00e2y c\u1ea7u Th\u0103ng Long\u2026<\/p>\n<p>Gi\u1eefa m\u1ecdi th\u0103ng tr\u1ea7m c\u1ee7a \u0111\u1eddi s\u1ed1ng, thi\u00ean nhi\u00ean v\u00e0 con ng\u01b0\u1eddi, H\u00e0 N\u1ed9i v\u1eabn \u0111\u1eb9p r\u1ea5t ri\u00eang, d\u00f9 kh\u00f4ng tr\u00e1nh kh\u1ecfi s\u1ef1 ph\u00f4i pha b\u1edfi quy lu\u1eadt th\u1ef1c ti\u1ec5n. Cu\u1ed1n s\u00e1ch m\u1ed9t ph\u1ea7n ghi l\u1ea1i n\u1ed7i ni\u1ec1m c\u1ee7a nh\u1eefng ng\u01b0\u1eddi mang t\u00ecnh y\u00eau tha thi\u1ebft d\u00e0nh cho m\u1ea3nh \u0111\u1ea5t n\u00e0y, c\u0169ng v\u1eeba \u0111\u1ec3 l\u01b0u gi\u1eef l\u1ea1i m\u1ed9t n\u00e9t \u0111\u1eb9p c\u1ee7a H\u00e0 N\u1ed9i x\u01b0a \u0111\u00e3 mai m\u1ed9t, d\u1ea7n ch\u1ec9 c\u00f2n trong l\u1ecbch s\u1eed v\u00e0 k\u00fd \u1ee9c.<\/p>\n<div class=\"clear\"><\/div>\n<\/div>\n<\/div>\n<\/div>\n<div class=\"clear\"><\/div>\n<div>\n<div class=\"product_view_tab_content_ad_more\">\n<div class=\"product_view_tab_content_additional\">\n<table class=\"data-table table-additional\">\n<colgroup>\n<col width=\"25%\" \/>\n<col \/><\/colgroup>\n<tbody>\n<tr>\n<th class=\"table-label\">M\u00e3 h\u00e0ng<\/th>\n<td class=\"data_sku\">8936107812791<\/td>\n<\/tr>\n<tr>\n<th class=\"table-label\">T\u00ean Nh\u00e0 Cung C\u1ea5p<\/th>\n<td class=\"data_supplier\"><a class=\"xem-chi-tiet\" href=\"https:\/\/www.fahasa.com\/sach-va-truyen-thong-viet-nam?fhs_campaign=ATTRIBUTE_PRODUCT\">C\u00d4NG TY TNHH S\u00c1CH &amp; TRUY\u1ec0N TH\u00d4NG VI\u1ec6T NAM<\/a><\/td>\n<\/tr>\n<tr>\n<th class=\"table-label\">T\u00e1c gi\u1ea3<\/th>\n<td class=\"data_author\">Nh\u00f3m H\u00e0 N\u1ed9i Tri Th\u1ee9c<\/td>\n<\/tr>\n<tr>\n<th class=\"table-label\">NXB<\/th>\n<td class=\"data_publisher\">NXB H\u00e0 N\u1ed9i<\/td>\n<\/tr>\n<tr>\n<th class=\"table-label\">N\u0103m XB<\/th>\n<td class=\"data_publish_year\">2022<\/td>\n<\/tr>\n<tr>\n<th class=\"table-label\">Ng\u00f4n Ng\u1eef<\/th>\n<td class=\"data_languages\">Ti\u1ebfng Vi\u1ec7t<\/td>\n<\/tr>\n<tr>\n<th class=\"table-label\">Tr\u1ecdng l\u01b0\u1ee3ng (gr)<\/th>\n<td class=\"data_weight\">450<\/td>\n<\/tr>\n<tr>\n<th class=\"table-label\">K\u00edch Th\u01b0\u1edbc Bao B\u00ec<\/th>\n<td class=\"data_size\">24 x 16 cm<\/td>\n<\/tr>\n<tr>\n<th class=\"table-label\">S\u1ed1 trang<\/th>\n<td class=\"data_qty_of_page\">304<\/td>\n<\/tr>\n<tr>\n<th class=\"table-label\">H\u00ecnh th\u1ee9c<\/th>\n<td class=\"data_book_layout\">B\u00eca C\u1ee9ng<\/td>\n<\/tr>\n<tr>\n<th class=\"table-label\">S\u1ea3n ph\u1ea9m hi\u1ec3n th\u1ecb trong<\/th>\n<td>\n<ul class=\"fhs_product_link\">\n<li><a href=\"https:\/\/www.fahasa.com\/sach-va-truyen-thong-viet-nam?fhs_campaign=INTERNAL_LINKING\">C\u00d4NG TY TNHH S\u00c1CH &amp; TRUY\u1ec0N TH\u00d4NG VI\u1ec6T NAM<\/a><\/li>\n<\/ul>\n<\/td>\n<\/tr>\n<tr>\n<th class=\"table-label\">S\u1ea3n ph\u1ea9m b\u00e1n ch\u1ea1y nh\u1ea5t<\/th>\n<td><a href=\"https:\/\/www.fahasa.com\/sach-trong-nuoc\/van-hoc-trong-nuoc\/truyen-ngan-tan-van.html?order=num_orders_month\">Top 100 s\u1ea3n ph\u1ea9m Truy\u1ec7n ng\u1eafn &#8211; T\u1ea3n V\u0103n b\u00e1n ch\u1ea1y c\u1ee7a th\u00e1ng<\/a><\/td>\n<\/tr>\n<tr>\n<td colspan=\"2\">Gi\u00e1 s\u1ea3n ph\u1ea9m tr\u00ean Fahasa.com \u0111\u00e3 bao g\u1ed3m thu\u1ebf theo lu\u1eadt hi\u1ec7n h\u00e0nh. B\u00ean c\u1ea1nh \u0111\u00f3, tu\u1ef3 v\u00e0o lo\u1ea1i s\u1ea3n ph\u1ea9m, h\u00ecnh th\u1ee9c v\u00e0 \u0111\u1ecba ch\u1ec9 giao h\u00e0ng m\u00e0 c\u00f3 th\u1ec3 ph\u00e1t sinh th\u00eam chi ph\u00ed kh\u00e1c nh\u01b0 Ph\u1ee5 ph\u00ed \u0111\u00f3ng g\u00f3i, ph\u00ed v\u1eadn chuy\u1ec3n, ph\u1ee5 ph\u00ed h\u00e0ng c\u1ed3ng k\u1ec1nh,&#8230;<\/td>\n<\/tr>\n<\/tbody>\n<\/table>\n<\/div>\n<div class=\"clear\"><\/div>\n<div id=\"product_tabs_description_contents\">\n<div id=\"desc_content\" class=\"std\">\n<p>Sau khi nh\u1eadn \u0111\u01b0\u1ee3c s\u1ef1 \u1ee7ng h\u1ed9 c\u1ee7a \u0111\u1ed9c gi\u1ea3 d\u00e0nh cho cu\u1ed1n s\u00e1ch Chuy\u1ec7n Ng\u01b0\u1eddi H\u00e0 N\u1ed9i t\u1eadp 1, nh\u00f3m nh\u1eefng t\u00e1c gi\u1ea3 \u0111\u00e3 sinh ra, l\u1edbn l\u00ean hay ch\u1ec9 \u0111i qua \u0111\u1ec3 r\u1ed3i n\u1eb7ng l\u00f2ng v\u1edbi H\u00e0 N\u1ed9i \u0111\u00e3 ti\u1ebfp t\u1ee5c cho ra m\u1eaft cu\u1ed1n s\u00e1ch th\u1ee9 2.<\/p>\n<p>\u0110\u00e3 l\u00e0 chuy\u1ec7n c\u1ee7a con tim, chuy\u1ec7n t\u00ecnh y\u00eau, \u0111\u00e2u ph\u1ea3i ch\u1ec9 l\u00e0 chuy\u1ec7n \u0111\u00f4i l\u1ee9a, m\u00e0 c\u00f3 khi l\u1ea1i l\u00e0 chuy\u1ec7n v\u1ec1 m\u1ed9t x\u1ee9 s\u1edf, m\u1ed9t m\u1ea3nh \u0111\u1ea5t n\u01a1i con ng\u01b0\u1eddi \u0111\u01b0\u1ee3c sinh ra, l\u1edbn l\u00ean, th\u1eadm ch\u00ed ch\u1ec9 l\u00e0 d\u00e2n ng\u1ee5 c\u01b0, nh\u01b0ng m\u1ed9t khi \u0111\u00e3 tr\u00f3t n\u1eb7ng l\u00f2ng th\u00ec c\u0169ng th\u1eadt kh\u00f3 d\u1ee9t.<\/p>\n<p>Chuy\u1ec7n Ng\u01b0\u1eddi H\u00e0 N\u1ed9i t\u1eadp 2 s\u1ebd d\u1eabn b\u1ea1n \u0111\u1ecdc \u0111i s\u00e2u th\u00eam v\u00e0o ng\u00f5 ng\u00e1ch v\u0103n h\u00f3a v\u00e0 \u0111\u1eddi s\u1ed1ng sinh ho\u1ea1t c\u1ee7a m\u1ed9t H\u00e0 N\u1ed9i x\u01b0a c\u0169. V\u1edbi n\u1ebfp s\u1ed1ng l\u00fac ch\u1eadm, l\u00fac gian tru\u00e2n kh\u1ed1n kh\u00f3, mang \u0111\u1eb7c \u0111i\u1ec3m v\u00e0 b\u1ea3n s\u1eafc c\u1ee7a m\u1ed9t \u0111\u00f4 th\u1ecb &#8211; \u0111an c\u00e0i v\u00e0o c\u00e1i c\u0169 tao nh\u00e3, mang \u1ea3nh h\u01b0\u1edfng v\u0103n h\u00f3a Ph\u00e1p c\u1ee7a th\u1eddi \u201cthu\u1ed9c \u0111\u1ecba\u201d v\u1edbi x\u00e1o tr\u1ed9n ng\u1ee1 ng\u00e0ng c\u1ee7a th\u1eddi bao c\u1ea5p v\u00e0 c\u00e1i b\u1ea5y b\u1edbt, h\u1ed7n \u0111\u1ed9n c\u1ee7a th\u1eddi b\u1eaft \u0111\u1ea7u \u0111\u1ed5i m\u1edbi. Kh\u00f4ng ch\u1ec9 th\u1ebf, t\u1eadp s\u00e1ch c\u00f2n l\u00e0 t\u1eadp h\u1ee3p nh\u1eefng b\u00e0i vi\u1ebft mang t\u00ednh ch\u1ea5t kh\u1ea3o c\u1ee9u nh\u01b0 ngu\u1ed3n g\u1ed1c v\u00e0 l\u1ecbch s\u1eed c\u1ee7a chi\u1ebfc xe tay, l\u1ecbch s\u1eed x\u00e2y d\u1ef1ng c\u00e2y c\u1ea7u Th\u0103ng Long\u2026<\/p>\n<p>Gi\u1eefa m\u1ecdi th\u0103ng tr\u1ea7m c\u1ee7a \u0111\u1eddi s\u1ed1ng, thi\u00ean nhi\u00ean v\u00e0 con ng\u01b0\u1eddi, H\u00e0 N\u1ed9i v\u1eabn \u0111\u1eb9p r\u1ea5t ri\u00eang, d\u00f9 kh\u00f4ng tr\u00e1nh kh\u1ecfi s\u1ef1 ph\u00f4i pha b\u1edfi quy lu\u1eadt th\u1ef1c ti\u1ec5n. Cu\u1ed1n s\u00e1ch m\u1ed9t ph\u1ea7n ghi l\u1ea1i n\u1ed7i ni\u1ec1m c\u1ee7a nh\u1eefng ng\u01b0\u1eddi mang t\u00ecnh y\u00eau tha thi\u1ebft d\u00e0nh cho m\u1ea3nh \u0111\u1ea5t n\u00e0y, c\u0169ng v\u1eeba \u0111\u1ec3 l\u01b0u gi\u1eef l\u1ea1i m\u1ed9t n\u00e9t \u0111\u1eb9p c\u1ee7a H\u00e0 N\u1ed9i x\u01b0a \u0111\u00e3 mai m\u1ed9t, d\u1ea7n ch\u1ec9 c\u00f2n trong l\u1ecbch s\u1eed v\u00e0 k\u00fd \u1ee9c.<\/p>\n<\/div>\n<\/div>\n<\/div>\n<\/div>\n","protected":false},"excerpt":{"rendered":"<ol>\n<li><strong>TH\u00d4NG TIN S\u00c1CH<\/strong><\/li>\n<\/ol>\n<p><strong><em>T\u00ean s\u00e1ch:<\/em><\/strong>\u00a0Chuy\u1ec7n Ng\u01b0\u1eddi H\u00e0 N\u1ed9i **<\/p>\n<p><strong><em>Th\u1ec3 lo\u1ea1i:<\/em><\/strong>\u00a0T\u1ea3n v\u0103n<\/p>\n<p><strong><em>T\u00e1c gi\u1ea3:<\/em><\/strong>\u00a0Nh\u00f3m H\u00e0 N\u1ed9i tri th\u1ee9c<\/p>\n<p><strong><em>Kh\u1ed5 s\u00e1ch:<\/em><\/strong>\u00a016&#215;24 cm<\/p>\n<p><strong><em>S\u1ed1 trang:<\/em><\/strong>\u00a0304 trang<\/p>\n<p><strong><em>H\u00ecnh th\u1ee9c:\u00a0<\/em><\/strong>B\u00eca c\u1ee9ng<\/p>\n<p><strong><em>Gi\u00e1 b\u00eca:<\/em><\/strong>\u00a0199.000 \u0111<\/p>\n<p><strong><em>S\u1ed1 ISBN:<\/em><\/strong>\u00a0978-604-339-796-3<\/p>\n<p><strong><em>M\u00e3 v\u1ea1ch:<\/em><\/strong>\u00a0893-610-781-279-1<\/p>\n<p><strong><em>\u0110\u01a1n v\u1ecb li\u00ean k\u1ebft:<\/em><\/strong>\u00a0Tri Th\u1ee9c Tr\u1ebb Books &amp; NXB H\u00e0 N\u1ed9i<\/p>\n<p><strong><em>Ng\u00e0y ph\u00e1t h\u00e0nh d\u1ef1 ki\u1ebfn:<\/em><\/strong>\u00a002\/2022<\/p>\n","protected":false},"featured_media":447,"comment_status":"open","ping_status":"closed","template":"","meta":[],"product_cat":[23,28,29],"product_tag":[],"class_list":["post-446","product","type-product","status-publish","has-post-thumbnail","hentry","product_cat-sach","product_cat-sach-lich-su","product_cat-sach-van-hoa"],"_links":{"self":[{"href":"https:\/\/bookscollective.vn\/index.php\/wp-json\/wp\/v2\/product\/446","targetHints":{"allow":["GET"]}}],"collection":[{"href":"https:\/\/bookscollective.vn\/index.php\/wp-json\/wp\/v2\/product"}],"about":[{"href":"https:\/\/bookscollective.vn\/index.php\/wp-json\/wp\/v2\/types\/product"}],"replies":[{"embeddable":true,"href":"https:\/\/bookscollective.vn\/index.php\/wp-json\/wp\/v2\/comments?post=446"}],"wp:featuredmedia":[{"embeddable":true,"href":"https:\/\/bookscollective.vn\/index.php\/wp-json\/wp\/v2\/media\/447"}],"wp:attachment":[{"href":"https:\/\/bookscollective.vn\/index.php\/wp-json\/wp\/v2\/media?parent=446"}],"wp:term":[{"taxonomy":"product_cat","embeddable":true,"href":"https:\/\/bookscollective.vn\/index.php\/wp-json\/wp\/v2\/product_cat?post=446"},{"taxonomy":"product_tag","embeddable":true,"href":"https:\/\/bookscollective.vn\/index.php\/wp-json\/wp\/v2\/product_tag?post=446"}],"curies":[{"name":"wp","href":"https:\/\/api.w.org\/{rel}","templated":true}]}}