{"id":441,"date":"2022-10-05T02:50:34","date_gmt":"2022-10-05T02:50:34","guid":{"rendered":"https:\/\/bookscollective.vn\/?post_type=product&#038;p=441"},"modified":"2022-10-05T02:50:34","modified_gmt":"2022-10-05T02:50:34","slug":"su-ki-tu-ma-thien-ban-ki","status":"publish","type":"product","link":"https:\/\/bookscollective.vn\/index.php\/product\/su-ki-tu-ma-thien-ban-ki\/","title":{"rendered":"S\u1eed k\u00ed t\u01b0 m\u00e3 thi\u00ean (b\u1ea3n k\u1ec9)"},"content":{"rendered":"<p>Cu\u1ed1n s\u00e1ch l\u00e0 b\u1ed9 th\u00f4ng s\u1eed \u0111\u1ea7u ti\u00ean tr\u00ean th\u1ebf gi\u1edbi ph\u1ea3n \u00e1nh l\u1ecbch s\u1eed Trung Qu\u1ed1c trong h\u01a1n 3000 n\u0103m t\u1eeb th\u1eddi hi\u00ean vi\u00ean theo truy\u1ec1n thuy\u1ebft c\u1ed5 \u0111\u1ea1i t\u1edbi nh\u1eefng n\u0103m Th\u00e1i S\u01a1 th\u1eddi H\u00e1n V\u0169 \u0111\u1ebf. S\u1eed k\u00fd t\u01b0 m\u00e3 thi\u00ean g\u1ed3m 52 v\u1ea1n ch\u1eef, 130 thi\u00ean, chia l\u00e0 5 ph\u1ea7n: B\u1ea3n k\u1ef7, bi\u1ec3u, th\u01b0, th\u1ebf gia, li\u1ec7t truy\u1ec7n<\/p>\n","protected":false},"excerpt":{"rendered":"<p>Cu\u1ed1n s\u00e1ch l\u00e0 b\u1ed9 th\u00f4ng s\u1eed \u0111\u1ea7u ti\u00ean tr\u00ean th\u1ebf gi\u1edbi ph\u1ea3n \u00e1nh l\u1ecbch s\u1eed Trung Qu\u1ed1c trong h\u01a1n 3000 n\u0103m t\u1eeb th\u1eddi hi\u00ean vi\u00ean theo truy\u1ec1n thuy\u1ebft c\u1ed5 \u0111\u1ea1i t\u1edbi nh\u1eefng n\u0103m Th\u00e1i S\u01a1 th\u1eddi H\u00e1n V\u0169 \u0111\u1ebf. S\u1eed k\u00fd t\u01b0 m\u00e3 thi\u00ean g\u1ed3m 52 v\u1ea1n ch\u1eef, 130 thi\u00ean, chia l\u00e0 5 ph\u1ea7n: B\u1ea3n k\u1ef7, bi\u1ec3u, th\u01b0, th\u1ebf gia, li\u1ec7t truy\u1ec7n<\/p>\n","protected":false},"featured_media":442,"comment_status":"open","ping_status":"closed","template":"","meta":[],"product_cat":[23,29],"product_tag":[],"class_list":["post-441","product","type-product","status-publish","has-post-thumbnail","hentry","product_cat-sach","product_cat-sach-van-hoa"],"_links":{"self":[{"href":"https:\/\/bookscollective.vn\/index.php\/wp-json\/wp\/v2\/product\/441","targetHints":{"allow":["GET"]}}],"collection":[{"href":"https:\/\/bookscollective.vn\/index.php\/wp-json\/wp\/v2\/product"}],"about":[{"href":"https:\/\/bookscollective.vn\/index.php\/wp-json\/wp\/v2\/types\/product"}],"replies":[{"embeddable":true,"href":"https:\/\/bookscollective.vn\/index.php\/wp-json\/wp\/v2\/comments?post=441"}],"wp:featuredmedia":[{"embeddable":true,"href":"https:\/\/bookscollective.vn\/index.php\/wp-json\/wp\/v2\/media\/442"}],"wp:attachment":[{"href":"https:\/\/bookscollective.vn\/index.php\/wp-json\/wp\/v2\/media?parent=441"}],"wp:term":[{"taxonomy":"product_cat","embeddable":true,"href":"https:\/\/bookscollective.vn\/index.php\/wp-json\/wp\/v2\/product_cat?post=441"},{"taxonomy":"product_tag","embeddable":true,"href":"https:\/\/bookscollective.vn\/index.php\/wp-json\/wp\/v2\/product_tag?post=441"}],"curies":[{"name":"wp","href":"https:\/\/api.w.org\/{rel}","templated":true}]}}