{"id":425,"date":"2022-10-04T13:29:08","date_gmt":"2022-10-04T13:29:08","guid":{"rendered":"https:\/\/bookscollective.vn\/?post_type=product&#038;p=425"},"modified":"2022-10-04T13:29:08","modified_gmt":"2022-10-04T13:29:08","slug":"su-troi-day-va-suy-tan-cua-de-che-thu-3","status":"publish","type":"product","link":"https:\/\/bookscollective.vn\/index.php\/product\/su-troi-day-va-suy-tan-cua-de-che-thu-3\/","title":{"rendered":"S\u1ef1 tr\u1ed7i d\u1eady v\u00e0 suy t\u00e0n c\u1ee7a \u0111\u1ebf ch\u1ebf th\u1ee9 3"},"content":{"rendered":"<div class=\"product_view_tab_content_ad\">\n<div id=\"product_tabs_description_contents\">\n<div id=\"desc_content\" class=\"std\">\n<p><strong>William Lawrence Shirer<\/strong>\u00a0(1904 \u2013 1993) l\u00e0 m\u1ed9t nh\u00e0 b\u00e1o, ph\u00f3ng vi\u00ean ng\u01b0\u1eddi M\u1ef9. T\u00e1c ph\u1ea9m \u201cS\u1ef1 tr\u1ed7i d\u1eady v\u00e0 suy t\u00e0n c\u1ee7a \u0110\u1ebf ch\u1ebf Th\u1ee9 Ba\u201c c\u1ee7a \u00f4ng vi\u1ebft v\u1ec1 \u0110\u1ee9c Qu\u1ed1c x\u00e3 \u0111\u00e3 \u0111\u01b0\u1ee3c t\u00ecm \u0111\u1ecdc l\u00e0m tr\u00edch d\u1eabn trong r\u1ea5t nhi\u1ec1u c\u00e1c c\u00f4ng tr\u00ecnh h\u1ecdc thu\u1eadt trong su\u1ed1t 50 n\u0103m.<\/p>\n<p>William L.Shirer \u0111\u00e3 c\u00f3 c\u01a1 h\u1ed9i \u0111\u01b0\u1ee3c quan s\u00e1t, t\u01b0\u1eddng thu\u1eadt cu\u1ed9c s\u1ed1ng c\u1ee7a \u0110\u1ee9c Qu\u1ed1c x\u00e3 t\u1eeb n\u0103m 1925 khi l\u00e0m m\u1ed9t ph\u00f3ng vi\u00ean t\u00e1c nghi\u1ec7p \u1edf \u0111\u00e2y, c\u00f9ng v\u1edbi \u0111\u00f3, \u00f4ng c\u00f2n \u0111\u01b0\u1ee3c ti\u1ebfp c\u1eadn c\u00e1c nh\u00e0 l\u00e3nh \u0111\u1ea1o \u0110\u1ee9c Qu\u1ed1c x\u00e3 h\u00e0ng \u0111\u00e2u. Sau chi\u1ebfn tranh, \u00f4ng tham d\u1ef1 c\u00e1c phi\u00ean t\u00f2a x\u1eed t\u1ed9i ph\u1ea1m chi\u1ebfn tranh. \u00d4ng \u0111\u00e3 b\u1ecf ra 5 n\u0103m r\u01b0\u1ee1i \u0111\u1ec3 r\u00e0 so\u00e1t t\u1eebng \u0111\u1ed1ng t\u00e0i li\u1ec7u. T\u1eeb nh\u1eefng ngu\u1ed3n n\u00e0y v\u00e0 c\u0169ng t\u1eeb th\u00f4ng tin t\u1ef1 thu th\u1eadp \u1edf \u0110\u1ee9c v\u00e0 ch\u00e2u \u00c2u trong h\u01a1n 4 th\u1eadp k\u1ef7, \u00f4ng \u0111\u00e3 t\u1ed5ng h\u1ee3p n\u00ean m\u1ed9t thi\u00ean s\u1eed li\u1ec7u c\u1ee7a m\u1ed9t trong nh\u1eefng th\u1eddi k\u1ef3 h\u00e3i h\u00f9ng nh\u1ea5t trong l\u1ecbch s\u1eed nh\u00e2n lo\u1ea1i.<\/p>\n<p>T\u1eeb khi \u0111\u01b0\u1ee3c xu\u1ea5t b\u1ea3n n\u0103m 1960, nghi\u00ean c\u1ee9u b\u1ea5t h\u1ee7 c\u1ee7a Shirer v\u1ec1 \u0111\u1ebf ch\u1ebf c\u1ee7a Hitler \u0111\u00e3 \u0111\u01b0\u1ee3c ca ng\u1ee3i r\u1ed9ng kh\u1eafp nh\u01b0 m\u1ed9t h\u1ed3 s\u01a1 cu\u1ed1i c\u00f9ng v\u1ec1 nh\u1eefng th\u1eddi kh\u1eafc \u0111en t\u1ed1i c\u1ee7a th\u1ebf k\u1ef7 XX. C\u00f9ng v\u1edbi h\u00e0ng tri\u1ec7u b\u1ea3n in \u0111\u01b0\u1ee3c ph\u00e1t h\u00e0nh tr\u00ean to\u00e0n c\u1ea7u, n\u00f3 th\u1ef1c s\u1ef1 l\u00e0 m\u1ed9t c\u00f4ng tr\u00ecnh \u0111\u1ea7y s\u1ee9c s\u1ed1ng v\u00e0 c\u00f3 gi\u00e1 tr\u1ecb b\u1ec1n l\u00e2u.<\/p>\n<div class=\"clear\"><\/div>\n<\/div>\n<\/div>\n<\/div>\n<div class=\"clear\"><\/div>\n<div>\n<div class=\"product_view_tab_content_ad_more\">\n<div class=\"product_view_tab_content_additional\">\n<table class=\"data-table table-additional\">\n<colgroup>\n<col width=\"25%\" \/>\n<col \/><\/colgroup>\n<tbody>\n<tr>\n<th class=\"table-label\">M\u00e3 h\u00e0ng<\/th>\n<td class=\"data_sku\">9786048056148<\/td>\n<\/tr>\n<tr>\n<th class=\"table-label\">T\u00ean Nh\u00e0 Cung C\u1ea5p<\/th>\n<td class=\"data_supplier\"><a class=\"xem-chi-tiet\" href=\"https:\/\/www.fahasa.com\/bach-viet?fhs_campaign=ATTRIBUTE_PRODUCT\">B\u00e1ch Vi\u1ec7t<\/a><\/td>\n<\/tr>\n<tr>\n<th class=\"table-label\">T\u00e1c gi\u1ea3<\/th>\n<td class=\"data_author\">William L Shirer<\/td>\n<\/tr>\n<tr>\n<th class=\"table-label\">NXB<\/th>\n<td class=\"data_publisher\">NXB Th\u00f4ng tin v\u00e0 Truy\u1ec1n th\u00f4ng<\/td>\n<\/tr>\n<tr>\n<th class=\"table-label\">N\u0103m XB<\/th>\n<td class=\"data_publish_year\">2021<\/td>\n<\/tr>\n<tr>\n<th class=\"table-label\">Tr\u1ecdng l\u01b0\u1ee3ng (gr)<\/th>\n<td class=\"data_weight\">1700<\/td>\n<\/tr>\n<tr>\n<th class=\"table-label\">K\u00edch Th\u01b0\u1edbc Bao B\u00ec<\/th>\n<td class=\"data_size\">24 x 16 cm<\/td>\n<\/tr>\n<tr>\n<th class=\"table-label\">S\u1ed1 trang<\/th>\n<td class=\"data_qty_of_page\">1504<\/td>\n<\/tr>\n<tr>\n<th class=\"table-label\">H\u00ecnh th\u1ee9c<\/th>\n<td class=\"data_book_layout\">B\u00eca M\u1ec1m<\/td>\n<\/tr>\n<tr>\n<th class=\"table-label\">S\u1ea3n ph\u1ea9m hi\u1ec3n th\u1ecb trong<\/th>\n<td>\n<ul class=\"fhs_product_link\">\n<li><a href=\"https:\/\/www.fahasa.com\/bach-viet?fhs_campaign=INTERNAL_LINKING\">B\u00e1ch Vi\u1ec7t<\/a><\/li>\n<\/ul>\n<\/td>\n<\/tr>\n<tr>\n<th class=\"table-label\">S\u1ea3n ph\u1ea9m b\u00e1n ch\u1ea1y nh\u1ea5t<\/th>\n<td><a href=\"https:\/\/www.fahasa.com\/sach-trong-nuoc\/lich-su-dia-ly-ton-giao\/lich-su.html?order=num_orders_month\">Top 100 s\u1ea3n ph\u1ea9m L\u1ecbch S\u1eed b\u00e1n ch\u1ea1y c\u1ee7a th\u00e1ng<\/a><\/td>\n<\/tr>\n<tr>\n<td colspan=\"2\">Gi\u00e1 s\u1ea3n ph\u1ea9m tr\u00ean Fahasa.com \u0111\u00e3 bao g\u1ed3m thu\u1ebf theo lu\u1eadt hi\u1ec7n h\u00e0nh. B\u00ean c\u1ea1nh \u0111\u00f3, tu\u1ef3 v\u00e0o lo\u1ea1i s\u1ea3n ph\u1ea9m, h\u00ecnh th\u1ee9c v\u00e0 \u0111\u1ecba ch\u1ec9 giao h\u00e0ng m\u00e0 c\u00f3 th\u1ec3 ph\u00e1t sinh th\u00eam chi ph\u00ed kh\u00e1c nh\u01b0 Ph\u1ee5 ph\u00ed \u0111\u00f3ng g\u00f3i, ph\u00ed v\u1eadn chuy\u1ec3n, ph\u1ee5 ph\u00ed h\u00e0ng c\u1ed3ng k\u1ec1nh,&#8230;<\/td>\n<\/tr>\n<\/tbody>\n<\/table>\n<\/div>\n<div class=\"clear\"><\/div>\n<div id=\"product_tabs_description_contents\">\n<div id=\"desc_content\" class=\"std\">\n<p><strong>William Lawrence Shirer<\/strong>\u00a0(1904 \u2013 1993) l\u00e0 m\u1ed9t nh\u00e0 b\u00e1o, ph\u00f3ng vi\u00ean ng\u01b0\u1eddi M\u1ef9. T\u00e1c ph\u1ea9m \u201cS\u1ef1 tr\u1ed7i d\u1eady v\u00e0 suy t\u00e0n c\u1ee7a \u0110\u1ebf ch\u1ebf Th\u1ee9 Ba\u201c c\u1ee7a \u00f4ng vi\u1ebft v\u1ec1 \u0110\u1ee9c Qu\u1ed1c x\u00e3 \u0111\u00e3 \u0111\u01b0\u1ee3c t\u00ecm \u0111\u1ecdc l\u00e0m tr\u00edch d\u1eabn trong r\u1ea5t nhi\u1ec1u c\u00e1c c\u00f4ng tr\u00ecnh h\u1ecdc thu\u1eadt trong su\u1ed1t 50 n\u0103m.<\/p>\n<p>William L.Shirer \u0111\u00e3 c\u00f3 c\u01a1 h\u1ed9i \u0111\u01b0\u1ee3c quan s\u00e1t, t\u01b0\u1eddng thu\u1eadt cu\u1ed9c s\u1ed1ng c\u1ee7a \u0110\u1ee9c Qu\u1ed1c x\u00e3 t\u1eeb n\u0103m 1925 khi l\u00e0m m\u1ed9t ph\u00f3ng vi\u00ean t\u00e1c nghi\u1ec7p \u1edf \u0111\u00e2y, c\u00f9ng v\u1edbi \u0111\u00f3, \u00f4ng c\u00f2n \u0111\u01b0\u1ee3c ti\u1ebfp c\u1eadn c\u00e1c nh\u00e0 l\u00e3nh \u0111\u1ea1o \u0110\u1ee9c Qu\u1ed1c x\u00e3 h\u00e0ng \u0111\u00e2u. Sau chi\u1ebfn tranh, \u00f4ng tham d\u1ef1 c\u00e1c phi\u00ean t\u00f2a x\u1eed t\u1ed9i ph\u1ea1m chi\u1ebfn tranh. \u00d4ng \u0111\u00e3 b\u1ecf ra 5 n\u0103m r\u01b0\u1ee1i \u0111\u1ec3 r\u00e0 so\u00e1t t\u1eebng \u0111\u1ed1ng t\u00e0i li\u1ec7u. T\u1eeb nh\u1eefng ngu\u1ed3n n\u00e0y v\u00e0 c\u0169ng t\u1eeb th\u00f4ng tin t\u1ef1 thu th\u1eadp \u1edf \u0110\u1ee9c v\u00e0 ch\u00e2u \u00c2u trong h\u01a1n 4 th\u1eadp k\u1ef7, \u00f4ng \u0111\u00e3 t\u1ed5ng h\u1ee3p n\u00ean m\u1ed9t thi\u00ean s\u1eed li\u1ec7u c\u1ee7a m\u1ed9t trong nh\u1eefng th\u1eddi k\u1ef3 h\u00e3i h\u00f9ng nh\u1ea5t trong l\u1ecbch s\u1eed nh\u00e2n lo\u1ea1i.<\/p>\n<p>T\u1eeb khi \u0111\u01b0\u1ee3c xu\u1ea5t b\u1ea3n n\u0103m 1960, nghi\u00ean c\u1ee9u b\u1ea5t h\u1ee7 c\u1ee7a Shirer v\u1ec1 \u0111\u1ebf ch\u1ebf c\u1ee7a Hitler \u0111\u00e3 \u0111\u01b0\u1ee3c ca ng\u1ee3i r\u1ed9ng kh\u1eafp nh\u01b0 m\u1ed9t h\u1ed3 s\u01a1 cu\u1ed1i c\u00f9ng v\u1ec1 nh\u1eefng th\u1eddi kh\u1eafc \u0111en t\u1ed1i c\u1ee7a th\u1ebf k\u1ef7 XX. C\u00f9ng v\u1edbi h\u00e0ng tri\u1ec7u b\u1ea3n in \u0111\u01b0\u1ee3c ph\u00e1t h\u00e0nh tr\u00ean to\u00e0n c\u1ea7u, n\u00f3 th\u1ef1c s\u1ef1 l\u00e0 m\u1ed9t c\u00f4ng tr\u00ecnh \u0111\u1ea7y s\u1ee9c s\u1ed1ng v\u00e0 c\u00f3 gi\u00e1 tr\u1ecb b\u1ec1n l\u00e2u.<\/p>\n<\/div>\n<\/div>\n<\/div>\n<\/div>\n","protected":false},"excerpt":{"rendered":"<p>William Lawrence Shirer (1904 \u2013 1993) l\u00e0 m\u1ed9t nh\u00e0 b\u00e1o, ph\u00f3ng vi\u00ean ng\u01b0\u1eddi M\u1ef9. T\u00e1c ph\u1ea9m \u201cS\u1ef1 tr\u1ed7i d\u1eady v\u00e0 suy t\u00e0n c\u1ee7a \u0110\u1ebf ch\u1ebf Th\u1ee9 Ba\u201c c\u1ee7a \u00f4ng vi\u1ebft v\u1ec1 \u0110\u1ee9c Qu\u1ed1c x\u00e3 \u0111\u00e3 \u0111\u01b0\u1ee3c t\u00ecm \u0111\u1ecdc l\u00e0m tr\u00edch d\u1eabn trong r\u1ea5t nhi\u1ec1u c\u00e1c c\u00f4ng tr\u00ecnh h\u1ecdc thu\u1eadt trong su\u1ed1t 50 n\u0103m.<\/p>\n","protected":false},"featured_media":426,"comment_status":"open","ping_status":"closed","template":"","meta":[],"product_cat":[23,28],"product_tag":[],"class_list":["post-425","product","type-product","status-publish","has-post-thumbnail","hentry","product_cat-sach","product_cat-sach-lich-su"],"_links":{"self":[{"href":"https:\/\/bookscollective.vn\/index.php\/wp-json\/wp\/v2\/product\/425","targetHints":{"allow":["GET"]}}],"collection":[{"href":"https:\/\/bookscollective.vn\/index.php\/wp-json\/wp\/v2\/product"}],"about":[{"href":"https:\/\/bookscollective.vn\/index.php\/wp-json\/wp\/v2\/types\/product"}],"replies":[{"embeddable":true,"href":"https:\/\/bookscollective.vn\/index.php\/wp-json\/wp\/v2\/comments?post=425"}],"wp:featuredmedia":[{"embeddable":true,"href":"https:\/\/bookscollective.vn\/index.php\/wp-json\/wp\/v2\/media\/426"}],"wp:attachment":[{"href":"https:\/\/bookscollective.vn\/index.php\/wp-json\/wp\/v2\/media?parent=425"}],"wp:term":[{"taxonomy":"product_cat","embeddable":true,"href":"https:\/\/bookscollective.vn\/index.php\/wp-json\/wp\/v2\/product_cat?post=425"},{"taxonomy":"product_tag","embeddable":true,"href":"https:\/\/bookscollective.vn\/index.php\/wp-json\/wp\/v2\/product_tag?post=425"}],"curies":[{"name":"wp","href":"https:\/\/api.w.org\/{rel}","templated":true}]}}