{"id":411,"date":"2022-10-04T12:43:13","date_gmt":"2022-10-04T12:43:13","guid":{"rendered":"https:\/\/bookscollective.vn\/?post_type=product&#038;p=411"},"modified":"2022-10-04T12:43:13","modified_gmt":"2022-10-04T12:43:13","slug":"martin-heidegger-va-tu-tuong-hien-dai","status":"publish","type":"product","link":"https:\/\/bookscollective.vn\/index.php\/product\/martin-heidegger-va-tu-tuong-hien-dai\/","title":{"rendered":"Martin Heidegger v\u00e0 t\u01b0 t\u01b0\u1edfng hi\u1ec7n \u0111\u1ea1i"},"content":{"rendered":"<p>MARTIN HEIDEGGER V\u00c0 T\u01af T\u01af\u1edeNG HI\u1ec6N \u0110\u1ea0I\u00a0c\u1ee7a B\u00f9i Gi\u00e1ng (1926-1998) \u0111\u01b0\u1ee3c xu\u1ea5t b\u1ea3n l\u1ea7n \u0111\u1ea7u ti\u00ean n\u0103m 1963 (NXB V\u0129nh Ph\u01b0\u1edbc, Saigon, t\u1ee9c NXB Qu\u1ebf S\u01a1n sau n\u00e0y) th\u00e0nh 2 t\u1eadp. \u0110\u00e2yy l\u00e0 b\u1ed9 s\u00e1ch c\u00f4ng phu nh\u1ea5t trong s\u1ed1 kh\u00e1 nhi\u1ec1u t\u00e1c ph\u1ea9m thu\u1ed9c th\u1ec3 lo\u1ea1i bi\u00ean kh\u1ea3o v\u00e0 ph\u00ea b\u00ecnh tri\u1ebft h\u1ecdc v\u00e0 v\u0103n h\u1ecdc c\u1ee7a \u00f4ng. Th\u1ec3 lo\u1ea1i n\u00e0y chi\u1ebfm m\u1ed9t s\u1ed1 l\u01b0\u1ee3ng \u0111\u00e1ng k\u1ec3 v\u00e0 c\u00f3 \u00fd ngh\u0129a quan tr\u1ecdng trong to\u00e0n b\u1ed9 v\u0103n nghi\u1ec7p kh\u00e1 \u0111\u1ed3 s\u1ed9 c\u1ee7a B\u00f9i Gi\u00e1ng g\u1ed3m h\u00e0ng ch\u1ee5c t\u1eadp th\u01a1, v\u00e0i ch\u1ee5c cu\u1ed1n ti\u1ec3u lu\u1eadn, t\u00f9y b\u00fat v\u00e0 d\u1ecbch thu\u1eadt (William Shakespeare, Andr\u00e9 Gide, Albert Camus, Antoine de Saint &#8211; Exup\u00e9ry, G\u00e9rard de N).<\/p>\n<p>Th\u1eddi gian qua, b\u00ean c\u1ea1nh m\u1ed9t s\u1ed1 thi ph\u1ea9m ra m\u1eaft l\u1ea7n \u0111\u1ea7u \u0111\u00e1nh d\u1ea5u th\u1eddi k\u1ef3 s\u00e1ng t\u00e1c t\u1eeb 1975 \u0111\u1ebfn khi \u00f4ng qua \u0111\u1eddi, m\u1ed9t s\u1ed1 t\u00e1c ph\u1ea9m c\u1ee7a \u00f4ng tr\u01b0\u1edbc \u0111\u00e2y c\u0169ng l\u1ea7n l\u01b0\u1ee3t \u0111\u01b0\u1ee3c t\u00e1i b\u1ea3n (M\u01b0a Ngu\u1ed3n, t\u1eadp th\u01a1 ch\u00ednh y\u1ebfu c\u1ee7a \u00f4ng; Ho\u00e0ng T\u1eed B\u00e9, d\u1ecbch Saint-Exup\u00e9ry; M\u00f9i H\u01b0\u01a1ng Xu\u00e2n s\u1eafc, d\u1ecbch G\u00e9rard de N) S\u1ed1 s\u00e1ch t\u00e1i b\u1ea3n tuy ch\u01b0a nhi\u1ec1u, nh\u01b0ng nh\u1eefng b\u1ea1n \u0111\u1ecdc l\u1ea7n \u0111\u1ea7u ti\u00ean \u0111\u01b0\u1ee3c ti\u1ebfp x\u00fac v\u1edbi \u00f4ng \u0111\u1ec1u th\u00edch th\u00fa c\u1ea3m nh\u1eadn m\u1ed9t gi\u1ecdng th\u01a1 th\u00e2m tr\u1ea7m \u0111\u1eb7c s\u1eafc v\u00e0 m\u1ed9t phong c\u00e1ch d\u1ecbch thu\u1eadt kho\u00e1ng \u0111\u1ea1t t\u00e0i hoa.<\/p>\n<p>V\u00e0 v\u1edbi t\u00e1c ph\u1ea9m b\u1ea1n \u0111\u1ecdc \u0111ang c\u00f3 trong tay, \u0111\u01b0\u1ee3c s\u1ef1 \u0111\u1ed3ng \u00fd c\u1ee7a gia \u0111\u00ecnh c\u1ed1 t\u00e1c gi\u1ea3, Nh\u00e0 xu\u1ea5t b\u1ea3n V\u0103n H\u1ecdc ch\u1ecdn t\u00e1i b\u1ea3n l\u1ea7n \u0111\u1ea7u ti\u00ean c\u00f4ng tr\u00ecnh ti\u00eau bi\u1ec3u cho th\u1ec3 lo\u1ea1i bi\u00ean kh\u1ea3o c\u1ee7a \u00f4ng. Tr\u1ecdng t\u00e2m cu\u1ed1n s\u00e1ch xoay quanh m\u1ed9t s\u1ed1 ch\u1ee7 \u0111\u1ec1 tri\u1ebft h\u1ecdc nh\u01b0ng \u0111\u01b0\u1ee3c t\u00e1c gi\u1ea3 l\u00fd gi\u1ea3i v\u00e0 so s\u00e1nh b\u1eb1ng nhi\u1ec1u ngu\u1ed3n t\u01b0 li\u1ec7u t\u1ed5ng h\u1ee3p \u0111\u1ebfn t\u1eeb nhi\u1ec1u ch\u00e2n tr\u1eddi v\u0103n h\u1ecdc h\u00f2a quy\u1ec7n v\u1edbi d\u00f2ng c\u00e2m x\u00fac tri\u1ec1n mi\u00ean v\u00e0 nh\u1eefng suy ni\u1ec7m s\u00e2u l\u1eafng ri\u00eang t\u01b0. Ch\u00ednh s\u1ef1 h\u00f2a quy\u1ec7n \u1ea5y \u0111\u00e3 mang l\u1ea1i v\u0103n phong \u0111\u1ed9c \u0111\u00e1o, \u0111\u1ed3ng th\u1eddi to\u00e1t l\u00ean tinh th\u1ea7n nh\u00e2n v\u0103n v\u00e0 ch\u1ea5t v\u0103n h\u1ecdc k\u1ef3 \u1ea3o c\u1ee7a ng\u1ecdn b\u00fat B\u00f9i Gi\u00e1ng.<\/p>\n","protected":false},"excerpt":{"rendered":"<p>Martin Heidegger V\u00e0 T\u01b0 T\u01b0\u1edfng Hi\u1ec7n \u0110\u1ea1i xoay quanh m\u1ed9t s\u1ed1 ch\u1ee7 \u0111\u1ec1 tri\u1ebft h\u1ecdc nh\u01b0ng \u0111\u01b0\u1ee3c t\u00e1c gi\u1ea3 l\u00fd gi\u1ea3i v\u00e0 so s\u00e1nh b\u1eb1ng nhi\u1ec1u ngu\u1ed3n t\u01b0 li\u1ec7u t\u1ed5ng h\u1ee3p \u0111\u1ebfn t\u1eeb nhi\u1ec1u ch\u00e2n tr\u1eddi v\u0103n h\u1ecdc h\u00f2a quy\u1ec7n v\u1edbi d\u00f2ng c\u00e2m x\u00fac tri\u1ec1n mi\u00ean v\u00e0 nh\u1eefng suy ni\u1ec7m s\u00e2u l\u1eafng ri\u00eang t\u01b0.<\/p>\n","protected":false},"featured_media":412,"comment_status":"open","ping_status":"closed","template":"","meta":[],"product_cat":[23,27,32],"product_tag":[],"class_list":["post-411","product","type-product","status-publish","has-post-thumbnail","hentry","product_cat-sach","product_cat-sach-khoa-hoc","product_cat-sach-ky-nang"],"_links":{"self":[{"href":"https:\/\/bookscollective.vn\/index.php\/wp-json\/wp\/v2\/product\/411","targetHints":{"allow":["GET"]}}],"collection":[{"href":"https:\/\/bookscollective.vn\/index.php\/wp-json\/wp\/v2\/product"}],"about":[{"href":"https:\/\/bookscollective.vn\/index.php\/wp-json\/wp\/v2\/types\/product"}],"replies":[{"embeddable":true,"href":"https:\/\/bookscollective.vn\/index.php\/wp-json\/wp\/v2\/comments?post=411"}],"wp:featuredmedia":[{"embeddable":true,"href":"https:\/\/bookscollective.vn\/index.php\/wp-json\/wp\/v2\/media\/412"}],"wp:attachment":[{"href":"https:\/\/bookscollective.vn\/index.php\/wp-json\/wp\/v2\/media?parent=411"}],"wp:term":[{"taxonomy":"product_cat","embeddable":true,"href":"https:\/\/bookscollective.vn\/index.php\/wp-json\/wp\/v2\/product_cat?post=411"},{"taxonomy":"product_tag","embeddable":true,"href":"https:\/\/bookscollective.vn\/index.php\/wp-json\/wp\/v2\/product_tag?post=411"}],"curies":[{"name":"wp","href":"https:\/\/api.w.org\/{rel}","templated":true}]}}