{"id":407,"date":"2022-10-04T12:30:59","date_gmt":"2022-10-04T12:30:59","guid":{"rendered":"https:\/\/bookscollective.vn\/?post_type=product&#038;p=407"},"modified":"2022-10-04T12:31:00","modified_gmt":"2022-10-04T12:31:00","slug":"tam-nhin-thay-doi-quoc-gia","status":"publish","type":"product","link":"https:\/\/bookscollective.vn\/index.php\/product\/tam-nhin-thay-doi-quoc-gia\/","title":{"rendered":"T\u1ea7m nh\u00ecn thay \u0111\u1ed5i qu\u1ed1c gia"},"content":{"rendered":"<p>&#8220;Ng\u01b0\u1eddi l\u00e3nh \u0111\u1ea1o t\u1ed1t l\u00e0 ng\u01b0\u1eddi lu\u00f4n \u0111\u1eb7t l\u1ee3i \u00edch c\u1ee7a c\u1ed9ng \u0111\u1ed3ng l\u00ean tr\u01b0\u1edbc l\u1ee3i \u00edch c\u1ee7a b\u1ea5t k\u1ef3 phe nh\u00f3m n\u00e0o.&#8221; (Mohammed bin Rashid AI Maktoum)<\/p>\n<p>T\u1eeb m\u1ed9t Ti\u1ec3u qu\u1ed1c c\u00f3 nhi\u1ec1u ng\u01b0\u1eddi d\u00e2n ch\u1ebft \u0111\u00f3i trong m\u1ed9t n\u1ec1n kinh t\u1ebf ki\u1ec7t qu\u1ec7, Dubai v\u1ee5t n\u1ed5i l\u00ean nh\u01b0 m\u1ed9t hi\u1ec7n t\u01b0\u1ee3ng th\u00e0nh c\u00f4ng v\u01b0\u1ee3t tr\u1ed9i v\u00e0 \u0111\u01b0\u1ee3c c\u1ea3 th\u1ebf gi\u1edbi ng\u01b0\u1ee1ng m\u1ed9.<\/p>\n<p>Ch\u1ec9 trong 20 n\u0103m, v\u1edbi d\u00e2n s\u1ed1 kho\u1ea3ng 2 tri\u1ec7u ng\u01b0\u1eddi tr\u00ean m\u1ed9t di\u1ec7n t\u00edch 4.000 km2, Dubai \u0111\u00e3 ph\u00e1t tri\u1ec3n th\u1ea7n k\u1ef3, tr\u1edf th\u00e0nh m\u1ed9t th\u00e0nh ph\u1ed1 to\u00e0n c\u1ea7u v\u00e0 l\u00e0 m\u1ed9t trung t\u00e2m kinh t\u1ebf c\u1ee7a th\u1ebf gi\u1edbi v\u1edbi c\u00e1c v\u1edbi c\u00e1c trung t\u00e2m t\u00e0i ch\u00ednh, c\u00f4ng ngh\u1ec7 th\u00f4ng tin, du l\u1ecbch, c\u1ea3ng bi\u1ec3n, b\u1ea5t \u0111\u1ed9ng s\u1ea3n, c\u00e1c c\u00f4ng tr\u00ecnh \u0111\u1ed3 s\u1ed9 b\u1eadc nh\u1ea5t th\u1ebf gi\u1edbi: The Palm &#8211; qu\u1ea7n \u0111\u1ea3o nh\u00e2n t\u1ea1o l\u1edbn v\u00e0 \u0111\u1eb9p nh\u1ea5t th\u1ebf gi\u1edbi; Burj Khalifa &#8211; t\u00f2a nh\u00e0 cao nh\u1ea5t th\u1ebf gi\u1edbi; Jebel Ali &#8211; c\u1ea3ng n\u01b0\u1edbc s\u00e2u nh\u00e2n t\u1ea1o l\u1edbn nh\u1ea5t th\u1ebf gi\u1edbi,<\/p>\n<p>\u0110i\u1ec1u g\u00ec \u0111\u00e3 t\u1ea1o n\u00ean s\u1ef1 k\u1ef3 di\u1ec7u \u0111\u00f3? Quy\u1ec3n s\u00e1ch n\u00e0y s\u1ebd cho ch\u00fang ta ph\u1ea7n l\u1edbn c\u00e2u tr\u1ea3 l\u1eddi, t\u1eeb ch\u00ednh Qu\u1ed1c v\u01b0\u01a1ng c\u1ee7a Dubai &#8211; Sheikh Mohammed<\/p>\n","protected":false},"excerpt":{"rendered":"<div id=\"product_view_info\" class=\"content product_view_content\">\n<div class=\"product_view_tab_content_ad\">\n<div id=\"product_tabs_description_contents\">\n<div id=\"desc_content\" class=\"std\">\n<p>T\u1eeb m\u1ed9t Ti\u1ec3u qu\u1ed1c C\u00f3 nhi\u1ec1u ng\u01b0\u1eddi d\u00e2n ch\u1ebft \u0111\u00f3i trong m\u1ed9t n\u1ec1n kinh t\u1ebf Ki\u1ec7t qu\u1ec7, Dubai v\u1ee5t n\u1ed5i l\u00ean nh\u01b0 m\u1ed9t hi\u1ec7n t\u01b0\u1ee3ng th\u00e0nh c\u00f4ng v\u01b0\u1ee3t tr\u1ed9i v\u00e0 \u0111\u01b0\u1ee3c c\u1ea3 th\u1ebf gi\u1edbi ng\u01b0\u1ee1ng m\u1ed9.<\/p>\n<p>Ch\u1ec9 trong 20 n\u0103m, v\u1edbi d\u00e2n s\u1ed1 kho\u1ea3ng 2 tri\u1ec7u ng\u01b0\u1eddi tr\u00ean m\u1ed9t di\u1ec7n t\u00edch 4.000 km, Dubai \u0111\u00e3 ph\u00e1t tri\u1ec3n th\u1ea7n k\u1ef3, tr\u1edf th\u00e0nh m\u1ed9t th\u00e0nh ph\u1ed1 to\u00e0n c\u1ea7u v\u00e0 l\u00e0 m\u1ed9t trung t\u00e2m kinh t\u1ebf c\u1ee7a th\u1ebf gi\u1edbi v\u1edbi c\u00e1c trung t\u00e2m t\u00e0i ch\u00ednh, C\u00f4ng ngh\u1ec7 th\u00f4ng tin, du l\u1ecbch, c\u1ea3ng bi\u1ec3n, b\u1ea5t \u0111\u1ed9ng s\u1ea3n, c\u00e1c C\u00f4ng tr\u00ecnh \u0111\u1ed3 s\u1ed9 b\u1eadc nh\u1ea5t th\u1ebf gi\u1edbi: The Palm &#8211; qu\u1ea7n \u0111\u1ea3o nh\u00e2n t\u1ea1o l\u1edbn v\u00e0 \u0111\u1eb9p nh\u1ea5t th\u1ebf gi\u1edbi; Burj Khalifa &#8211; t\u00f2a nh\u00e0 cao nh\u1ea5t th\u1ebf gi\u1edbi; Jebel Ali &#8211; c\u1ea3ng n\u01b0\u1edbc s\u00e2u nh\u00e2n t\u1ea1o l\u1edbn nh\u1ea5t th\u1ebf gi\u1edbi,&#8230;<\/p>\n<p>\u0110i\u1ec1u g\u00ec \u0111\u00e3 t\u1ea1o n\u00ean s\u1ef1 k\u1ef3 di\u1ec7u \u0111\u00f3? Quy\u1ec3n s\u00e1ch n\u00e0y s\u1ebd cho ch\u00fang ta ph\u1ea7n l\u1edbn c\u00e2u tr\u1ea3 l\u1eddi, t\u1eeb ch\u00ednh Qu\u1ed1c v\u01b0\u01a1ng c\u1ee7a Dubai &#8211; Sheikh Mohammed.<\/p>\n<div class=\"clear\"><\/div>\n<\/div>\n<\/div>\n<\/div>\n<div class=\"clear\"><\/div>\n<div><\/div>\n<div class=\"clear\"><\/div>\n<div id=\"desc_viewmore\" class=\"desc_viewmore\">\n<div class=\"fhs_center_center\"><a id=\"btn_showmore\" class=\"fhs_btn_default mobile_link\"><\/a>Xem Th\u00eam<\/div>\n<\/div>\n<\/div>\n<div id=\"product_view_review\" class=\"content product_view_content\"><\/div>\n","protected":false},"featured_media":408,"comment_status":"open","ping_status":"closed","template":"","meta":[],"product_cat":[23,32],"product_tag":[],"class_list":["post-407","product","type-product","status-publish","has-post-thumbnail","hentry","product_cat-sach","product_cat-sach-ky-nang"],"_links":{"self":[{"href":"https:\/\/bookscollective.vn\/index.php\/wp-json\/wp\/v2\/product\/407","targetHints":{"allow":["GET"]}}],"collection":[{"href":"https:\/\/bookscollective.vn\/index.php\/wp-json\/wp\/v2\/product"}],"about":[{"href":"https:\/\/bookscollective.vn\/index.php\/wp-json\/wp\/v2\/types\/product"}],"replies":[{"embeddable":true,"href":"https:\/\/bookscollective.vn\/index.php\/wp-json\/wp\/v2\/comments?post=407"}],"wp:featuredmedia":[{"embeddable":true,"href":"https:\/\/bookscollective.vn\/index.php\/wp-json\/wp\/v2\/media\/408"}],"wp:attachment":[{"href":"https:\/\/bookscollective.vn\/index.php\/wp-json\/wp\/v2\/media?parent=407"}],"wp:term":[{"taxonomy":"product_cat","embeddable":true,"href":"https:\/\/bookscollective.vn\/index.php\/wp-json\/wp\/v2\/product_cat?post=407"},{"taxonomy":"product_tag","embeddable":true,"href":"https:\/\/bookscollective.vn\/index.php\/wp-json\/wp\/v2\/product_tag?post=407"}],"curies":[{"name":"wp","href":"https:\/\/api.w.org\/{rel}","templated":true}]}}