{"id":394,"date":"2022-10-04T11:48:24","date_gmt":"2022-10-04T11:48:24","guid":{"rendered":"https:\/\/bookscollective.vn\/?post_type=product&#038;p=394"},"modified":"2022-10-05T07:45:51","modified_gmt":"2022-10-05T07:45:51","slug":"rung-dan-ba-dien-loan","status":"publish","type":"product","link":"https:\/\/bookscollective.vn\/index.php\/product\/rung-dan-ba-dien-loan\/","title":{"rendered":"R\u1eebng, \u0111\u00e0n b\u00e0, \u0111i\u00ean lo\u1ea1n"},"content":{"rendered":"<div class=\"ToggleContent__View-sc-1dbmfaw-0 wyACs\">\n<p dir=\"ltr\">Ta\u0301c gia\u0309 d\u1eabn ng\u01b0\u01a1\u0300i \u0111o\u0323c v\u00e0o m\u1ed9t h\u00e0nh tr\u00ecnh th\u1eadt t\u1eadp trung: cu\u1ed9c du ngo\u1ea1n v\u00e0o \u201cmi\u1ec1n m\u01a1 t\u01b0\u1edfng Giarai\u201d, \u0111i qua h\u00e0ng tr\u0103m huy\u1ec1n tho\u1ea1i c\u1ee7a h\u1ecd; v\u00e0 \u00f4ng n\u00f3i r\u00f5 v\u1edbi ng\u01b0\u01a1\u0300i \u0111o\u0323c r\u1eb1ng, \u1edf \u0111\u00e2y \u201ckh\u00f4ng ph\u1ea3i l\u00e0 nh\u1eefng huy\u1ec1n tho\u1ea1i t\u1ea7m nguy\u00ean\u201d, t\u1ee9c nh\u1eefng huy\u1ec1n tho\u1ea1i v\u1ec1 ngu\u1ed3n g\u1ed1c c\u1ee7a con ng\u01b0\u1eddi, gi\u1ed1ng lo\u00e0i ng\u01b0\u1eddi, hay c\u1ee7a d\u00e2n t\u1ed9c, m\u00e0 l\u00e0 nh\u1eefng huy\u1ec1n tho\u1ea1i v\u1ec1 c\u00e1i hi\u1ec7n t\u1ea1i, l\u00e0 nh\u1eefng m\u1ed9ng m\u1ecb c\u1ee7a nh\u1eefng con ng\u01b0\u1eddi \u0111ang s\u1ed1ng h\u00f4m nay, \u0111ang h\u0103\u0300ng ng\u00e0y s\u1ed1ng m\u1ed9t cu\u1ed9c s\u1ed1ng k\u00e9p, v\u1eeba \u201ctr\u1ea3i nghi\u1ec7m\u201d l\u1ea1i v\u1eeba m\u1ed9ng m\u1ecb \u201c\u0111\u1ed3ng th\u1eddi\u201d, \u0111ang h\u00e0ng ng\u00e0y \u201cti\u1ebfp t\u1ee5c s\u00e1ng t\u1ea1o ra huy\u1ec1n tho\u1ea1i\u201d.<\/p>\n<p dir=\"ltr\">Con ng\u01b0\u1eddi b\u1ecb v\u00e2y b\u1ecdc b\u1edfi r\u1eebng, t\u1eeb khi ch\u01b0a l\u00e0 con ng\u01b0\u1eddi&#8230; cho \u0111\u1ebfn khi kh\u00f4ng c\u00f2n l\u00e0 con ng\u01b0\u1eddi n\u1eefa. Nh\u01b0 v\u1eady, r\u1eebng kh\u00f4ng ch\u1ec9 l\u00e0 kh\u00f4ng gian, r\u1eebng c\u00f2n l\u00e0 th\u1eddi gian. R\u1eebng l\u00e0 s\u1ef1 v\u0129nh h\u1eb1ng, l\u00e0 c\u00f5i v\u00f4 c\u00f9ng, l\u00e0 s\u1ef1 kh\u00f4ng th\u1ee7y kh\u00f4ng chung, n\u01a1i hun h\u00fat t\u1eeb \u0111\u00f3 con ng\u01b0\u1eddi \u0111i ra v\u00e0 n\u01a1i hun h\u00fat con ng\u01b0\u1eddi l\u1ea1i bi\u1ebfn m\u1ea5t v\u00e0o \u0111\u00f3, bi\u1ec7t v\u00f4 t\u0103m t\u00edch. L\u00e0 b\u1ea3n nguy\u00ean, l\u00e0 c\u1ed9i ngu\u1ed3n \u1edf \u0111\u1ea7u b\u00ean n\u00e0y, nh\u01b0ng c\u0169ng l\u00e0 c\u00f5i m\u1ecbt m\u00f9 th\u0103m th\u1eb3m \u1edf \u0111\u1ea7u b\u00ean kia&#8230;<\/p>\n<p dir=\"ltr\">Con ng\u01b0\u1eddi kh\u00f4ng bao gi\u1edd c\u00f3 th\u1ec3 tho\u00e1t ra \u0111\u01b0\u1ee3c kh\u1ecfi r\u1eebng, c\u0169ng nh\u01b0 kh\u00f4ng bao gi\u1edd c\u00f3 th\u1ec3 b\u1ee9t ra kh\u1ecfi v\u00f2ng tu\u1ea7n ho\u00e0n b\u00ed \u1ea9n mu\u00f4n thu\u1edf, b\u1ee9c ra kh\u1ecfi c\u00e1i hoang d\u00e3; lu\u00f4n b\u1ecb c\u00e1i hoang d\u00e3 \u1ea5y v\u00e2y k\u00edn, cu\u1ed1n h\u00fat&#8230;<\/p>\n<p dir=\"ltr\">Nh\u01b0ng \u0111\u1ed3ng th\u1eddi, m\u1eb7t kh\u00e1c, con ng\u01b0\u1eddi l\u00e0 ng\u01b0\u1eddi c\u0169ng ch\u00ednh b\u1edfi v\u00ec n\u00f3 lu\u00f4n c\u00f3 nhu c\u1ea7u b\u1ee9t ra kh\u1ecfi c\u00e1i hoang d\u00e3, b\u1ee9t ra kh\u1ecfi r\u1eebng, tr\u1edf th\u00e0nh x\u00e3 h\u1ed9i, tr\u1edf th\u00e0nh v\u0103n h\u00f3a.<\/p>\n<p dir=\"ltr\">\u0110\u1ea5y l\u00e0 m\u1ed9t cu\u1ed9c gi\u1eb1ng co, s\u1ef1 n\u00edu k\u00e9o hai \u0111\u1ea7u v\u0129nh c\u1eedu, n\u00f3 l\u00e0m n\u00ean \u201cn\u1ed9i dung\u201d c\u1ee7a cu\u1ed9c s\u1ed1ng con ng\u01b0\u1eddi.<\/p>\n<p dir=\"ltr\">Ngoa\u0300i ch\u00e2\u0301t kha\u0309o c\u01b0\u0301u, J. Dournes \u0111a\u0303 r\u00e2\u0301t tha\u0300nh c\u00f4ng khi l\u00f4\u0300ng va\u0300o cu\u00f4\u0301n sa\u0301ch nh\u01b0\u0303ng chuy\u00ea\u0323n k\u00ea\u0309 &#8211; v\u0103n ho\u0323c truy\u00ea\u0300n mi\u00ea\u0323ng, ti\u0301nh v\u0103n ho\u0323c cao n\u00ean \u0111\u00f4\u0323c gia\u0309 ph\u00f4\u0309 th\u00f4ng cu\u0303ng d\u00ea\u0303 da\u0300ng ti\u00ea\u0301p c\u00e2\u0323n.<\/p>\n<p dir=\"ltr\">Ba\u0309n Vi\u00ea\u0323t ng\u01b0\u0303, R\u01b0\u0300ng, \u0110a\u0300n ba\u0300, \u0110i\u00ean loa\u0323n, in l\u00e2\u0300n \u0111\u00e2\u0300u n\u0103m 2001. L\u00e2\u0300n ta\u0301i ba\u0309n na\u0300y co\u0301 chi\u0309nh s\u01b0\u0309a va\u0300 b\u00f4\u0309 sung: th\u01b0 mu\u0323c tham kha\u0309o, ba\u0309ng \u0111\u00f4\u0301i chi\u00ea\u0301u\u2026<\/p>\n<p dir=\"ltr\">Cu\u1ed1n s\u00e1ch d\u00e0nh cho \u0111\u00f4\u0323c gia\u0309 quan t\u00e2m \u0111\u00ea\u0301n T\u00e2y Nguy\u00ean, v\u0103n ho\u0301a T\u00e2y Nguy\u00ean, ca\u0301c nha\u0300 nghi\u00ean c\u01b0\u0301u nh\u00e2n ho\u0323c, d\u00e2n t\u00f4\u0323c ho\u0323c, xa\u0303 h\u00f4\u0323i ho\u0323c va\u0300 d\u00e2n s\u01b0u t\u00e2\u0300m.<\/p>\n<p dir=\"ltr\">JACQUES DOURNES<\/p>\n<p dir=\"ltr\">(1922-1993)<\/p>\n<p dir=\"ltr\">Nh\u00e0 nh\u00e2n h\u1ecdc ng\u01b0\u1eddi Ph\u00e1p, c\u00f3 b\u00fat danh l\u00e0 Dam Bo. \u00d4ng s\u1ed1ng \u1edf T\u00e2y Nguy\u00ean g\u1ea7n 25 n\u0103m (1946-1970) trong vai tr\u00f2 m\u1ed9t nh\u00e0 truy\u1ec1n gi\u00e1o \u0111am m\u00ea \u0111i\u1ec1n d\u00e3 d\u00e2n t\u1ed9c h\u1ecdc, t\u1eadp trung nghi\u00ean c\u1ee9u v\u1ec1 v\u0103n h\u00f3a J\u00f6rai (Giarai) v\u00e0 c\u00e1c t\u1ed9c ng\u01b0\u1eddi v\u00f9ng cao nguy\u00ean.<\/p>\n<p dir=\"ltr\">M\u1ed9t s\u1ed1 c\u00f4ng tr\u00ecnh nghi\u00ean c\u1ee9u v\u1ec1 T\u00e2y Nguy\u00ean, \u0111\u00e3 tr\u1edf th\u00e0nh kinh \u0111i\u1ec3n, c\u1ee7a Jacques Dournes do Nguy\u00ean Ng\u1ecdc chuy\u1ec3n ng\u1eef:<\/p>\n<ul>\n<li dir=\"ltr\">For\u00eat, Femme, Folie (R\u1eebng, \u0110\u00e0n b\u00e0, \u0110i\u00ean lo\u1ea1n)<\/li>\n<li dir=\"ltr\">Les Populations montagnardes du Sud-Indochinois (Mi\u1ec1n \u0111\u1ea5t huy\u1ec1n \u1ea3o)<\/li>\n<li dir=\"ltr\">P\u00f6tao, une th\u00e9orie du pouvoir chez les Indochinois J\u00f6rai (P\u00f6tao, m\u1ed9t l\u00fd thuy\u1ebft v\u1ec1 quy\u1ec1n l\u1ef1c \u1edf ng\u01b0\u1eddi J\u00f6rai \u0110\u00f4ng D\u01b0\u01a1ng)<\/li>\n<li dir=\"ltr\">Le pays J\u00f6rai (X\u1ee9 J\u00f6rai)<\/li>\n<\/ul>\n<p>&nbsp;<\/p>\n<\/div>\n","protected":false},"excerpt":{"rendered":"<p>Ta\u0301c gia\u0309 d\u1eabn ng\u01b0\u01a1\u0300i \u0111o\u0323c v\u00e0o m\u1ed9t h\u00e0nh tr\u00ecnh th\u1eadt t\u1eadp trung: cu\u1ed9c du ngo\u1ea1n v\u00e0o \u201cmi\u1ec1n m\u01a1 t\u01b0\u1edfng Giarai\u201d, \u0111i qua h\u00e0ng tr\u0103m huy\u1ec1n tho\u1ea1i c\u1ee7a h\u1ecd; v\u00e0 \u00f4ng n\u00f3i r\u00f5 v\u1edbi ng\u01b0\u01a1\u0300i \u0111o\u0323c r\u1eb1ng, \u1edf \u0111\u00e2y \u201ckh\u00f4ng ph\u1ea3i l\u00e0 nh\u1eefng huy\u1ec1n tho\u1ea1i t\u1ea7m nguy\u00ean\u201d, t\u1ee9c nh\u1eefng huy\u1ec1n tho\u1ea1i v\u1ec1 ngu\u1ed3n g\u1ed1c c\u1ee7a con ng\u01b0\u1eddi, gi\u1ed1ng lo\u00e0i ng\u01b0\u1eddi, hay c\u1ee7a d\u00e2n t\u1ed9c, m\u00e0 l\u00e0 nh\u1eefng huy\u1ec1n tho\u1ea1i v\u1ec1 c\u00e1i hi\u1ec7n t\u1ea1i, l\u00e0 nh\u1eefng m\u1ed9ng m\u1ecb c\u1ee7a nh\u1eefng con ng\u01b0\u1eddi \u0111ang s\u1ed1ng h\u00f4m nay, \u0111ang h\u0103\u0300ng ng\u00e0y s\u1ed1ng m\u1ed9t cu\u1ed9c s\u1ed1ng k\u00e9p, v\u1eeba \u201ctr\u1ea3i nghi\u1ec7m\u201d l\u1ea1i v\u1eeba m\u1ed9ng m\u1ecb \u201c\u0111\u1ed3ng th\u1eddi\u201d, \u0111ang h\u00e0ng ng\u00e0y \u201cti\u1ebfp t\u1ee5c s\u00e1ng t\u1ea1o ra huy\u1ec1n tho\u1ea1i\u201d.<\/p>\n","protected":false},"featured_media":395,"comment_status":"open","ping_status":"closed","template":"","meta":[],"product_cat":[23,26],"product_tag":[],"class_list":["post-394","product","type-product","status-publish","has-post-thumbnail","hentry","product_cat-sach","product_cat-sach-van-hoc"],"_links":{"self":[{"href":"https:\/\/bookscollective.vn\/index.php\/wp-json\/wp\/v2\/product\/394","targetHints":{"allow":["GET"]}}],"collection":[{"href":"https:\/\/bookscollective.vn\/index.php\/wp-json\/wp\/v2\/product"}],"about":[{"href":"https:\/\/bookscollective.vn\/index.php\/wp-json\/wp\/v2\/types\/product"}],"replies":[{"embeddable":true,"href":"https:\/\/bookscollective.vn\/index.php\/wp-json\/wp\/v2\/comments?post=394"}],"wp:featuredmedia":[{"embeddable":true,"href":"https:\/\/bookscollective.vn\/index.php\/wp-json\/wp\/v2\/media\/395"}],"wp:attachment":[{"href":"https:\/\/bookscollective.vn\/index.php\/wp-json\/wp\/v2\/media?parent=394"}],"wp:term":[{"taxonomy":"product_cat","embeddable":true,"href":"https:\/\/bookscollective.vn\/index.php\/wp-json\/wp\/v2\/product_cat?post=394"},{"taxonomy":"product_tag","embeddable":true,"href":"https:\/\/bookscollective.vn\/index.php\/wp-json\/wp\/v2\/product_tag?post=394"}],"curies":[{"name":"wp","href":"https:\/\/api.w.org\/{rel}","templated":true}]}}