{"id":384,"date":"2022-10-04T11:05:14","date_gmt":"2022-10-04T11:05:14","guid":{"rendered":"https:\/\/bookscollective.vn\/?post_type=product&#038;p=384"},"modified":"2022-10-04T11:05:14","modified_gmt":"2022-10-04T11:05:14","slug":"di-tim-mot-vi-sao","status":"publish","type":"product","link":"https:\/\/bookscollective.vn\/index.php\/product\/di-tim-mot-vi-sao\/","title":{"rendered":"\u0110i t\u00ecm m\u1ed9t v\u00ec sao"},"content":{"rendered":"<table>\n<tbody>\n<tr>\n<td><strong>Ph\u1ea1m Quang Ngh\u1ecb &#8211; nh\u1eefng c\u00e2u chuy\u1ec7n nh\u1ecf m\u00e0 t\u00f4i \u0111\u00e3 bi\u1ebft<\/strong><\/td>\n<\/tr>\n<tr>\n<td><\/td>\n<\/tr>\n<tr>\n<td>C\u00e1ch \u0111\u00e2y ch\u1eebng 6 &#8211; 7 n\u0103m, t\u00f4i c\u00f3 chuy\u1ebfn c\u00f4ng t\u00e1c t\u1ea1i t\u1ec9nh H\u00e0 Nam \u0111\u1ec3 vi\u1ebft b\u00e0i v\u1ec1 m\u00f4 h\u00ecnh xo\u00e1 \u0111\u00f3i gi\u1ea3m ngh\u00e8o. H\u00f4m \u0111\u00f3, v\u00e0o \u0111\u1ed9 cu\u1ed1i n\u0103m, tr\u1eddi m\u01b0a kh\u00e1 d\u00e0y h\u1ea1t. Sau khi xu\u1ed1ng c\u01a1 s\u1edf n\u1eafm b\u1eaft t\u00ecnh h\u00ecnh, v\u00e0o c\u00e1c ban ng\u00e0nh c\u1ee7a t\u1ec9nh thu th\u1eadp th\u00eam t\u00e0i li\u1ec7u, t\u00f4i c\u00f3 nh\u00e3 \u00fd xin g\u1eb7p \u0111\u1ed3ng ch\u00ed B\u00ed th\u01b0 T\u1ec9nh u\u1ef7. M\u1ea5y anh b\u00ean V\u0103n ph\u00f2ng T\u1ec9nh u\u1ef7 b\u00e1o l\u1ea1i, \u0111\u1ed3ng ch\u00ed B\u00ed th\u01b0 ch\u1ec9 d\u00e0nh \u0111\u01b0\u1ee3c 10 ph\u00fat v\u00ec s\u1eafp c\u00f3 cu\u1ed9c h\u1ecdp v\u1edbi U\u1ef7 ban. Trong gian ph\u00f2ng r\u1ed9ng ch\u1eebng v\u00e0i ch\u1ee5c m\u00e9t vu\u00f4ng, \u0111\u01b0\u1ee3c trang tr\u00ed kh\u00e1 \u0111\u01a1n gi\u1ea3n, \u0111\u1ed3ng ch\u00ed Ph\u1ea1m Quang Ngh\u1ecb, U\u1ef7 vi\u00ean Trung \u01b0\u01a1ng \u0110\u1ea3ng l\u00fac \u0111\u00f3 l\u00e0 B\u00ed th\u01b0 T\u1ec9nh u\u1ef7 H\u00e0 Nam c\u1edfi m\u1edf ti\u1ebfp ch\u00fang t\u00f4i. Nh\u00ecn l\u00ean \u0111\u1ed3ng h\u1ed3 treo tr\u00ean t\u01b0\u1eddng, B\u00ed th\u01b0 Ph\u1ea1m Quang Ngh\u1ecb v\u00e0o \u0111\u1ec1 lu\u00f4n: \u201c<em>C\u00f2n 15 ph\u00fat n\u1eefa l\u00e0 t\u00f4i ph\u1ea3i ch\u1ee7 tr\u00ec m\u1ed9t cu\u1ed9c h\u1ecdp, ch\u00fang ta tranh th\u1ee7 trao \u0111\u1ed5i v\u1edbi nhau th\u1eadt nhanh nh\u00e9!<\/em>\u201d. Bi\u1ebft ch\u00fang t\u00f4i v\u1eeba t\u1eeb d\u01b0\u1edbi huy\u1ec7n Thanh Li\u00eam v\u1ec1, kh\u00f4ng c\u1ea7n b\u1ea5t c\u1ee9 m\u1ed9t t\u00e0i li\u1ec7u n\u00e0o \u0111\u1ed3ng ch\u00ed B\u00ed th\u01b0 gi\u1edbi thi\u1ec7u v\u1ec1 di\u1ec7n t\u00edch, s\u1ed1 d\u00e2n, \u0111i\u1ec1u ki\u1ec7n kinh t\u1ebf \u1edf huy\u1ec7n n\u00e0y. \u0110\u1eb7c bi\u1ec7t, nh\u1eefng con s\u1ed1 ph\u1ea7n tr\u0103m bao nhi\u00eau h\u1ed9 \u0111\u00e3 v\u01b0\u01a1n l\u00ean l\u00e0m gi\u00e0u, bao nhi\u00eau h\u1ed9 \u0111\u00e3 \u0111\u1ea9y l\u00f9i c\u00e1i ngh\u00e8o, c\u00e1i \u0111\u00f3i t\u1ee5t l\u1ea1i ph\u00eda ch\u00ednh x\u00e1c \u0111\u1ebfn m\u1ee9c kh\u00f3 tin. Tr\u01b0\u1edbc l\u00fac chia tay, B\u00ed th\u01b0 Ph\u1ea1m Quang Ngh\u1ecb n\u00eau ra m\u1ed9t v\u00e0i quan \u0111i\u1ec3m ch\u1ec9 \u0111\u1ea1o \u0111\u1ed1i v\u1edbi phong tr\u00e0o xo\u00e1 \u0111\u00f3i gi\u1ea3m ngh\u00e8o \u1edf \u0111\u1ecba ph\u01b0\u01a1ng m\u00e0 nghe ra th\u1eadt \u0111\u01a1n gi\u1ea3n, d\u1ec5 hi\u1ec3u, d\u1ec5 th\u1ef1c hi\u1ec7n ch\u1ee9 kh\u00f4ng h\u1ec1 \u0111ao to, b\u00faa l\u1edbn nh\u01b0 \u0111\u00e3 t\u1eebng th\u1ea5y \u1edf nhi\u1ec1u n\u01a1i kh\u00e1c. V\u1edbi chuy\u1ebfn \u0111i \u0111\u00f3, t\u00f4i c\u00f3 b\u00e0i vi\u1ebft \u201c<em>Thanh Li\u00eam ngh\u00e8o \u0111ang gi\u00e0u l\u00ean<\/em>\u201d in tr\u00ean b\u00e1o Nh\u00e2n d\u00e2n v\u00e0 k\u1ec3 l\u1ea1i cho \u0111\u1ed3ng nghi\u1ec7p nghe \u201cs\u1ef1 ki\u1ec7n\u201d cu\u1ed9c g\u1eb7p kh\u00f4ng chu\u1ea9n b\u1ecb tr\u01b0\u1edbc, kh\u00f4ng c\u1ea7n \u201cphao\u201d v\u0103n b\u1ea3n, gi\u1ea5y t\u1edd m\u00e0 B\u00ed th\u01b0 T\u1ec9nh \u1ee7y H\u00e0 Nam Ph\u1ea1m Quang Ngh\u1ecb v\u1eabn gi\u00fap ch\u00fang t\u00f4i c\u00f3 \u0111\u01b0\u1ee3c nh\u1eefng th\u00f4ng tin quan tr\u1ecdng v\u00e0 c\u1ea7n thi\u1ebft. Nhi\u1ec1u ng\u01b0\u1eddi bi\u1ebft \u00f4ng \u0111\u00e3 nh\u1eadn x\u00e9t: \u201c<em>Ch\u1ec9 c\u00f3 th\u01b0\u1eddng xuy\u00ean g\u1ea7n, s\u00e1t v\u1edbi c\u01a1 s\u1edf, n\u1eafm b\u1eaft v\u00e0 ch\u1ec9 \u0111\u1ea1o k\u1ecbp th\u1eddi th\u00ec m\u1edbi nh\u1edb, hi\u1ec3u \u0111\u1ebfn m\u1ee9c nh\u01b0 th\u1ebf<\/em>\u201d.<\/td>\n<\/tr>\n<\/tbody>\n<\/table>\n","protected":false},"excerpt":{"rendered":"<p><strong>\u201c\u0110i t\u00ecm m\u1ed9t v\u00ec sao\u201d &#8211; t\u1eadp t\u1ef1 truy\u1ec7n c\u1ee7a t\u00e1c gi\u1ea3 Ph\u1ea1m Quang Ngh\u1ecb, nguy\u00ean \u1ee6y vi\u00ean B\u1ed9 Ch\u00ednh tr\u1ecb, nguy\u00ean B\u00ed th\u01b0 Th\u00e0nh \u1ee7y H\u00e0 N\u1ed9i, \u0111\u00e3 ghi l\u1ea1i h\u1ed3i \u1ee9c ch\u00e2n th\u1eadt v\u00e0 sinh \u0111\u1ed9ng c\u1ee7a t\u00e1c gi\u1ea3 v\u1ec1 qu\u00e1 tr\u00ecnh sinh ra, l\u1edbn l\u00ean v\u00e0 tr\u01b0\u1edfng th\u00e0nh, \u0111\u1eb7t trong b\u1ed1i c\u1ea3nh l\u1ecbch s\u1eed c\u00e1c giai \u0111o\u1ea1n ph\u00e1t tri\u1ec3n c\u1ee7a qu\u00ea h\u01b0\u01a1ng, \u0111\u1ea5t n\u01b0\u1edbc. B\u00ean c\u1ea1nh nh\u1eefng c\u00e2u chuy\u1ec7n \u0111\u1eadm \u0111\u00e0 ch\u1ea5t v\u0103n h\u1ecdc, cu\u1ed1n s\u00e1ch ph\u1ea3n \u00e1nh nhi\u1ec1u s\u1ef1 vi\u1ec7c v\u00e0 c\u00e1c nh\u1eadn \u0111\u1ecbnh, \u0111\u00e1nh gi\u00e1 thi\u1ebft th\u1ef1c li\u00ean quan \u0111\u1ebfn c\u00f4ng t\u00e1c c\u00e1n b\u1ed9, m\u1ed9t l\u0129nh v\u1ef1c c\u00f4ng t\u00e1c h\u1ebft s\u1ee9c quan tr\u1ecdng.<\/strong><\/p>\n","protected":false},"featured_media":385,"comment_status":"open","ping_status":"closed","template":"","meta":[],"product_cat":[23,28],"product_tag":[],"class_list":["post-384","product","type-product","status-publish","has-post-thumbnail","hentry","product_cat-sach","product_cat-sach-lich-su"],"_links":{"self":[{"href":"https:\/\/bookscollective.vn\/index.php\/wp-json\/wp\/v2\/product\/384","targetHints":{"allow":["GET"]}}],"collection":[{"href":"https:\/\/bookscollective.vn\/index.php\/wp-json\/wp\/v2\/product"}],"about":[{"href":"https:\/\/bookscollective.vn\/index.php\/wp-json\/wp\/v2\/types\/product"}],"replies":[{"embeddable":true,"href":"https:\/\/bookscollective.vn\/index.php\/wp-json\/wp\/v2\/comments?post=384"}],"wp:featuredmedia":[{"embeddable":true,"href":"https:\/\/bookscollective.vn\/index.php\/wp-json\/wp\/v2\/media\/385"}],"wp:attachment":[{"href":"https:\/\/bookscollective.vn\/index.php\/wp-json\/wp\/v2\/media?parent=384"}],"wp:term":[{"taxonomy":"product_cat","embeddable":true,"href":"https:\/\/bookscollective.vn\/index.php\/wp-json\/wp\/v2\/product_cat?post=384"},{"taxonomy":"product_tag","embeddable":true,"href":"https:\/\/bookscollective.vn\/index.php\/wp-json\/wp\/v2\/product_tag?post=384"}],"curies":[{"name":"wp","href":"https:\/\/api.w.org\/{rel}","templated":true}]}}