{"id":368,"date":"2022-10-04T10:37:44","date_gmt":"2022-10-04T10:37:44","guid":{"rendered":"https:\/\/bookscollective.vn\/?post_type=product&#038;p=368"},"modified":"2022-10-04T10:37:44","modified_gmt":"2022-10-04T10:37:44","slug":"chua-dat","status":"publish","type":"product","link":"https:\/\/bookscollective.vn\/index.php\/product\/chua-dat\/","title":{"rendered":"Ch\u00faa \u0111\u1ea5t"},"content":{"rendered":"<p><strong>Ch\u00faa \u0110\u1ea5t<\/strong><\/p>\n<p>Cu\u1ed1n s\u00e1ch \u0111\u01b0\u1ee3c t\u00e1c gi\u1ea3 \u0110\u1ed7 B\u00edch Th\u00fay vi\u1ebft l\u1ea5y c\u1ea3m h\u1ee9ng t\u1eeb m\u1ed9t truy\u1ec1n thuy\u1ebft.<\/p>\n<p>\u0110\u00f3 l\u00e0 truy\u1ec1n thuy\u1ebft v\u1ec1 ch\u00faa \u0110\u1ea5t S\u00f9ng Ch\u00faa \u0110\u00e0 \u1edf v\u00f9ng \u0110\u01b0\u1eddng Th\u01b0\u1ee3ng, Y\u00ean Minh, H\u00e0 Giang. Theo truy\u1ec1n thuy\u1ebft, S\u00f9ng Ch\u00faa \u0110\u00e0 c\u00f3 m\u1ed9t ng\u01b0\u1eddi v\u1ee3 b\u00e9 r\u1ea5t xinh \u0111\u1eb9p. Nh\u01b0ng \u00f4ng ta l\u00e0 ng\u01b0\u1eddi c\u1ef1c k\u00ec ghen tuong, kh\u00f4ng bao gi\u1edd cho v\u1ee3 ra kh\u1ecfi nh\u00e0. C\u00e2y c\u1ed1t \u0111\u00e1 \u0111\u01b0\u1ee3c xem ch\u00ednh l\u00e0 c\u00f4ng c\u1ee5 h\u00e0nh quy\u1ebft gh\u00ea r\u1ee3n c\u1ee7a S\u00f9ng Ch\u00faa \u0110\u00e0. B\u1ea5t k\u00ec ng\u01b0\u1eddi \u0111\u00e0n \u00f4ng n\u00e0o d\u00e1m tr\u00eau gh\u1eb9o v\u1ee3 \u00f4ng ta s\u1ebd cho treo l\u00ean c\u00e2y c\u1ed9t \u0111\u00e1 (cao kho\u1ea3ng 1.9m, c\u00f3 hai c\u00e1i tai \u0111\u1ee5c l\u1ed7 \u0111\u1ec3 nh\u00e9t tay ng\u01b0\u1eddi b\u1ecb h\u00e0nh quy\u1ebft v\u00e0o \u0111\u1ea5y). Treo \u0111\u1ebfn ch\u1ebft. Sau n\u00e0y, c\u00e2y c\u1ed9t \u0111\u00e1 c\u00f2n d\u00f9ng \u0111\u1ec3 h\u00e0nh quy\u1ebft nh\u1eefng ng\u01b0\u1eddi vi ph\u1ea1m lu\u1eadt l\u1ec7 do ch\u00faa \u0111\u1ea5t \u0111\u1eb7t ra&#8230;<\/p>\n<p>S\u00f9ng Ch\u00faa \u0110\u00e0 trong cu\u1ed1n s\u00e1ch n\u00e0y x\u00e9t cho c\u00f9ng, l\u00e0 ng\u01b0\u1eddi \u0111\u00e0n \u00f4ng b\u1ea5t h\u1ea1nh. S\u1ef1 b\u1ea1o t\u00e0n hung \u00e1c hoang d\u00e2m kh\u00f4ng mang l\u1ea1i h\u1ea1nh ph\u00fac cho \u00f4ng ta. \u0110\u1ed7 B\u00edch Th\u00fay vi\u1ebft v\u1ec1 \u0111\u00e0n b\u00e0 v\u1edbi ni\u1ec1m y\u00eau th\u01b0\u01a1ng v\u00f4 t\u1eadn. \u0110\u00e0n b\u00e0 kh\u00f4ng ph\u1ea3i sinh ra \u0111\u1ec3 \u0111\u00e0n \u00f4ng h\u00e0nh h\u1ea1, l\u1ea5y l\u00e0m tr\u00f2 vui. \u0110\u00e0n b\u00e0 c\u0169ng c\u00f3 quy\u1ec1n \u01b0\u1edbc m\u01a1. V\u00e0 \u0111\u00e0n b\u00e0, s\u1eb5n s\u00e0ng ch\u1ebft \u0111\u1ec3 \u0111\u00e1nh l\u1ea5y c\u00e1i g\u1ecdi l\u00e0 h\u1ea1nh ph\u00fac, cho d\u00f9 n\u00f3 ch\u1ec9 \u0111\u1ebfn trong ch\u1edbp m\u1eaft&#8230;<\/p>\n","protected":false},"excerpt":{"rendered":"<div class=\"row article-summary\">\n<div class=\"col\">\n<div>&#8220;Ch\u00faa \u0111\u1ea5t&#8221; l\u00e0 t\u00e1c ph\u1ea9m v\u0103n h\u1ecdc th\u1ee9 13 vi\u1ebft v\u1ec1 \u0111\u1ec1 t\u00e0i d\u00e2n t\u1ed9c mi\u1ec1n n\u00fai c\u1ee7a nh\u00e0 v\u0103n \u0110\u1ed7 B\u00edch Th\u00fay<\/div>\n<\/div>\n<\/div>\n<div class=\"row\">\n<div class=\"col\"><\/div>\n<\/div>\n<div class=\"row article-content\">\n<div class=\"col\">\n<div class=\"text-long\">\n<p>Ti\u1ec3u thuy\u1ebft &#8220;Ch\u00faa \u0111\u1ea5t&#8221; \u0111\u01b0\u1ee3c g\u1ee3i t\u1ee9 t\u1eeb m\u1ed9t truy\u1ec1n thuy\u1ebft g\u1eafn v\u1edbi m\u1ed9t hi\u1ec7n v\u1eadt l\u00e0 c\u00e2y c\u1ed9t \u0111\u00e1 \u0111ang \u0111\u01b0\u1ee3c tr\u01b0ng b\u00e0y \u1edf B\u1ea3o t\u00e0ng H\u00e0 Giang. C\u00e2u chuy\u1ec7n k\u1ec3 v\u1ec1 S\u00f9ng Ch\u00faa \u0110\u00e0- m\u1ed9t b\u1ea1o ch\u00faa \u1edf v\u00f9ng cao \u0110\u01b0\u1eddng Th\u01b0\u1ee3ng c\u00f3 cu\u1ed9c \u0111\u1eddi b\u1ea5t h\u1ea1nh v\u1edbi bi k\u1ecbch kh\u00f4ng th\u1ec3 l\u00e0m \u0111\u00e0n \u00f4ng.<\/p>\n<\/div>\n<\/div>\n<\/div>\n","protected":false},"featured_media":369,"comment_status":"open","ping_status":"closed","template":"","meta":[],"product_cat":[23,26],"product_tag":[],"class_list":["post-368","product","type-product","status-publish","has-post-thumbnail","hentry","product_cat-sach","product_cat-sach-van-hoc"],"_links":{"self":[{"href":"https:\/\/bookscollective.vn\/index.php\/wp-json\/wp\/v2\/product\/368","targetHints":{"allow":["GET"]}}],"collection":[{"href":"https:\/\/bookscollective.vn\/index.php\/wp-json\/wp\/v2\/product"}],"about":[{"href":"https:\/\/bookscollective.vn\/index.php\/wp-json\/wp\/v2\/types\/product"}],"replies":[{"embeddable":true,"href":"https:\/\/bookscollective.vn\/index.php\/wp-json\/wp\/v2\/comments?post=368"}],"wp:featuredmedia":[{"embeddable":true,"href":"https:\/\/bookscollective.vn\/index.php\/wp-json\/wp\/v2\/media\/369"}],"wp:attachment":[{"href":"https:\/\/bookscollective.vn\/index.php\/wp-json\/wp\/v2\/media?parent=368"}],"wp:term":[{"taxonomy":"product_cat","embeddable":true,"href":"https:\/\/bookscollective.vn\/index.php\/wp-json\/wp\/v2\/product_cat?post=368"},{"taxonomy":"product_tag","embeddable":true,"href":"https:\/\/bookscollective.vn\/index.php\/wp-json\/wp\/v2\/product_tag?post=368"}],"curies":[{"name":"wp","href":"https:\/\/api.w.org\/{rel}","templated":true}]}}