{"id":363,"date":"2022-10-04T10:29:24","date_gmt":"2022-10-04T10:29:24","guid":{"rendered":"https:\/\/bookscollective.vn\/?post_type=product&#038;p=363"},"modified":"2022-10-04T10:29:24","modified_gmt":"2022-10-04T10:29:24","slug":"the-gioi-cua-sophie","status":"publish","type":"product","link":"https:\/\/bookscollective.vn\/index.php\/product\/the-gioi-cua-sophie\/","title":{"rendered":"Th\u1ebf gi\u1edbi c\u1ee7a Sophie"},"content":{"rendered":"<p><strong>Th\u1ebf Gi\u1edbi C\u1ee7a Sophie<\/strong><\/p>\n<p>Sophie Amundsen s\u1eafp tr\u00f2n m\u01b0\u1eddi l\u0103m tu\u1ed5i khi \u0111\u01b0\u1ee3c m\u1ed9t ng\u01b0\u1eddi l\u1ea1 m\u1eb7t \u0111\u1ed9i m\u0169 n\u1ed3i xanh ti\u1ebft l\u1ed9 c\u00f4 \u0111ang s\u1ed1ng tr\u00ean m\u00ecnh m\u1ed9t con th\u1ecf tr\u1eafng l\u1ea5y ra t\u1eeb chi\u1ebfc m\u0169 ch\u00f3p cao. V\u00e0 th\u1ebf l\u00e0 kh\u1edfi \u0111\u1ea7u m\u1ed9t h\u00e0nh tr\u00ecnh s\u1eedng s\u1ed1t ng\u01b0\u1ee3c d\u00f2ng l\u1ecbch s\u1eed, th\u1ec9nh v\u1ea5n nh\u1eefng &#8220;tri\u1ebft gia h\u00e0ng hi\u00ean&#8221;, &#8220;tri\u1ebft gia hoa vi\u00ean&#8221;, &#8220;tri\u1ebft gia th\u00f9ng g\u1ed7&#8221;&#8230; h\u00f2ng gi\u1ea3i \u0111\u00e1p m\u1ed9t n\u1ed7i b\u0103n kho\u0103n \u0111\u00e3 ba ng\u00e0n n\u0103m tu\u1ed5i song c\u0169ng nhanh ch\u00f3ng qu\u00ean v\u00e0o \u0111i\u1ec1u b\u00ed \u1ea9n v\u1ec1 ch\u00ednh s\u1ef1 t\u1ed3n t\u1ea1i c\u1ee7a c\u00f4.<\/p>\n<p>Ch\u1eb3ng ai ng\u1edd cu\u1ed1n s\u00e1ch tri\u1ebft nh\u1eadp m\u00f4n cho thi\u1ebfu ni\u00ean c\u1ee7a m\u1ed9t th\u1ea7y gi\u00e1o Nauy l\u1ea1i tr\u1edf th\u00e0nh &#8220;Cu\u1ed1n s\u00e1ch b\u00e1n ch\u1ea1y nh\u1ea5t h\u00e0nh tinh&#8221; n\u0103m 1995, gi\u00e0nh \u0111\u01b0\u1ee3c v\u00f4 s\u1ed1 gi\u1ea3i th\u01b0\u1edfng danh gi\u00e1 tr\u00ean to\u00e0n c\u1ea7u, r\u1ed3i \u0111\u01b0\u1ee3c c\u00f4ng nh\u1eadn l\u00e0 m\u1ed9t tr\u01b0\u1edbc t\u00e1c kinh \u0111i\u1ec3n.\u00a0<strong>Th\u1ebf gi\u1edbi c\u1ee7a Sophie<\/strong>\u00a0\u0111\u1ebfn nay v\u1eabn ti\u1ebfp t\u1ee5c chinh ph\u1ee5c nh\u1eefng ng\u01b0\u1eddi \u0111\u1ecdc tr\u1ebb c\u0169ng nh\u01b0 kh\u00f4ng c\u00f2n tr\u1ebb n\u1eefa. H\u00e0ng ch\u1ee5c tri\u1ec7u \u0111\u1ed9c gi\u1ea3 \u0111\u00e3 s\u1eefng s\u1edd th\u00fa v\u1ecb khi th\u1ea5y m\u00ecnh l\u1ea1i c\u00f3 th\u1ec3 b\u1ecb h\u1edbp h\u1ed3n v\u00ec m\u1ed9t th\u1ee9 nghe kh\u00f4 khan v\u00e0 kh\u00f3 nh\u1eb1n nh\u01b0 &#8220;tri\u1ebft h\u1ecdc&#8221;! B\u1edfi c\u00f3 ai l\u1ea1i kh\u00f4ng b\u1ecb m\u00ea ho\u1eb7c khi nh\u1eadn ra m\u00ecnh c\u0169ng d\u1ef1 ph\u1ea7n n\u00e0o v\u00e0o c\u00e2u \u0111\u1ed1 ba ng\u00e0n n\u0103m?<\/p>\n<p>C\u00f2n b\u1ea1n?<\/p>\n","protected":false},"excerpt":{"rendered":"<h3 class=\"text-semibold mb-5 title\"><a class=\"text-default\">\u201cTh\u1ebf Gi\u1edbi C\u1ee7a Sophie\u201d &#8211; Tri\u1ebft H\u1ecdc Ch\u1eb3ng C\u00f3 G\u00ec Cao Si\u00eau<\/a><\/h3>\n<p>Qua c\u00e1ch di\u1ec5n gi\u1ea3i h\u1ea5p d\u1eabn, d\u1ec5 hi\u1ec3u c\u1ee7a Jostein Gaarder, \u0111\u1ed9c gi\u1ea3 s\u1ebd kh\u00f4ng c\u00f2n c\u1ea3m th\u1ea5y ng\u1ea1i ng\u1ea7n v\u1edbi tri\u1ebft h\u1ecdc.<\/p>\n<p>N\u00f3i \u0111\u1ebfn tri\u1ebft h\u1ecdc, kh\u00f4ng \u00edt ng\u01b0\u1eddi c\u1ea3m th\u1ea5y ng\u1ea1i ng\u1ea7n b\u1edfi \u0111\u00e2y l\u00e0 m\u00f4n khoa h\u1ecdc \u0111\u01b0\u1ee3c cho l\u00e0 tr\u1eebu t\u01b0\u1ee3ng v\u00e0 kh\u00f3 nh\u1edb. Nh\u01b0ng Jostein Gaarder \u0111\u00e3 ch\u1ee9ng minh r\u1eb1ng tri\u1ebft h\u1ecdc ho\u00e0n to\u00e0n d\u1ec5 d\u00e0ng ti\u1ebfp c\u1eadn v\u1edbi t\u00e1c ph\u1ea9m v\u0103n h\u1ecdc n\u1ed5i ti\u1ebfng c\u1ee7a \u00f4ng,\u00a0<em>Th\u1ebf gi\u1edbi c\u1ee7a Sophie<\/em>.<\/p>\n<p>Jostein Gaarder t\u1ed1t nghi\u1ec7p \u0110\u1ea1i h\u1ecdc Oslo chuy\u00ean ng\u00e0nh ng\u00f4n ng\u1eef, th\u1ea7n h\u1ecdc v\u00e0 l\u1ecbch s\u1eed t\u01b0 t\u01b0\u1edfng, \u00f4ng t\u1eebng d\u1ea1y tri\u1ebft h\u1ecdc \u1edf tr\u01b0\u1eddng ph\u1ed5 th\u00f4ng nhi\u1ec1u n\u0103m. Trong s\u1ef1 nghi\u1ec7p vi\u1ebft l\u00e1ch c\u1ee7a m\u00ecnh, Jostein Gaarder cho ra \u0111\u1eddi g\u1ea7n 20 cu\u1ed1n s\u00e1ch, t\u1ea5t c\u1ea3 \u0111\u1ec1u \u0111\u1eadm t\u00ednh k\u1ef3 \u1ea3o, tri\u1ebft lu\u1eadn v\u00e0\u00a0<em>Th\u1ebf gi\u1edbi c\u1ee7a Sophie<\/em>\u00a0c\u0169ng kh\u00f4ng ngo\u1ea1i l\u1ec7.<\/p>\n","protected":false},"featured_media":364,"comment_status":"open","ping_status":"closed","template":"","meta":[],"product_cat":[26],"product_tag":[],"class_list":["post-363","product","type-product","status-publish","has-post-thumbnail","hentry","product_cat-sach-van-hoc"],"_links":{"self":[{"href":"https:\/\/bookscollective.vn\/index.php\/wp-json\/wp\/v2\/product\/363","targetHints":{"allow":["GET"]}}],"collection":[{"href":"https:\/\/bookscollective.vn\/index.php\/wp-json\/wp\/v2\/product"}],"about":[{"href":"https:\/\/bookscollective.vn\/index.php\/wp-json\/wp\/v2\/types\/product"}],"replies":[{"embeddable":true,"href":"https:\/\/bookscollective.vn\/index.php\/wp-json\/wp\/v2\/comments?post=363"}],"wp:featuredmedia":[{"embeddable":true,"href":"https:\/\/bookscollective.vn\/index.php\/wp-json\/wp\/v2\/media\/364"}],"wp:attachment":[{"href":"https:\/\/bookscollective.vn\/index.php\/wp-json\/wp\/v2\/media?parent=363"}],"wp:term":[{"taxonomy":"product_cat","embeddable":true,"href":"https:\/\/bookscollective.vn\/index.php\/wp-json\/wp\/v2\/product_cat?post=363"},{"taxonomy":"product_tag","embeddable":true,"href":"https:\/\/bookscollective.vn\/index.php\/wp-json\/wp\/v2\/product_tag?post=363"}],"curies":[{"name":"wp","href":"https:\/\/api.w.org\/{rel}","templated":true}]}}