{"id":362,"date":"2022-10-04T10:31:01","date_gmt":"2022-10-04T10:31:01","guid":{"rendered":"https:\/\/bookscollective.vn\/?post_type=product&#038;p=362"},"modified":"2022-10-04T10:34:45","modified_gmt":"2022-10-04T10:34:45","slug":"truyen-ki-man-luc-giai-am","status":"publish","type":"product","link":"https:\/\/bookscollective.vn\/index.php\/product\/truyen-ki-man-luc-giai-am\/","title":{"rendered":"Truy\u1ec1n k\u00ec m\u1ea1n l\u1ee5c gi\u1ea3i \u00e2m"},"content":{"rendered":"<div class=\"product_view_tab_content_ad\">\n<div id=\"product_tabs_description_contents\">\n<div id=\"desc_content\" class=\"std\">\n<p>Tr\u1ea3i qua ng\u00f3t hai th\u1eadp k\u1ef7, cu\u1ed1n s\u00e1ch\u00a0<strong>Truy\u1ec1n k\u1ef3 m\u1ea1n l\u1ee5c gi\u1ea3i \u00e2m<\/strong>\u00a0\u0111\u00e3 gi\u00fap kh\u00f4ng \u00edt b\u1ea1n \u0111\u1ecdc t\u00ecm hi\u1ec3u v\u00e0 th\u01b0\u1edfng th\u1ee9c nh\u1eefng truy\u1ec7n ng\u1eafn \u0111\u1eb7c s\u1eafc cha \u00f4ng ta \u0111\u1ec3 l\u1ea1i. \u0110\u1ed1i v\u1edbi b\u1ea1n \u0111\u1ecdc trong gi\u00e1o gi\u1edbi v\u00e0 h\u1ecdc gi\u1edbi th\u00ec r\u00f5 r\u00e0ng \u0111\u00e2y l\u00e0 m\u1ed9t t\u1eadp t\u01b0 li\u1ec7u \u0111\u1eaft gi\u00e1 cho vi\u1ec7c h\u1ecdc t\u1eadp v\u00e0 nghi\u00ean c\u1ee9u \u0111a chi\u1ec1u v\u1ec1 v\u0103n ch\u01b0\u01a1ng v\u00e0 ch\u1eef ngh\u0129a, v\u1ec1 l\u1ecbch s\u1eed v\u00e0 v\u0103n h\u00f3a n\u01b0\u1edbc ta th\u1eddi trung \u0111\u1ea1i.<\/p>\n<p><strong>Truy\u1ec1n k\u1ef3 m\u1ea1n l\u1ee5c gi\u1ea3i \u00e2m<\/strong>\u00a0l\u00e0 t\u1eadp truy\u1ec7n ng\u1eafn tuy\u1ec3n ch\u1ecdn g\u1ed3m 20 truy\u1ec7n c\u1ee7a danh s\u0129 Nguy\u1ec5n D\u1eef, vi\u1ebft b\u1eb1ng ch\u1eef H\u00e1n, theo th\u1ec3 lo\u1ea1i t\u1ea3n v\u0103n (v\u0103n xu\u00f4i), xen l\u1eabn bi\u1ec1n v\u0103n (v\u0103n c\u00f3 \u0111\u1ed1i) v\u00e0 th\u01a1 ca, cu\u1ed1i m\u1ed7i truy\u1ec7n c\u00f3 l\u1eddi b\u00ecnh c\u1ee7a t\u00e1c gi\u1ea3 ho\u1eb7c c\u1ee7a m\u1ed9t ng\u01b0\u1eddi c\u00f3 c\u00f9ng quan \u0111i\u1ec3m c\u1ee7a t\u00e1c gi\u1ea3. H\u1ea7u h\u1ebft c\u00e1c truy\u1ec7n x\u1ea3y ra t\u1eeb \u0111\u1eddi Tr\u1ea7n, \u0111\u1eddi H\u1ed3 \u0111\u1ebfn \u0111\u1eddi L\u00ea s\u01a1, kh\u00f4ng gian tr\u1ea3i d\u00e0i t\u1eeb Ngh\u1ec7 An tr\u1edf ra B\u1eafc. C\u00e1c t\u00e1c ph\u1ea9m ph\u00e1c h\u1ecda r\u00f5 n\u00e9t quang c\u1ea3nh \u0111\u1ea5t n\u01b0\u1edbc v\u00e0 con ng\u01b0\u1eddi Vi\u1ec7t Nam v\u1edbi \u0111\u1ea7y \u0111\u1ee7 t\u00ean tu\u1ed5i, s\u1ed1 ph\u1eadn c\u1ee7a h\u1ecd trong nh\u1eefng b\u1ed1i c\u1ea3nh l\u1ecbch s\u1eed c\u1ee5 th\u1ec3 c\u1ee7a n\u01b0\u1edbc nh\u00e0, l\u00fac th\u00ec th\u1ea5m \u0111\u01b0\u1ee3m th\u1ebf th\u00e1i nh\u00e2n t\u00ecnh, khi th\u00ec kh\u00ed kh\u00e1i h\u00e0o m\u1ea1i, khi th\u00ec l\u00e2m ly th\u1ed1ng thi\u1ebft, l\u1ea1i \u0111\u01b0\u1ee3c ph\u00f4 di\u1ec5n m\u1ed9t c\u00e1ch \u0111i\u00eau luy\u1ec7n b\u1eb1ng b\u00fat ph\u00e1p v\u1eeba t\u1ef1 s\u1ef1 v\u1eeba tr\u1eef t\u00ecnh.<\/p>\n<p>T\u00e1c gi\u1ea3 Nguy\u1ec5n D\u1eef l\u00e0 m\u1ed9t danh s\u0129 s\u1ed1ng v\u00e0o cu\u1ed1i th\u1ebf k\u1ef7 XV \u0111\u1ea7u th\u1ebf k\u1ef7 XVI. \u00d4ng l\u00e0 ng\u01b0\u1eddi x\u00e3 \u0110o\u00e0n L\u00e2m, huy\u1ec7n Gia Ph\u00fac, thu\u1ed9c \u0111\u1ea5t H\u1ed3ng Ch\u00e2u x\u01b0a (nay l\u00e0 huy\u1ec7n Thanh Mi\u1ec7n, t\u1ec9nh H\u1ea3i D\u01b0\u01a1ng). \u00d4ng h\u1ecdc r\u1ed9ng bi\u1ebft nhi\u1ec1u, m\u1ea5y l\u1ea7n thi \u0111\u1ed7 h\u1ed9i th\u00ed. \u0110\u01b0\u1ee3c b\u1ed5 l\u00e0m Tri huy\u1ec7n Thanh Tuy\u1ec1n, nh\u01b0ng ch\u1ec9 h\u01a1n m\u1ed9t n\u0103m sau th\u00ec \u00f4ng c\u00e1o quan v\u1ec1 qu\u00ea ph\u1ee5ng d\u01b0\u1ee1ng m\u1eb9 gi\u00e0. C\u00f3 th\u1ec3 ch\u00ednh trong th\u1eddi gian n\u00e0y \u00f4ng \u0111\u00e3 s\u00e1ng t\u00e1c Truy\u1ec1n K\u1ef3 M\u1ea1n L\u1ee5c g\u1ed3m 20 truy\u1ec7n k\u00fd b\u1eb1ng H\u00e1n v\u0103n.<\/p>\n<p>T\u01b0\u01a1ng truy\u1ec1n Nguy\u1ec5n Th\u1ebf Nghi l\u00e0 ng\u01b0\u1eddi d\u1ecbch t\u00e1c ph\u1ea9m H\u00e1n v\u0103n Truy\u1ec1n K\u1ef3 M\u1ea1n L\u1ee5c sang v\u0103n N\u00f4m v\u00e0o th\u1ebf k\u1ef7 XVII. \u00d4ng s\u1ed1ng v\u00e0o th\u1eddi nh\u00e0 M\u1ea1c, kh\u00f4ng r\u00f5 n\u0103m sinh n\u0103m m\u1ea5t. Thu\u1edf thi\u1ebfu th\u1eddi c\u00f9ng quen th\u00e2n v\u1edbi M\u1ea1c \u0110\u0103ng Dung (1483-1541), v\u1ec1 sau kh\u00f4ng ch\u1ecbu ra l\u00e0m quan, \u0111\u01b0\u1ee3c \u0110\u0103ng Dung t\u1eb7ng phong t\u01b0\u1edbc \u0110\u1ea1i H\u01b0ng h\u1ea7u. \u00d4ng gi\u1ecfi v\u0103n ch\u01b0\u01a1ng, \u0111\u1eb7c bi\u1ec7t s\u1edf tr\u01b0\u1eddng v\u1ec1 v\u0103n qu\u1ed1c \u00e2m (ch\u1eef N\u00f4m), cu\u1ed1i tri\u1ec1u M\u1ea1c c\u00f2n l\u00e0m v\u0103n N\u00f4m ch\u00e2m bi\u1ebfm t\u1ec7 hoang d\u00e2m c\u1ee7a \u0111\u01b0\u01a1ng tri\u1ec1u.<\/p>\n<p>Cu\u1ed1n s\u00e1ch n\u00e0y l\u00e0 b\u1ea3n phi\u00ean \u00e2m c\u1ee7a GS Nguy\u1ec5n Quang H\u1ed3ng t\u1eeb b\u1ea3n d\u1ecbch ch\u1eef N\u00f4m c\u1ee7a t\u00e1c ph\u1ea9m Truy\u1ec1n k\u1ef3 m\u1ea1n l\u1ee5c. GS Nguy\u1ec5n Quang H\u1ed3ng trong qu\u00e1 tr\u00ecnh phi\u00ean \u00e2m \u0111\u00e3 gi\u1eef nguy\u00ean c\u00e1c c\u1ea5u tr\u00fac, quy t\u1eafc d\u00f9ng t\u1eeb c\u1ee7a ng\u01b0\u1eddi Vi\u1ec7t trong th\u1eddi k\u1ef3 trung \u0111\u1ea1i. B\u00ean c\u1ea1nh vi\u1ec7c phi\u00ean \u00e2m, GS c\u00f2n ti\u1ebfn h\u00e0nh ch\u00fa gi\u1ea3i c\u00e1c \u0111i\u1ec3n t\u00edch, \u0111i\u1ec3n c\u1ed1 v\u00e0 t\u1eeb ng\u1eef trong s\u00e1ch. B\u1edfi v\u1eady, t\u1eadp truy\u1ec7n c\u00f3 gi\u00e1 tr\u1ecb cao v\u1ec1 h\u1ecdc thu\u1eadt, kh\u00f4ng gi\u1ed1ng c\u00e1c b\u1ea3n Truy\u1ec1n k\u1ef3 m\u1ea1n l\u1ee5c \u0111ang l\u01b0u h\u00e0nh ch\u1ec9 \u0111\u01a1n thu\u1ea7n l\u00e0 d\u1ecbch t\u1eeb H\u00e1n v\u0103n sang ti\u1ebfng Vi\u1ec7t hi\u1ec7n \u0111\u1ea1i.<\/p>\n<p><strong>+\u0110\u00c1NH GI\u00c1\/NH\u1eacN X\u00c9T CHUY\u00caN GIA:<\/strong><\/p>\n<p>\u00ab To\u00e0n b\u1ed9 t\u00e1c ph\u1ea9m c\u1ee7a Nguy\u1ec5n D\u1eef l\u00e0 thu\u1ea7n t\u00fay Vi\u1ec7t Nam, ngo\u1ea1i tr\u1eeb v\u0103n ng\u00f4n ch\u1eef H\u00e1n l\u00e0 ph\u1ea3i vay m\u01b0\u1ee3n t\u1eeb Trung Hoa. Nguy\u1ec5n D\u1eef kh\u00f4ng vi\u1ebft v\u1ec1 con ng\u01b0\u1eddi v\u00e0 nh\u1eefng g\u00ec x\u1ea3y ra \u1edf Trung Hoa, m\u00e0 trong t\u00e1c ph\u1ea9m c\u1ee7a \u00f4ng lu\u00f4n lu\u00f4n hi\u1ec7n l\u00ean quang c\u1ea3nh \u0111\u1ea5t n\u01b0\u1edbc v\u00e0 con ng\u01b0\u1eddi Vi\u1ec7t Nam v\u1edbi \u0111\u1ea7y \u0111\u1ee7 t\u00ean tu\u1ed5i, s\u1ed1 ph\u1eadn c\u1ee7a h\u1ecd trong nh\u1eefng b\u1ed1i c\u1ea3nh l\u1ecbch s\u1eed c\u1ee5 th\u1ec3 c\u1ee7a n\u01b0\u1edbc nh\u00e0, t\u1eeb th\u1eddi nh\u00e0 Tr\u1ea7n cho \u0111\u1ebfn th\u1eddi nh\u00e0 L\u00ea (ni\u00ean \u0111\u1ea1i s\u1edbm nh\u1ea5t \u0111\u01b0\u1ee3c nh\u1eafc \u0111\u1ebfn trong Truy\u1ec1n k\u1ef3 m\u1ea1n l\u1ee5c l\u00e0 n\u0103m Canh Ng\u1ecd ni\u00ean hi\u1ec7u Khai H\u1ef1u, t\u1ee9c n\u0103m 1330, ni\u00ean \u0111\u1ea1i cu\u1ed1i c\u00f9ng l\u00e0 ni\u00ean hi\u1ec7u \u0110oan Kh\u00e1nh ng\u0169 ni\u00ean, t\u1ee9c n\u0103m 1509). V\u1edbi nh\u1eefng c\u00e2u chuy\u1ec7n th\u1ea5m \u0111\u01b0\u1ee3m n\u1ed7i ni\u1ec1m th\u1ebf th\u00e1i nh\u00e2n t\u00ecnh, khi th\u00ec kh\u00ed kh\u00e1i h\u00e0o m\u1ea1i, khi th\u00ec l\u00e2m ly th\u1ed1ng thi\u1ebft, l\u1ea1i \u0111\u01b0\u1ee3c ph\u00f4 di\u1ec5n m\u1ed9t c\u00e1ch \u0111i\u00eau luy\u1ec7n b\u1eb1ng b\u00fat ph\u00e1p v\u1eeba t\u1ef1 s\u1ef1 v\u1eeba tr\u1eef t\u00ecnh, ngay t\u1eeb khi m\u1edbi ra \u0111\u1eddi, t\u00e1c ph\u1ea9m c\u1ee7a Nguy\u1ec5n D\u1eef \u0111\u00e3 l\u00f4i cu\u1ed1n \u0111\u01b0\u1ee3c s\u1ef1 ch\u00fa \u00fd c\u1ee7a ng\u01b0\u1eddi \u0111\u01b0\u01a1ng th\u1eddi v\u00e0 lu\u00f4n lu\u00f4n gi\u1eef \u0111\u01b0\u1ee3c s\u1ef1 h\u1ea5p d\u1eabn v\u1edbi c\u00e1c v\u0103n nh\u00e2n, \u0111\u1ed9c gi\u1ea3 \u0111\u1eddi sau. \u00bb<\/p>\n<p>&#8211;\u00a0<strong>GS. Nguy\u1ec5n Quang H\u1ed3ng<\/strong><\/p>\n<div class=\"clear\"><\/div>\n<\/div>\n<\/div>\n<\/div>\n<div class=\"clear\"><\/div>\n<div>\n<div class=\"product_view_tab_content_ad_more\">\n<div class=\"product_view_tab_content_additional\">\n<table class=\"data-table table-additional\">\n<colgroup>\n<col width=\"25%\" \/>\n<col \/><\/colgroup>\n<tbody>\n<tr>\n<th class=\"table-label\">M\u00e3 h\u00e0ng<\/th>\n<td class=\"data_sku\">8935270701222<\/td>\n<\/tr>\n<tr>\n<th class=\"table-label\">T\u00ean Nh\u00e0 Cung C\u1ea5p<\/th>\n<td class=\"data_supplier\"><a class=\"xem-chi-tiet\" href=\"https:\/\/www.fahasa.com\/alpha-books?fhs_campaign=ATTRIBUTE_PRODUCT\">Alpha Books<\/a><\/td>\n<\/tr>\n<tr>\n<th class=\"table-label\">T\u00e1c gi\u1ea3<\/th>\n<td class=\"data_author\">Nguy\u1ec5n D\u1eef, Nguy\u1ec5n Th\u1ebf Nghi, GS Nguy\u1ec5n Quang H\u1ed3ng<\/td>\n<\/tr>\n<tr>\n<th class=\"table-label\">NXB<\/th>\n<td class=\"data_publisher\">NXB Khoa h\u1ecdc x\u00e3 h\u1ed9i<\/td>\n<\/tr>\n<tr>\n<th class=\"table-label\">N\u0103m XB<\/th>\n<td class=\"data_publish_year\">2019<\/td>\n<\/tr>\n<tr>\n<th class=\"table-label\">Ng\u00f4n Ng\u1eef<\/th>\n<td class=\"data_languages\">Ti\u1ebfng Trung<\/td>\n<\/tr>\n<tr>\n<th class=\"table-label\">Tr\u1ecdng l\u01b0\u1ee3ng (gr)<\/th>\n<td class=\"data_weight\">600<\/td>\n<\/tr>\n<tr>\n<th class=\"table-label\">K\u00edch Th\u01b0\u1edbc Bao B\u00ec<\/th>\n<td class=\"data_size\">24 x 16 x 0.5 cm<\/td>\n<\/tr>\n<tr>\n<th class=\"table-label\">S\u1ed1 trang<\/th>\n<td class=\"data_qty_of_page\">576<\/td>\n<\/tr>\n<tr>\n<th class=\"table-label\">H\u00ecnh th\u1ee9c<\/th>\n<td class=\"data_book_layout\">B\u00eca M\u1ec1m<\/td>\n<\/tr>\n<tr>\n<th class=\"table-label\">S\u1ea3n ph\u1ea9m b\u00e1n ch\u1ea1y nh\u1ea5t<\/th>\n<td><a href=\"https:\/\/www.fahasa.com\/sach-trong-nuoc\/lich-su-dia-ly-ton-giao\/lich-su.html?order=num_orders_month\">Top 100 s\u1ea3n ph\u1ea9m L\u1ecbch S\u1eed b\u00e1n ch\u1ea1y c\u1ee7a th\u00e1ng<\/a><\/td>\n<\/tr>\n<tr>\n<td colspan=\"2\">Gi\u00e1 s\u1ea3n ph\u1ea9m tr\u00ean Fahasa.com \u0111\u00e3 bao g\u1ed3m thu\u1ebf theo lu\u1eadt hi\u1ec7n h\u00e0nh. B\u00ean c\u1ea1nh \u0111\u00f3, tu\u1ef3 v\u00e0o lo\u1ea1i s\u1ea3n ph\u1ea9m, h\u00ecnh th\u1ee9c v\u00e0 \u0111\u1ecba ch\u1ec9 giao h\u00e0ng m\u00e0 c\u00f3 th\u1ec3 ph\u00e1t sinh th\u00eam chi ph\u00ed kh\u00e1c nh\u01b0 Ph\u1ee5 ph\u00ed \u0111\u00f3ng g\u00f3i, ph\u00ed v\u1eadn chuy\u1ec3n, ph\u1ee5 ph\u00ed h\u00e0ng c\u1ed3ng k\u1ec1nh,&#8230;<\/td>\n<\/tr>\n<\/tbody>\n<\/table>\n<\/div>\n<div class=\"clear\"><\/div>\n<div id=\"product_tabs_description_contents\">\n<div id=\"desc_content\" class=\"std\">\n<p>Tr\u1ea3i qua ng\u00f3t hai th\u1eadp k\u1ef7, cu\u1ed1n s\u00e1ch\u00a0<strong>Truy\u1ec1n k\u1ef3 m\u1ea1n l\u1ee5c gi\u1ea3i \u00e2m<\/strong>\u00a0\u0111\u00e3 gi\u00fap kh\u00f4ng \u00edt b\u1ea1n \u0111\u1ecdc t\u00ecm hi\u1ec3u v\u00e0 th\u01b0\u1edfng th\u1ee9c nh\u1eefng truy\u1ec7n ng\u1eafn \u0111\u1eb7c s\u1eafc cha \u00f4ng ta \u0111\u1ec3 l\u1ea1i. \u0110\u1ed1i v\u1edbi b\u1ea1n \u0111\u1ecdc trong gi\u00e1o gi\u1edbi v\u00e0 h\u1ecdc gi\u1edbi th\u00ec r\u00f5 r\u00e0ng \u0111\u00e2y l\u00e0 m\u1ed9t t\u1eadp t\u01b0 li\u1ec7u \u0111\u1eaft gi\u00e1 cho vi\u1ec7c h\u1ecdc t\u1eadp v\u00e0 nghi\u00ean c\u1ee9u \u0111a chi\u1ec1u v\u1ec1 v\u0103n ch\u01b0\u01a1ng v\u00e0 ch\u1eef ngh\u0129a, v\u1ec1 l\u1ecbch s\u1eed v\u00e0 v\u0103n h\u00f3a n\u01b0\u1edbc ta th\u1eddi trung \u0111\u1ea1i.<\/p>\n<p><strong>Truy\u1ec1n k\u1ef3 m\u1ea1n l\u1ee5c gi\u1ea3i \u00e2m<\/strong>\u00a0l\u00e0 t\u1eadp truy\u1ec7n ng\u1eafn tuy\u1ec3n ch\u1ecdn g\u1ed3m 20 truy\u1ec7n c\u1ee7a danh s\u0129 Nguy\u1ec5n D\u1eef, vi\u1ebft b\u1eb1ng ch\u1eef H\u00e1n, theo th\u1ec3 lo\u1ea1i t\u1ea3n v\u0103n (v\u0103n xu\u00f4i), xen l\u1eabn bi\u1ec1n v\u0103n (v\u0103n c\u00f3 \u0111\u1ed1i) v\u00e0 th\u01a1 ca, cu\u1ed1i m\u1ed7i truy\u1ec7n c\u00f3 l\u1eddi b\u00ecnh c\u1ee7a t\u00e1c gi\u1ea3 ho\u1eb7c c\u1ee7a m\u1ed9t ng\u01b0\u1eddi c\u00f3 c\u00f9ng quan \u0111i\u1ec3m c\u1ee7a t\u00e1c gi\u1ea3. H\u1ea7u h\u1ebft c\u00e1c truy\u1ec7n x\u1ea3y ra t\u1eeb \u0111\u1eddi Tr\u1ea7n, \u0111\u1eddi H\u1ed3 \u0111\u1ebfn \u0111\u1eddi L\u00ea s\u01a1, kh\u00f4ng gian tr\u1ea3i d\u00e0i t\u1eeb Ngh\u1ec7 An tr\u1edf ra B\u1eafc. C\u00e1c t\u00e1c ph\u1ea9m ph\u00e1c h\u1ecda r\u00f5 n\u00e9t quang c\u1ea3nh \u0111\u1ea5t n\u01b0\u1edbc v\u00e0 con ng\u01b0\u1eddi Vi\u1ec7t Nam v\u1edbi \u0111\u1ea7y \u0111\u1ee7 t\u00ean tu\u1ed5i, s\u1ed1 ph\u1eadn c\u1ee7a h\u1ecd trong nh\u1eefng b\u1ed1i c\u1ea3nh l\u1ecbch s\u1eed c\u1ee5 th\u1ec3 c\u1ee7a n\u01b0\u1edbc nh\u00e0, l\u00fac th\u00ec th\u1ea5m \u0111\u01b0\u1ee3m th\u1ebf th\u00e1i nh\u00e2n t\u00ecnh, khi th\u00ec kh\u00ed kh\u00e1i h\u00e0o m\u1ea1i, khi th\u00ec l\u00e2m ly th\u1ed1ng thi\u1ebft, l\u1ea1i \u0111\u01b0\u1ee3c ph\u00f4 di\u1ec5n m\u1ed9t c\u00e1ch \u0111i\u00eau luy\u1ec7n b\u1eb1ng b\u00fat ph\u00e1p v\u1eeba t\u1ef1 s\u1ef1 v\u1eeba tr\u1eef t\u00ecnh.<\/p>\n<p>T\u00e1c gi\u1ea3 Nguy\u1ec5n D\u1eef l\u00e0 m\u1ed9t danh s\u0129 s\u1ed1ng v\u00e0o cu\u1ed1i th\u1ebf k\u1ef7 XV \u0111\u1ea7u th\u1ebf k\u1ef7 XVI. \u00d4ng l\u00e0 ng\u01b0\u1eddi x\u00e3 \u0110o\u00e0n L\u00e2m, huy\u1ec7n Gia Ph\u00fac, thu\u1ed9c \u0111\u1ea5t H\u1ed3ng Ch\u00e2u x\u01b0a (nay l\u00e0 huy\u1ec7n Thanh Mi\u1ec7n, t\u1ec9nh H\u1ea3i D\u01b0\u01a1ng). \u00d4ng h\u1ecdc r\u1ed9ng bi\u1ebft nhi\u1ec1u, m\u1ea5y l\u1ea7n thi \u0111\u1ed7 h\u1ed9i th\u00ed. \u0110\u01b0\u1ee3c b\u1ed5 l\u00e0m Tri huy\u1ec7n Thanh Tuy\u1ec1n, nh\u01b0ng ch\u1ec9 h\u01a1n m\u1ed9t n\u0103m sau th\u00ec \u00f4ng c\u00e1o quan v\u1ec1 qu\u00ea ph\u1ee5ng d\u01b0\u1ee1ng m\u1eb9 gi\u00e0. C\u00f3 th\u1ec3 ch\u00ednh trong th\u1eddi gian n\u00e0y \u00f4ng \u0111\u00e3 s\u00e1ng t\u00e1c Truy\u1ec1n K\u1ef3 M\u1ea1n L\u1ee5c g\u1ed3m 20 truy\u1ec7n k\u00fd b\u1eb1ng H\u00e1n v\u0103n.<\/p>\n<p>T\u01b0\u01a1ng truy\u1ec1n Nguy\u1ec5n Th\u1ebf Nghi l\u00e0 ng\u01b0\u1eddi d\u1ecbch t\u00e1c ph\u1ea9m H\u00e1n v\u0103n Truy\u1ec1n K\u1ef3 M\u1ea1n L\u1ee5c sang v\u0103n N\u00f4m v\u00e0o th\u1ebf k\u1ef7 XVII. \u00d4ng s\u1ed1ng v\u00e0o th\u1eddi nh\u00e0 M\u1ea1c, kh\u00f4ng r\u00f5 n\u0103m sinh n\u0103m m\u1ea5t. Thu\u1edf thi\u1ebfu th\u1eddi c\u00f9ng quen th\u00e2n v\u1edbi M\u1ea1c \u0110\u0103ng Dung (1483-1541), v\u1ec1 sau kh\u00f4ng ch\u1ecbu ra l\u00e0m quan, \u0111\u01b0\u1ee3c \u0110\u0103ng Dung t\u1eb7ng phong t\u01b0\u1edbc \u0110\u1ea1i H\u01b0ng h\u1ea7u. \u00d4ng gi\u1ecfi v\u0103n ch\u01b0\u01a1ng, \u0111\u1eb7c bi\u1ec7t s\u1edf tr\u01b0\u1eddng v\u1ec1 v\u0103n qu\u1ed1c \u00e2m (ch\u1eef N\u00f4m), cu\u1ed1i tri\u1ec1u M\u1ea1c c\u00f2n l\u00e0m v\u0103n N\u00f4m ch\u00e2m bi\u1ebfm t\u1ec7 hoang d\u00e2m c\u1ee7a \u0111\u01b0\u01a1ng tri\u1ec1u.<\/p>\n<p>Cu\u1ed1n s\u00e1ch n\u00e0y l\u00e0 b\u1ea3n phi\u00ean \u00e2m c\u1ee7a GS Nguy\u1ec5n Quang H\u1ed3ng t\u1eeb b\u1ea3n d\u1ecbch ch\u1eef N\u00f4m c\u1ee7a t\u00e1c ph\u1ea9m Truy\u1ec1n k\u1ef3 m\u1ea1n l\u1ee5c. GS Nguy\u1ec5n Quang H\u1ed3ng trong qu\u00e1 tr\u00ecnh phi\u00ean \u00e2m \u0111\u00e3 gi\u1eef nguy\u00ean c\u00e1c c\u1ea5u tr\u00fac, quy t\u1eafc d\u00f9ng t\u1eeb c\u1ee7a ng\u01b0\u1eddi Vi\u1ec7t trong th\u1eddi k\u1ef3 trung \u0111\u1ea1i. B\u00ean c\u1ea1nh vi\u1ec7c phi\u00ean \u00e2m, GS c\u00f2n ti\u1ebfn h\u00e0nh ch\u00fa gi\u1ea3i c\u00e1c \u0111i\u1ec3n t\u00edch, \u0111i\u1ec3n c\u1ed1 v\u00e0 t\u1eeb ng\u1eef trong s\u00e1ch. B\u1edfi v\u1eady, t\u1eadp truy\u1ec7n c\u00f3 gi\u00e1 tr\u1ecb cao v\u1ec1 h\u1ecdc thu\u1eadt, kh\u00f4ng gi\u1ed1ng c\u00e1c b\u1ea3n Truy\u1ec1n k\u1ef3 m\u1ea1n l\u1ee5c \u0111ang l\u01b0u h\u00e0nh ch\u1ec9 \u0111\u01a1n thu\u1ea7n l\u00e0 d\u1ecbch t\u1eeb H\u00e1n v\u0103n sang ti\u1ebfng Vi\u1ec7t hi\u1ec7n \u0111\u1ea1i.<\/p>\n<p><strong>+\u0110\u00c1NH GI\u00c1\/NH\u1eacN X\u00c9T CHUY\u00caN GIA:<\/strong><\/p>\n<p>\u00ab To\u00e0n b\u1ed9 t\u00e1c ph\u1ea9m c\u1ee7a Nguy\u1ec5n D\u1eef l\u00e0 thu\u1ea7n t\u00fay Vi\u1ec7t Nam, ngo\u1ea1i tr\u1eeb v\u0103n ng\u00f4n ch\u1eef H\u00e1n l\u00e0 ph\u1ea3i vay m\u01b0\u1ee3n t\u1eeb Trung Hoa. Nguy\u1ec5n D\u1eef kh\u00f4ng vi\u1ebft v\u1ec1 con ng\u01b0\u1eddi v\u00e0 nh\u1eefng g\u00ec x\u1ea3y ra \u1edf Trung Hoa, m\u00e0 trong t\u00e1c ph\u1ea9m c\u1ee7a \u00f4ng lu\u00f4n lu\u00f4n hi\u1ec7n l\u00ean quang c\u1ea3nh \u0111\u1ea5t n\u01b0\u1edbc v\u00e0 con ng\u01b0\u1eddi Vi\u1ec7t Nam v\u1edbi \u0111\u1ea7y \u0111\u1ee7 t\u00ean tu\u1ed5i, s\u1ed1 ph\u1eadn c\u1ee7a h\u1ecd trong nh\u1eefng b\u1ed1i c\u1ea3nh l\u1ecbch s\u1eed c\u1ee5 th\u1ec3 c\u1ee7a n\u01b0\u1edbc nh\u00e0, t\u1eeb th\u1eddi nh\u00e0 Tr\u1ea7n cho \u0111\u1ebfn th\u1eddi nh\u00e0 L\u00ea (ni\u00ean \u0111\u1ea1i s\u1edbm nh\u1ea5t \u0111\u01b0\u1ee3c nh\u1eafc \u0111\u1ebfn trong Truy\u1ec1n k\u1ef3 m\u1ea1n l\u1ee5c l\u00e0 n\u0103m Canh Ng\u1ecd ni\u00ean hi\u1ec7u Khai H\u1ef1u, t\u1ee9c n\u0103m 1330, ni\u00ean \u0111\u1ea1i cu\u1ed1i c\u00f9ng l\u00e0 ni\u00ean hi\u1ec7u \u0110oan Kh\u00e1nh ng\u0169 ni\u00ean, t\u1ee9c n\u0103m 1509). V\u1edbi nh\u1eefng c\u00e2u chuy\u1ec7n th\u1ea5m \u0111\u01b0\u1ee3m n\u1ed7i ni\u1ec1m th\u1ebf th\u00e1i nh\u00e2n t\u00ecnh, khi th\u00ec kh\u00ed kh\u00e1i h\u00e0o m\u1ea1i, khi th\u00ec l\u00e2m ly th\u1ed1ng thi\u1ebft, l\u1ea1i \u0111\u01b0\u1ee3c ph\u00f4 di\u1ec5n m\u1ed9t c\u00e1ch \u0111i\u00eau luy\u1ec7n b\u1eb1ng b\u00fat ph\u00e1p v\u1eeba t\u1ef1 s\u1ef1 v\u1eeba tr\u1eef t\u00ecnh, ngay t\u1eeb khi m\u1edbi ra \u0111\u1eddi, t\u00e1c ph\u1ea9m c\u1ee7a Nguy\u1ec5n D\u1eef \u0111\u00e3 l\u00f4i cu\u1ed1n \u0111\u01b0\u1ee3c s\u1ef1 ch\u00fa \u00fd c\u1ee7a ng\u01b0\u1eddi \u0111\u01b0\u01a1ng th\u1eddi v\u00e0 lu\u00f4n lu\u00f4n gi\u1eef \u0111\u01b0\u1ee3c s\u1ef1 h\u1ea5p d\u1eabn v\u1edbi c\u00e1c v\u0103n nh\u00e2n, \u0111\u1ed9c gi\u1ea3 \u0111\u1eddi sau. \u00bb<\/p>\n<p>&#8211;\u00a0<strong>GS. Nguy\u1ec5n Quang H\u1ed3ng<\/strong><\/p>\n<\/div>\n<\/div>\n<\/div>\n<\/div>\n","protected":false},"excerpt":{"rendered":"<div class=\"txt-content-product-detail shortened-content\">\n<p>Truy\u1ec1n k\u1ef3 m\u1ea1n l\u1ee5c gi\u1ea3i \u00e2m l\u00e0 t\u1eadp truy\u1ec7n ng\u1eafn \u0111\u1eb7c s\u1eafc g\u1ed3m 20 truy\u1ec7n, vi\u1ebft b\u1eb1ng ch\u1eef H\u00e1n, theo th\u1ec3 lo\u1ea1i t\u1ea3n v\u0103n (v\u0103n xu\u00f4i), xen l\u1eabn bi\u1ec1n v\u0103n (v\u0103n c\u00f3 \u0111\u1ed1i) v\u00e0 th\u01a1 ca, cu\u1ed1i m\u1ed7i truy\u1ec7n c\u00f3 l\u1eddi b\u00ecnh c\u1ee7a t\u00e1c gi\u1ea3 ho\u1eb7c c\u1ee7a m\u1ed9t ng\u01b0\u1eddi c\u00f3 c\u00f9ng quan \u0111i\u1ec3m c\u1ee7a t\u00e1c gi\u1ea3. H\u1ea7u h\u1ebft c\u00e1c truy\u1ec7n x\u1ea3y ra t\u1eeb \u0111\u1eddi Tr\u1ea7n, \u0111\u1eddi H\u1ed3 \u0111\u1ebfn \u0111\u1eddi L\u00ea s\u01a1, kh\u00f4ng gian tr\u1ea3i d\u00e0i t\u1eeb Ngh\u1ec7 An tr\u1edf ra B\u1eafc. S\u00e1ch \u0111\u01b0\u1ee3c Nguy\u1ec5n Th\u1ebf Nghi chuy\u1ec3n ng\u1eef t\u1eeb H\u00e1n sang N\u00f4m v\u00e0o th\u1ebf k\u1ef7 XVII, r\u1ed3i nay l\u1ea1i \u0111\u01b0\u1ee3c chuy\u1ec3n t\u1ef1 ch\u1eef N\u00f4m sang ch\u1eef Qu\u1ed1c ng\u1eef. \u0110\u00e2y l\u00e0 m\u1ed9t t\u1eadp t\u01b0 li\u1ec7u qu\u00fd gi\u00e1 cho vi\u1ec7c h\u1ecdc t\u1eadp v\u00e0 nghi\u00ean c\u1ee9u \u0111a chi\u1ec1u v\u1ec1 v\u0103n ch\u01b0\u01a1ng v\u00e0 ch\u1eef ngh\u0129a, v\u1ec1 l\u1ecbch s\u1eed v\u00e0 v\u0103n h\u00f3a n\u01b0\u1edbc ta th\u1eddi trung \u0111\u1ea1i.<\/p>\n<p><strong>\u0110\u00c1NH GI\u00c1\/NH\u1eacN X\u00c9T CHUY\u00caN GIA<\/strong><\/p>\n<p><em>\u201cTo\u00e0n b\u1ed9 t\u00e1c ph\u1ea9m c\u1ee7a\u00a0<strong>Nguy\u1ec5n D\u1eef<\/strong>\u00a0l\u00e0 thu\u1ea7n t\u00fay Vi\u1ec7t Nam, ngo\u1ea1i tr\u1eeb v\u0103n ng\u00f4n ch\u1eef H\u00e1n l\u00e0 ph\u1ea3i vay m\u01b0\u1ee3n t\u1eeb Trung Hoa.<strong>\u00a0Nguy\u1ec5n D\u1eef<\/strong>\u00a0kh\u00f4ng vi\u1ebft v\u1ec1 con ng\u01b0\u1eddi v\u00e0 nh\u1eefng g\u00ec x\u1ea3y ra \u1edf Trung Hoa, m\u00e0 trong t\u00e1c ph\u1ea9m c\u1ee7a \u00f4ng lu\u00f4n lu\u00f4n hi\u1ec7n l\u00ean quang c\u1ea3nh \u0111\u1ea5t n\u01b0\u1edbc v\u00e0 con ng\u01b0\u1eddi Vi\u1ec7t Nam v\u1edbi \u0111\u1ea7y \u0111\u1ee7 t\u00ean tu\u1ed5i, s\u1ed1 ph\u1eadn c\u1ee7a h\u1ecd trong nh\u1eefng b\u1ed1i c\u1ea3nh l\u1ecbch s\u1eed c\u1ee5 th\u1ec3 c\u1ee7a n\u01b0\u1edbc nh\u00e0, t\u1eeb th\u1eddi nh\u00e0 Tr\u1ea7n cho \u0111\u1ebfn th\u1eddi nh\u00e0 L\u00ea (ni\u00ean \u0111\u1ea1i s\u1edbm nh\u1ea5t \u0111\u01b0\u1ee3c nh\u1eafc \u0111\u1ebfn trong\u00a0<strong>Truy\u1ec1n k\u1ef3 m\u1ea1n l\u1ee5c<\/strong>\u00a0l\u00e0 n\u0103m Canh Ng\u1ecd ni\u00ean hi\u1ec7u Khai H\u1ef1u, t\u1ee9c n\u0103m 1330, ni\u00ean \u0111\u1ea1i cu\u1ed1i c\u00f9ng l\u00e0 ni\u00ean hi\u1ec7u \u0110oan Kh\u00e1nh ng\u0169 ni\u00ean, t\u1ee9c n\u0103m 1509). V\u1edbi nh\u1eefng c\u00e2u chuy\u1ec7n th\u1ea5m \u0111\u01b0\u1ee3m n\u1ed7i ni\u1ec1m th\u1ebf th\u00e1i nh\u00e2n t\u00ecnh, khi th\u00ec kh\u00ed kh\u00e1i h\u00e0o m\u1ea1i, khi th\u00ec l\u00e2m ly th\u1ed1ng thi\u1ebft, l\u1ea1i \u0111\u01b0\u1ee3c ph\u00f4 di\u1ec5n m\u1ed9t c\u00e1ch \u0111i\u00eau luy\u1ec7n b\u1eb1ng b\u00fat ph\u00e1p v\u1eeba t\u1ef1 s\u1ef1 v\u1eeba tr\u1eef t\u00ecnh, ngay t\u1eeb khi m\u1edbi ra \u0111\u1eddi, t\u00e1c ph\u1ea9m c\u1ee7a\u00a0<strong>Nguy\u1ec5n D\u1eef<\/strong>\u00a0\u0111\u00e3 l\u00f4i cu\u1ed1n \u0111\u01b0\u1ee3c s\u1ef1 ch\u00fa \u00fd c\u1ee7a ng\u01b0\u1eddi \u0111\u01b0\u01a1ng th\u1eddi v\u00e0 lu\u00f4n lu\u00f4n gi\u1eef \u0111\u01b0\u1ee3c s\u1ef1 h\u1ea5p d\u1eabn v\u1edbi c\u00e1c v\u0103n nh\u00e2n, \u0111\u1ed9c gi\u1ea3 \u0111\u1eddi sau. \u201c<strong>&#8211; GS. Nguy\u1ec5n Quang H\u1ed3ng<\/strong><\/em><\/p>\n<p>\u201cS\u00e1ch\u00a0<strong>Truy\u1ec1n k\u1ef3 m\u1ea1n l\u1ee5c gi\u1ea3i \u00e2m<\/strong>\u00a0\u0111\u01b0\u1ee3c th\u1ef1c hi\u1ec7n \u0111\u1ec3 gi\u00fap b\u1ea1n \u0111\u1ecdc ng\u00e0y nay c\u00f3 th\u1ec3 t\u00ecm hi\u1ec3u v\u00e0 th\u01b0\u1edfng th\u1ee9c m\u1ed9t t\u1eadp truy\u1ec7n \u0111\u1eb7c s\u1eafc c\u1ee7a cha \u00f4ng ta trong qu\u00e1 kh\u1ee9 (\u0111\u01b0\u1ee3c Nguy\u1ec5n D\u1eef s\u00e1ng t\u00e1c b\u1eb1ng v\u0103n ng\u00f4n ch\u1eef H\u00e1n, sau \u0111\u00f3 \u0111\u01b0\u1ee3c Nguy\u1ec5n Th\u1ebf Nghi chuy\u1ec3n ng\u1eef t\u1eeb H\u00e1n sang N\u00f4m, c\u00e1ch nay g\u1ea7n 4 th\u1ebf k\u1ef7, r\u1ed3i nay l\u1ea1i \u0111\u01b0\u1ee3c ch\u00fang t\u00f4i chuy\u1ec3n t\u1eeb ch\u1eef N\u00f4m sang ch\u1eef Qu\u1ed1c ng\u1eef hi\u1ec7n h\u00e0nh). C\u00f2n v\u1edbi \u0111\u1ed9c gi\u1ea3 trong gi\u00e1o gi\u1edbi v\u00e0 h\u1ecdc gi\u1edbi th\u00ec c\u00f3 th\u1ec3 coi cu\u1ed1n s\u00e1ch n\u00e0y nh\u01b0 m\u1ed9t t\u1eadp t\u01b0 li\u1ec7u qu\u00fd gi\u00e1 cho vi\u1ec7c h\u1ecdc t\u1eadp v\u00e0 nghi\u00ean c\u1ee9u \u0111\u00e3 chi\u1ec1u v\u1ec1 v\u0103n ch\u01b0\u01a1ng, ch\u1eef ngh\u0129a, l\u1ecbch s\u1eed v\u00e0 v\u0103n h\u00f3a n\u01b0\u1edbc ta th\u1eddi trung \u0111\u1ea1i.\u201d \u2013<strong>\u00a0GS.Nguy\u1ec5n Quang H\u1ed3ng<\/strong><\/p>\n<p><strong>T\u00c1C GI\u1ea2: Nguy\u1ec5n D\u1eef<\/strong><\/p>\n<p><strong>Nguy\u1ec5n D\u1eef\u00a0<\/strong>l\u00e0 m\u1ed9t danh s\u0129 s\u1ed1ng v\u00e0o cu\u1ed1i th\u1ebf k\u1ef7 XV \u0111\u1ea7u th\u1ebf k\u1ef7 XVI. \u00d4ng l\u00e0 ng\u01b0\u1eddi x\u00e3 \u0110o\u00e0n L\u00e2m, huy\u1ec7n Gia Ph\u00fac, thu\u1ed9c \u0111\u1ea5t H\u1ed3ng Ch\u00e2u x\u01b0a (nay l\u00e0 huy\u1ec7n Thanh Mi\u1ec7n, t\u1ec9nh H\u1ea3i D\u01b0\u01a1ng). \u00d4ng h\u1ecdc r\u1ed9ng bi\u1ebft nhi\u1ec1u, m\u1ea5y l\u1ea7n thi \u0111\u1ed7 h\u1ed9i th\u00ed. \u0110\u01b0\u1ee3c b\u1ed5 l\u00e0m Tri huy\u1ec7n Thanh Tuy\u1ec1n, nh\u01b0ng ch\u1ec9 h\u01a1n m\u1ed9t n\u0103m sau th\u00ec \u00f4ng c\u00e1o quan v\u1ec1 qu\u00ea ph\u1ee5ng d\u01b0\u1ee1ng m\u1eb9 gi\u00e0. C\u00f3 th\u1ec3 ch\u00ednh trong th\u1eddi gian n\u00e0y \u00f4ng \u0111\u00e3 s\u00e1ng t\u00e1c Truy\u1ec1n K\u1ef3 M\u1ea1n L\u1ee5c g\u1ed3m 20 truy\u1ec7n k\u00fd b\u1eb1ng H\u00e1n v\u0103n.<\/p>\n<p><strong>Nguy\u1ec5n Th\u1ebf Nghi (ng\u01b0\u1eddi d\u1ecbch sang v\u0103n N\u00f4m)<\/strong><\/p>\n<p>T\u01b0\u01a1ng truy\u1ec1n danh s\u0129\u00a0<strong>Nguy\u1ec5n Th\u1ebf Nghi<\/strong>\u00a0l\u00e0 ng\u01b0\u1eddi d\u1ecbch t\u00e1c ph\u1ea9m H\u00e1n v\u0103n\u00a0<em><strong>Truy\u1ec1n K\u1ef3 M\u1ea1n L\u1ee5c<\/strong><\/em>\u00a0sang v\u0103n N\u00f4m. \u00d4ng s\u1ed1ng v\u00e0o th\u1eddi nh\u00e0 M\u1ea1c, kh\u00f4ng r\u00f5 n\u0103m sinh n\u0103m m\u1ea5t. Thu\u1edf thi\u1ebfu th\u1eddi c\u00f9ng quen th\u00e2n v\u1edbi M\u1ea1c \u0110\u0103ng Dung (1483-1541), v\u1ec1 sau kh\u00f4ng ch\u1ecbu ra l\u00e0m quan, \u0111\u01b0\u1ee3c \u0110\u0103ng Dung t\u1eb7ng phong t\u01b0\u1edbc \u0110\u1ea1i H\u01b0ng h\u1ea7u. \u00d4ng gi\u1ecfi v\u0103n ch\u01b0\u01a1ng, \u0111\u1eb7c bi\u1ec7t s\u1edf tr\u01b0\u1eddng v\u1ec1 v\u0103n qu\u1ed1c \u00e2m (ch\u1eef N\u00f4m), cu\u1ed1i tri\u1ec1u M\u1ea1c c\u00f2n l\u00e0m v\u0103n N\u00f4m ch\u00e2m bi\u1ebfm t\u1ec7 hoang d\u00e2m c\u1ee7a \u0111\u01b0\u01a1ng tri\u1ec1u.<\/p>\n<div><strong class=\"meta-description\">S\u00e1ch Truy\u1ec1n k\u1ef3 m\u1ea1n l\u1ee5c gi\u1ea3i \u00e2m<\/strong><\/div>\n<\/div>\n","protected":false},"featured_media":365,"comment_status":"open","ping_status":"closed","template":"","meta":[],"product_cat":[23,29],"product_tag":[],"class_list":["post-362","product","type-product","status-publish","has-post-thumbnail","hentry","product_cat-sach","product_cat-sach-van-hoa"],"_links":{"self":[{"href":"https:\/\/bookscollective.vn\/index.php\/wp-json\/wp\/v2\/product\/362","targetHints":{"allow":["GET"]}}],"collection":[{"href":"https:\/\/bookscollective.vn\/index.php\/wp-json\/wp\/v2\/product"}],"about":[{"href":"https:\/\/bookscollective.vn\/index.php\/wp-json\/wp\/v2\/types\/product"}],"replies":[{"embeddable":true,"href":"https:\/\/bookscollective.vn\/index.php\/wp-json\/wp\/v2\/comments?post=362"}],"wp:featuredmedia":[{"embeddable":true,"href":"https:\/\/bookscollective.vn\/index.php\/wp-json\/wp\/v2\/media\/365"}],"wp:attachment":[{"href":"https:\/\/bookscollective.vn\/index.php\/wp-json\/wp\/v2\/media?parent=362"}],"wp:term":[{"taxonomy":"product_cat","embeddable":true,"href":"https:\/\/bookscollective.vn\/index.php\/wp-json\/wp\/v2\/product_cat?post=362"},{"taxonomy":"product_tag","embeddable":true,"href":"https:\/\/bookscollective.vn\/index.php\/wp-json\/wp\/v2\/product_tag?post=362"}],"curies":[{"name":"wp","href":"https:\/\/api.w.org\/{rel}","templated":true}]}}