{"id":358,"date":"2022-10-04T10:23:02","date_gmt":"2022-10-04T10:23:02","guid":{"rendered":"https:\/\/bookscollective.vn\/?post_type=product&#038;p=358"},"modified":"2022-10-04T10:23:39","modified_gmt":"2022-10-04T10:23:39","slug":"truc-lam-tong-chi-nguyen-thanh-trong-van-hoc-phat-giao-viet-nam","status":"publish","type":"product","link":"https:\/\/bookscollective.vn\/index.php\/product\/truc-lam-tong-chi-nguyen-thanh-trong-van-hoc-phat-giao-viet-nam\/","title":{"rendered":"Tr\u00fac L\u00e2m T\u00f4ng Ch\u1ec9 Nguy\u00ean Thanh Trong V\u0103n H\u1ecdc Ph\u1eadt Gi\u00e1o Vi\u1ec7t Nam"},"content":{"rendered":"<p>S\u00e1ch do V\u0169 Trinh v\u00e0 Nguy\u1ec5n S\u1edf vi\u1ebft, nh\u1eefng \u00fd ch\u00ednh c\u1ee7a s\u00e1ch l\u00e0 c\u1ee7a Ng\u00f4 Th\u00ec Nh\u1eadm. V\u0169 Trinh v\u00e0 Nguy\u1ec5n S\u1edf thu\u1eadt l\u1ea1i v\u00e0 vi\u1ebft nh\u1eefng b\u00e0i lu\u1eadn xung quanh c\u00e1c \u00fd ch\u00ednh \u1ea5y. Thi\u1ec1n vi\u1ec7n Tr\u00fac L\u00e2m \u1edf ph\u01b0\u1eddng B\u00edch C\u00e2u c\u00f2n c\u00f3 hai m\u01b0\u01a1i b\u1ed1n ng\u01b0\u1eddi kh\u00e1c tham d\u1ef1 nh\u1eefng cu\u1ed9c \u0111\u00e0m lu\u1eadn tr\u00ean.<br \/>\nPh\u1ea7n \u0111\u1ea7u n\u00f3i v\u1ec1 h\u00e0nh tr\u1ea1ng c\u1ee7a ba t\u1ed5 Tr\u00fac L\u00e2m, nhan \u0111\u1ec1 l\u00e0 Tam T\u1ed5 H\u00e0nh Tr\u1ea1ng.<\/p>\n<p>Ph\u1ea7n hai l\u00e0 24 ch\u01b0\u01a1ng n\u00f3i v\u1ec1 24 thanh, b\u00e0n v\u1ec1 24 v\u1ea5n \u0111\u1ec1 li\u00ean h\u1ec7 \u0111\u1ebfn gi\u00e1o l\u00fd Nho v\u00e0 Ph\u1eadt, nhan \u0111\u1ec1 l\u00e0 \u0110\u1ea1i Ch\u00e2n Vi\u00ean Gi\u00e1c Thanh. Ngo\u00e0i ra c\u00f2n c\u00f3 m\u1ed9t ph\u1ea7n ph\u1ee5 do H\u1ea3i \u0110i\u1ec1n (Nguy\u1ec5n \u0110\u00e0m) so\u1ea1n, nhan \u0111\u1ec1 l\u00e0 \u0110\u1ea1i Ch\u00e2n Vi\u00ean Gi\u00e1c Thanh Ti\u1ec3u Kh\u1ea5u.<\/p>\n<p>Hai M\u01b0\u01a1i B\u1ed1n Thanh Ph\u1ed1i Kh\u00ed \u1ee8ng S\u01a1n, v\u00e0 24 t\u00ean m\u1edbi \u0111\u1eb7t cho B\u1ed3 T\u00e1t Quan \u00c2m, m\u1ed7i t\u00ean \u1ee9ng v\u1edbi m\u1ed7i thanh. S\u1edf d\u0129 t\u00ean Qu\u00e1n Th\u1ebf \u00c2m B\u1ed3 T\u00e1t \u0111\u01b0\u1ee3c n\u00eau tr\u00ean 24 l\u1ea7n \u2013 m\u1ed7i l\u1ea7n m\u1ed9t t\u00ean kh\u00e1c nhau \u0111\u1ec3 ph\u1ed1i h\u1ee3p v\u1edbi m\u1ed9t Thanh \u2013 l\u00e0 v\u00ec v\u1ecb B\u1ed3 T\u00e1t n\u00e0y nh\u1edd qu\u00e1n s\u00e1t \u00e2m thanh m\u00e0 ch\u1ee9ng \u0111\u01b0\u1ee3c qu\u1ea3 v\u1ecb vi\u00ean th\u00f4ng. V\u1eady c\u00f3 th\u1ec3 n\u00f3i 24 ch\u01b0\u01a1ng tr\u00ecnh b\u00e0y 24 \u0111\u1ec1 t\u00e0i thi\u1ec1n qu\u00e1n, m\u1ed7i \u0111\u1ec1 t\u00e0i l\u00e0 m\u1ed9t th\u1ee9 \u00e2m thanh. Hai m\u01b0\u01a1i b\u1ed1n \u00e2m thanh l\u00e0:\u00a0<i>Kh\u00f4ng thanh, Ng\u1ed9 thanh, \u1ea8n Ng\u1ed9 thanh, Ph\u00e1t t\u01b0\u1edfng thanh, Ki\u1ebfn thanh, Ho\u00e1n thanh, Thuy\u1ebft thanh, Thu thanh, \u0110\u1ecbnh thanh, T\u1ecbch nhi\u00ean v\u00f4 thanh, Minh thanh, Ph\u00e1n thanh, T\u1ee5c thanh, B\u1ea5t qu\u1ea3 thanh, T\u00e0ng thanh, H\u01b0\u1edfng thanh, L\u01b0u \u0111\u1ed9ng thanh v\u00e0 D\u01b0 thanh.<\/i><\/p>\n<div class=\"product_view_tab_content_ad\">\n<div id=\"product_tabs_description_contents\">\n<div id=\"desc_content\" class=\"std\">\n<p><strong><em>Tr\u00fac L\u00e2m t\u00f4ng ch\u1ec9 nguy\u00ean thanh<\/em><\/strong>\u00a0l\u00e0 t\u00e1c ph\u1ea9m thu\u1ed9c th\u1ec3 lo\u1ea1i lu\u1eadn thuy\u1ebft tri\u1ebft h\u1ecdc Ph\u1eadt gi\u00e1o Thi\u1ec1n t\u00f4ng, ph\u1ea7n ch\u00ednh v\u0103n do H\u1ea3i L\u01b0\u1ee3ng Ng\u00f4 Th\u00ec Nh\u1eadm tr\u01b0\u1edbc t\u00e1c v\u00e0o n\u0103m 1796 l\u00fac g\u1ea7n cu\u1ed1i \u0111\u1eddi. \u0110\u00e2y l\u00e0 m\u1ed9t t\u00e1c ph\u1ea9m kh\u00f3 \u0111\u1ecdc, kh\u00f3 n\u1eafm b\u1eaft, n\u1ebfu ng\u01b0\u1eddi \u0111\u1ecdc kh\u00f4ng c\u00f3 c\u00e1i n\u1ec1n, c\u00e1i v\u1ed1n v\u1ec1 Ph\u1eadt h\u1ecdc, v\u1ec1 Thi\u1ec1n h\u1ecdc v\u1eefng v\u00e0ng th\u00ec d\u00f9 c\u00f3 \u0111\u1ecdc v\u00e0i l\u1ea7n c\u0169ng kh\u00f3 l\u00f2ng m\u00e0 nh\u1eadn th\u1ee9c \u0111\u01b0\u1ee3c v\u00e0 th\u1ea5u hi\u1ec3u h\u1ebft nh\u1eefng t\u01b0 t\u01b0\u1edfng uy\u00ean \u00e1o, vi di\u1ec7u c\u1ee7a Thi\u1ec1n h\u1ecdc, Ph\u1eadt h\u1ecdc \u0110\u1ea1i th\u1eeba m\u00e0 c\u00e1c t\u00e1c gi\u1ea3 \u0111\u00e3 ti\u1ebfp thu r\u1ed3i chuy\u1ec3n t\u1ea3i trong t\u00e1c ph\u1ea9m n\u00e0y. Ngay c\u1ea3 nhan \u0111\u1ec1 c\u1ee7a t\u00e1c ph\u1ea9m c\u0169ng l\u00e0 m\u1ed9t v\u1ea5n \u0111\u1ec1 c\u1ea7n t\u00ecm hi\u1ec3u k\u1ef9 \u0111\u1ec3 l\u00fd gi\u1ea3i cho t\u01b0\u1eddng minh.<\/p>\n<p>Ng\u00f4 Th\u00ec Nh\u1eadm l\u00e0 m\u1ed9t danh s\u0129 t\u00e0i hoa, m\u1ed9t nh\u00e0 nho l\u1ed7i l\u1ea1c v\u1edbi ki\u1ebfn v\u0103n uy\u00ean b\u00e1c; \u0111\u1ed3ng th\u1eddi, \u00f4ng c\u00f2n l\u00e0 m\u1ed9t thi\u1ec1n gia am hi\u1ec3u t\u01b0 t\u01b0\u1edfng Thi\u1ec1n Ph\u1eadt. G\u1ea7n cu\u1ed1i \u0111\u1eddi, sau khi vua Quang Trung t\u1ea1 th\u1ebf \u0111\u1ed9t ng\u1ed9t, \u00f4ng t\u1eeb gi\u00e3 ch\u1ed1n quan tr\u01b0\u1eddng, v\u1ec1 Th\u0103ng Long, th\u00e0nh l\u1eadp B\u00edch C\u00e2u thi\u1ec1n vi\u1ec7n c\u00f9ng c\u00e1c \u0111\u1ea1o h\u1eefu tu thi\u1ec1n, vi\u1ebft s\u00e1ch xi\u1ec3n d\u01b0\u01a1ng tinh th\u1ea7n nh\u1eadp th\u1ebf h\u1ed9 qu\u1ed1c an d\u00e2n c\u1ee7a Thi\u1ec1n ph\u00e1i Tr\u00fac L\u00e2m Y\u00ean T\u1eed m\u00e0 Ph\u1eadt Ho\u00e0ng s\u00e1ng l\u1eadp t\u1eeb cu\u1ed1i th\u1ebf k\u1ef7 th\u1ee9 XIII.<\/p>\n<p>N\u1ebfu so s\u00e1nh cu\u1ed1n lu\u1eadn thuy\u1ebft c\u1ee7a Ng\u00f4 Th\u00ec Nh\u1eadm v\u1edbi nhi\u1ec1u b\u1ed9 lu\u1eadn thuy\u1ebft c\u1ee7a \u1ea4n \u0110\u1ed9, c\u1ee7a Trung Qu\u1ed1c v\u00e0 c\u1ee7a Vi\u1ec7t Nam tr\u01b0\u1edbc \u0111\u00f3, th\u00ec m\u1edbi th\u1ea5y k\u1ebft c\u1ea5u c\u1ee7a lu\u1eadn thuy\u1ebft Tr\u00fac L\u00e2m t\u00f4ng ch\u1ec9 nguy\u00ean thanh c\u00f3 th\u1ec3 n\u00f3i l\u00e0 r\u1ea5t l\u1ea1. L\u1ea1 l\u00e0 v\u00ec m\u1ed9t t\u00e1c ph\u1ea9m g\u1ed3m nhi\u1ec1u ng\u01b0\u1eddi tham gia tr\u01b0\u1edbc t\u00e1c, m\u1ed7i ng\u01b0\u1eddi th\u1ef1c hi\u1ec7n m\u1ed9t n\u1ed9i dung, m\u00e0 nh\u1eefng n\u1ed9i dung n\u00e0y \u0111\u01b0\u1ee3c xoay quanh c\u00e1i tr\u1ee5c t\u01b0 t\u01b0\u1edfng c\u1ed1t tu\u1ef7 c\u1ee7a ph\u1ea7n Ch\u00ednh v\u0103n; m\u1ed9t c\u00e1i l\u1ea1 n\u1eefa l\u00e0 tr\u1ecdng t\u00e2m t\u00e1c ph\u1ea9m c\u00f3 nhi\u1ec1u ph\u1ea7n, g\u1ed3m: Ch\u00ednh v\u0103n, Thanh d\u1eabn, Thanh ch\u00fa v\u00e0 Thanh ti\u1ec3u kh\u1ea5u. Ch\u00ednh v\u0103n c\u00f3 t\u00ean l\u00e0 \u0110\u1ea1i ch\u00e2n Vi\u00ean gi\u00e1c thanh n\u1ed9i dung tr\u00ecnh b\u00e0y c\u1ed1t tu\u1ef7 t\u01b0 t\u01b0\u1edfng c\u1ee7a 24 thanh do H\u1ea3i L\u01b0\u1ee3ng vi\u1ebft, m\u00e0 t\u01b0 t\u01b0\u1edfng trong c\u00e1c thanh c\u1ee7a ch\u00ednh v\u0103n \u0111\u00e3 ch\u1ecbu \u1ea3nh h\u01b0\u1edfng v\u00e0 in \u0111\u1eadm d\u1ea5u \u1ea5n c\u1ee7a t\u01b0 t\u01b0\u1edfng Kinh vi\u00ean gi\u00e1c, m\u1ed9t b\u1ed9 kinh \u0110\u1ea1i th\u1eeba Ph\u1eadt gi\u00e1o. Trong t\u1eebng thanh, cu\u1ed1n lu\u1eadn thuy\u1ebft n\u00e0y \u0111\u01b0\u1ee3c s\u1eafp x\u1ebfp theo tr\u00ecnh t\u1ef1 nh\u01b0 sau: Thanh d\u1eabn, Ch\u00ednh v\u0103n, Thanh ch\u00fa, Thanh ti\u1ec3u kh\u1ea5u.<\/p>\n<p>Thanh d\u1eabn l\u00e0 ph\u1ea7n d\u1eabn nh\u1eadp, c\u00f3 nhi\u1ec7m v\u1ee5 gi\u1edbi thi\u1ec7u chung n\u1ed9i dung t\u1eebng thanh, do em ru\u1ed9t c\u1ee7a H\u1ea3i L\u01b0\u1ee3ng l\u00e0 H\u1ea3i Huy\u1ec1n Ng\u00f4 Th\u00ec Ho\u00e0ng vi\u1ebft; Thanh ch\u00fa l\u00e0 ph\u1ea7n ch\u00fa th\u00edch, gi\u1ea3ng gi\u1ea3i n\u1ed9i dung t\u1eebng thanh, do hai ng\u01b0\u1eddi b\u1ea1n c\u1ee7a H\u1ea3i L\u01b0\u1ee3ng l\u00e0 H\u1ea3i \u00c2u V\u0169 Trinh v\u00e0 H\u1ea3i H\u00f2a Nguy\u1ec5n \u0110\u0103ng S\u1edf vi\u1ebft; Thanh ti\u1ec3u kh\u1ea5u l\u00e0 ph\u1ea7n t\u00f3m t\u1eaft n\u1ed9i dung t\u1eebng thanh, do H\u1ea3i \u0110i\u1ec1n Nguy\u1ec5n \u0110\u00e0m (ch\u00e1u ru\u1ed9t c\u1ee7a \u0111\u1ea1i thi h\u00e0o Nguy\u1ec5n Du) vi\u1ebft.<\/p>\n<p>T\u00f4i quen bi\u1ebft v\u00e0 c\u00f9ng l\u00e0m vi\u1ec7c v\u1edbi t\u00e1c gi\u1ea3 chuy\u00ean kh\u1ea3o n\u00e0y t\u1eeb m\u01b0\u1eddi m\u1ea5y n\u0103m tr\u01b0\u1edbc, r\u1ed3i t\u1eeb n\u0103m 2008 t\u00f4i \u0111\u01b0\u1ee3c l\u00e3nh \u0111\u1ea1o nh\u00e0 tr\u01b0\u1eddng v\u00e0 khoa giao nhi\u1ec7m v\u1ee5 h\u01b0\u1edbng d\u1eabn khoa h\u1ecdc cho t\u00e1c gi\u1ea3 khi th\u1ef1c hi\u1ec7n lu\u1eadn \u00e1n Ti\u1ebfn s\u0129 V\u0103n h\u1ecdc Vi\u1ec7t Nam t\u1ea1i Tr\u01b0\u1eddng \u0110\u1ea1i h\u1ecdc Khoa h\u1ecdc x\u00e3 h\u1ed9i v\u00e0 Nh\u00e2n v\u0103n \u2013 \u0110\u1ea1i h\u1ecdc Qu\u1ed1c gia TP. H\u1ed3 Ch\u00ed Minh. Ch\u00ednh nh\u1edd th\u1ebf m\u00e0 t\u00f4i \u0111\u00e3 ch\u1ee9ng ki\u1ebfn \u0111\u01b0\u1ee3c qu\u00e1 tr\u00ecnh tr\u01b0\u1edfng th\u00e0nh trong khoa h\u1ecdc c\u1ee7a t\u00e1c gi\u1ea3.<\/p>\n<p>Chuy\u00ean kh\u1ea3o n\u00e0y \u0111\u01b0\u1ee3c t\u00e1c gi\u1ea3 bi\u00ean t\u1eadp l\u1ea1i t\u1eeb lu\u1eadn \u00e1n Ti\u1ebfn s\u0129 \u0111\u00e3 \u0111\u01b0\u1ee3c H\u1ed9i \u0111\u1ed3ng ch\u1ea5m lu\u1eadn \u00e1n c\u1ea5p Nh\u00e0 n\u01b0\u1edbc \u0111\u00e1nh gi\u00e1 cao l\u00fac b\u1ea3o v\u1ec7 (th\u00e1ng 8\/2013) v\u1edbi nhi\u1ec1u \u0111\u00f3ng g\u00f3p c\u00f3 gi\u00e1 tr\u1ecb v\u1ec1 m\u1eb7t h\u1ecdc thu\u1eadt.<\/p>\n<p>Chuy\u00ean kh\u1ea3o \u0111\u01b0\u1ee3c t\u00e1c gi\u1ea3 d\u00e0n d\u1ef1ng th\u00e0nh n\u0103m ch\u01b0\u01a1ng: Ch\u01b0\u01a1ng M\u1ed9t gi\u1edbi thi\u1ec7u t\u1ed5ng quan nh\u1eefng th\u00e0nh t\u1ef1u nghi\u00ean c\u1ee9u v\u1ec1 v\u0103n h\u1ecdc Ph\u1eadt gi\u00e1o Vi\u1ec7t Nam v\u00e0 v\u1ec1 t\u00e1c ph\u1ea9m Tr\u00fac L\u00e2m t\u00f4ng ch\u1ec9 nguy\u00ean thanh; Ch\u01b0\u01a1ng Hai tr\u00ecnh b\u00e0y b\u1ed1i c\u1ea3nh x\u00e3 h\u1ed9i, v\u0103n h\u00f3a, t\u01b0 t\u01b0\u1edfng \u1edf n\u01b0\u1edbc ta th\u1ebf k\u1ef7 XVIII; tr\u00ean c\u01a1 s\u1edf \u0111\u00f3, gi\u1edbi thi\u1ec7u c\u00e1c t\u00e1c gi\u1ea3 c\u1ee7a t\u00e1c ph\u1ea9m Tr\u00fac L\u00e2m t\u00f4ng ch\u1ec9 nguy\u00ean thanh, c\u0169ng nh\u01b0 t\u00ecm hi\u1ec3u qu\u00e1 tr\u00ecnh h\u00ecnh th\u00e0nh v\u0103n b\u1ea3n. Ch\u01b0\u01a1ng Ba v\u00e0 Ch\u01b0\u01a1ng B\u1ed1n l\u00e0 hai ch\u01b0\u01a1ng tr\u1ecdng t\u00e2m c\u1ee7a c\u00f4ng tr\u00ecnh. Ch\u01b0\u01a1ng Ba t\u00ecm hi\u1ec3u gi\u00e1 tr\u1ecb n\u1ed9i dung t\u01b0 t\u01b0\u1edfng c\u1ee7a t\u00e1c ph\u1ea9m; Ch\u01b0\u01a1ng B\u1ed1n t\u00ecm hi\u1ec3u gi\u00e1 tr\u1ecb h\u00ecnh th\u1ee9c ngh\u1ec7 thu\u1eadt c\u1ee7a t\u00e1c ph\u1ea9m; Ch\u01b0\u01a1ng N\u0103m ch\u1ec9 ra v\u1ecb tr\u00ed v\u00e0 \u0111\u00f3ng g\u00f3p c\u1ee7a t\u00e1c ph\u1ea9m trong l\u1ecbch s\u1eed t\u01b0 t\u01b0\u1edfng Ph\u1eadt gi\u00e1o Vi\u1ec7t Nam, c\u1ee5 th\u1ec3 l\u00e0 d\u1ea5u \u1ea5n c\u1ee7a Kinh vi\u00ean gi\u00e1c trong t\u00e1c ph\u1ea9m; s\u1ef1 k\u1ebf th\u1eeba v\u00e0 ph\u00e1t tri\u1ec3n t\u01b0 t\u01b0\u1edfng Thi\u1ec1n ph\u00e1i Tr\u00fac L\u00e2m \u0111\u1eddi Tr\u1ea7n v\u00e0 v\u1ecb tr\u00ed c\u1ee7a t\u00e1c ph\u1ea9m trong b\u1ed9 ph\u1eadn v\u0103n h\u1ecdc Ph\u1eadt gi\u00e1o Vi\u1ec7t Nam th\u1eddi trung \u0111\u1ea1i. M\u1ed9t k\u1ebft c\u1ea5u nh\u01b0 th\u1ebf l\u00e0 r\u1ea5t ch\u1eb7t ch\u1ebd v\u00e0 khoa h\u1ecdc, kh\u00f3 c\u00f3 th\u1ec3 d\u00e0n d\u1ef1ng m\u1ed9t k\u1ebft c\u1ea5u n\u00e0o kh\u00e1c t\u1ed1t h\u01a1n.<\/p>\n<p>Cu\u1ed1i n\u0103m ngo\u00e1i (n\u0103m 2017), t\u00e1c gi\u1ea3 \u0111\u00e3 cho xu\u1ea5t b\u1ea3n t\u1eadp ti\u1ec3u lu\u1eadn Nghi\u00ean c\u1ee9u v\u1ec1 Tr\u00fac L\u00e2m t\u00f4ng ch\u1ec9 nguy\u00ean thanh do Nh\u00e0 xu\u1ea5t b\u1ea3n Khoa h\u1ecdc x\u00e3 h\u1ed9i \u1ea5n h\u00e0nh, g\u1ed3m 15 b\u00e0i nghi\u00ean c\u1ee9u v\u1ec1 t\u00e1c ph\u1ea9m lu\u1eadn thuy\u1ebft n\u00e0y \u0111\u00e3 c\u00f4ng b\u1ed1 tr\u00ean c\u00e1c t\u1ea1p ch\u00ed. N\u0103m nay t\u00e1c gi\u1ea3 bi\u00ean t\u1eadp l\u1ea1i lu\u1eadn \u00e1n \u0111\u00e3 b\u1ea3o v\u1ec7 th\u00e0nh c\u00f4ng t\u1eeb 5 n\u0103m tr\u01b0\u1edbc \u0111\u1ec3 cho xu\u1ea5t b\u1ea3n. C\u00f3 th\u1ec3 th\u1ea5y \u0111\u00e2y l\u00e0 m\u1ed9t chuy\u00ean kh\u1ea3o \u0111\u1ea7u ti\u00ean trong h\u1ecdc gi\u1edbi n\u01b0\u1edbc nh\u00e0 nghi\u00ean c\u1ee9u \u0111\u1ea7y \u0111\u1ee7, chuy\u00ean s\u00e2u v\u00e0 to\u00e0n di\u1ec7n v\u1ec1 lu\u1eadn thuy\u1ebft tri\u1ebft h\u1ecdc Ph\u1eadt gi\u00e1o Thi\u1ec1n t\u00f4ng Tr\u00fac L\u00e2m t\u00f4ng ch\u1ec9 nguy\u00ean thanh c\u1ee7a Ng\u00f4 Th\u00ec Nh\u1eadm v\u00e0 c\u00e1c \u0111\u1ea1o h\u1eefu.<\/p>\n<p>Xin ch\u00fac m\u1eebng th\u00e0nh qu\u1ea3 nghi\u00ean c\u1ee9u khoa h\u1ecdc v\u00e0 xin c\u00f3 \u0111\u00f4i l\u1eddi gi\u1edbi thi\u1ec7u c\u00f4ng tr\u00ecnh khoa h\u1ecdc chuy\u00ean s\u00e2u n\u00e0y c\u1ee7a \u0110\u1ea1i \u0111\u1ee9c Ti\u1ebfn s\u0129 Th\u00edch H\u1ea1nh Tu\u1ec7.<\/p>\n<p>Xin \u0111\u01b0\u1ee3c tr\u00e2n tr\u1ecdng gi\u1edbi thi\u1ec7u chuy\u00ean kh\u1ea3o n\u00e0y \u0111\u1ebfn v\u1edbi qu\u00fd v\u1ecb \u0111\u1ed9c gi\u1ea3 g\u1ea7n xa.<\/p>\n<p><em>\u00a0 \u00a0 \u2013 Chia s\u1ebb c\u1ee7a PGS.TS.GVCC. Nguy\u1ec5n C\u00f4ng L\u00fd \u2013<\/em><\/p>\n<div class=\"clear\"><\/div>\n<\/div>\n<\/div>\n<\/div>\n<div class=\"clear\"><\/div>\n<div>\n<div class=\"product_view_tab_content_ad_more\">\n<div class=\"product_view_tab_content_additional\">\n<table class=\"data-table table-additional\">\n<colgroup>\n<col width=\"25%\" \/>\n<col \/><\/colgroup>\n<tbody>\n<tr>\n<th class=\"table-label\">M\u00e3 h\u00e0ng<\/th>\n<td class=\"data_sku\">8935280901186<\/td>\n<\/tr>\n<tr>\n<th class=\"table-label\">T\u00ean Nh\u00e0 Cung C\u1ea5p<\/th>\n<td class=\"data_supplier\"><a class=\"xem-chi-tiet\" href=\"https:\/\/www.fahasa.com\/sach-thai-ha?fhs_campaign=ATTRIBUTE_PRODUCT\">Th\u00e1i H\u00e0<\/a><\/td>\n<\/tr>\n<tr>\n<th class=\"table-label\">T\u00e1c gi\u1ea3<\/th>\n<td class=\"data_author\">Th\u00edch H\u1ea1nh Tu\u1ec7<\/td>\n<\/tr>\n<tr>\n<th class=\"table-label\">NXB<\/th>\n<td class=\"data_publisher\">NXB Khoa H\u1ecdc X\u00e3 H\u1ed9i<\/td>\n<\/tr>\n<tr>\n<th class=\"table-label\">N\u0103m XB<\/th>\n<td class=\"data_publish_year\">2018<\/td>\n<\/tr>\n<tr>\n<th class=\"table-label\">Tr\u1ecdng l\u01b0\u1ee3ng (gr)<\/th>\n<td class=\"data_weight\">300<\/td>\n<\/tr>\n<tr>\n<th class=\"table-label\">K\u00edch Th\u01b0\u1edbc Bao B\u00ec<\/th>\n<td class=\"data_size\">16 x 24 cm<\/td>\n<\/tr>\n<tr>\n<th class=\"table-label\">S\u1ed1 trang<\/th>\n<td class=\"data_qty_of_page\">292<\/td>\n<\/tr>\n<tr>\n<th class=\"table-label\">H\u00ecnh th\u1ee9c<\/th>\n<td class=\"data_book_layout\">B\u00eca M\u1ec1m<\/td>\n<\/tr>\n<tr>\n<th class=\"table-label\">S\u1ea3n ph\u1ea9m b\u00e1n ch\u1ea1y nh\u1ea5t<\/th>\n<td><a href=\"https:\/\/www.fahasa.com\/sach-trong-nuoc\/lich-su-dia-ly-ton-giao\/ton-giao.html?order=num_orders_month\">Top 100 s\u1ea3n ph\u1ea9m T\u00f4n Gi\u00e1o b\u00e1n ch\u1ea1y c\u1ee7a th\u00e1ng<\/a><\/td>\n<\/tr>\n<tr>\n<td colspan=\"2\">Gi\u00e1 s\u1ea3n ph\u1ea9m tr\u00ean Fahasa.com \u0111\u00e3 bao g\u1ed3m thu\u1ebf theo lu\u1eadt hi\u1ec7n h\u00e0nh. B\u00ean c\u1ea1nh \u0111\u00f3, tu\u1ef3 v\u00e0o lo\u1ea1i s\u1ea3n ph\u1ea9m, h\u00ecnh th\u1ee9c v\u00e0 \u0111\u1ecba ch\u1ec9 giao h\u00e0ng m\u00e0 c\u00f3 th\u1ec3 ph\u00e1t sinh th\u00eam chi ph\u00ed kh\u00e1c nh\u01b0 Ph\u1ee5 ph\u00ed \u0111\u00f3ng g\u00f3i, ph\u00ed v\u1eadn chuy\u1ec3n, ph\u1ee5 ph\u00ed h\u00e0ng c\u1ed3ng k\u1ec1nh,&#8230;<\/td>\n<\/tr>\n<\/tbody>\n<\/table>\n<\/div>\n<div class=\"clear\"><\/div>\n<div id=\"product_tabs_description_contents\">\n<div id=\"desc_content\" class=\"std\">\n<p><strong><em>Tr\u00fac L\u00e2m t\u00f4ng ch\u1ec9 nguy\u00ean thanh<\/em><\/strong>\u00a0l\u00e0 t\u00e1c ph\u1ea9m thu\u1ed9c th\u1ec3 lo\u1ea1i lu\u1eadn thuy\u1ebft tri\u1ebft h\u1ecdc Ph\u1eadt gi\u00e1o Thi\u1ec1n t\u00f4ng, ph\u1ea7n ch\u00ednh v\u0103n do H\u1ea3i L\u01b0\u1ee3ng Ng\u00f4 Th\u00ec Nh\u1eadm tr\u01b0\u1edbc t\u00e1c v\u00e0o n\u0103m 1796 l\u00fac g\u1ea7n cu\u1ed1i \u0111\u1eddi. \u0110\u00e2y l\u00e0 m\u1ed9t t\u00e1c ph\u1ea9m kh\u00f3 \u0111\u1ecdc, kh\u00f3 n\u1eafm b\u1eaft, n\u1ebfu ng\u01b0\u1eddi \u0111\u1ecdc kh\u00f4ng c\u00f3 c\u00e1i n\u1ec1n, c\u00e1i v\u1ed1n v\u1ec1 Ph\u1eadt h\u1ecdc, v\u1ec1 Thi\u1ec1n h\u1ecdc v\u1eefng v\u00e0ng th\u00ec d\u00f9 c\u00f3 \u0111\u1ecdc v\u00e0i l\u1ea7n c\u0169ng kh\u00f3 l\u00f2ng m\u00e0 nh\u1eadn th\u1ee9c \u0111\u01b0\u1ee3c v\u00e0 th\u1ea5u hi\u1ec3u h\u1ebft nh\u1eefng t\u01b0 t\u01b0\u1edfng uy\u00ean \u00e1o, vi di\u1ec7u c\u1ee7a Thi\u1ec1n h\u1ecdc, Ph\u1eadt h\u1ecdc \u0110\u1ea1i th\u1eeba m\u00e0 c\u00e1c t\u00e1c gi\u1ea3 \u0111\u00e3 ti\u1ebfp thu r\u1ed3i chuy\u1ec3n t\u1ea3i trong t\u00e1c ph\u1ea9m n\u00e0y. Ngay c\u1ea3 nhan \u0111\u1ec1 c\u1ee7a t\u00e1c ph\u1ea9m c\u0169ng l\u00e0 m\u1ed9t v\u1ea5n \u0111\u1ec1 c\u1ea7n t\u00ecm hi\u1ec3u k\u1ef9 \u0111\u1ec3 l\u00fd gi\u1ea3i cho t\u01b0\u1eddng minh.<\/p>\n<p>Ng\u00f4 Th\u00ec Nh\u1eadm l\u00e0 m\u1ed9t danh s\u0129 t\u00e0i hoa, m\u1ed9t nh\u00e0 nho l\u1ed7i l\u1ea1c v\u1edbi ki\u1ebfn v\u0103n uy\u00ean b\u00e1c; \u0111\u1ed3ng th\u1eddi, \u00f4ng c\u00f2n l\u00e0 m\u1ed9t thi\u1ec1n gia am hi\u1ec3u t\u01b0 t\u01b0\u1edfng Thi\u1ec1n Ph\u1eadt. G\u1ea7n cu\u1ed1i \u0111\u1eddi, sau khi vua Quang Trung t\u1ea1 th\u1ebf \u0111\u1ed9t ng\u1ed9t, \u00f4ng t\u1eeb gi\u00e3 ch\u1ed1n quan tr\u01b0\u1eddng, v\u1ec1 Th\u0103ng Long, th\u00e0nh l\u1eadp B\u00edch C\u00e2u thi\u1ec1n vi\u1ec7n c\u00f9ng c\u00e1c \u0111\u1ea1o h\u1eefu tu thi\u1ec1n, vi\u1ebft s\u00e1ch xi\u1ec3n d\u01b0\u01a1ng tinh th\u1ea7n nh\u1eadp th\u1ebf h\u1ed9 qu\u1ed1c an d\u00e2n c\u1ee7a Thi\u1ec1n ph\u00e1i Tr\u00fac L\u00e2m Y\u00ean T\u1eed m\u00e0 Ph\u1eadt Ho\u00e0ng s\u00e1ng l\u1eadp t\u1eeb cu\u1ed1i th\u1ebf k\u1ef7 th\u1ee9 XIII.<\/p>\n<p>N\u1ebfu so s\u00e1nh cu\u1ed1n lu\u1eadn thuy\u1ebft c\u1ee7a Ng\u00f4 Th\u00ec Nh\u1eadm v\u1edbi nhi\u1ec1u b\u1ed9 lu\u1eadn thuy\u1ebft c\u1ee7a \u1ea4n \u0110\u1ed9, c\u1ee7a Trung Qu\u1ed1c v\u00e0 c\u1ee7a Vi\u1ec7t Nam tr\u01b0\u1edbc \u0111\u00f3, th\u00ec m\u1edbi th\u1ea5y k\u1ebft c\u1ea5u c\u1ee7a lu\u1eadn thuy\u1ebft Tr\u00fac L\u00e2m t\u00f4ng ch\u1ec9 nguy\u00ean thanh c\u00f3 th\u1ec3 n\u00f3i l\u00e0 r\u1ea5t l\u1ea1. L\u1ea1 l\u00e0 v\u00ec m\u1ed9t t\u00e1c ph\u1ea9m g\u1ed3m nhi\u1ec1u ng\u01b0\u1eddi tham gia tr\u01b0\u1edbc t\u00e1c, m\u1ed7i ng\u01b0\u1eddi th\u1ef1c hi\u1ec7n m\u1ed9t n\u1ed9i dung, m\u00e0 nh\u1eefng n\u1ed9i dung n\u00e0y \u0111\u01b0\u1ee3c xoay quanh c\u00e1i tr\u1ee5c t\u01b0 t\u01b0\u1edfng c\u1ed1t tu\u1ef7 c\u1ee7a ph\u1ea7n Ch\u00ednh v\u0103n; m\u1ed9t c\u00e1i l\u1ea1 n\u1eefa l\u00e0 tr\u1ecdng t\u00e2m t\u00e1c ph\u1ea9m c\u00f3 nhi\u1ec1u ph\u1ea7n, g\u1ed3m: Ch\u00ednh v\u0103n, Thanh d\u1eabn, Thanh ch\u00fa v\u00e0 Thanh ti\u1ec3u kh\u1ea5u. Ch\u00ednh v\u0103n c\u00f3 t\u00ean l\u00e0 \u0110\u1ea1i ch\u00e2n Vi\u00ean gi\u00e1c thanh n\u1ed9i dung tr\u00ecnh b\u00e0y c\u1ed1t tu\u1ef7 t\u01b0 t\u01b0\u1edfng c\u1ee7a 24 thanh do H\u1ea3i L\u01b0\u1ee3ng vi\u1ebft, m\u00e0 t\u01b0 t\u01b0\u1edfng trong c\u00e1c thanh c\u1ee7a ch\u00ednh v\u0103n \u0111\u00e3 ch\u1ecbu \u1ea3nh h\u01b0\u1edfng v\u00e0 in \u0111\u1eadm d\u1ea5u \u1ea5n c\u1ee7a t\u01b0 t\u01b0\u1edfng Kinh vi\u00ean gi\u00e1c, m\u1ed9t b\u1ed9 kinh \u0110\u1ea1i th\u1eeba Ph\u1eadt gi\u00e1o. Trong t\u1eebng thanh, cu\u1ed1n lu\u1eadn thuy\u1ebft n\u00e0y \u0111\u01b0\u1ee3c s\u1eafp x\u1ebfp theo tr\u00ecnh t\u1ef1 nh\u01b0 sau: Thanh d\u1eabn, Ch\u00ednh v\u0103n, Thanh ch\u00fa, Thanh ti\u1ec3u kh\u1ea5u.<\/p>\n<p>Thanh d\u1eabn l\u00e0 ph\u1ea7n d\u1eabn nh\u1eadp, c\u00f3 nhi\u1ec7m v\u1ee5 gi\u1edbi thi\u1ec7u chung n\u1ed9i dung t\u1eebng thanh, do em ru\u1ed9t c\u1ee7a H\u1ea3i L\u01b0\u1ee3ng l\u00e0 H\u1ea3i Huy\u1ec1n Ng\u00f4 Th\u00ec Ho\u00e0ng vi\u1ebft; Thanh ch\u00fa l\u00e0 ph\u1ea7n ch\u00fa th\u00edch, gi\u1ea3ng gi\u1ea3i n\u1ed9i dung t\u1eebng thanh, do hai ng\u01b0\u1eddi b\u1ea1n c\u1ee7a H\u1ea3i L\u01b0\u1ee3ng l\u00e0 H\u1ea3i \u00c2u V\u0169 Trinh v\u00e0 H\u1ea3i H\u00f2a Nguy\u1ec5n \u0110\u0103ng S\u1edf vi\u1ebft; Thanh ti\u1ec3u kh\u1ea5u l\u00e0 ph\u1ea7n t\u00f3m t\u1eaft n\u1ed9i dung t\u1eebng thanh, do H\u1ea3i \u0110i\u1ec1n Nguy\u1ec5n \u0110\u00e0m (ch\u00e1u ru\u1ed9t c\u1ee7a \u0111\u1ea1i thi h\u00e0o Nguy\u1ec5n Du) vi\u1ebft.<\/p>\n<p>T\u00f4i quen bi\u1ebft v\u00e0 c\u00f9ng l\u00e0m vi\u1ec7c v\u1edbi t\u00e1c gi\u1ea3 chuy\u00ean kh\u1ea3o n\u00e0y t\u1eeb m\u01b0\u1eddi m\u1ea5y n\u0103m tr\u01b0\u1edbc, r\u1ed3i t\u1eeb n\u0103m 2008 t\u00f4i \u0111\u01b0\u1ee3c l\u00e3nh \u0111\u1ea1o nh\u00e0 tr\u01b0\u1eddng v\u00e0 khoa giao nhi\u1ec7m v\u1ee5 h\u01b0\u1edbng d\u1eabn khoa h\u1ecdc cho t\u00e1c gi\u1ea3 khi th\u1ef1c hi\u1ec7n lu\u1eadn \u00e1n Ti\u1ebfn s\u0129 V\u0103n h\u1ecdc Vi\u1ec7t Nam t\u1ea1i Tr\u01b0\u1eddng \u0110\u1ea1i h\u1ecdc Khoa h\u1ecdc x\u00e3 h\u1ed9i v\u00e0 Nh\u00e2n v\u0103n \u2013 \u0110\u1ea1i h\u1ecdc Qu\u1ed1c gia TP. H\u1ed3 Ch\u00ed Minh. Ch\u00ednh nh\u1edd th\u1ebf m\u00e0 t\u00f4i \u0111\u00e3 ch\u1ee9ng ki\u1ebfn \u0111\u01b0\u1ee3c qu\u00e1 tr\u00ecnh tr\u01b0\u1edfng th\u00e0nh trong khoa h\u1ecdc c\u1ee7a t\u00e1c gi\u1ea3.<\/p>\n<p>Chuy\u00ean kh\u1ea3o n\u00e0y \u0111\u01b0\u1ee3c t\u00e1c gi\u1ea3 bi\u00ean t\u1eadp l\u1ea1i t\u1eeb lu\u1eadn \u00e1n Ti\u1ebfn s\u0129 \u0111\u00e3 \u0111\u01b0\u1ee3c H\u1ed9i \u0111\u1ed3ng ch\u1ea5m lu\u1eadn \u00e1n c\u1ea5p Nh\u00e0 n\u01b0\u1edbc \u0111\u00e1nh gi\u00e1 cao l\u00fac b\u1ea3o v\u1ec7 (th\u00e1ng 8\/2013) v\u1edbi nhi\u1ec1u \u0111\u00f3ng g\u00f3p c\u00f3 gi\u00e1 tr\u1ecb v\u1ec1 m\u1eb7t h\u1ecdc thu\u1eadt.<\/p>\n<p>Chuy\u00ean kh\u1ea3o \u0111\u01b0\u1ee3c t\u00e1c gi\u1ea3 d\u00e0n d\u1ef1ng th\u00e0nh n\u0103m ch\u01b0\u01a1ng: Ch\u01b0\u01a1ng M\u1ed9t gi\u1edbi thi\u1ec7u t\u1ed5ng quan nh\u1eefng th\u00e0nh t\u1ef1u nghi\u00ean c\u1ee9u v\u1ec1 v\u0103n h\u1ecdc Ph\u1eadt gi\u00e1o Vi\u1ec7t Nam v\u00e0 v\u1ec1 t\u00e1c ph\u1ea9m Tr\u00fac L\u00e2m t\u00f4ng ch\u1ec9 nguy\u00ean thanh; Ch\u01b0\u01a1ng Hai tr\u00ecnh b\u00e0y b\u1ed1i c\u1ea3nh x\u00e3 h\u1ed9i, v\u0103n h\u00f3a, t\u01b0 t\u01b0\u1edfng \u1edf n\u01b0\u1edbc ta th\u1ebf k\u1ef7 XVIII; tr\u00ean c\u01a1 s\u1edf \u0111\u00f3, gi\u1edbi thi\u1ec7u c\u00e1c t\u00e1c gi\u1ea3 c\u1ee7a t\u00e1c ph\u1ea9m Tr\u00fac L\u00e2m t\u00f4ng ch\u1ec9 nguy\u00ean thanh, c\u0169ng nh\u01b0 t\u00ecm hi\u1ec3u qu\u00e1 tr\u00ecnh h\u00ecnh th\u00e0nh v\u0103n b\u1ea3n. Ch\u01b0\u01a1ng Ba v\u00e0 Ch\u01b0\u01a1ng B\u1ed1n l\u00e0 hai ch\u01b0\u01a1ng tr\u1ecdng t\u00e2m c\u1ee7a c\u00f4ng tr\u00ecnh. Ch\u01b0\u01a1ng Ba t\u00ecm hi\u1ec3u gi\u00e1 tr\u1ecb n\u1ed9i dung t\u01b0 t\u01b0\u1edfng c\u1ee7a t\u00e1c ph\u1ea9m; Ch\u01b0\u01a1ng B\u1ed1n t\u00ecm hi\u1ec3u gi\u00e1 tr\u1ecb h\u00ecnh th\u1ee9c ngh\u1ec7 thu\u1eadt c\u1ee7a t\u00e1c ph\u1ea9m; Ch\u01b0\u01a1ng N\u0103m ch\u1ec9 ra v\u1ecb tr\u00ed v\u00e0 \u0111\u00f3ng g\u00f3p c\u1ee7a t\u00e1c ph\u1ea9m trong l\u1ecbch s\u1eed t\u01b0 t\u01b0\u1edfng Ph\u1eadt gi\u00e1o Vi\u1ec7t Nam, c\u1ee5 th\u1ec3 l\u00e0 d\u1ea5u \u1ea5n c\u1ee7a Kinh vi\u00ean gi\u00e1c trong t\u00e1c ph\u1ea9m; s\u1ef1 k\u1ebf th\u1eeba v\u00e0 ph\u00e1t tri\u1ec3n t\u01b0 t\u01b0\u1edfng Thi\u1ec1n ph\u00e1i Tr\u00fac L\u00e2m \u0111\u1eddi Tr\u1ea7n v\u00e0 v\u1ecb tr\u00ed c\u1ee7a t\u00e1c ph\u1ea9m trong b\u1ed9 ph\u1eadn v\u0103n h\u1ecdc Ph\u1eadt gi\u00e1o Vi\u1ec7t Nam th\u1eddi trung \u0111\u1ea1i. M\u1ed9t k\u1ebft c\u1ea5u nh\u01b0 th\u1ebf l\u00e0 r\u1ea5t ch\u1eb7t ch\u1ebd v\u00e0 khoa h\u1ecdc, kh\u00f3 c\u00f3 th\u1ec3 d\u00e0n d\u1ef1ng m\u1ed9t k\u1ebft c\u1ea5u n\u00e0o kh\u00e1c t\u1ed1t h\u01a1n.<\/p>\n<p>Cu\u1ed1i n\u0103m ngo\u00e1i (n\u0103m 2017), t\u00e1c gi\u1ea3 \u0111\u00e3 cho xu\u1ea5t b\u1ea3n t\u1eadp ti\u1ec3u lu\u1eadn Nghi\u00ean c\u1ee9u v\u1ec1 Tr\u00fac L\u00e2m t\u00f4ng ch\u1ec9 nguy\u00ean thanh do Nh\u00e0 xu\u1ea5t b\u1ea3n Khoa h\u1ecdc x\u00e3 h\u1ed9i \u1ea5n h\u00e0nh, g\u1ed3m 15 b\u00e0i nghi\u00ean c\u1ee9u v\u1ec1 t\u00e1c ph\u1ea9m lu\u1eadn thuy\u1ebft n\u00e0y \u0111\u00e3 c\u00f4ng b\u1ed1 tr\u00ean c\u00e1c t\u1ea1p ch\u00ed. N\u0103m nay t\u00e1c gi\u1ea3 bi\u00ean t\u1eadp l\u1ea1i lu\u1eadn \u00e1n \u0111\u00e3 b\u1ea3o v\u1ec7 th\u00e0nh c\u00f4ng t\u1eeb 5 n\u0103m tr\u01b0\u1edbc \u0111\u1ec3 cho xu\u1ea5t b\u1ea3n. C\u00f3 th\u1ec3 th\u1ea5y \u0111\u00e2y l\u00e0 m\u1ed9t chuy\u00ean kh\u1ea3o \u0111\u1ea7u ti\u00ean trong h\u1ecdc gi\u1edbi n\u01b0\u1edbc nh\u00e0 nghi\u00ean c\u1ee9u \u0111\u1ea7y \u0111\u1ee7, chuy\u00ean s\u00e2u v\u00e0 to\u00e0n di\u1ec7n v\u1ec1 lu\u1eadn thuy\u1ebft tri\u1ebft h\u1ecdc Ph\u1eadt gi\u00e1o Thi\u1ec1n t\u00f4ng Tr\u00fac L\u00e2m t\u00f4ng ch\u1ec9 nguy\u00ean thanh c\u1ee7a Ng\u00f4 Th\u00ec Nh\u1eadm v\u00e0 c\u00e1c \u0111\u1ea1o h\u1eefu.<\/p>\n<p>Xin ch\u00fac m\u1eebng th\u00e0nh qu\u1ea3 nghi\u00ean c\u1ee9u khoa h\u1ecdc v\u00e0 xin c\u00f3 \u0111\u00f4i l\u1eddi gi\u1edbi thi\u1ec7u c\u00f4ng tr\u00ecnh khoa h\u1ecdc chuy\u00ean s\u00e2u n\u00e0y c\u1ee7a \u0110\u1ea1i \u0111\u1ee9c Ti\u1ebfn s\u0129 Th\u00edch H\u1ea1nh Tu\u1ec7.<\/p>\n<p>Xin \u0111\u01b0\u1ee3c tr\u00e2n tr\u1ecdng gi\u1edbi thi\u1ec7u chuy\u00ean kh\u1ea3o n\u00e0y \u0111\u1ebfn v\u1edbi qu\u00fd v\u1ecb \u0111\u1ed9c gi\u1ea3 g\u1ea7n xa.<\/p>\n<p><em>\u00a0 \u00a0 \u2013 Chia s\u1ebb c\u1ee7a PGS.TS.GVCC. Nguy\u1ec5n C\u00f4ng L\u00fd \u2013<\/em><\/p>\n<\/div>\n<\/div>\n<\/div>\n<\/div>\n","protected":false},"excerpt":{"rendered":"<p><b>Tr\u00fac L\u00e2m t\u00f4ng ch\u1ec9 nguy\u00ean thanh<\/b>\u00a0(H\u00e1n t\u1ef1: \u7af9\u6797\u5b97\u65e8\u5143\u8072) l\u00e0 t\u00e1c ph\u1ea9m b\u00e0n v\u1ec1 s\u1ef1 t\u1ed5ng h\u1ee3p gi\u1eefa \u0111\u1ea1o Ph\u1eadt v\u00e0 \u0111\u1ea1o Nho, ra \u0111\u1eddi v\u00e0o cu\u1ed1i th\u1ebf k\u1ef7 th\u1ee9 m\u01b0\u1eddi t\u00e1m, so\u1ea1n b\u1edfi\u00a0<a title=\"Ng\u00f4 Th\u00ec Nh\u1eadm\" href=\"https:\/\/vi.wikipedia.org\/wiki\/Ng%C3%B4_Th%C3%AC_Nh%E1%BA%ADm\">Ng\u00f4 Th\u00ec Nh\u1eadm<\/a>,\u00a0<a title=\"V\u0169 Trinh\" href=\"https:\/\/vi.wikipedia.org\/wiki\/V%C5%A9_Trinh\">V\u0169 Trinh<\/a>,\u00a0<a title=\"Nguy\u1ec5n \u0110\u0103ng S\u1edf\" href=\"https:\/\/vi.wikipedia.org\/wiki\/Nguy%E1%BB%85n_%C4%90%C4%83ng_S%E1%BB%9F\">Nguy\u1ec5n \u0110\u0103ng S\u1edf<\/a>. Hi\u1ec7n nay s\u00e1ch v\u1eabn c\u00f2n b\u1ea3n t\u00e0ng tr\u1eef microfilm t\u1ea1i\u00a0<a title=\"Vi\u1ec7n Vi\u1ec5n \u0110\u00f4ng B\u00e1c c\u1ed5\" href=\"https:\/\/vi.wikipedia.org\/wiki\/Vi%E1%BB%87n_Vi%E1%BB%85n_%C4%90%C3%B4ng_B%C3%A1c_c%E1%BB%95\">Tr\u01b0\u1eddng Vi\u1ec5n \u0110\u00f4ng B\u00e1c C\u1ed5 Paris<\/a>.<\/p>\n","protected":false},"featured_media":361,"comment_status":"open","ping_status":"closed","template":"","meta":[],"product_cat":[23,29],"product_tag":[],"class_list":["post-358","product","type-product","status-publish","has-post-thumbnail","hentry","product_cat-sach","product_cat-sach-van-hoa"],"_links":{"self":[{"href":"https:\/\/bookscollective.vn\/index.php\/wp-json\/wp\/v2\/product\/358","targetHints":{"allow":["GET"]}}],"collection":[{"href":"https:\/\/bookscollective.vn\/index.php\/wp-json\/wp\/v2\/product"}],"about":[{"href":"https:\/\/bookscollective.vn\/index.php\/wp-json\/wp\/v2\/types\/product"}],"replies":[{"embeddable":true,"href":"https:\/\/bookscollective.vn\/index.php\/wp-json\/wp\/v2\/comments?post=358"}],"wp:featuredmedia":[{"embeddable":true,"href":"https:\/\/bookscollective.vn\/index.php\/wp-json\/wp\/v2\/media\/361"}],"wp:attachment":[{"href":"https:\/\/bookscollective.vn\/index.php\/wp-json\/wp\/v2\/media?parent=358"}],"wp:term":[{"taxonomy":"product_cat","embeddable":true,"href":"https:\/\/bookscollective.vn\/index.php\/wp-json\/wp\/v2\/product_cat?post=358"},{"taxonomy":"product_tag","embeddable":true,"href":"https:\/\/bookscollective.vn\/index.php\/wp-json\/wp\/v2\/product_tag?post=358"}],"curies":[{"name":"wp","href":"https:\/\/api.w.org\/{rel}","templated":true}]}}