{"id":353,"date":"2022-10-04T10:19:23","date_gmt":"2022-10-04T10:19:23","guid":{"rendered":"https:\/\/bookscollective.vn\/?post_type=product&#038;p=353"},"modified":"2022-10-04T10:19:23","modified_gmt":"2022-10-04T10:19:23","slug":"doc-duong","status":"publish","type":"product","link":"https:\/\/bookscollective.vn\/index.php\/product\/doc-duong\/","title":{"rendered":"D\u1ecdc \u0111\u01b0\u1eddng"},"content":{"rendered":"<p>\u0110I V\u00c0 NG\u1eaaM<\/p>\n<p>L\u00e0 ph\u1ea7n hay nh\u1ea5t v\u00e0 c\u0169ng l\u00e0 th\u00fa v\u1ecb nh\u1ea5t trong nh\u1eefng trang vi\u1ebft c\u1ee7a Nguy\u00ean Ng\u1ecdc, v\u1ec1 nh\u1eefng k\u1ec9 ni\u1ec7m v\u00e0 c\u00e1c n\u01a1i ch\u1ed1n \u0111\u00e3 \u0111\u1eb7t ch\u00e2n qua. \u0110\u00f3 l\u00e0 H\u00e0 N\u1ed9i v\u1edbi nh\u1eefng n\u1ebfp nh\u00e0 c\u1ee7a nh\u1eefng ng\u01b0\u1eddi H\u00e0 th\u00e0nh n\u1ed5i ti\u1ebfng thanh l\u1ecbch gi\u1edd \u0111\u00e2y n\u1eb1m khu\u1ea5t sau nh\u1eefng m\u1eb7t ti\u1ec1n b\u00e0nh tr\u01b0\u1edbng c\u1ee7a th\u1eddi kinh t\u1ebf m\u1edf c\u1eeda. Nguy\u00ean Ng\u1ecdc m\u00f4 t\u1ea3 t\u00ecnh y\u00eau v\u1edbi ch\u00ednh H\u00e0 N\u1ed9i m\u1ed9t c\u00e1ch khao kh\u00e1t, m\u00e0 \u0111\u1ea7y bu\u1ed3n c\u1ea3m tr\u01b0\u1edbc nh\u1eefng hi\u1ec7n th\u1ef1c b\u1ecb x\u00e9 l\u1ebb, b\u0103m v\u1eb1m b\u1edfi kinh doanh, bon chen\u2026 nh\u01b0ng v\u1eabn v\u1eefng tin v\u00e0o s\u1ee9c \u0111\u1ec1 kh\u00e1ng v\u1eabn c\u00f2n t\u1ed3n t\u1ea1i \u0111\u00e3 r\u1ea5t nhi\u1ec1u n\u0103m.<\/p>\n<p>H\u01b0\u1edbng l\u00ean ph\u00eda B\u1eafc l\u00e0 nh\u1eefng h\u1ed3i t\u01b0\u1edfng v\u1ec1 cu\u1ed9c chi\u1ebfn ch\u1ed1ng th\u1ed7 ph\u1ec9 nh\u1eefng n\u0103m 1959 \u1edf v\u00f9ng M\u00e8o V\u1ea1c &#8211; \u0110\u1ed3ng V\u0103n, c\u0169ng nh\u01b0 chuy\u1ec7n t\u00ecnh c\u00f3 nhi\u1ec1u b\u1ea5t tr\u1eafc. Th\u1ebf nh\u01b0ng b\u1ecf qua h\u1ebft nh\u1eefng d\u1eef d\u1eb1n, l\u1ed9n x\u1ed9n th\u1eddi \u0111\u1ea1i; th\u00ec c\u1ea3nh s\u1eafc, kh\u00f4ng kh\u00ed, c\u0169ng nh\u01b0 nh\u1eefng s\u1ef1 \u0111a d\u1ea1ng \u0111\u00e3 \u0111\u01b0\u1ee3c Nguy\u00ean Ng\u1ecdc m\u00f4 t\u1ea3 v\u00f4 c\u00f9ng r\u00f5 r\u00e0ng, s\u1eafc n\u00e9t, v\u1edbi nh\u1eefng thung s\u00e2u, d\u1ed1c \u0111\u1ee9ng, nh\u1eefng cao nguy\u00ean \u0111\u00e1 l\u1ecfm ch\u1ecfm v\u00e0 nh\u1eefng ch\u00e0ng trai &#8211; c\u00f4 g\u00e1i t\u01b0\u01a1i vui trong phi\u00ean ch\u1ee3 t\u00ecnh.<\/p>\n<p>Ng\u01b0\u1ee3c v\u1ec1 mi\u1ec1n T\u00e2y s\u00f4ng n\u01b0\u1edbc thu\u1ea7n ch\u1ea5t l\u00e0 nh\u1eefng chuy\u1ebfn \u0111i c\u00f9ng Nguy\u1ec5n Ng\u1ecdc T\u01b0 v\u00e0o r\u1eebng U Minh gi\u1eefa nh\u1eefng r\u1eebng tr\u00e0m. Ch\u00ednh c\u0169ng \u1edf \u0111\u00e2y \u00f4ng tin v\u00e0o trong s\u1ef1 s\u1ed1ng b\u1ea5t di\u1ec7t c\u1ee7a r\u1eebng, c\u1ee7a tr\u00e0m, c\u1ee7a v\u00f2ng tu\u1ea7n ho\u00e0n t\u1ef1 nhi\u00ean, n\u01a1i con ng\u01b0\u1eddi s\u1ed1ng th\u1eadt giao h\u00f2a c\u0169ng nh\u01b0 th\u00e2n thi\u1ec7n v\u1edbi t\u1eebng t\u1ed5 ong, con r\u1eafn, con r\u00f9a\u2026 v\u00ec nh\u1eefng th\u1ee9 n\u00e0o c\u1ee7a r\u1eebng c\u0169ng c\u00f3 ch\u1ee7 ri\u00eang.<\/p>\n<p>\u0110\u00f3 c\u00f2n l\u00e0 h\u00e0nh tr\u00ecnh ra nh\u1eefng c\u00f9 lao v\u1edbi nh\u1eefng n\u00f4ng d\u00e2n ch\u00e2n ch\u1ea5t thi\u1ec7n l\u00e0nh. L\u00e0 v\u00f9ng Tr\u00e0 Vinh v\u1edbi nh\u1eefng c\u00e2y sao cao v\u00fat, th\u1eb3ng t\u1eafp, c\u00f2n m\u1ed7i khu ph\u1ed1 th\u00ec t\u0103m t\u1eafp nh\u01b0 l\u1ed1i b\u00e0n c\u1edd. Nh\u1eefng t\u1ed1i n\u01a1i \u0111\u00f3 b\u00e0ng ho\u00e0ng t\u1ec9nh gi\u1ea5c nh\u01b0 th\u1ec3 \u0111ang \u1edf v\u01b0\u01a1ng qu\u1ed1c Ph\u00f9 Nam huy\u1ec1n tho\u1ea1i m\u1ed9t l\u1ea7n s\u1ed1ng d\u1eady.<\/p>\n<p>Ng\u01b0\u1ee3c v\u1ec1 mi\u1ec1n Trung, Nguy\u00ean Ng\u1ecdc d\u1eabn d\u1eaft ng\u01b0\u1eddi \u0111\u1ecdc v\u1ec1 qu\u00ea h\u01b0\u01a1ng m\u00ecnh, v\u1edbi s\u00f4ng Tr\u01b0\u1eddng Giang v\u00e0 v\u00f9ng H\u1ed9i An r\u1ea5t nhi\u1ec1u nh\u00e2n t\u00e0i. \u1ede M\u1ef9 S\u01a1n, \u00f4ng c\u0169ng h\u1ecda n\u00ean nh\u1eefng \u201cc\u00e2y th\u00e1p\u201d Ch\u0103m, n\u01a1i nh\u1eefng m\u1ea1ch v\u1eefa l\u00e0 th\u1ee9 nh\u1ef1a c\u00e2y li\u00ean k\u1ebft v\u1edbi nhau, c\u1eafm s\u00e2u v\u00e0o \u0111\u1ea5t d\u1ec5 \u0111\u1ebfn h\u00e0ng ngh\u00ecn n\u0103m nay \u0111\u1ec3 m\u00e0 nu\u00f4i d\u01b0\u1ee1ng c\u0169ng nh\u01b0 giao h\u00f2a c\u1ea3 th\u00e2n th\u1ec3 ch\u00fang.<\/p>\n<p>V\u1ec1 v\u1edbi T\u00e2y Nguy\u00ean v\u00e0 l\u00e0ng Ba Na nh\u01b0 c\u00e1 g\u1eb7p n\u01b0\u1edbc, Nguy\u00ean Ng\u1ecdc sau\u00a0<em>C\u00e1c b\u1ea1n t\u00f4i \u1edf tr\u00ean \u1ea5y<\/em>\u00a0th\u00ec \u1edf\u00a0<em>D\u1ecdc \u0111\u01b0\u1eddng<\/em>\u00a0c\u0169ng k\u1ecbp bu\u00f4ng ra ti\u1ebfng th\u1edf d\u00e0i, v\u00ec r\u1eebng c\u1ee7a l\u00e0ng, v\u00ec \u0111\u1ea5t c\u1ee7a l\u00e0ng\u2026 gi\u1edd \u0111\u00e2y \u0111ang d\u1ea7n b\u1edbt \u0111i m\u1ed9t c\u00e1ch t\u1eeb t\u1eeb. B\u1edfi r\u1eb1ng l\u00e0ng l\u00e0 cao nh\u1ea5t, v\u00e0 b\u1ea5t c\u1ee9 ng\u01b0\u1eddi n\u00e0o, c\u00e2y r\u1eebng n\u00e0o, m\u1ea3nh \u0111\u1ea5t n\u00e0o c\u0169ng \u0111\u01b0\u1ee3c che ch\u1edf, v\u00e0 l\u00e0 m\u1ed9t ph\u1ea7n c\u01a1 th\u1ec3 c\u1ee7a ng\u00f4i l\u00e0ng l\u1edbn, n\u00ean gi\u1edd \u0111\u00e2y h\u1ecd d\u1ea7n tr\u1edf th\u00e0nh nh\u1eefng ng\u01b0\u1eddi xa l\u1ea1 v\u1edbi ch\u00ednh ng\u00f4i l\u00e0ng v\u00e0 c\u01a1 th\u1ec3 m\u00ecnh. Tuy l\u00e0 m\u1ed9t ti\u1ebfng th\u1edf d\u00e0i, th\u1ebf nh\u01b0ng \u00f4ng c\u0169ng kh\u00f4ng qu\u00ean cho th\u1ea5y \u0111\u1eddi s\u1ed1ng \u0111\u00e3 t\u1eebng r\u1ef1c r\u1ee1 c\u0169ng nh\u01b0 s\u1ed1ng \u0111\u1ed9ng n\u01a1i m\u1ea3nh \u0111\u1ea5t n\u00e0y.<\/p>\n<p><em>D\u1ecdc \u0111\u01b0\u1eddng<\/em>\u00a0l\u00e0 t\u1eadp ghi ch\u00e9p v\u00f4 c\u00f9ng \u0111\u1ea7y \u0111\u1ee7 m\u00e0 c\u0169ng c\u00e1 nh\u00e2n, \u0111\u1ec3 th\u00f4ng qua \u0111\u00f3 ta th\u1ea5y m\u1ed9t nh\u00e0 v\u0103n v\u1eabn lu\u00f4n b\u1eadn l\u00f2ng v\u1edbi s\u1ef1 ph\u00e1t tri\u1ec3n, kh\u00f4ng ch\u1ec9 c\u1ee7a ri\u00eang v\u0103n ch\u01b0\u01a1ng, ngh\u1ec7 thu\u1eadt; m\u00e0 l\u1edbn h\u01a1n c\u00f2n l\u00e0 \u0111\u1ea5t n\u01b0\u1edbc, qu\u1ed1c gia. T\u1ef1 nh\u1eadn l\u00e0 ng\u01b0\u1eddi ham s\u1ed1ng, h\u01a1n bao gi\u1edd h\u1ebft t\u1eadp s\u00e1ch n\u00e0y \u0111\u00e3 th\u1ec3 hi\u1ec7n m\u1ed9t Nguy\u00ean Ng\u1ecdc s\u00e1ng r\u00f5, suy t\u01b0 v\u00e0 lu\u00f4n v\u1eadn \u0111\u1ed9ng kh\u00f4ng ng\u1eebng.<\/p>\n","protected":false},"excerpt":{"rendered":"<p>Nh\u00e0 v\u0103n Nguy\u00ean Ng\u1ecdc t\u1ef1 nh\u1eadn m\u00ecnh l\u00e0 m\u1ed9t ng\u01b0\u1eddi ham s\u1ed1ng. Qu\u1ea3 th\u1eadt c\u00f3 th\u1ec3 nh\u00ecn ra \u0111i\u1ec1u \u1ea5y trong t\u1eadp s\u00e1ch D\u1ecdc \u0111\u01b0\u1eddng d\u00e0y d\u1eb7n n\u00e0y, tuy\u1ec3n nh\u1eefng b\u00e0i vi\u1ebft v\u00e0 ghi ch\u00e9p c\u1ee7a \u00f4ng tr\u00ean m\u1ed9t h\u00e0nh tr\u00ecnh s\u1ed1ng \u0111\u1ea7y \u1eafp tr\u1ea3i nghi\u1ec7m.<\/p>\n<p>Nh\u1eefng cu\u1ed1n s\u00e1ch \u0111\u00e3 \u0111\u1ecdc, nh\u1eefng con ng\u01b0\u1eddi \u0111\u00e3 g\u1eb7p, nh\u1eefng v\u00f9ng \u0111\u1ea5t \u0111\u00e3 lang b\u1ea1t, \u0111\u01b0\u1ee3c nh\u00e0 v\u0103n Nguy\u00ean Ng\u1ecdc ghi l\u1ea1i v\u1eeba ch\u00e2n th\u1ef1c, gi\u00e0u c\u1ea3m x\u00fac, suy t\u01b0, lu\u00f4n \u0111\u1eb7t ra nh\u1eefng v\u1ea5n \u0111\u1ec1 l\u1edbn: tr\u00e1ch nhi\u1ec7m c\u1ee7a ng\u01b0\u1eddi vi\u1ebft, d\u1ecbch thu\u1eadt v\u00e0 s\u1ef1 ph\u00e1t tri\u1ec3n c\u1ee7a d\u00e2n t\u1ed9c, s\u1ef1 v\u01b0\u1ee3t tho\u00e1t c\u1ee7a v\u0103n ch\u01b0\u01a1ng, nh\u1eefng gi\u00e1 tr\u1ecb qu\u00e1 kh\u1ee9 b\u1ecb l\u00e3ng qu\u00ean, t\u00ecnh y\u00eau v\u00e0 chi\u1ebfn tranh, s\u1ef1 nghi\u1ec7p gi\u00e1o d\u1ee5c, con ng\u01b0\u1eddi t\u1ef1 ch\u1ee7&#8230;<\/p>\n<p>Tr\u00ean nh\u1eefng trang vi\u1ebft n\u00e0y, ch\u00fang ra nh\u1eadn ra nh\u1eefng tr\u1eb1n tr\u1ecdc kh\u00f4n ngu\u00f4i v\u00e0 t\u1ea5m l\u00f2ng t\u01b0\u1edfng y\u00ean \u1ed5n m\u00e0 lu\u00f4n x\u00e1o \u0111\u1ed9ng c\u1ee7a m\u1ed9t ng\u01b0\u1eddi tr\u00ed th\u1ee9c<\/p>\n","protected":false},"featured_media":356,"comment_status":"open","ping_status":"closed","template":"","meta":[],"product_cat":[26],"product_tag":[],"class_list":["post-353","product","type-product","status-publish","has-post-thumbnail","hentry","product_cat-sach-van-hoc"],"_links":{"self":[{"href":"https:\/\/bookscollective.vn\/index.php\/wp-json\/wp\/v2\/product\/353","targetHints":{"allow":["GET"]}}],"collection":[{"href":"https:\/\/bookscollective.vn\/index.php\/wp-json\/wp\/v2\/product"}],"about":[{"href":"https:\/\/bookscollective.vn\/index.php\/wp-json\/wp\/v2\/types\/product"}],"replies":[{"embeddable":true,"href":"https:\/\/bookscollective.vn\/index.php\/wp-json\/wp\/v2\/comments?post=353"}],"wp:featuredmedia":[{"embeddable":true,"href":"https:\/\/bookscollective.vn\/index.php\/wp-json\/wp\/v2\/media\/356"}],"wp:attachment":[{"href":"https:\/\/bookscollective.vn\/index.php\/wp-json\/wp\/v2\/media?parent=353"}],"wp:term":[{"taxonomy":"product_cat","embeddable":true,"href":"https:\/\/bookscollective.vn\/index.php\/wp-json\/wp\/v2\/product_cat?post=353"},{"taxonomy":"product_tag","embeddable":true,"href":"https:\/\/bookscollective.vn\/index.php\/wp-json\/wp\/v2\/product_tag?post=353"}],"curies":[{"name":"wp","href":"https:\/\/api.w.org\/{rel}","templated":true}]}}