{"id":347,"date":"2022-10-04T10:06:47","date_gmt":"2022-10-04T10:06:47","guid":{"rendered":"https:\/\/bookscollective.vn\/?post_type=product&#038;p=347"},"modified":"2022-10-04T10:07:29","modified_gmt":"2022-10-04T10:07:29","slug":"347","status":"publish","type":"product","link":"https:\/\/bookscollective.vn\/index.php\/product\/347\/","title":{"rendered":"Tranh D\u00e2n Gian Vi\u1ec7t Nam S\u01b0u T\u1ea7m V\u00e0 Nghi\u00ean C\u1ee9u"},"content":{"rendered":"<p><strong>Tranh D\u00e2n Gian Vi\u1ec7t Nam S\u01b0u T\u1ea7m V\u00e0 Nghi\u00ean C\u1ee9u (B\u00eca M\u1ec1m)<\/strong><\/p>\n<p>T\u1eeb nhi\u1ec1u n\u0103m nay, ch\u00fang t\u00f4i \u0111\u00e3 nung n\u1ea5u \u00fd \u0111\u1ecbnh \u1ea5n h\u00e0nh b\u1ea3n Vi\u1ec7t ng\u1eef c\u00f4ng tr\u00ecnh Tranh d\u00e2n gian Vi\u1ec7t Nam c\u1ee7a Maurice Durand do Vi\u1ec7n Vi\u1ec5n \u0110\u00f4ng B\u00e1c C\u1ed5 xu\u1ea5t b\u1ea3n l\u1ea7n \u0111\u1ea7u ti\u00ean v\u00e0o n\u0103m 1960. B\u1ed9 s\u01b0u t\u1eadp n\u00e0y bao g\u1ed3m h\u01a1n 400 t\u00e1c ph\u1ea9m h\u1ed9i h\u1ecda d\u00e2n gian k\u00e8m theo nghi\u00ean c\u1ee9u, ph\u00e2n t\u00edch, b\u00ecnh ch\u00fa uy\u00ean b\u00e1c, t\u1ec9 m\u1ec9 v\u00e0 to\u00e0n di\u1ec7n c\u1ee7a t\u00e1c gi\u1ea3. \u0110\u00e2y l\u00e0 k\u1ebft qu\u1ea3 c\u1ee7a nhi\u1ec1u n\u0103m nghi\u00ean c\u1ee9u, s\u01b0u t\u1ea7m tr\u00ean c\u00e1c ph\u1ed1 ph\u01b0\u1eddng H\u00e0 N\u1ed9i v\u00e0 c\u00e1c v\u00f9ng l\u00e2n c\u1eadn thu\u1ed9c \u0111\u1ed3ng b\u1eb1ng B\u1eafc B\u1ed9. Cu\u1ed1n s\u00e1ch \u0111\u1eb7c bi\u1ec7t th\u00fa v\u1ecb khi v\u0103n h\u00f3a d\u00e2n gian Vi\u1ec7t Nam \u0111\u01b0\u1ee3c nh\u00ecn qua l\u0103ng k\u00ednh c\u1ee7a m\u1ed9t h\u1ecdc gi\u1ea3 ngo\u1ea1i qu\u1ed1c t\u00e0i n\u0103ng v\u1ed1n l\u00e0 th\u00e0nh vi\u00ean c\u1ee7a Vi\u1ec7n Vi\u1ec5n \u0110\u00f4ng B\u00e1c C\u1ed5 Ph\u00e1p v\u00e0o nh\u1eefng n\u0103m gi\u1eefa th\u1ebf k\u1ef7 XX. Nh\u1eefng quan s\u00e1t, c\u1ea3m nh\u1eadn v\u00e0 b\u00ecnh gi\u1ea3i c\u1ee7a t\u00e1c gi\u1ea3 v\u00e0o th\u1eddi k\u1ef3 m\u00e0 v\u0103n h\u00f3a truy\u1ec1n th\u1ed1ng v\u1eabn c\u00f2n \u0111\u1eadm n\u00e9t \u1edf B\u1eafc B\u1ed9 \u0111\u00e3 g\u00f3p ph\u1ea7n kh\u00f4ng nh\u1ecf trong vi\u1ec7c b\u1ea3o t\u1ed3n b\u1ea3n s\u1eafc v\u0103n h\u00f3a truy\u1ec1n th\u1ed1ng d\u00e2n t\u1ed9c.<\/p>\n<p>L\u00ed do th\u1ee9 nh\u1ea5t c\u1ee7a vi\u1ec7c \u1ea5n h\u00e0nh cu\u1ed1n s\u00e1ch n\u00e0y l\u00e0 \u0111\u1ec3 \u0111\u1ed9c gi\u1ea3 Vi\u1ec7t Nam c\u00f3 c\u01a1 h\u1ed9i ti\u1ebfp c\u1eadn to\u00e0n b\u1ed9 c\u00f4ng tr\u00ecnh \u0111\u1ed9c nh\u1ea5t v\u1ed1n kh\u00f4ng \u0111\u01a1n thu\u1ea7n ch\u1ec9 l\u00e0 m\u1ed9t b\u1ed9 s\u01b0u t\u1eadp tranh n\u00e0y. N\u00f3i l\u00e0 \u0111\u1ed9c nh\u1ea5t v\u00ec c\u00f4ng tr\u00ecnh gi\u1edbi thi\u1ec7u m\u1ed9t b\u1ed9 ph\u1eadn l\u1edbn c\u1ee7a b\u1ed9 s\u01b0u t\u1eadp h\u01a1n 400 b\u1ee9c tranh d\u00e2n gian \u0111\u01b0\u1ee3c Maurice Durand s\u01b0u t\u1ea7m t\u1eeb n\u0103m 1940 \u1edf H\u00e0 N\u1ed9i v\u1edbi s\u1ef1 h\u1ed7 tr\u1ee3 c\u1ee7a c\u00e1c h\u1ecdc gi\u1ea3 nh\u01b0 Tr\u1ea7n V\u0103n Gi\u00e1p, Tr\u1ea7n Huy B\u00e1, Louis Bezacier v\u00e0 Paul L\u00e9vy. Theo nh\u01b0 ch\u00fang t\u00f4i \u0111\u01b0\u1ee3c bi\u1ebft, \u0111\u00e2y l\u00e0 b\u1ed9 s\u01b0u t\u1eadp quan tr\u1ecdng nh\u1ea5t c\u00f2n \u0111\u01b0\u1ee3c l\u01b0u gi\u1eef t\u00ednh \u0111\u1ebfn th\u1eddi \u0111i\u1ec3m n\u00e0y. T\u00ednh \u0111\u1ed9c nh\u1ea5t c\u1ee7a n\u00f3 c\u00f2n \u0111\u01b0\u1ee3c th\u1ec3 hi\u1ec7n \u1edf s\u1ef1 \u0111a d\u1ea1ng c\u1ee7a c\u00e1c ch\u1ee7 \u0111\u1ec1 \u0111\u01b0\u1ee3c khai th\u00e1c : nh\u1eefng c\u00f4ng vi\u1ec7c nh\u1ecf xung quanh cu\u1ed9c s\u1ed1ng h\u00e0ng ng\u00e0y, l\u1eddi c\u1ea7u ch\u00fac, b\u00f9a ph\u00f9 h\u1ed9, vi\u1ec7c th\u1ef1c h\u00e0nh t\u00f4n gi\u00e1o, t\u00edn ng\u01b0\u1ee1ng, tranh minh h\u1ecda nh\u1eefng t\u1ea5m g\u01b0\u01a1ng hi\u1ebfu th\u1ea3o, nh\u1eefng c\u00e2u ng\u1ea1n ng\u1eef, t\u1ee5c ng\u1eef, tranh minh h\u1ecda l\u1ecbch s\u1eed, v\u0103n h\u1ecdc, b\u1ed1n m\u00f9a, phong c\u1ea3nh, hoa tr\u00e1i v\u00e0 mu\u00f4ng th\u00fa. Cu\u1ed1i c\u00f9ng, t\u00ednh \u0111\u1ed9c nh\u1ea5t c\u1ee7a c\u00f4ng tr\u00ecnh c\u00f2n l\u00e0 \u1edf ch\u1ed7 Maurice Durand l\u00e0 h\u1ecdc gi\u1ea3 \u0111\u1ea7u ti\u00ean b\u00e0n v\u1ec1 v\u1ec1 l\u0129nh v\u1ef1c ngh\u1ec7 thu\u1eadt d\u00e2n gian n\u00e0y th\u00f4ng qua vi\u1ec7c k\u1ebft h\u1ee3p s\u1ef1 mi\u00eau t\u1ea3 t\u1ec9 m\u1ec9 v\u1ec1 qu\u00e1 tr\u00ecnh l\u00e0m tranh, c\u00e1c lo\u1ea1i h\u00ecnh tranh, ph\u00e2n t\u00edch c\u00e1c ch\u1ee7 \u0111\u1ec1 v\u00e0 \u0111\u1eb7t ch\u00fang trong b\u1ed1i c\u1ea3nh v\u0103n h\u00f3a v\u00e0 l\u1ecbch s\u1eed, t\u1eeb thi\u00eang li\u00eang \u0111\u1ebfn ph\u00e0m t\u1ee5c.<\/p>\n<p>L\u00ed do th\u1ee9 hai, \u0111\u00e2y l\u00e0 nguy\u1ec7n v\u1ecdng chung c\u1ee7a c\u00e1c chuy\u00ean gia Vi\u1ec7t Nam h\u1ecdc nh\u01b0 Gs. Philippe Papin v\u00e0 PGS. Pascal Bourdeaux, gi\u1ea3ng vi\u00ean thu\u1ed9c Vi\u1ec7n Cao H\u1ecdc Kh\u1ea3o C\u1ee9u (Ph\u00e1p) c\u00f9ng v\u1edbi PGS. Olivier Tessier, ph\u1ee5 tr\u00e1ch trung t\u00e2m c\u1ee7a Vi\u1ec7n Vi\u1ec5n \u0110\u00f4ng B\u00e1c C\u1ed5 \u1edf TP. H\u1ed3 Ch\u00ed Minh, \u0111\u00f3 l\u00e0 ph\u00e1t tri\u1ec3n m\u1ed9t lo\u1ea1t \u1ea5n ph\u1ea9m v\u1ec1 tranh \u1ea3nh h\u1ed9i h\u1ecda b\u1ea3n \u0111\u1ecba nh\u01b0 l\u00e0 b\u1eb1ng ch\u1ee9ng s\u1ed1ng \u0111\u1ed9ng v\u1ec1 cu\u1ed9c s\u1ed1ng th\u01b0\u1eddng nh\u1eadt c\u1ee7a ng\u01b0\u1eddi Vi\u1ec7t Nam x\u01b0a v\u00e0 th\u1ebf gi\u1edbi quan v\u0103n h\u00f3a c\u1ee7a c\u00e1c t\u1ea7ng l\u1edbp trong x\u00e3 h\u1ed9i, t\u1eeb th\u01b0\u1eddng d\u00e2n b\u00e9 nh\u1ecf \u0111\u1ebfn t\u1ea7ng l\u1edbp tr\u00ed th\u1ee9c, \u0111\u1ea1i di\u1ec7n t\u00f4n gi\u00e1o v\u00e0 quan l\u1ea1i. Hi\u1ec7n nay c\u00f3 ba c\u00f4ng tr\u00ecnh quan tr\u1ecdng \u0111\u00e3 \u0111\u01b0\u1ee3c xu\u1ea5t b\u1ea3n. \u0110\u1ea7u ti\u00ean l\u00e0 cu\u1ed1n Tranh d\u00e2n gian Vi\u1ec7t Nam \u0111\u01b0\u1ee3c t\u00e1i b\u1ea3n d\u01b0\u1edbi d\u1ea1ng tranh m\u00e0u (2011) v\u1edbi nhi\u1ec1u thay \u0111\u1ed5i v\u1ec1 k\u1ebft c\u1ea5u t\u00e1c ph\u1ea9m do Gi\u00e1o s\u01b0 Philippe Papin v\u00e0 Marcus Durand (con trai t\u00e1c gi\u1ea3) bi\u00ean so\u1ea1n v\u00e0 t\u1ed5 ch\u1ee9c l\u1ea1i b\u1ea3n th\u1ea3o. \u1ea4n b\u1ea3n m\u1edbi n\u00e0y gi\u1edbi thi\u1ec7u m\u1ed9t b\u1ea3n in tranh m\u00e0u \u0111\u1eb9p m\u1eaft, \u0111em l\u1ea1i h\u1ee9ng th\u00fa cho ng\u01b0\u1eddi \u0111\u1ecdc v\u00e0 ti\u1ec7n d\u1ee5ng trong vi\u1ec7c tra c\u1ee9u. C\u00f4ng vi\u1ec7c t\u1ec9 m\u1ec9 v\u1edbi nhi\u1ec1u kh\u00f3 kh\u0103n v\u1ea5t v\u1ea3 \u0111\u1ed3ng th\u1eddi c\u0169ng \u0111\u1ea7y c\u1ea3m h\u1ee9ng n\u00e0y s\u1ebd \u0111\u01b0\u1ee3c Gi\u00e1o s\u01b0 Philippe Papin v\u00e0 Marcus Durand tr\u00ecnh b\u00e0y trong l\u1eddi t\u1ef1a. \u0110\u00e2y c\u0169ng l\u00e0 \u1ea5n b\u1ea3n m\u00e0 ch\u00fang t\u00f4i s\u1eed d\u1ee5ng \u0111\u1ec3 d\u1ecbch sang ti\u1ebfng Vi\u1ec7t. Ti\u1ebfp \u0111\u1ebfn l\u00e0 c\u00f4ng tr\u00ecnh nghi\u00ean c\u1ee9u c\u1ee7a Henri Oger v\u1ec1 K\u1ef9 thu\u1eadt c\u1ee7a ng\u01b0\u1eddi An Nam (1909) \u0111\u01b0\u1ee3c in l\u1ea1i b\u1eb1ng ba th\u1ee9 ti\u1ebfng Anh, Vi\u1ec7t, Ph\u00e1p. C\u00f4ng tr\u00ecnh n\u00e0y \u0111\u01b0\u1ee3c d\u1ef1ng l\u1ea1i t\u1eeb 4000 b\u1ee9c tranh v\u00e0 k\u00fd h\u1ecda, th\u1ec3 hi\u1ec7n m\u1ed9t s\u1ef1 \u0111a d\u1ea1ng tuy\u1ec7t v\u1eddi v\u1ec1 c\u00f4ng nghi\u1ec7p v\u00e0 th\u01b0\u01a1ng m\u1ea1i \u0111\u01b0\u1ee3c ph\u00e1t tri\u1ec3n b\u1edfi ng\u01b0\u1eddi d\u00e2n H\u00e0 N\u1ed9i \u0111\u1ea7u th\u1ebf k\u1ef7 XX. T\u00e1c ph\u1ea9m ph\u1ea3n \u00e1nh to\u00e0n di\u1ec7n \u0111\u1eddi s\u1ed1ng x\u00e3 h\u1ed9i, c\u1ea3 kh\u00eda c\u1ea1nh ri\u00eang t\u01b0 l\u1eabn c\u1ed9ng \u0111\u1ed3ng. Cu\u1ed1i c\u00f9ng l\u00e0 cu\u1ed1n L\u1ee5c V\u00e2n Ti\u00ean k\u00e8m tranh minh h\u1ecda c\u0169ng \u0111\u01b0\u1ee3c in b\u1eb1ng ba ng\u00f4n ng\u1eef (Vi\u1ec7t, Anh, Ph\u00e1p) v\u00e0 \u0111\u01b0\u1ee3c xu\u1ea5t b\u1ea3n l\u1ea7n \u0111\u1ea7u ti\u00ean k\u00e8m theo ph\u00e2n t\u00edch, b\u00ecnh ch\u00fa. B\u1ea3n tranh m\u00e0u \u0111\u1ed9c nh\u1ea5t minh h\u1ecda truy\u1ec7n L\u1ee5c V\u00e2n Ti\u00ean \u0111\u01b0\u1ee3c ph\u00e1t hi\u1ec7n n\u0103m 2011 \u1edf th\u01b0 vi\u1ec7n c\u1ee7a Vi\u1ec7n Ph\u00e1p. B\u1ea3n th\u1ea3o bao g\u1ed3m 139 t\u1edd tranh trong \u0111\u00f3 l\u1ea7n l\u01b0\u1ee3t gi\u1edbi thi\u1ec7u 663 h\u00ecnh nh\u1ecf nhi\u1ec1u m\u00e0u. B\u1ed9 tranh n\u00e0y \u0111\u01b0\u1ee3c L\u00ea \u0110\u1ee9c Tr\u1ea1ch, m\u1ed9t nho s\u0129 cung \u0111\u00ecnh th\u1ef1c hi\u1ec7n \u1edf Hu\u1ebf trong v\u00f2ng t\u1eeb n\u0103m 1895 \u0111\u1ebfn 1897 do m\u1ed9t s\u0129 quan th\u1ee7y qu\u00e2n tr\u1ebb c\u1ee7a Ph\u00e1p \u0111\u1eb7t l\u00e0m. \u0110\u00e2y l\u00e0 t\u00e1c ph\u1ea9m c\u1ed5 \u0111i\u1ec3n n\u1ed5i ti\u1ebfng duy nh\u1ea5t c\u1ee7a Vi\u1ec7t Nam \u0111\u01b0\u1ee3c minh h\u1ecda to\u00e0n b\u1ed9 b\u1eb1ng tranh m\u00e0u.Cu\u1ed1n s\u00e1ch c\u00e1c b\u1ea1n \u0111ang c\u1ea7m tr\u00ean tay l\u00e0 b\u1ea3n ti\u1ebfng Vi\u1ec7t \u0111\u1ea7u ti\u00ean k\u1ec3 t\u1eeb ng\u00e0y \u1ea5n b\u1ea3n ti\u1ebfng Ph\u00e1p \u0111\u1ea7u ti\u00ean ra m\u1eaft \u0111\u1ed9c gi\u1ea3.<\/p>\n<p>Ngo\u00e0i ph\u1ea7n d\u1eabn nh\u1eadp, c\u00f4ng tr\u00ecnh g\u1ed3m c\u00f3 5 ph\u1ea7n ch\u00ednh :<\/p>\n<p>1. Cu\u1ed9c s\u1ed1ng th\u01b0\u1eddng nh\u1eadt v\u00e0 nh\u1ecbp \u0111\u1ed9 thi\u00ean nhi\u00ean ;<\/p>\n<p>2. T\u00f4n gi\u00e1o, t\u00edn ng\u01b0\u1ee1ng ;<\/p>\n<p>3. Tranh minh h\u1ecda l\u1ecbch s\u1eed ;<\/p>\n<p>4. V\u0103n h\u1ecdc Vi\u1ec7t Nam ;<\/p>\n<p>5. V\u0103n h\u1ecdc Trung Qu\u1ed1c.<\/p>\n<p>Ph\u1ea7n d\u1eabn nh\u1eadp l\u00e0 m\u1ed9t nghi\u00ean c\u1ee9u chuy\u00ean s\u00e2u v\u1ec1 qu\u00e1 tr\u00ecnh l\u00e0m tranh d\u00e2n gian, v\u1ec1 \u00fd ngh\u0129a, gi\u00e1 tr\u1ecb c\u1ee7a t\u1eebng lo\u1ea1i tranh v\u00e0 v\u1ec1 s\u1ef1 k\u1ebft h\u1ee3p c\u00e1c bi\u1ec3u t\u01b0\u1ee3ng h\u1ed9i h\u1ecda trong tranh d\u00e2n gian. Ch\u00ednh v\u00ec t\u00ednh uy\u00ean b\u00e1c v\u00e0 \u0111a d\u1ea1ng c\u1ee7a v\u0103n b\u1ea3n m\u00e0 ch\u00fang t\u00f4i g\u1eb7p kh\u00f4ng \u00edt kh\u00f3 kh\u0103n trong qu\u00e1 tr\u00ecnh d\u1ecbch thu\u1eadt \u2013 c\u00f4ng tr\u00ecnh li\u00ean quan \u0111\u1ebfn b\u1ed1n ng\u00f4n ng\u1eef : Ph\u00e1p, Vi\u1ec7t, H\u00e1n v\u00e0 N\u00f4m. N\u1ed9i dung c\u00f4ng tr\u00ecnh bao tr\u00f9m nhi\u1ec1u l\u0129nh v\u1ef1c kh\u00e1c nhau nh\u01b0 ho\u1ea1t \u0111\u1ed9ng n\u00f4ng nghi\u1ec7p, t\u00f4n gi\u00e1o, t\u00edn ng\u01b0\u1ee1ng, l\u1ecbch s\u1eed v\u00e0 v\u0103n h\u1ecdc. V\u1ec1 c\u01a1 b\u1ea3n, ch\u00fang t\u00f4i gi\u1eef nguy\u00ean h\u00ecnh th\u1ee9c, b\u1ed1 c\u1ee5c tranh v\u1ebd v\u00e0 n\u1ed9i dung v\u0103n b\u1ea3n. Tuy nhi\u00ean, trong qu\u00e1 tr\u00ecnh d\u1ecbch, ch\u00fang t\u00f4i c\u00f3 ch\u1ec9nh l\u1ea1i m\u1ed9t s\u1ed1 chi ti\u1ebft nh\u1ea7m l\u1eabn ho\u1eb7c ch\u1eef vi\u1ebft ch\u01b0a ch\u00ednh x\u00e1c. Ch\u00fang t\u00f4i quy\u1ebft \u0111\u1ecbnh gi\u1eef nguy\u00ean c\u00e1c ch\u1eef H\u00e1n, N\u00f4m m\u00e0 t\u00e1c gi\u1ea3 s\u1eed d\u1ee5ng \u0111\u1ed3ng th\u1eddi \u0111\u1ec3 v\u00e0o d\u1ea5u m\u00f3c [\u2026] nh\u1eefng ch\u1eef m\u00e0 ch\u00fang t\u00f4i cho l\u00e0 ch\u00ednh x\u00e1c h\u01a1n. V\u1ec1 c\u00e1c v\u0103n b\u1ea3n ch\u1eef H\u00e1n, ch\u00fang t\u00f4i ch\u1ecdn d\u1ecbch tr\u1ef1c ti\u1ebfp t\u1eeb nguy\u00ean b\u1ea3n, d\u0129 nhi\u00ean c\u00f3 tham kh\u1ea3o b\u1ea3n ti\u1ebfng Ph\u00e1p. Xin n\u00f3i th\u00eam r\u1eb1ng m\u1ed9t s\u1ed1 nh\u1ea7m l\u1eabn \u0111\u00f4i khi thu\u1ed9c v\u1ec1 d\u1ecb b\u1ea3n m\u00e0 t\u00e1c gi\u1ea3 l\u1ef1a ch\u1ecdn ho\u1eb7c do ngh\u1ec7 nh\u00e2n d\u00e2n gian vi\u1ebft nh\u1ea7m ch\u1eef tr\u00ean tranh. V\u1ec1 ph\u1ea7n truy\u1ec7n N\u00f4m, m\u1ed9t s\u1ed1 truy\u1ec7n, ch\u1eb3ng h\u1ea1n nh\u01b0 Truy\u1ec7n Th\u1ea1ch Sanh, \u0111\u00e3 c\u00f3 phi\u00ean \u00e2m qu\u1ed1c ng\u1eef n\u00ean ch\u00fang t\u00f4i kh\u00f4ng d\u1ecbch l\u1ea1i t\u1eeb b\u1ea3n ti\u1ebfng Ph\u00e1p m\u00e0 ch\u1ec9 ch\u1ec9nh s\u1eeda m\u1ed9t s\u1ed1 t\u1eeb ng\u1eef cho ph\u00f9 h\u1ee3p v\u00e0 d\u1ec5 hi\u1ec3u. Ngh\u0129a l\u00e0 m\u1ed9t s\u1ed1 t\u1eeb c\u00f3 th\u1ec3 kh\u00f4ng sai v\u1ec1 nguy\u00ean t\u1eafc ch\u00ednh t\u1ea3 v\u00e0o th\u1eddi x\u01b0a nh\u01b0ng hi\u1ec7n nay th\u00ec kh\u00f4ng th\u1ec3 d\u00f9ng b\u1edfi v\u00ec s\u1ebd khi\u1ebfn \u0111\u1ed9c gi\u1ea3 hi\u1ec3u sai ho\u1eb7c \u0111\u01a1n gi\u1ea3n l\u00e0 kh\u00f4ng th\u1ec3 hi\u1ec3u. Vi\u1ec7c chuy\u1ec3n \u0111\u1ed5i n\u00e0y gi\u00fap cho \u0111\u1ed9c gi\u1ea3 hi\u1ec3u v\u0103n b\u1ea3n d\u1ec5 h\u01a1n trong khi v\u1eabn gi\u1eef \u0111\u01b0\u1ee3c t\u00ednh h\u1ee3p v\u1ea7n. Ph\u1ea7n v\u0103n b\u1ea3n truy\u1ec7n N\u00f4m\u00a0 c\u00f3 nhi\u1ec1u c\u00e2u ch\u1eef c\u1ea7n \u0111\u01b0\u1ee3c xem x\u00e9t l\u1ea1i c\u1ea3 v\u1ec1 nguy\u00ean v\u0103n l\u1eabn b\u1ea3n phi\u00ean \u00e2m Qu\u1ed1c ng\u1eef nh\u01b0ng ch\u00fang t\u00f4i quy\u1ebft \u0111\u1ecbnh gi\u1eef nguy\u00ean v\u00ec m\u1ee5c \u0111\u00edch c\u1ee7a c\u00f4ng tr\u00ecnh n\u00e0y kh\u00f4ng ph\u1ea3i l\u00e0 kh\u1ea3o s\u00e1t v\u0103n b\u1ea3n. M\u1eb7t kh\u00e1c, nh\u1eefng b\u1ea3n phi\u00ean \u00e2m n\u00e0y \u0111a s\u1ed1 \u0111\u01b0\u1ee3c th\u1ef1c hi\u1ec7n v\u00e0 \u0111\u1ea7u th\u1ebf k\u1ef7 XX, khi ch\u1eef Qu\u1ed1c ng\u1eef \u0111ang \u1edf giai \u0111o\u1ea1n h\u00ecnh th\u00e0nh v\u00e0 ph\u00e1t tri\u1ec3n m\u00e0 ch\u01b0a th\u1ef1c s\u1ef1 ho\u00e0n thi\u1ec7n.<\/p>\n<p>\u0110\u1ec3 t\u1ea1o thu\u1eadn l\u1ee3i cho \u0111\u1ed9c gi\u1ea3, \u0111\u1eb7c bi\u1ec7t l\u00e0 b\u1ed9 ph\u1eadn \u0111\u1ed9c gi\u1ea3 kh\u00f4ng th\u00f4ng th\u1ea1o ch\u1eef H\u00e1n v\u00e0 ch\u1eef N\u00f4m, ch\u00fang t\u00f4i phi\u00ean \u00e2m H\u00e1n Vi\u1ec7t m\u1ed9t s\u1ed1 v\u0103n b\u1ea3n H\u00e1n, th\u00eam m\u1ed9t s\u1ed1 ch\u00fa th\u00edch nh\u1eb1m gi\u00fap soi t\u1ecf \u00fd ngh\u0129a v\u0103n b\u1ea3n ; ch\u1eb3ng h\u1ea1n nh\u01b0 ph\u1ea7n d\u1eabn nh\u1eadp, li\u00ean quan \u0111\u1ebfn v\u1ea5n \u0111\u1ec1 ch\u01a1i ch\u1eef trong ch\u1eef H\u00e1n. Nh\u1eefng hi\u1ec7n t\u01b0\u1ee3ng, s\u1ef1 v\u1eadt \u0111\u01b0\u1ee3c cho l\u00e0 \u0111\u1ed3ng \u00e2m trong ch\u1eef H\u00e1n l\u1ea1i ho\u00e0n to\u00e0n kh\u00e1c khi phi\u00ean \u00e2m sang Qu\u1ed1c ng\u1eef.<\/p>\n<p>Ng\u01b0\u1ee3c l\u1ea1i, ch\u00fang t\u00f4i b\u1ecf qua m\u1ed9t s\u1ed1 ch\u00fa th\u00edch trong b\u1ea3n ti\u1ebfng Ph\u00e1p v\u00ec ch\u00fang kh\u00f4ng c\u1ea7n thi\u1ebft \u0111\u1ed1i v\u1edbi ng\u01b0\u1eddi Vi\u1ec7t. Nh\u01b0 \u0111\u00e3 n\u00f3i \u1edf tr\u00ean, \u0111\u00e2y l\u00e0 m\u1ed9t c\u00f4ng tr\u00ecnh \u0111a ng\u00f4n ng\u1eef tr\u00ean ph\u01b0\u01a1ng di\u1ec7n h\u00ecnh th\u1ee9c (Ph\u00e1p, Vi\u1ec7t, H\u00e1n, N\u00f4m) v\u00e0 \u0111a ng\u00e0nh tr\u00ean b\u00ecnh di\u1ec7n n\u1ed9i dung (h\u1ed9i h\u1ecda, d\u00e2n t\u1ed9c h\u1ecdc, l\u1ecbch s\u1eed v\u00e0 v\u0103n h\u1ecdc). T\u00e1c ph\u1ea9m n\u00e0y m\u1ed9t s\u1ef1 k\u1ebft h\u1ee3p tuy\u1ec7t v\u1eddi gi\u1eefa v\u0103n h\u00f3a b\u00e1c h\u1ecdc v\u00e0 truy\u1ec1n th\u1ed1ng d\u00e2n gian nh\u01b0ng \u0111\u1ed1i v\u1edbi c\u00f4ng vi\u1ec7c d\u1ecbch thu\u1eadt l\u1ea1i kh\u00f4ng h\u1ec1 \u0111\u01a1n gi\u1ea3n m\u00e0 c\u1ea7n \u0111\u1ebfn s\u1ef1 \u0111\u00f3ng g\u00f3p c\u00f4ng s\u1ee9c c\u1ee7a c\u1ea3 m\u1ed9t t\u1eadp th\u1ec3. \u0110\u1ed9i ng\u0169 d\u1ecbch thu\u1eadt, bi\u00ean t\u1eadp v\u00e0 xu\u1ea5t b\u1ea3n \u0111\u00e3 r\u1ea5t c\u1ed1 g\u1eafng \u0111\u1ec3 cung c\u1ea5p cho \u0111\u1ed9c gi\u1ea3 b\u1ea3n Vi\u1ec7t ng\u1eef t\u1ed1t nh\u1ea5t c\u00f3 th\u1ec3. Ch\u00fang t\u00f4i hy v\u1ecdng r\u1eb1ng \u0111\u1ed9c gi\u1ea3 &#8211; kh\u00f4ng ch\u1ec9 c\u00e1c nh\u00e0 nghi\u00ean c\u1ee9u m\u00e0 c\u1ea3 c\u00f4ng ch\u00fang r\u1ed9ng r\u00e3i, \u0111\u1eb7c bi\u1ec7t l\u00e0 l\u1edbp tr\u1ebb &#8211; s\u1ebd t\u00ecm th\u1ea5y \u1edf cu\u1ed1n s\u00e1ch n\u00e0y nh\u1eefng t\u01b0 li\u1ec7u gi\u00e1 tr\u1ecb, nh\u1eefng ki\u1ebfn th\u1ee9c \u0111\u00e1ng\u00a0 tin c\u1eady v\u1ec1 n\u1ec1n h\u1ed9i h\u1ecda d\u00e2n gian c\u1ed5 truy\u1ec1n Vi\u1ec7t Nam n\u00f3i ri\u00eang v\u00e0 v\u0103n h\u00f3a Vi\u1ec7t Nam n\u00f3i chung.<\/p>\n<p>Ch\u00fang t\u00f4i c\u0169ng mu\u1ed1n chia s\u1ebb nguy\u1ec7n v\u1ecdng \u1ea5n h\u00e0nh to\u00e0n b\u1ed9 c\u00e1c c\u00f4ng tr\u00ecnh c\u1ee7a Maurice Durand b\u1eb1ng ti\u1ebfng Vi\u1ec7t d\u01b0\u1edbi s\u1ef1 h\u1ed7 tr\u1ee3 nhi\u1ec7t t\u00ecnh v\u00e0 t\u1eadn t\u00e2m c\u1ee7a con trai t\u00e1c gi\u1ea3 l\u00e0 Marcus Durand. Ch\u00fang t\u00f4i hi v\u1ecdng s\u1ebd l\u1ea7n l\u01b0\u1ee3t gi\u1edbi thi\u1ec7u v\u1edbi \u0111\u1ed9c gi\u1ea3 Vi\u1ec7t Nam nh\u1eefng nghi\u00ean c\u1ee9u c\u00f2n l\u1ea1i c\u1ee7a Maurice Durand bao g\u1ed3m : Tri th\u1ee9c v\u1ec1 Vi\u1ec7t Nam, Ph\u01b0\u01a1ng th\u1ee9c v\u00e0 \u0111i\u1ec7n th\u1ea7n \u0111\u1ea1o M\u1eabu, L\u1ecbch s\u1eed th\u1eddi T\u00e2y S\u01a1n. Nh\u1eefng c\u00f4ng tr\u00ecnh n\u00e0y s\u1ebd ti\u1ebfp n\u1ed1i cu\u1ed1n s\u00e1ch Th\u1ebf gi\u1edbi truy\u1ec7n N\u00f4m trong v\u0103n h\u1ecdc Vi\u1ec7t Nam do Vi\u1ec7n Vi\u1ec5n \u0110\u00f4ng B\u00e1c C\u1ed5 \u1ea5n h\u00e0nh \u1edf H\u00e0 N\u1ed9i v\u00e0o n\u0103m 1997.<\/p>\n<p>V\u1edbi c\u00e1 nh\u00e2n ch\u00fang t\u00f4i, c\u00f4ng tr\u00ecnh d\u1ecbch thu\u1eadt n\u00e0y l\u00e0 m\u1ed9t c\u01a1 h\u1ed9i qu\u00fd b\u00e1u \u0111\u1ec3 th\u1ec3 hi\u1ec7n l\u00f2ng bi\u1ebft \u01a1n s\u00e2u s\u1eafc \u0111\u1ebfn Maurice Durand v\u00e0 c\u00e1c chuy\u00ean gia Ph\u00e1p n\u00f3i chung, nh\u1eefng ng\u01b0\u1eddi \u0111\u00e3, \u0111ang v\u00e0 s\u1ebd chuy\u00ean t\u00e2m s\u01b0u t\u1ea7m, nghi\u00ean c\u1ee9u, l\u01b0u gi\u1eef v\u0103n h\u00f3a Vi\u1ec7t Nam.<\/p>\n<p>Nguy\u1ec5n Th\u1ecb Hi\u1ec7p<\/p>\n","protected":false},"excerpt":{"rendered":"<p>Tranh D\u00e2n Gian Vi\u1ec7t Nam &#8211; Cu\u1ed1n s\u00e1ch \u0111\u1eb7c bi\u1ec7t th\u00fa v\u1ecb khi v\u0103n h\u00f3a d\u00e2n gian Vi\u1ec7t Nam \u0111\u01b0\u1ee3c nh\u00ecn qua l\u0103ng k\u00ednh c\u1ee7a m\u1ed9t h\u1ecdc gi\u1ea3 ngo\u1ea1i qu\u1ed1c t\u00e0i n\u0103ng v\u1ed1n l\u00e0 th\u00e0nh vi\u00ean c\u1ee7a Vi\u1ec7n Vi\u1ec5n \u0110\u00f4ng B\u00e1c C\u1ed5 Ph\u00e1p v\u00e0o nh\u1eefng n\u0103m gi\u1eefa th\u1ebf k\u1ef7 XX.<\/p>\n","protected":false},"featured_media":351,"comment_status":"open","ping_status":"closed","template":"","meta":[],"product_cat":[23,29],"product_tag":[],"class_list":["post-347","product","type-product","status-publish","has-post-thumbnail","hentry","product_cat-sach","product_cat-sach-van-hoa"],"_links":{"self":[{"href":"https:\/\/bookscollective.vn\/index.php\/wp-json\/wp\/v2\/product\/347","targetHints":{"allow":["GET"]}}],"collection":[{"href":"https:\/\/bookscollective.vn\/index.php\/wp-json\/wp\/v2\/product"}],"about":[{"href":"https:\/\/bookscollective.vn\/index.php\/wp-json\/wp\/v2\/types\/product"}],"replies":[{"embeddable":true,"href":"https:\/\/bookscollective.vn\/index.php\/wp-json\/wp\/v2\/comments?post=347"}],"wp:featuredmedia":[{"embeddable":true,"href":"https:\/\/bookscollective.vn\/index.php\/wp-json\/wp\/v2\/media\/351"}],"wp:attachment":[{"href":"https:\/\/bookscollective.vn\/index.php\/wp-json\/wp\/v2\/media?parent=347"}],"wp:term":[{"taxonomy":"product_cat","embeddable":true,"href":"https:\/\/bookscollective.vn\/index.php\/wp-json\/wp\/v2\/product_cat?post=347"},{"taxonomy":"product_tag","embeddable":true,"href":"https:\/\/bookscollective.vn\/index.php\/wp-json\/wp\/v2\/product_tag?post=347"}],"curies":[{"name":"wp","href":"https:\/\/api.w.org\/{rel}","templated":true}]}}