{"id":344,"date":"2022-10-04T10:01:38","date_gmt":"2022-10-04T10:01:38","guid":{"rendered":"https:\/\/bookscollective.vn\/?post_type=product&#038;p=344"},"modified":"2022-10-04T10:03:31","modified_gmt":"2022-10-04T10:03:31","slug":"tieu-son-trang-si","status":"publish","type":"product","link":"https:\/\/bookscollective.vn\/index.php\/product\/tieu-son-trang-si\/","title":{"rendered":"Ti\u00eau s\u01a1n tr\u00e1ng s\u0129"},"content":{"rendered":"<p>L\u1ea5y b\u1ed1i c\u1ea3nh cu\u1ed1i th\u1ebf k\u1ef7 18 &#8211; \u0111\u1ea7u th\u1ebf k\u1ef7 19, cu\u1ed1n ti\u1ec3u thuy\u1ebft \u201cTi\u00eau S\u01a1n tr\u00e1ng s\u0129\u201d di\u1ec5n t\u1ea3 l\u1ea1i m\u1ed9t giai \u0111o\u1ea1n \u0111\u1ea7y bi\u1ebfn \u0111\u1ed9ng c\u1ee7a l\u1ecbch s\u1eed Vi\u1ec7t Nam. Nh\u1eefng ng\u01b0\u1eddi nh\u01b0 Ph\u1ea1m Th\u00e1i, Tr\u1ea7n Quang Ng\u1ecdc, L\u00ea B\u00e1o, Nh\u1ecb N\u01b0\u01a1 \u0111\u00e3 c\u00f3 m\u1ed9t c\u00e1i nh\u00ecn kh\u00e1c v\u1ec1 tri\u1ec1u T\u00e2y S\u01a1n, trong m\u1eaft h\u1ecd ch\u1ec9 c\u00f3 nh\u00e0 L\u00ea n\u00ean ph\u1ea3n kh\u00e1ng tr\u1edf th\u00e0nh l\u1ef1a ch\u1ecdn duy nh\u1ea5t. Kh\u00e1i H\u01b0ng \u0111\u00e3 vi\u1ebft v\u1ec1 cu\u1ed9c ph\u1ea3n kh\u00e1ng n\u00e0y m\u1ed9t c\u00e1ch b\u00ecnh t\u0129nh v\u00e0 kh\u00e1ch quan.<\/p>\n<p>Nh\u1eefng con ng\u01b0\u1eddi nh\u01b0 Ph\u1ea1m Th\u00e1i, Tr\u1ea7n Quang Ng\u1ecdc, L\u00ea B\u00e1o, Nh\u1ecb N\u01b0\u01a1ng hi\u1ec7n l\u00ean nh\u01b0 nh\u1eefng trang d\u0169ng s\u0129 oanh li\u1ec7t, \u0111\u1eb7c bi\u1ec7t Ph\u1ea1m Th\u00e1i v\u1eeba nh\u01b0 m\u1ed9t trang h\u00e0o ki\u1ec7t v\u1eeba nh\u01b0 m\u1ed9t kh\u00e1ch t\u00ecnh si v\u1edbi m\u1ed1i s\u1ea7u c\u00f9ng n\u00e0ng Tr\u01b0\u01a1ng Qu\u1ef3nh Nh\u01b0 v\u00e0 nh\u1edd \u0111\u00f3 \u0111\u1ec3 l\u1ea1i cho \u0111\u1eddi nh\u1eefng \u00e1ng v\u0103n tuy\u1ec7t \u0111\u1eb9p.<\/p>\n<p>\u0110\u1ea7u th\u1ebf k\u1ef7 19, ng\u01b0\u1eddi Vi\u1ec7t \u0111\u00e3 t\u1eebng t\u1ef1 h\u00e0o v\u1ec1 b\u1ed9 \u201cHo\u00e0ng L\u00ea nh\u1ea5t th\u1ed1ng ch\u00ed\u201d c\u1ee7a Ng\u00f4 gia v\u0103n ph\u00e1i th\u00ec \u0111\u1ebfn \u0111\u1ea7u th\u1ebf k\u1ef7 20, Kh\u00e1i H\u01b0ng \u0111\u00e3 d\u1ef1ng l\u00ean m\u1ed9t trong nh\u1eefng cu\u1ed1n ti\u1ec3u thuy\u1ebft l\u1ecbch s\u1eed thu\u1ed9c v\u00e0o h\u00e0ng m\u1eabu m\u1ef1c c\u1ee7a v\u0103n ch\u01b0\u01a1ng hi\u1ec7n \u0111\u1ea1i. \u0110\u00e2y l\u00e0 m\u1ed9t trong nh\u1eefng \u201cvi\u00ean ng\u1ecdc s\u00e1ng\u201d c\u1ee7a ti\u1ec3u thuy\u1ebft l\u1ecbch s\u1eed Vi\u1ec7t Nam. T\u00e1c ph\u1ea9m n\u00e0y c\u0169ng l\u00e0 \u0111\u1ee9a con tinh th\u1ea7n bi thi\u1ebft v\u00e0 kh\u00e1c th\u01b0\u1eddng c\u1ee7a m\u1ed9t Kh\u00e1i H\u01b0ng t\u00e0i hoa, b\u1ea1c m\u1ec7<\/p>\n<p>\u0110\u1ed1i v\u1edbi nh\u1eefng ng\u01b0\u1eddi y\u00eau m\u1ebfn, mu\u1ed1n t\u00ecm hi\u1ec3u s\u00e1ch s\u1eed v\u00e0 \u0111\u1eafm ch\u00ecm trong th\u1ebf gi\u1edbi c\u1ee7a ti\u1ec3u thuy\u1ebft, l\u1ea1i m\u1ed9t l\u00f2ng mu\u1ed1n n\u00e2ng niu nh\u1eefng gi\u00e1 tr\u1ecb v\u0103n h\u00f3a tinh th\u1ea7n cao sang c\u1ee7a d\u00e2n t\u1ed9c, b\u1ea3n gi\u1edbi h\u1ea1n &#8220;Ti\u00eau S\u01a1n tr\u00e1ng s\u0129&#8221; c\u1ee7a Tri Th\u1ee9c Tr\u1ebb Books l\u1ea7n n\u00e0y l\u00e0 m\u00f3n qu\u00e0 ch\u1eb3ng th\u1ec3 tuy\u1ec7t h\u01a1n!<br \/>\nN\u1ed9i Dung S\u00e1ch:<br \/>\nL\u1ea5y b\u1ed1i c\u1ea3nh cu\u1ed1i th\u1ebf k\u1ef7 18 &#8211; \u0111\u1ea7u th\u1ebf k\u1ef7 19, cu\u1ed1n ti\u1ec3u thuy\u1ebft \u201cTi\u00eau S\u01a1n tr\u00e1ng s\u0129\u201d di\u1ec5n t\u1ea3 l\u1ea1i m\u1ed9t giai \u0111o\u1ea1n \u0111\u1ea7y bi\u1ebfn \u0111\u1ed9ng c\u1ee7a l\u1ecbch s\u1eed Vi\u1ec7t Nam. Nh\u1eefng ng\u01b0\u1eddi nh\u01b0 Ph\u1ea1m Th\u00e1i, Tr\u1ea7n Quang Ng\u1ecdc, L\u00ea B\u00e1o, Nh\u1ecb N\u01b0\u01a1 \u0111\u00e3 c\u00f3 m\u1ed9t c\u00e1i nh\u00ecn kh\u00e1c v\u1ec1 tri\u1ec1u T\u00e2y S\u01a1n, trong m\u1eaft h\u1ecd ch\u1ec9 c\u00f3 nh\u00e0 L\u00ea n\u00ean ph\u1ea3n kh\u00e1ng tr\u1edf th\u00e0nh l\u1ef1a ch\u1ecdn duy nh\u1ea5t. Kh\u00e1i H\u01b0ng \u0111\u00e3 vi\u1ebft v\u1ec1 cu\u1ed9c ph\u1ea3n kh\u00e1ng n\u00e0y m\u1ed9t c\u00e1ch b\u00ecnh t\u0129nh v\u00e0 kh\u00e1ch quan.<\/p>\n<p>Nh\u1eefng con ng\u01b0\u1eddi nh\u01b0 Ph\u1ea1m Th\u00e1i, Tr\u1ea7n Quang Ng\u1ecdc, L\u00ea B\u00e1o, Nh\u1ecb N\u01b0\u01a1ng hi\u1ec7n l\u00ean nh\u01b0 nh\u1eefng trang d\u0169ng s\u0129 oanh li\u1ec7t, \u0111\u1eb7c bi\u1ec7t Ph\u1ea1m Th\u00e1i v\u1eeba nh\u01b0 m\u1ed9t trang h\u00e0o ki\u1ec7t v\u1eeba nh\u01b0 m\u1ed9t kh\u00e1ch t\u00ecnh si v\u1edbi m\u1ed1i s\u1ea7u c\u00f9ng n\u00e0ng Tr\u01b0\u01a1ng Qu\u1ef3nh Nh\u01b0 v\u00e0 nh\u1edd \u0111\u00f3 \u0111\u1ec3 l\u1ea1i cho \u0111\u1eddi nh\u1eefng \u00e1ng v\u0103n tuy\u1ec7t \u0111\u1eb9p.<\/p>\n<p>\u0110\u1ea7u th\u1ebf k\u1ef7 19, ng\u01b0\u1eddi Vi\u1ec7t \u0111\u00e3 t\u1eebng t\u1ef1 h\u00e0o v\u1ec1 b\u1ed9 \u201cHo\u00e0ng L\u00ea nh\u1ea5t th\u1ed1ng ch\u00ed\u201d c\u1ee7a Ng\u00f4 gia v\u0103n ph\u00e1i th\u00ec \u0111\u1ebfn \u0111\u1ea7u th\u1ebf k\u1ef7 20, Kh\u00e1i H\u01b0ng \u0111\u00e3 d\u1ef1ng l\u00ean m\u1ed9t trong nh\u1eefng cu\u1ed1n ti\u1ec3u thuy\u1ebft l\u1ecbch s\u1eed thu\u1ed9c v\u00e0o h\u00e0ng m\u1eabu m\u1ef1c c\u1ee7a v\u0103n ch\u01b0\u01a1ng hi\u1ec7n \u0111\u1ea1i. \u0110\u00e2y l\u00e0 m\u1ed9t trong nh\u1eefng \u201cvi\u00ean ng\u1ecdc s\u00e1ng\u201d c\u1ee7a ti\u1ec3u thuy\u1ebft l\u1ecbch s\u1eed Vi\u1ec7t Nam. T\u00e1c ph\u1ea9m n\u00e0y c\u0169ng l\u00e0 \u0111\u1ee9a con tinh th\u1ea7n bi thi\u1ebft v\u00e0 kh\u00e1c th\u01b0\u1eddng c\u1ee7a m\u1ed9t Kh\u00e1i H\u01b0ng t\u00e0i hoa, b\u1ea1c m\u1ec7<\/p>\n<p>\u0110\u1ed1i v\u1edbi nh\u1eefng ng\u01b0\u1eddi y\u00eau m\u1ebfn, mu\u1ed1n t\u00ecm hi\u1ec3u s\u00e1ch s\u1eed v\u00e0 \u0111\u1eafm ch\u00ecm trong th\u1ebf gi\u1edbi c\u1ee7a ti\u1ec3u thuy\u1ebft, l\u1ea1i m\u1ed9t l\u00f2ng mu\u1ed1n n\u00e2ng niu nh\u1eefng gi\u00e1 tr\u1ecb v\u0103n h\u00f3a tinh th\u1ea7n cao sang c\u1ee7a d\u00e2n t\u1ed9c, b\u1ea3n gi\u1edbi h\u1ea1n &#8220;Ti\u00eau S\u01a1n tr\u00e1ng s\u0129&#8221; c\u1ee7a Tri Th\u1ee9c Tr\u1ebb Books l\u1ea7n n\u00e0y l\u00e0 m\u00f3n qu\u00e0 ch\u1eb3ng th\u1ec3 tuy\u1ec7t h\u01a1n!<\/p>\n","protected":false},"excerpt":{"rendered":"<p>N\u1ebfu ti\u1ec3u thuy\u1ebft c\u1ed5 \u0111i\u1ec3n, \u0111\u1eb7c bi\u1ec7t ti\u1ec3u thuy\u1ebft ch\u01b0\u01a1ng h\u1ed3i, c\u00e2u chuy\u1ec7n lu\u00f4n \u0111i theo tr\u1ee5c th\u1eddi gian tuy\u1ebfn t\u00ednh, s\u1ef1 vi\u1ec7c n\u00e0y n\u1ed1i ti\u1ebfp s\u1ef1 vi\u1ec7c kia m\u1ed9t c\u00e1ch tu\u1ea7n t\u1ef1, kh\u00f4ng h\u1ec1 c\u00f3 s\u1ef1 \u0111\u1ed9t ph\u00e1, x\u00e1o tr\u1ed9n v\u1ec1 m\u1eb7t kh\u00f4ng gian c\u0169ng nh\u01b0 th\u1eddi gian; th\u00ec\u00a0<em>Ti\u00eau S\u01a1n tr\u00e1ng s\u0129,\u00a0<\/em>k\u1ebft c\u1ea5u c\u00e2u chuy\u1ec7n kh\u00f4ng c\u00f2n tu\u00e2n theo quy lu\u1eadt tuy\u1ebfn t\u00ednh \u0111\u00f3 n\u1eefa m\u00e0 tr\u1edf n\u00ean \u0111\u1ea7y linh ho\u1ea1t, bi\u1ebfn h\u00f3a. Nhi\u1ec1u h\u1ed3i Kh\u00e1i H\u01b0ng \u0111\u00e3 \u0111\u01b0a h\u00e0nh \u0111\u1ed9ng, k\u1ebft qu\u1ea3 l\u00ean tr\u01b0\u1edbc \u0111\u1ec3 d\u1eabn d\u1eaft c\u00e2u chuy\u1ec7n sau \u0111\u00f3, d\u00f2ng th\u1eddi gian m\u1edbi t\u1eeb t\u1eeb quay ng\u01b0\u1ee3c tr\u1edf v\u1ec1 gi\u1ea3i quy\u1ebft nguy\u00ean nh\u00e2n, ho\u00e0n c\u1ea3nh, k\u1ebf ho\u1ea1ch.<\/p>\n","protected":false},"featured_media":348,"comment_status":"open","ping_status":"closed","template":"","meta":[],"product_cat":[26],"product_tag":[],"class_list":["post-344","product","type-product","status-publish","has-post-thumbnail","hentry","product_cat-sach-van-hoc"],"_links":{"self":[{"href":"https:\/\/bookscollective.vn\/index.php\/wp-json\/wp\/v2\/product\/344","targetHints":{"allow":["GET"]}}],"collection":[{"href":"https:\/\/bookscollective.vn\/index.php\/wp-json\/wp\/v2\/product"}],"about":[{"href":"https:\/\/bookscollective.vn\/index.php\/wp-json\/wp\/v2\/types\/product"}],"replies":[{"embeddable":true,"href":"https:\/\/bookscollective.vn\/index.php\/wp-json\/wp\/v2\/comments?post=344"}],"wp:featuredmedia":[{"embeddable":true,"href":"https:\/\/bookscollective.vn\/index.php\/wp-json\/wp\/v2\/media\/348"}],"wp:attachment":[{"href":"https:\/\/bookscollective.vn\/index.php\/wp-json\/wp\/v2\/media?parent=344"}],"wp:term":[{"taxonomy":"product_cat","embeddable":true,"href":"https:\/\/bookscollective.vn\/index.php\/wp-json\/wp\/v2\/product_cat?post=344"},{"taxonomy":"product_tag","embeddable":true,"href":"https:\/\/bookscollective.vn\/index.php\/wp-json\/wp\/v2\/product_tag?post=344"}],"curies":[{"name":"wp","href":"https:\/\/api.w.org\/{rel}","templated":true}]}}