{"id":342,"date":"2022-10-04T09:55:25","date_gmt":"2022-10-04T09:55:25","guid":{"rendered":"https:\/\/bookscollective.vn\/?post_type=product&#038;p=342"},"modified":"2022-10-04T09:55:25","modified_gmt":"2022-10-04T09:55:25","slug":"ali-va-nilo","status":"publish","type":"product","link":"https:\/\/bookscollective.vn\/index.php\/product\/ali-va-nilo\/","title":{"rendered":"Ali v\u00e0 Nilo"},"content":{"rendered":"<p><strong>ALI V\u00c0 NINO<\/strong><\/p>\n<div class=\"bookdetailblockcontent\">\n<p>H\u1eb3n nhi\u1ec1u ng\u01b0\u1eddi s\u1ebd \u0111o\u00e1n, b\u1eb1ng v\u00e0o c\u00e1i t\u00ean, r\u1eb1ng \u0111\u00e2y l\u00e0 m\u1ed9t c\u00e2u chuy\u1ec7n t\u00ecnh. Ph\u1ea3i,\u00a0<em><strong>Ali v\u00e0 Nino<\/strong><\/em>: m\u1ed1i t\u00ecnh thanh mai tr\u00fac m\u00e3 gi\u1eefa hai c\u00f4 c\u1eadu h\u1ecdc tr\u00f2 n\u01a1i th\u00e0nh Baku c\u1ed5 k\u00ednh c\u1ee7a \u0111\u1ea5t n\u01b0\u1edbc Azerbaijan.\u00a0<em><strong>Ali v\u00e0 Nino<\/strong><\/em>: \u0111\u00f4i t\u00ecnh nh\u00e2n ngang tr\u00e1i b\u1ecb r\u00e0ng bu\u1ed9c b\u1edfi hai t\u00f4n gi\u00e1o, hai s\u1eafc t\u1ed9c, ch\u1ec9 c\u00f3 th\u1ec3 \u0111\u1ebfn v\u1edbi nhau b\u1eb1ng c\u00e1ch tr\u1ea3 nh\u1eefng m\u00f3n n\u1ee3 m\u00e1u.<\/p>\n<p>Nh\u01b0ng,\u00a0<em><strong>Ali v\u00e0 Nino<\/strong><\/em>\u00a0kh\u00f4ng ch\u1ec9 l\u00e0 m\u1ed9t c\u00e2u chuy\u1ec7n t\u00ecnh. B\u1eb1ng gi\u1ecdng k\u1ec3 Ngh\u00ecn l\u1ebb m\u1ed9t \u0111\u00eam, n\u00f3 cu\u1ed1n ta \u0111i l\u00ean r\u1eebng, xu\u1ed1ng bi\u1ec3n, b\u1eb1ng sa m\u1ea1c, r\u00f9 qu\u1ebfn ta trong nh\u1eefng v\u1ebb \u0111\u1eb9p n\u00ean th\u01a1 v\u00e0 nh\u1eefng b\u00ed \u1ea9n g\u1ee3i ho\u1eb7c c\u1ee7a mi\u1ec1n \u0111\u1ea5t giao thoa gi\u1eefa \u0110\u00f4ng v\u00e0 T\u00e2y. V\u1edbi t\u1ea7m v\u00f3c s\u1eed thi, n\u00f3 l\u1ea1i nh\u1ea5n ch\u00ecm ta trong b\u00f3ng \u0111en c\u1ee7a cu\u1ed9c Th\u1ebf chi\u1ebfn th\u1ee9 nh\u1ea5t, khi m\u1ed1i \u0111e d\u1ecda chi\u1ebfn tranh b\u1eaft \u0111\u1ea7u x\u00e9 to\u1ea1c nh\u1eefng l\u1ed7 h\u1ed5ng trong c\u00e1i c\u1ed9ng \u0111\u1ed3ng \u0111a v\u0103n h\u00f3a, \u0111a s\u1eafc t\u1ed9c t\u1eeb h\u00e0ng bao th\u1ebf k\u1ef7, bu\u1ed9c nh\u1eefng c\u01b0 d\u00e2n b\u1ea5t k\u1ec3 t\u00f4n gi\u00e1o ph\u1ea3i \u0111\u01b0a ra l\u1ef1a ch\u1ecdn: h\u01b0\u1edbng v\u1ec1 ph\u01b0\u01a1ng T\u00e2y v\u1edbi nh\u1eefng bi\u1ebfn \u0111\u1ed5i hi\u1ec7n \u0111\u1ea1i ch\u00f3ng m\u1eb7t, hay b\u00e1m gi\u1eef l\u1ea5y ph\u01b0\u01a1ng \u0110\u00f4ng c\u1ee7a tinh th\u1ea7n, c\u1ee7a thi ca, c\u1ee7a truy\u1ec1n th\u1ed1ng h\u00e0ng tr\u0103m th\u1ebf h\u1ec7. \u0110\u1ec3 r\u1ed3i cu\u1ed1i c\u00f9ng, n\u00f3 l\u1ea1i \u0111\u01b0a ta tr\u1edf v\u1ec1 v\u1edbi thi\u00ean t\u00ecnh s\u1eed n\u1ed3ng n\u00e0n v\u00e0 bi th\u01b0\u01a1ng, m\u1ed9t n\u1ed1t tr\u1ea7m l\u1eb7ng da di\u1ebft khi\u1ebfn\u00a0<em><strong>Ali v\u00e0 Nino<\/strong><\/em>\u00a0tr\u1edf n\u00ean m\u1ed9t ki\u1ec7t t\u00e1c b\u1ea5t di\u1ec7t nh\u01b0 nh\u1eefng \u0111\u1ee5n c\u00e1t sa m\u1ea1c.<\/p>\n<p><strong>Kurban Said<\/strong>\u00a0l\u00e0 b\u00fat danh c\u1ee7a t\u00e1c gi\u1ea3\u00a0<em><strong>Ali v\u00e0 Nino<\/strong><\/em>\u00a0khi t\u00e1c ph\u1ea9m l\u1ea7n \u0111\u1ea7u xu\u1ea5t b\u1ea3n n\u0103m 1937 b\u1eb1ng ti\u1ebfng \u0110\u1ee9c. \u0110\u1ebfn nay, danh t\u00ednh th\u1ef1c s\u1ef1 c\u1ee7a t\u00e1c gi\u1ea3 v\u1eabn c\u00f2n l\u00e0 \u1ea9n s\u1ed1.<\/p>\n<p>C\u00f3 gi\u1ea3 thuy\u1ebft cho r\u1eb1ng Kurban Said ch\u00ednh l\u00e0 nh\u00e0 v\u0103n, nh\u00e0 b\u00e1o g\u1ed1c Do Th\u00e1i Lev Nussimbaum (c\u00f2n c\u00f3 b\u00fat danh Essad Bey). Trong khi \u0111\u00f3, nhi\u1ec1u \u00fd ki\u1ebfn kh\u1eb3ng \u0111\u1ecbnh ti\u1ec3u thuy\u1ebft gia ng\u01b0\u1eddi Azerbaijan, Yusif Vazir Chamanzaminli, m\u1edbi l\u00e0 t\u00e1c gi\u1ea3 th\u1ef1c s\u1ef1 v\u00ec cu\u1ed9c \u0111\u1eddi, t\u00e1c ph\u1ea9m v\u00e0 ghi ch\u00e9p c\u1ee7a \u00f4ng c\u00f3 nhi\u1ec1u \u0111i\u1ec3m t\u01b0\u01a1ng \u0111\u1ed3ng v\u1edbi nh\u1eefng chi ti\u1ebft\u00a0<em><strong>Ali v\u00e0 Nino<\/strong><\/em>. Ngo\u00e0i ra, nam t\u01b0\u1edbc v\u00e0 nam t\u01b0\u1edbc phu nh\u00e2n Ehrenfels ng\u01b0\u1eddi \u00c1o c\u0169ng \u0111\u0103ng k\u00fd t\u00e1c quy\u1ec1n\u00a0<em><strong>Ali v\u00e0 Nino<\/strong><\/em>\u00a0v\u1edbi c\u00e1c c\u01a1 quan ch\u1ee9c n\u0103ng \u0110\u1ee9c \u1edf \u00c1o. \u201cKurban Said\u201d, theo ng\u1eef t\u1ed9c Semit v\u00e0 ng\u1eef h\u1ec7 Th\u1ed5 c\u1ee7a Azerbaijan, c\u00f3 ngh\u0129a l\u00e0 \u201cs\u1ef1 hy sinh h\u1ea1nh ph\u00fac\u201d. V\u00e0i ng\u01b0\u1eddi suy \u0111o\u00e1n b\u00fat danh ph\u00f9 h\u1ee3p v\u1edbi n\u1ed9i dung cu\u1ed1n s\u00e1ch h\u01a1n \u0111\u00fang ra ph\u1ea3i l\u00e0 \u201cKurban Seyid\u201d, v\u1edbi \u00fd ngh\u0129a \u201cm\u1ed9t ng\u01b0\u1eddi d\u00f2ng d\u00f5i thi\u00eang li\u00eang \u0111\u00e3 hy sinh&#8221;.<\/p>\n<\/div>\n","protected":false},"excerpt":{"rendered":"<h3><em>&#8220;Con ng\u01b0\u1eddi n\u00ean \u0111\u01b0\u1ee3c n\u00f3i cho bi\u1ebft r\u1eb1ng kh\u00f4ng c\u00f3 \u0110en v\u00e0 ch\u1eb3ng c\u00f3 Tr\u1eafng, b\u1edfi v\u00ec \u0110en l\u00e0 Tr\u1eafng m\u00e0 Tr\u1eafng l\u00e0 \u0110en. V\u1eady n\u00ean l\u1eddi khuy\u00ean c\u1ee7a t\u00f4i l\u00e0: ch\u00fang ta \u0111\u1eebng l\u00e0m b\u1ea5t c\u1ee9 \u0111i\u1ec1u g\u00ec c\u00f3 th\u1ec3 g\u00e2y t\u1ed5n th\u01b0\u01a1ng cho b\u1ea5t c\u1ee9 ai \u1edf b\u1ea5t c\u1ee9 \u0111\u00e2u tr\u00ean th\u1ebf gi\u1edbi n\u00e0y, b\u1edfi v\u00ec ch\u00fang ta l\u00e0 m\u1ed9t ph\u1ea7n c\u1ee7a m\u1ed7i t\u00e2m h\u1ed3n, v\u00e0 m\u1ed7i t\u00e2m h\u1ed3n l\u00e0 m\u1ed9t ph\u1ea7n c\u1ee7a ch\u00fang ta.&#8221;<\/em>\u00a0&#8211; Ali v\u00e0 Nino,\u00a0<strong>Kurban Said<\/strong><\/h3>\n","protected":false},"featured_media":343,"comment_status":"open","ping_status":"closed","template":"","meta":[],"product_cat":[26],"product_tag":[],"class_list":["post-342","product","type-product","status-publish","has-post-thumbnail","hentry","product_cat-sach-van-hoc"],"_links":{"self":[{"href":"https:\/\/bookscollective.vn\/index.php\/wp-json\/wp\/v2\/product\/342","targetHints":{"allow":["GET"]}}],"collection":[{"href":"https:\/\/bookscollective.vn\/index.php\/wp-json\/wp\/v2\/product"}],"about":[{"href":"https:\/\/bookscollective.vn\/index.php\/wp-json\/wp\/v2\/types\/product"}],"replies":[{"embeddable":true,"href":"https:\/\/bookscollective.vn\/index.php\/wp-json\/wp\/v2\/comments?post=342"}],"wp:featuredmedia":[{"embeddable":true,"href":"https:\/\/bookscollective.vn\/index.php\/wp-json\/wp\/v2\/media\/343"}],"wp:attachment":[{"href":"https:\/\/bookscollective.vn\/index.php\/wp-json\/wp\/v2\/media?parent=342"}],"wp:term":[{"taxonomy":"product_cat","embeddable":true,"href":"https:\/\/bookscollective.vn\/index.php\/wp-json\/wp\/v2\/product_cat?post=342"},{"taxonomy":"product_tag","embeddable":true,"href":"https:\/\/bookscollective.vn\/index.php\/wp-json\/wp\/v2\/product_tag?post=342"}],"curies":[{"name":"wp","href":"https:\/\/api.w.org\/{rel}","templated":true}]}}