{"id":340,"date":"2022-10-04T09:52:18","date_gmt":"2022-10-04T09:52:18","guid":{"rendered":"https:\/\/bookscollective.vn\/?post_type=product&#038;p=340"},"modified":"2022-10-04T09:52:18","modified_gmt":"2022-10-04T09:52:18","slug":"ngan-mat-troi-ruc-ro","status":"publish","type":"product","link":"https:\/\/bookscollective.vn\/index.php\/product\/ngan-mat-troi-ruc-ro\/","title":{"rendered":"Ng\u00e0n m\u1eb7t tr\u1eddi r\u1ef1c r\u1ee1"},"content":{"rendered":"<div class=\"product_view_tab_content_ad\">\n<div id=\"product_tabs_description_contents\">\n<div id=\"desc_content\" class=\"std\">\n<p>B\u00f4\u0301n th\u00e2\u0323p ky\u0309 bi\u00ea\u0301n \u0111\u00f4\u0323ng va\u0300 ly ta\u0301n \u01a1\u0309 Afghanistan, m\u00f4\u0323t l\u00f4\u0301i d\u00e2\u0303n d\u0103\u0301t ch\u00e2n th\u1ef1c b\u00e2\u0323c th\u1ea7y, c\u00e2u chuy\u1ec7n v\u1ec1 nh\u1eefng s\u00f4\u0301 ph\u00e2\u0323n bi\u0323 vu\u0300i d\u1eadp nh\u01b0ng \u0111\u1ea7y \u00e1m \u1ea3nh. V\u1edbi Ng\u00e0n m\u1eb7t tr\u1eddi r\u1ef1c r\u1ee1, Khaled Hossini \u0111\u00e3 ch\u1ee9ng minh th\u00e0nh c\u00f4ng c\u1ee7a Ng\u01b0\u1eddi \u0111ua di\u1ec1u kh\u00f4ng ph\u1ea3i \u0111i\u1ec1u ng\u1eabu nhi\u00ean.<\/p>\n<p>Mariam v\u00e0 Laila, hai ng\u01b0\u1eddi ph\u1ee5 n\u1eef, hai tu\u1ed5i th\u01a1 tr\u00e1i ng\u01b0\u1ee3c nhau, nh\u1eefng bi\u1ebfn c\u1ed1 kh\u1ed1c li\u1ec7t khi\u1ebfn h\u1ecd ph\u1ea3i g\u1eb7p nhau. M\u1ed9t l\u00e0 c\u00f4 b\u00e9 con r\u01a1i m\u00e0 cha m\u00ecnh kh\u00f4ng th\u1ec3 c\u00f4ng nh\u1eadn, m\u1ed9t l\u00e0 c\u00f4 g\u00e1i th\u01b0\u1ee3ng l\u01b0u s\u1ed1ng trong nhung l\u1ee5a, c\u1ea3 hai c\u00f9ng tr\u1edf th\u00e0nh v\u1ee3 m\u1ed9t ng\u01b0\u1eddi \u0111\u00e0n \u00f4ng, c\u1ed1 g\u1eafng sinh con cho anh ta, c\u00f9ng b\u1ecb \u0111\u00e1nh \u0111\u1eadp t\u00e0n nh\u1eabn. M\u1ed9t ng\u01b0\u1eddi v\u1ee3 \u0111\u00e3 gi\u1ebft ch\u1ebft ng\u01b0\u1eddi ch\u1ed3ng chung \u0111\u00f3. C\u00f2n m\u1ed9t ng\u01b0\u1eddi ph\u1ea3i r\u1eddi \u0111\u1ea5t n\u01b0\u1edbc ra \u0111i v\u1edbi ng\u01b0\u1eddi y\u00eau v\u00e0 nh\u1eefng \u0111\u1ee9a con. S\u1ed1 ph\u1eadn h\u1ecd \u0111\u00e3 h\u00f2a quy\u1ec7n v\u00e0o nhau trong th\u00e2n ph\u1eadn \u0111au th\u01b0\u01a1ng, b\u1ec1n b\u1ec9 c\u1ee7a ng\u01b0\u1eddi ph\u1ee5 n\u1eef Afganistan tr\u01b0\u1edbc n\u1ec1n ch\u00ednh tr\u1ecb h\u1ed7n lo\u1ea1n v\u00e0 t\u00f4n gi\u00e1o h\u00e0 kh\u1eafc, l\u00e0m n\u00ean m\u1ed9t tr\u01b0\u1eddng ca ti\u1ec3u thuy\u1ebft v\u00f4 c\u00f9ng c\u1ea3m \u0111\u1ed9ng.<\/p>\n<p>T\u1ea1p ch\u00ed Time x\u1ebfp\u00a0<strong><em>Ng\u00e0n m\u1eb7t tr\u1eddi r\u1ef1c r\u1ee1<\/em><\/strong>\u00a0\u1edf v\u1ecb tr\u00ed th\u1ee9 3 trong 10 ti\u1ec3u thuy\u1ebft xu\u1ea5t s\u1eafc nh\u1ea5t th\u1ebf gi\u1edbi n\u0103m 2007.<\/p>\n<div class=\"clear\"><\/div>\n<\/div>\n<\/div>\n<\/div>\n<div class=\"clear\"><\/div>\n<div>\n<div class=\"product_view_tab_content_ad_more\">\n<div class=\"product_view_tab_content_additional\"><\/div>\n<div class=\"clear\"><\/div>\n<div id=\"product_tabs_description_contents\">\n<div id=\"desc_content\" class=\"std\">\n<p>&nbsp;<\/p>\n<\/div>\n<\/div>\n<\/div>\n<\/div>\n","protected":false},"excerpt":{"rendered":"<h3 class=\"text-semibold mb-5 title\"><a class=\"text-default\">Ng\u00e0n M\u1eb7t Tr\u1eddi R\u1ef1c R\u1ee1&#8221;: M\u1ed9t Tr\u01b0\u1eddng Ca V\u1ec1 N\u1ed7i \u0110au V\u00e0 Hi V\u1ecdng C\u1ee7a Khaled Hosseini<\/a><\/h3>\n<p>Ph\u1ea3i n\u00f3i r\u1eb1ng \u201cNg\u00e0n m\u1eb7t tr\u1eddi r\u1ef1c r\u1ee1\u201d ch\u01b0a bao gi\u1edd l\u00e0 m\u1ed9t cu\u1ed1n s\u00e1ch thu h\u00fat \u0111\u01b0\u1ee3c s\u1ef1 ch\u00fa \u00fd c\u1ee7a t\u00f4i, d\u00f9 t\u00f4i \u0111\u00e3 l\u01b0\u1edbt qua n\u00f3 h\u00e0ng tr\u0103m l\u1ea7n m\u1ed7i khi b\u01b0\u1edbc v\u00e0o Nh\u00e3 Nam, do h\u00ecnh th\u1ee9c ch\u1eb3ng c\u00f3 g\u00ec \u0111\u1eb7c bi\u1ec7t thu h\u00fat c\u1ee7a cu\u1ed1n s\u00e1ch, do c\u00e1i t\u00ean t\u00e1c gi\u1ea3 nghe th\u1eadt xa l\u1ea1, do b\u1ed1i c\u1ea3nh c\u1ee7a cu\u1ed1n s\u00e1ch \u0111\u1eb7t t\u1ea1i m\u1ed9t \u0111\u1ea5t n\u01b0\u1edbc m\u00e0 x\u01b0a nay t\u00f4i ch\u1ec9 m\u01b0\u1eddng t\u01b0\u1ee3ng ra n\u00f3 n\u1eb1m \u0111\u00e2u \u0111\u00f3 \u1edf Trung \u0110\u00f4ng \u2013 n\u01a1i g\u1ea7n V\u01b0\u01a1ng qu\u1ed1c Ba T\u01b0 v\u00e0 con \u0111\u01b0\u1eddng t\u01a1 l\u1ee5a c\u1ed5 x\u01b0a v\u1edbi nh\u1eefng di s\u1ea3n v\u00f4 gi\u00e1 v\u00e0 c\u00e2u chuy\u1ec7n v\u1ec1\u00a0 n\u00e0ng Sheherazade th\u00f4ng th\u00e1i, kh\u00f4n ngoan, d\u0169ng c\u1ea3m v\u00e0 xinh \u0111\u1eb9p \u0111\u00e3 chinh ph\u1ee5c tr\u00e1i tim nh\u00e0 vua v\u00e0 Trung \u0110\u00f4ng trong m\u01b0\u1eddng t\u01b0\u1ee3ng c\u1ee7a t\u00f4i c\u1ee7a th\u1eddi hi\u1ec7n \u0111\u1ea1i l\u00e0 chi\u1ebfn tranh, l\u00e0 kh\u1ee7ng b\u1ed1, l\u00e0 s\u1ef1 h\u1ee7y ho\u1ea1i c\u1ee7a m\u1ed9t n\u1ec1n v\u0103n minh t\u1eebng r\u1ea5t r\u1ef1c r\u1ee1 c\u1ee7a nh\u00e2n lo\u1ea1i, b\u1eb1ng \u0111\u00f3 nh\u1eefng l\u00fd do khi\u1ebfn t\u00f4i ch\u01b0a bao gi\u1edd th\u1ef1c s\u1ef1 ch\u00fa \u00fd \u0111\u1ebfn \u201cNg\u00e0n m\u1eb7t tr\u1eddi r\u1ef1c r\u1ee1\u201d cho \u0111\u1ebfn khi t\u00f4i \u0111\u01b0\u1ee3c gi\u1edbi thi\u1ec7u, \u0111\u01b0\u1ee3c nghe v\u1ec1 n\u00f3 qu\u00e1 nhi\u1ec1u \u0111\u1ebfn m\u1ee9c khi\u1ebfn t\u00f4i ph\u1ea3i ch\u00fa \u00fd v\u00e0 n\u1ea3y sinh c\u1ea3m gi\u00e1c mu\u1ed1n th\u1eed \u0111\u1ecdc m\u1ed9t l\u1ea7n.<\/p>\n","protected":false},"featured_media":341,"comment_status":"open","ping_status":"closed","template":"","meta":[],"product_cat":[26],"product_tag":[],"class_list":["post-340","product","type-product","status-publish","has-post-thumbnail","hentry","product_cat-sach-van-hoc"],"_links":{"self":[{"href":"https:\/\/bookscollective.vn\/index.php\/wp-json\/wp\/v2\/product\/340","targetHints":{"allow":["GET"]}}],"collection":[{"href":"https:\/\/bookscollective.vn\/index.php\/wp-json\/wp\/v2\/product"}],"about":[{"href":"https:\/\/bookscollective.vn\/index.php\/wp-json\/wp\/v2\/types\/product"}],"replies":[{"embeddable":true,"href":"https:\/\/bookscollective.vn\/index.php\/wp-json\/wp\/v2\/comments?post=340"}],"wp:featuredmedia":[{"embeddable":true,"href":"https:\/\/bookscollective.vn\/index.php\/wp-json\/wp\/v2\/media\/341"}],"wp:attachment":[{"href":"https:\/\/bookscollective.vn\/index.php\/wp-json\/wp\/v2\/media?parent=340"}],"wp:term":[{"taxonomy":"product_cat","embeddable":true,"href":"https:\/\/bookscollective.vn\/index.php\/wp-json\/wp\/v2\/product_cat?post=340"},{"taxonomy":"product_tag","embeddable":true,"href":"https:\/\/bookscollective.vn\/index.php\/wp-json\/wp\/v2\/product_tag?post=340"}],"curies":[{"name":"wp","href":"https:\/\/api.w.org\/{rel}","templated":true}]}}