{"id":339,"date":"2022-10-04T10:02:42","date_gmt":"2022-10-04T10:02:42","guid":{"rendered":"https:\/\/bookscollective.vn\/?post_type=product&#038;p=339"},"modified":"2023-11-19T12:57:38","modified_gmt":"2023-11-19T12:57:38","slug":"kinh-dia-tang-bo-tat-bon-nguyen","status":"publish","type":"product","link":"https:\/\/bookscollective.vn\/index.php\/product\/kinh-dia-tang-bo-tat-bon-nguyen\/","title":{"rendered":"KINH \u0110\u1ecaA T\u1ea0NG B\u1ed2 T\u00c1T B\u1ed4N NGUY\u1ec6N"},"content":{"rendered":"<p>N\u1ed9i dung ch\u00ednh y\u1ebfu c\u1ee7a\u00a0<a href=\"https:\/\/phatgiao.org.vn\/kinh-dia-tang-tag565\/\" target=\"_blank\" rel=\"noopener\">Kinh \u0110\u1ecba T\u1ea1ng<\/a>\u00a0xoay quanh ch\u1eef Hi\u1ebfu, n\u00f3i l\u00ean b\u1ed5n ph\u1eadn c\u1ee7a ng\u01b0\u1eddi s\u1ed1ng \u0111\u1ed1i v\u1edbi ng\u01b0\u1eddi \u0111\u00e3 qu\u00e1 v\u00e3ng. Kinh c\u0169ng n\u00f3i \u0111\u1ebfn nh\u1eefng t\u1ed9i ph\u00fac qu\u1ea3 b\u00e1o \u1edf th\u1ebf gi\u1edbi b\u00ean kia \u0111\u1ec3 ng\u01b0\u1eddi Ph\u1eadt t\u1eed n\u01b0\u01a1ng theo kinh n\u00e0y c\u00f9ng d\u1ef1a v\u00e0o oai l\u1ef1c \u0111\u1ed9 tr\u00ec, gia h\u1ed9 c\u1ee7a B\u1ed3 T\u00e1t \u0110\u1ecba T\u1ea1ng \u0111\u1ec3 tu t\u1eadp, h\u1ea7u \u0111\u1ed9 tho\u00e1t cho ch\u00ednh m\u00ecnh, cho ng\u01b0\u1eddi th\u00e2n c\u0169ng nh\u01b0 t\u1ea5t c\u1ea3 ch\u00fang sanh \u0111\u00e3 qu\u00e1 v\u00e3ng kh\u1ecfi r\u01a1i v\u00e0o con \u0111\u01b0\u1eddng \u00e1c.<\/p>\n<p>Ph\u1eadt n\u00f3i kinh \u0110\u1ecba T\u1ea1ng l\u00e0 c\u1ed1t c\u1ea3nh t\u1ec9nh t\u1ea5t c\u1ea3 ch\u00fang ta d\u1eb9p b\u1ecf tham s\u00e2n si n\u01a1i t\u1ef1 t\u00e2m, tu t\u1eadp ba nghi\u1ec7p l\u00e0nh n\u01a1i t\u1ef1 t\u00e2m, r\u1ed3i d\u1ee9t nghi\u1ec7p c\u0169ng n\u01a1i t\u1ef1 t\u00e2m v\u00e0 gi\u1ea3i tr\u1eeb v\u00f4 minh t\u0103m t\u1ed1i c\u0169ng n\u01a1i t\u1ef1 t\u00e2m. Cu\u1ed1i c\u00f9ng tr\u1edf v\u1ec1 v\u1edbi B\u1ed5n T\u00f4n \u0110\u1ecba T\u1ea1ng c\u1ee7a ch\u00ednh m\u00ecnh. \u0110\u00f3 l\u00e0 c\u01b0\u01a1ng l\u0129nh c\u1ee7a to\u00e0n b\u1ed9 kinh \u0110\u1ecba T\u1ea1ng.<\/p>\n","protected":false},"excerpt":{"rendered":"<p>Kinh \u0110\u1ecba T\u1ea1ng B\u1ed3 T\u00e1t B\u1ed5n Nguy\u1ec7n (Kinh \u0110\u1ecba T\u1ea1ng B\u1ed5n Nguy\u1ec7n) l\u00e0 m\u1ed9t trong nh\u1eefng b\u1ed9 kinh c\u0103n b\u1ea3n c\u1ee7a Ph\u1eadt gi\u00e1o \u0110\u1ea1i th\u1eeba n\u00f3i v\u1ec1 h\u1ea1nh nguy\u1ec7n r\u1ed9ng l\u1edbn c\u1ee7a \u0110\u1ee9c \u0110\u1ecba T\u1ea1ng B\u1ed3 T\u00e1t. T\u00f4ng ch\u1ec9 tu h\u00e0nh c\u1ee7a Kinh \u0110\u1ecba T\u1ea1ng B\u1ed3 T\u00e1t B\u1ed5n Nguy\u1ec7n \u0111\u01b0\u1ee3c th\u1ec3 hi\u1ec7n qua t\u00e1m ch\u1eef: Hi\u1ebfu \u0111\u1ea1o, \u0110\u1ed9 sanh, B\u1ea1t kh\u1ed5, B\u00e1o \u00e2n.<\/p>\n","protected":false},"featured_media":346,"comment_status":"open","ping_status":"closed","template":"","meta":[],"product_cat":[23,27,32,29],"product_tag":[],"class_list":["post-339","product","type-product","status-publish","has-post-thumbnail","hentry","product_cat-sach","product_cat-sach-khoa-hoc","product_cat-sach-ky-nang","product_cat-sach-van-hoa"],"_links":{"self":[{"href":"https:\/\/bookscollective.vn\/index.php\/wp-json\/wp\/v2\/product\/339","targetHints":{"allow":["GET"]}}],"collection":[{"href":"https:\/\/bookscollective.vn\/index.php\/wp-json\/wp\/v2\/product"}],"about":[{"href":"https:\/\/bookscollective.vn\/index.php\/wp-json\/wp\/v2\/types\/product"}],"replies":[{"embeddable":true,"href":"https:\/\/bookscollective.vn\/index.php\/wp-json\/wp\/v2\/comments?post=339"}],"wp:featuredmedia":[{"embeddable":true,"href":"https:\/\/bookscollective.vn\/index.php\/wp-json\/wp\/v2\/media\/346"}],"wp:attachment":[{"href":"https:\/\/bookscollective.vn\/index.php\/wp-json\/wp\/v2\/media?parent=339"}],"wp:term":[{"taxonomy":"product_cat","embeddable":true,"href":"https:\/\/bookscollective.vn\/index.php\/wp-json\/wp\/v2\/product_cat?post=339"},{"taxonomy":"product_tag","embeddable":true,"href":"https:\/\/bookscollective.vn\/index.php\/wp-json\/wp\/v2\/product_tag?post=339"}],"curies":[{"name":"wp","href":"https:\/\/api.w.org\/{rel}","templated":true}]}}