{"id":329,"date":"2022-10-04T06:24:57","date_gmt":"2022-10-04T06:24:57","guid":{"rendered":"https:\/\/bookscollective.vn\/?post_type=product&#038;p=329"},"modified":"2022-10-04T06:24:57","modified_gmt":"2022-10-04T06:24:57","slug":"anh-em-nha-kazamazon","status":"publish","type":"product","link":"https:\/\/bookscollective.vn\/index.php\/product\/anh-em-nha-kazamazon\/","title":{"rendered":"Anh em nh\u00e0 Kazamazon"},"content":{"rendered":"<h1 class=\"\">Anh em nh\u00e0 Karamazov \u2013 S\u1ef1 tan r\u00e3 c\u1ee7a m\u1ed9t gia \u0111\u00ecnh<\/h1>\n<p>Nh\u1eefng cu\u1ed1n ti\u1ec3u thuy\u1ebft kinh \u0111i\u1ec3n lu\u00f4n mang tr\u00ean m\u00ecnh \u00fd ngh\u0129a l\u1edbn lao, s\u1ef1 ph\u1ea3n \u00e1nh r\u00f5 n\u00e9t th\u1eddi \u0111\u1ea1i c\u1ee7a n\u00f3. Trong \u0111\u00f3 n\u00f3i v\u1ec1 x\u00e3 h\u1ed9i h\u1ed7n lo\u1ea1n c\u1ee7a n\u01b0\u1edbc Nga n\u1eeda cu\u1ed1i th\u1ebf k\u1ef7 19 th\u00ec ch\u00fang t\u00f4i tin r\u1eb1ng s\u1ebd ch\u1eb3ng c\u00f3 cu\u1ed1n s\u00e1ch n\u00e0o v\u01b0\u1ee3t qua\u00a0<strong>Anh em nh\u00e0 Karamazov<\/strong>\u00a0\u2013 T\u00e1c ph\u1ea9m cu\u1ed1i c\u00f9ng c\u1ee7a Dostoevsky. B\u1eb1ng ng\u00f2i b\u00fat thi\u00ean t\u00e0i c\u1ee7a m\u00ecnh, t\u00e1c gi\u1ea3 \u0111\u00e3 v\u1ebd ra nh\u1eefng s\u1ef1 vi\u1ec7c, s\u1ef1 v\u1eadt, y\u1ebfu t\u1ed1 x\u00e3 h\u1ed9i cu\u1ed9c s\u1ed1ng r\u1ed1i ren th\u00f4ng qua gia \u0111\u00ecnh Karamazov v\u00e0 cu\u1ed1i c\u00f9ng l\u00e0 k\u1ebft c\u1ee5c tan r\u00e3.<\/p>\n<p>C\u00e2u chuy\u1ec7n trong\u00a0<strong>Anh em nh\u00e0 Karamazov<\/strong>\u00a0k\u1ec3 v\u1ec1 m\u1ed9t gia \u0111\u00ecnh g\u1ed3m 1 ng\u01b0\u1eddi cha, 3 \u0111\u1ee9a con ch\u00ednh th\u1ee9c v\u00e0 1 \u0111\u1ee9a con ngo\u00e0i gi\u00e1 th\u00fa \u2013 L\u00e0 \u0111\u1ee9a con sinh ra b\u1edfi m\u1ed9t ng\u01b0\u1eddi \u0111\u00e0n b\u00e0 \u0111i\u00ean, sau m\u1ed9t l\u1ea7n b\u1ecb c\u01b0\u1ee1ng hi\u1ebfp. C\u1ea3 gia \u0111\u00ecnh h\u1ecd s\u1ed1ng trong s\u1ef1 th\u00f9 gh\u00e9t nhau, ngo\u1ea1i tr\u1eeb Alyosha \u2013 Ng\u01b0\u1eddi con cu\u1ed1i th\u1ee9 3 trong ba anh em.<\/p>\n<p>\u0110\u1ec9nh cao n\u1ed9i dung truy\u1ec7n khi ng\u01b0\u1eddi cha Fyodor Karamazov v\u00e0 con c\u1ea3 Dmitri Karamazov c\u00f9ng y\u00eau c\u0169ng nh\u01b0 mu\u1ed1n chi\u1ebfm h\u1eefu m\u1ed9t ng\u01b0\u1eddi con g\u00e1i, c\u00f9ng v\u1edbi t\u00e0i s\u1ea3n m\u1eb9 Dmitri \u0111\u1ec3 l\u1ea1i. \u0110\u1eb7c bi\u1ec7t Dmitri \u0111\u00e3 nhi\u1ec1u l\u1ea7n \u0111\u00f2i gi\u1ebft cha tr\u01b0\u1edbc m\u1eb7t m\u1ecdi ng\u01b0\u1eddi. Cho n\u00ean khi Fydor \u0111\u1ed9t nhi\u00ean ch\u1ebft \u0111i, Dmitri tuy kh\u00f4ng gi\u1ebft cha v\u1eady nh\u01b0ng l\u1ea1i nh\u1eadn t\u1ed9i v\u00ec mu\u1ed1n tr\u1ea3 gi\u00e1 cho nh\u1eefng suy ngh\u0129 mu\u1ed1n gi\u1ebft cha v\u00e0 k\u1ebft c\u1ee5c c\u1ee7a Dmitri \u0111\u00e3 ph\u1ea3i l\u01b0u \u0111\u00e0y. K\u1ebb gi\u1ebft ng\u01b0\u1eddi cha l\u1ea1i ch\u00ednh l\u00e0 th\u1eb1ng con ngo\u00e0i gi\u00e1 th\u00fa c\u1ee7a Fyodor, h\u1eafn \u0111\u00e3 ch\u1ecdn t\u1ef1 t\u1eed. C\u00f2n Ivan Karamazov \u2013 Ng\u01b0\u1eddi sai khi\u1ebfn \u0111\u1ee9a con ngo\u00e0i gi\u00e1 th\u00fa gi\u1ebft cha th\u00ec nh\u1eadn k\u1ebft c\u1ee5c b\u1ecb \u0111i\u00ean, cu\u1ed1i c\u00f9ng ch\u1ec9 c\u00f2n Alyosha l\u01b0\u1ee3ng thi\u1ec7n tr\u1edf th\u00e0nh m\u1ed9t th\u1ea7y gi\u00e1o.<\/p>\n<p>Nh\u00e2n v\u1eadt Dmitri kh\u00f4ng ph\u1ea3i qu\u00e1 x\u1ea5u nh\u01b0ng l\u1ea1i b\u1ecb chi ph\u1ed1i b\u1edfi d\u1ee5c t\u00ednh, b\u1ea3n n\u0103ng gi\u1ed1ng ng\u01b0\u1eddi b\u1ed1 nh\u1ea5t. Dmitri Karamazov l\u00e0 anh trai c\u1ea3 c\u0169ng ch\u00ednh l\u00e0 \u0111\u1ee9a con duy nh\u1ea5t c\u1ee7a Fyodor sau cu\u1ed9c h\u00f4n nh\u00e2n.<\/p>\n<p>Ivan Karamazov l\u00e0 con ng\u01b0\u1eddi n\u1ed5i b\u1eadt c\u1ee7a s\u1ef1 \u0111\u1ea1o \u0111\u1ee9c gi\u1ea3, ng\u1ea5m ng\u1ea7m l\u00e0m vi\u1ec7c. H\u1eafn l\u00e0 con c\u1ee7a v\u1ee3 hai, h\u1eafn gi\u1ed1ng ng\u01b0\u1eddi b\u1ed1 \u1edf s\u1ef1 v\u00f4 \u0111\u1ea1o \u0111\u1ee9c. Tuy b\u00ean ngo\u00e0i lu\u00f4n gi\u1ea3 v\u1edd cao qu\u00fd, l\u1ecbch thi\u1ec7p, lu\u00f4n gi\u1ea3 v\u1edd gi\u1ea3i quy\u1ebft c\u00e1c b\u1ea5t \u0111\u1ed3ng trong gia \u0111\u00ecnh. Th\u1ebf nh\u01b0ng b\u00ean trong l\u00e0 con qu\u1ef7 th\u1ef1c s\u1ef1 b\u1edfi nh\u1eefng l\u1eddi n\u00f3i c\u1ee7a h\u1eafn kh\u00f4ng nh\u1eefng gi\u1ea3i quy\u1ebft b\u1ea5t \u0111\u1ed3ng m\u00e0 c\u00f2n l\u00e0 m\u1ed9t l\u1eddi ch\u1ec9 d\u1eabn ng\u1ea7m cho \u0111\u1ee9a con ngo\u00e0i gi\u00e1 th\u00fa.<\/p>\n<p>Alyosha l\u00e0 ng\u01b0\u1eddi \u0111\u00e1ng qu\u00fd nh\u1ea5t trong cu\u1ed1n ti\u1ec3u thuy\u1ebft n\u00e0y, \u0111i\u1ec3m duy nh\u1ea5t c\u00f3 s\u1ef1 t\u01b0\u01a1ng \u0111\u1ed3ng v\u1edbi nh\u00e2n v\u1eadt kh\u00e1c l\u00e0 d\u1ee5c v\u1ecdng. V\u1eady nh\u01b0ng anh k\u00ecm ch\u1ebf l\u1ea1i \u0111\u01b0\u1ee3c n\u00f3 \u0111\u1ed3ng th\u1eddi bi\u1ebfn n\u00f3 th\u00e0nh t\u00ecnh y\u00eau th\u01b0\u01a1ng m\u1ecdi ng\u01b0\u1eddi. C\u00f3 l\u1ebd anh l\u00e0 \u0111\u1ee9a con ch\u00e2n th\u1eadt nh\u1ea5t trong c\u1ea3 4 ng\u01b0\u1eddi c\u0169ng l\u00e0 ng\u01b0\u1eddi duy nh\u1ea5t m\u00e0 \u0111\u01b0\u1ee3c t\u1ea5t c\u1ea3 m\u1ecdi ng\u01b0\u1eddi th\u01b0\u01a1ng y\u00eau k\u1ec3 c\u1ea3 ng\u01b0\u1eddi b\u1ed1 kia.<\/p>\n<p>Nh\u00e2n v\u1eadt ch\u00ednh cu\u1ed1i c\u00f9ng trong t\u00e1c ph\u1ea9m l\u00e0 \u0111\u1ee9a con hoang c\u1ee7a \u00f4ng b\u1ed1 t\u00ean Xmerdiakov. \u0110\u1ee9a con hoang n\u00e0y \u0111\u01b0\u1ee3c Fyodor Karamazov h\u1ebft s\u1ee9c tin t\u01b0\u1edfng, \u0111\u1ed3ng th\u1eddi l\u00e0 k\u1ebb \u1edf cho Fyodor, \u0111\u1eb7c bi\u1ec7t c\u0169ng ch\u00ednh l\u00e0 th\u1ee7 ph\u1ea1m gi\u1ebft cha m\u00ecnh.<\/p>\n","protected":false},"excerpt":{"rendered":"<p>Dos \u0111\u00e3 cho t\u00f4i nhi\u1ec1u h\u01a1n b\u1ea5t c\u1ee9 nh\u00e0 t\u01b0 t\u01b0\u1edfng n\u00e0o c\u1ee7a nh\u00e2n lo\u1ea1i.\u201d<\/p>\n<p>\u2013 A. Einstein<\/p>\n<p>\u201cAnh em nh\u00e0 Karamazov l\u00e0 cu\u1ed1n ti\u1ec3u thuy\u1ebft v\u0129 \u0111\u1ea1i nh\u1ea5t t\u1eebng \u0111\u01b0\u1ee3c vi\u1ebft n\u00ean.\u201d<\/p>\n<p>\u2013 Sigmund Freud<\/p>\n<p>______________<\/p>\n<p>\u201cMu\u1ed1n vi\u1ebft cho hay th\u00ec ph\u1ea3i \u0111au kh\u1ed5, \u0111au kh\u1ed5.\u201d<\/p>\n<p>\u2013 F. Dostoyevsky<\/p>\n<p>Dos \u0111\u00e3 vi\u1ebft Anh em nh\u00e0 Karamazov trong c\u00e1c n\u0103m 1878-1880, khi ng\u1ecdn \u0111\u00e8n sinh m\u1ec7nh d\u1ea7n l\u1ee5i t\u1eaft, nh\u01b0ng k\u1ef3 l\u1ea1 thay, cu\u1ed1n ti\u1ec3u thuy\u1ebft kh\u1ed1c li\u1ec7t \u0111\u00f3 \u0111\u01b0\u1ee3c \u0111\u00e1nh gi\u00e1 l\u00e0 ki\u1ec7t t\u00e1c l\u1edbn nh\u1ea5t c\u1ee7a \u00f4ng, \u0111\u1eb7t \u00f4ng l\u00ean \u0111\u1ec9nh cao nh\u1ea5t c\u1ee7a t\u00e0i n\u0103ng, tr\u1edf th\u00e0nh \u0111\u1ea1i v\u0103n h\u00e0o kh\u00f4ng th\u1ec3 v\u01b0\u1ee3t qua \u1edf m\u1ecdi th\u1eddi \u0111\u1ea1i.<\/p>\n","protected":false},"featured_media":330,"comment_status":"open","ping_status":"closed","template":"","meta":[],"product_cat":[26],"product_tag":[],"class_list":["post-329","product","type-product","status-publish","has-post-thumbnail","hentry","product_cat-sach-van-hoc"],"_links":{"self":[{"href":"https:\/\/bookscollective.vn\/index.php\/wp-json\/wp\/v2\/product\/329","targetHints":{"allow":["GET"]}}],"collection":[{"href":"https:\/\/bookscollective.vn\/index.php\/wp-json\/wp\/v2\/product"}],"about":[{"href":"https:\/\/bookscollective.vn\/index.php\/wp-json\/wp\/v2\/types\/product"}],"replies":[{"embeddable":true,"href":"https:\/\/bookscollective.vn\/index.php\/wp-json\/wp\/v2\/comments?post=329"}],"wp:featuredmedia":[{"embeddable":true,"href":"https:\/\/bookscollective.vn\/index.php\/wp-json\/wp\/v2\/media\/330"}],"wp:attachment":[{"href":"https:\/\/bookscollective.vn\/index.php\/wp-json\/wp\/v2\/media?parent=329"}],"wp:term":[{"taxonomy":"product_cat","embeddable":true,"href":"https:\/\/bookscollective.vn\/index.php\/wp-json\/wp\/v2\/product_cat?post=329"},{"taxonomy":"product_tag","embeddable":true,"href":"https:\/\/bookscollective.vn\/index.php\/wp-json\/wp\/v2\/product_tag?post=329"}],"curies":[{"name":"wp","href":"https:\/\/api.w.org\/{rel}","templated":true}]}}