{"id":326,"date":"2022-10-03T15:47:32","date_gmt":"2022-10-03T15:47:32","guid":{"rendered":"https:\/\/bookscollective.vn\/?post_type=product&#038;p=326"},"modified":"2024-10-26T15:59:59","modified_gmt":"2024-10-26T15:59:59","slug":"content-va-nghe-thuat-storytelling","status":"publish","type":"product","link":"https:\/\/bookscollective.vn\/index.php\/product\/content-va-nghe-thuat-storytelling\/","title":{"rendered":"Content V\u00e0 Ngh\u1ec7 Thu\u1eadt StoryTelling"},"content":{"rendered":"<div class=\"product_view_tab_content_ad\">\n<div id=\"product_tabs_description_contents\">\n<div id=\"desc_content\" class=\"std\">\n<p>Content V\u00e0 Ngh\u1ec7 Thu\u1eadt Story Telling<\/p>\n<p>Cu\u1ed1n s\u00e1ch n\u00e0y s\u1ebd gi\u00fap b\u1ea1n thay \u0111\u1ed5i c\u00e1ch ngh\u0129, n\u00f3 gi\u1ed1ng nh\u01b0 c\u00e1ch hi\u1ec3u v\u1ec1 m\u1ed7i ng\u01b0\u1eddi trong ch\u00fang ta. N\u00f3 s\u1ebd thay \u0111\u1ed5i c\u00e1ch ch\u00fang ta c\u00f3 m\u1ed9t cu\u1ed9c \u0111\u1eddi m\u1edbi, c\u00e1ch ngh\u0129 m\u1edbi, quan ni\u1ec7m c\u1ee7a ch\u00fang ta \u0111\u1ed1i v\u1edbi ng\u01b0\u1eddi ta c\u0169ng kh\u00e1c.<\/p>\n<p>Vi\u1ebft content kh\u00f4ng ph\u1ea3i \u0111\u1ec3 c\u00e2u kh\u00e1ch, vi\u1ebft \u0111\u1ec3 tr\u1ecb li\u1ec7u cho tr\u00e1i tim t\u1ed5n th\u01b0\u01a1ng c\u1ee7a m\u1ed7i ng\u01b0\u1eddi v\u00e0 tr\u1ecb li\u1ec7u cho tr\u00e1i tim c\u1ee7a ng\u01b0\u1eddi kh\u00e1c. Ch\u1ec9 c\u1ea7n b\u1ea1n c\u00f3 m\u1ed9t n\u0103ng l\u01b0\u1ee3ng s\u1ed1ng th\u1eadt t\u1ed1t, ch\u1ec9 c\u1ea7n b\u1ea1n h\u01b0\u1edbng \u0111\u1ebfn n\u00f3, b\u1ea1n c\u00f3 th\u1ec3 vi\u1ebft, b\u1ea1n c\u00f3 th\u1ec3 vi\u1ebft hay \u0111\u01b0\u1ee3c, b\u1ea1n c\u00f3 th\u1ec3 l\u00e0m cho ng\u01b0\u1eddi ta rung \u0111\u1ed9ng.<\/p>\n<p>N\u1eafm \u0111\u01b0\u1ee3c c\u00e1ch th\u1ee9c l\u00e0m content trong cu\u1ed1n s\u00e1ch n\u00e0y, b\u1ea1n s\u1ebd n\u1eafm gi\u1eef tr\u00e1i tim b\u1ea5t k\u00ec ai.<\/p>\n<p>&nbsp;<\/p>\n<\/div>\n<\/div>\n<\/div>\n<div>\n<div class=\"product_view_tab_content_ad_more\">\n<div id=\"product_tabs_description_contents\">\n<div id=\"desc_content\" class=\"std\">\n<p>&nbsp;<\/p>\n<\/div>\n<\/div>\n<\/div>\n<\/div>\n","protected":false},"excerpt":{"rendered":"<p>Tr\u1ea1ng th\u00e1i m\u1eafc k\u1eb9t trong h\u00e0nh lang thanh xu\u00e2n n\u00e0y d\u1eabn \u0111\u1ebfn nh\u1eefng cu\u1ed9c x\u00e1o tr\u1ed9n r\u1ea5t l\u1edbn trong \u0111\u1eddi s\u1ed1ng hi\u1ec7n t\u1ea1i, m\u00e0 ch\u00fang ta v\u1eabn lu\u00f4n lu\u00f4n, v\u1ec1 m\u1eb7t gi\u1ea3 \u0111\u1ecbnh n\u00e0o \u0111\u1ea5y, k\u1ec3 c\u1ea3 nh\u1eefng ng\u01b0\u1eddi c\u1ee9ng c\u00e1p nh\u1ea5t, c\u0169ng \u0111ang m\u1eafc k\u1eb9t trong h\u00e0nh lang \u0111\u1ea5y. B\u1edfi v\u00ec h\u00e0nh lang \u0111\u1ea5y, \u0111i t\u1eeb th\u1eddi g\u1ecdi l\u00e0 ch\u01b0a h\u00ecnh th\u00e0nh c\u00e1i t\u00f4i x\u00e3 h\u1ed9i, sang th\u1eddi \u0111\u00e3 c\u00f3 m\u1ed9t c\u00e1i t\u00f4i x\u00e3 h\u1ed9i v\u1eefng ch\u1eafc. B\u1edfi v\u00ec th\u1eddi ch\u01b0a c\u00f3 c\u00e1i t\u00f4i x\u00e3 h\u1ed9i n\u00e0y l\u00e0 c\u00e1i t\u00f4i b\u1ea3n nguy\u00ean, c\u00e1i t\u00f4i g\u1ed1c \u1edf trong b\u1ea1n, c\u00e1i t\u00f4i \u1ea5u th\u01a1 \u1edf trong b\u1ea1n, v\u1edbi c\u1ea3 c\u00e1i t\u00f4i kia, gi\u1ed1ng nh\u01b0 b\u1ecdc l\u1ea5y nhau. N\u00f3 g\u1ed3m hai v\u00f2ng, v\u00f2ng b\u00ean trong l\u00e0 c\u00e1i t\u00f4i, v\u00f2ng b\u00ean ngo\u00e0i l\u00e0 x\u00e3 h\u1ed9i. X\u00e3 h\u1ed9i \u0111\u1ea7u ti\u00ean ch\u00fang ta c\u00f3 l\u00e0 b\u1ea1n b\u00e8 v\u00e0 ng\u01b0\u1eddi y\u00eau, ch\u1ec9 c\u00f3 \u0111\u00fang hai lo\u1ea1i n\u00e0y th\u00f4i.<\/p>\n<p>\u0110\u1ea5y l\u00e0 x\u00e3 h\u1ed9i m\u00e0 ch\u00fang ta bi\u1ebft, kh\u00f4ng ph\u1ea3i ng\u01b0\u1eddi m\u00e1u m\u1ee7. Hai c\u00e1i n\u00e0y t\u1ea1o n\u00ean t\u00ednh ch\u1ea5t bao b\u1ecdc.<\/p>\n<p>&nbsp;<\/p>\n","protected":false},"featured_media":327,"comment_status":"open","ping_status":"closed","template":"","meta":[],"product_cat":[32],"product_tag":[],"class_list":["post-326","product","type-product","status-publish","has-post-thumbnail","hentry","product_cat-sach-ky-nang"],"_links":{"self":[{"href":"https:\/\/bookscollective.vn\/index.php\/wp-json\/wp\/v2\/product\/326","targetHints":{"allow":["GET"]}}],"collection":[{"href":"https:\/\/bookscollective.vn\/index.php\/wp-json\/wp\/v2\/product"}],"about":[{"href":"https:\/\/bookscollective.vn\/index.php\/wp-json\/wp\/v2\/types\/product"}],"replies":[{"embeddable":true,"href":"https:\/\/bookscollective.vn\/index.php\/wp-json\/wp\/v2\/comments?post=326"}],"wp:featuredmedia":[{"embeddable":true,"href":"https:\/\/bookscollective.vn\/index.php\/wp-json\/wp\/v2\/media\/327"}],"wp:attachment":[{"href":"https:\/\/bookscollective.vn\/index.php\/wp-json\/wp\/v2\/media?parent=326"}],"wp:term":[{"taxonomy":"product_cat","embeddable":true,"href":"https:\/\/bookscollective.vn\/index.php\/wp-json\/wp\/v2\/product_cat?post=326"},{"taxonomy":"product_tag","embeddable":true,"href":"https:\/\/bookscollective.vn\/index.php\/wp-json\/wp\/v2\/product_tag?post=326"}],"curies":[{"name":"wp","href":"https:\/\/api.w.org\/{rel}","templated":true}]}}