{"id":62,"date":"2020-06-20T17:25:26","date_gmt":"2020-06-20T17:25:26","guid":{"rendered":"https:\/\/demos.codetipi.com\/zeen-arc\/?page_id=62"},"modified":"2022-10-05T07:49:24","modified_gmt":"2022-10-05T07:49:24","slug":"about","status":"publish","type":"page","link":"https:\/\/bookscollective.vn\/index.php\/about\/","title":{"rendered":"Gi\u1edbi thi\u1ec7u"},"content":{"rendered":"<p><strong><span style=\"font-size: 36px\">GI\u1edaI THI\u1ec6U<\/span><\/strong><\/p>\n<p>Books Collective l\u00e0 m\u1ed9t ti\u1ec7m s\u00e1ch nh\u1ecf, tr\u01b0ng b\u00e0y v\u00e0 b\u00e1n nh\u1eefng cu\u1ed1n s\u00e1ch \u0111\u01b0\u1ee3c ch\u00fang t\u00f4i l\u1ef1a ch\u1ecdn d\u1ef1a tr\u00ean suy ngh\u0129 c\u1ee7a b\u1ea3n th\u00e2n v\u1ec1 \u0111\u1eddi s\u1ed1ng m\u1ed7i ng\u00e0y. C\u00e1c \u0111\u1ea7u s\u00e1ch t\u1eadp trung v\u00e0o nh\u1eefng n\u1ed9i dung li\u00ean quan \u0111\u1ebfn v\u0103n ho\u00e1, v\u0103n h\u1ecdc \u0111\u1ec3 h\u01b0\u1edbng t\u1edbi s\u1ef1 ch\u1eefa l\u00e0nh cho m\u1ed7i t\u00e2m h\u1ed3n trong cu\u1ed9c s\u1ed1ng v\u1ed9i v\u00e3.<\/p>\n<p><img decoding=\"async\" src=\"data:image\/svg+xml,%3Csvg%20xmlns='http:\/\/www.w3.org\/2000\/svg'%20viewBox='0%200%20370%20247'%3E%3C\/svg%3E\" class=\"zeen-lazy-load-base zeen-lazy-load\" data-lazy-src=\"https:\/\/bookscollective.vn\/wp-content\/uploads\/2022\/10\/9e856ffba05964073d48.jpg\"><noscript><img decoding=\"async\" src=\"https:\/\/bookscollective.vn\/wp-content\/uploads\/2022\/10\/9e856ffba05964073d48.jpg\"><\/noscript><\/p>\n<p>Kh\u00f4ng gian ti\u1ec7m s\u00e1ch \u0111\u01b0\u1ee3c thi\u1ebft k\u1ebf tr\u00ean tinh th\u1ea7n c\u1ee7a m\u1ed9t gallery tr\u01b0ng b\u00e0y m\u00e0 \u1edf \u0111\u00f3, s\u00e1ch hay ng\u01b0\u1eddi \u0111\u1ec1u mang y\u1ebfu t\u1ed1 th\u1ea9m m\u0129. Ch\u00fang t\u00f4i kh\u00f4ng h\u01b0\u1edbng t\u1edbi vi\u1ec7c b\u00e0y bi\u1ec7n qu\u00e1 nhi\u1ec1u s\u00e1ch \u0111\u1ec3 m\u1eaft c\u00f3 ch\u1ed7 ngh\u1ec9 ng\u01a1i, \u0111\u1ed3ng th\u1eddi m\u1ed7i \u0111\u1ea7u s\u00e1ch \u0111\u01b0\u1ee3c l\u1ef1a ch\u1ecdn c\u00f3 c\u01a1 h\u1ed9i ti\u1ebfp c\u1eadn nhi\u1ec1u h\u01a1n t\u1edbi ng\u01b0\u1eddi t\u1edbi th\u0103m.<\/p>\n<p>Ch\u00fang t\u00f4i mong mu\u1ed1n Books Collective nh\u01b0 m\u1ed9t kh\u00f4ng gian th\u1ee9 ba, kh\u00e1c h\u1eb3n c\u0103n nh\u00e0 ri\u00eang hay nh\u1eefng v\u0103n ph\u00f2ng l\u00e0m vi\u1ec7c n\u01a1i m\u1ecdi ng\u01b0\u1eddi th\u01b0\u1eddng l\u01b0u tr\u00fa. T\u1ea1i \u0111\u00e2y, m\u1ecdi ng\u01b0\u1eddi gh\u00e9 th\u0103m \u0111\u1ec1u c\u00f3 th\u1ec3 c\u1ea3m nh\u1eadn nh\u01b0 g\u00f3c nh\u1ecf c\u1ee7a ch\u00ednh m\u00ecnh.<\/p>\n<p>\/\/<\/p>\n<p><strong>\u0110\u1ecba ch\u1ec9 li\u00ean h\u1ec7<\/strong><\/p>\n<p><strong><span style=\"color: #050505\"><span style=\"font-size: 15px\"><span style=\"font-family: inherit\">BOOKS COLLECTIVE<\/span><\/span><\/span><\/strong><\/p>\n<p><span style=\"color: #050505\"><span style=\"font-size: 15px\"><span style=\"font-family: inherit\">Ph\u1ed1 \u0111i b\u1ed9 Pont de Long Bien, Khu \u0111\u00f4 th\u1ecb Splendora, Mailand Hanoi City, Ho\u00e0i \u0110\u1ee9c, H\u00e0 N\u1ed9i<\/span><\/span><\/span><\/p>\n","protected":false},"excerpt":{"rendered":"<p>GI\u1edaI THI\u1ec6U Books Collective l\u00e0 m\u1ed9t ti\u1ec7m s\u00e1ch nh\u1ecf, tr\u01b0ng b\u00e0y v\u00e0 b\u00e1n nh\u1eefng cu\u1ed1n s\u00e1ch \u0111\u01b0\u1ee3c ch\u00fang t\u00f4i l\u1ef1a ch\u1ecdn d\u1ef1a tr\u00ean suy ngh\u0129 c\u1ee7a b\u1ea3n th\u00e2n v\u1ec1 \u0111\u1eddi s\u1ed1ng m\u1ed7i ng\u00e0y. C\u00e1c \u0111\u1ea7u s\u00e1ch t\u1eadp trung v\u00e0o nh\u1eefng n\u1ed9i dung li\u00ean quan \u0111\u1ebfn v\u0103n ho\u00e1, v\u0103n h\u1ecdc \u0111\u1ec3 h\u01b0\u1edbng t\u1edbi s\u1ef1 ch\u1eefa l\u00e0nh cho m\u1ed7i t\u00e2m h\u1ed3n trong cu\u1ed9c s\u1ed1ng v\u1ed9i v\u00e3. Kh\u00f4ng gian ti\u1ec7m s\u00e1ch \u0111\u01b0\u1ee3c thi\u1ebft k\u1ebf tr\u00ean tinh th\u1ea7n c\u1ee7a m\u1ed9t gallery tr\u01b0ng b\u00e0y m\u00e0 [&hellip;]<\/p>\n","protected":false},"author":1,"featured_media":243,"parent":0,"menu_order":0,"comment_status":"closed","ping_status":"closed","template":"","meta":{"footnotes":""},"class_list":["post-62","page","type-page","status-publish","has-post-thumbnail","hentry"],"_links":{"self":[{"href":"https:\/\/bookscollective.vn\/index.php\/wp-json\/wp\/v2\/pages\/62","targetHints":{"allow":["GET"]}}],"collection":[{"href":"https:\/\/bookscollective.vn\/index.php\/wp-json\/wp\/v2\/pages"}],"about":[{"href":"https:\/\/bookscollective.vn\/index.php\/wp-json\/wp\/v2\/types\/page"}],"author":[{"embeddable":true,"href":"https:\/\/bookscollective.vn\/index.php\/wp-json\/wp\/v2\/users\/1"}],"replies":[{"embeddable":true,"href":"https:\/\/bookscollective.vn\/index.php\/wp-json\/wp\/v2\/comments?post=62"}],"version-history":[{"count":6,"href":"https:\/\/bookscollective.vn\/index.php\/wp-json\/wp\/v2\/pages\/62\/revisions"}],"predecessor-version":[{"id":531,"href":"https:\/\/bookscollective.vn\/index.php\/wp-json\/wp\/v2\/pages\/62\/revisions\/531"}],"wp:featuredmedia":[{"embeddable":true,"href":"https:\/\/bookscollective.vn\/index.php\/wp-json\/"}],"wp:attachment":[{"href":"https:\/\/bookscollective.vn\/index.php\/wp-json\/wp\/v2\/media?parent=62"}],"curies":[{"name":"wp","href":"https:\/\/api.w.org\/{rel}","templated":true}]}}